{"id":158,"date":"2016-11-24T10:13:42","date_gmt":"2016-11-24T09:13:42","guid":{"rendered":"https:\/\/www.skppsc.ch\/de\/?page_id=158"},"modified":"2026-02-26T08:05:09","modified_gmt":"2026-02-26T07:05:09","slug":"journees-dinformation-de-la-psc","status":"publish","type":"page","link":"https:\/\/www.skppsc.ch\/fr\/reseaux\/journees-dinformation-de-la-psc\/","title":{"rendered":"Journ\u00e9es d&rsquo;information de la PSC"},"content":{"rendered":"<html><body><div class=\"default-container content-part\"><div class=\"inner-padding\"><p>Les journ\u00e9es d\u2019information de la pr\u00e9vention de la criminalit\u00e9 poursuivent un double objectif : rapprocher les experts et favoriser les \u00e9changes de vues sur des questions pointues. Ces journ\u00e9es sont aussi l\u2019occasion de pr\u00e9senter les d\u00e9veloppements r\u00e9cents dans les domaines les plus divers touchant \u00e0 la pr\u00e9vention, au conseil s\u00e9curit\u00e9 et aux secteurs qui leur sont apparent\u00e9s.<\/p>\n<p>Les participant\u00b7e\u00b7s repr\u00e9sentent toutes les r\u00e9gions linguistiques et pratiquement tous les corps de police du pays. Organis\u00e9es chaque ann\u00e9e dans un autre canton, les journ\u00e9es sont tr\u00e8s appr\u00e9ci\u00e9es des participant\u00b7e\u00b7s pour la teneur du savoir dispens\u00e9 \u00e0 travers les expos\u00e9s et les ateliers qui s\u2019y succ\u00e8dent.<\/p>\n\n<\/div><\/div><\/body><\/html>","protected":false},"excerpt":{"rendered":"<p>Les Journ\u00e9es d\u2019information ont lieu chaque ann\u00e9e depuis 1978. Consacr\u00e9es \u00e0 la pr\u00e9vention polici\u00e8re, elles r\u00e9unissent des sp\u00e9cialistes en conseil s\u00e9curit\u00e9 et en pr\u00e9vention de la criminalit\u00e9 rattach\u00e9s aux corps de police cantonaux et municipaux de Suisse.<\/p>\n","protected":false},"author":1,"featured_media":294,"parent":2282,"menu_order":40,"comment_status":"closed","ping_status":"closed","template":"","meta":{"showSharingButtons":false,"skp-theme-color":"three","_subtitle":"","alternative_title":"","seoDescription":"","seoKeywords":"","seoTitle":"","featuredVideoEmbedCode":"","featuredYoutubeVideoId":"","notes":"","redirectToPostId":0,"skp-further-information":"Plus d\u2019informations sur <a href=\"https:\/\/www.skppsc.ch\/fr\/intranet\/\" target=\"_blank\" rel=\"noreferrer noopener\">l\u2019intranet<\/a> de la PSC.","hideTile":false,"pageType":"","editor_notices":[],"footnotes":""},"topic":[],"class_list":["post-158","page","type-page","status-publish","has-post-thumbnail","hentry"],"aioseo_notices":[],"_links":{"self":[{"href":"https:\/\/www.skppsc.ch\/fr\/wp-json\/wp\/v2\/pages\/158","targetHints":{"allow":["GET"]}}],"collection":[{"href":"https:\/\/www.skppsc.ch\/fr\/wp-json\/wp\/v2\/pages"}],"about":[{"href":"https:\/\/www.skppsc.ch\/fr\/wp-json\/wp\/v2\/types\/page"}],"author":[{"embeddable":true,"href":"https:\/\/www.skppsc.ch\/fr\/wp-json\/wp\/v2\/users\/1"}],"replies":[{"embeddable":true,"href":"https:\/\/www.skppsc.ch\/fr\/wp-json\/wp\/v2\/comments?post=158"}],"version-history":[{"count":0,"href":"https:\/\/www.skppsc.ch\/fr\/wp-json\/wp\/v2\/pages\/158\/revisions"}],"up":[{"embeddable":true,"href":"https:\/\/www.skppsc.ch\/fr\/wp-json\/wp\/v2\/pages\/2282"}],"wp:featuredmedia":[{"embeddable":true,"href":"https:\/\/www.skppsc.ch\/fr\/wp-json\/wp\/v2\/media\/294"}],"wp:attachment":[{"href":"https:\/\/www.skppsc.ch\/fr\/wp-json\/wp\/v2\/media?parent=158"}],"wp:term":[{"taxonomy":"topic","embeddable":true,"href":"https:\/\/www.skppsc.ch\/fr\/wp-json\/wp\/v2\/topic?post=158"}],"curies":[{"name":"wp","href":"https:\/\/api.w.org\/{rel}","templated":true}]}}