{"id":159,"date":"2016-11-24T10:14:02","date_gmt":"2016-11-24T09:14:02","guid":{"rendered":"https:\/\/www.skppsc.ch\/de\/?page_id=159"},"modified":"2026-02-26T08:08:06","modified_gmt":"2026-02-26T07:08:06","slug":"formation-policiers-specialistes-mineurs","status":"publish","type":"page","link":"https:\/\/www.skppsc.ch\/fr\/reseaux\/formation-policiers-specialistes-mineurs\/","title":{"rendered":"Formation \u00abPolici\u00e8res et policiers sp\u00e9cialistes mineurs\u00bb"},"content":{"rendered":"<html><body><div class=\"default-container content-part\"><div class=\"inner-padding\"><p>En collaboration avec <a href=\"http:\/\/www.institut-police.ch\/fr\/\" target=\"_blank\" rel=\"noopener noreferrer\">l\u2019Institut Suisse de Police (ISP)<\/a> et le groupe de travail \u00abD\u00e9l\u00e9gu\u00e9s \u00e0 la jeunesse\u00bb de la<a href=\"https:\/\/www.kkpks.ch\/fr\/\" target=\"_blank\" rel=\"noopener noreferrer\"> Conf\u00e9rence des commandants des polices cantonales de Suisse (CCPCS)<\/a>, le cours de formation continue <a href=\"https:\/\/www.edupolice.ch\/fr\/cours\/offre-des-cours\" target=\"_blank\" rel=\"noopener noreferrer\">\u00abPoliciers sp\u00e9cialistes mineurs\u00bb<\/a> est dispens\u00e9 chaque ann\u00e9e depuis 2010 sur la violence juv\u00e9nile, ses sources et ses cons\u00e9quences.<\/p>\n<p>Le cours s\u2019adresse aux polici\u00e8res et policiers dont le domaine touche de pr\u00e8s ou de loin \u00e0 la d\u00e9linquance juv\u00e9nile ou qui sont appel\u00e9s \u00e0 y travailler. Le module traite des bases du travail touchant \u00e0 la criminalit\u00e9 chez les jeunes, sous les angles de la pr\u00e9vention et de la r\u00e9pression, des tenants et aboutissants de ce type de criminalit\u00e9 et du travail interdisciplinaire, compte tenu du mandat qui incombe \u00e0 la police au sein de ce r\u00e9seau.<\/p>\n<p>Les participant\u00b7e\u00b7s b\u00e9n\u00e9ficient des connaissances d\u2019orateurs issus de diff\u00e9rentes disciplines, qui leur parlent de droit p\u00e9nal des mineurs, du r\u00f4le des mineur\u00b7e\u00b7s et des auteur\u00b7e\u00b7s, de l\u2019abus de stup\u00e9fiants, de cultures \u00e9trang\u00e8res et de subcultures, du mode de travail sp\u00e9cifique de la police et des instruments facilitant la mise en r\u00e9seau des partenaires \u00e0 la coop\u00e9ration.<\/p>\n<\/div><\/div><\/body><\/html>","protected":false},"excerpt":{"rendered":"<p>En 2008, le service sp\u00e9cialis\u00e9 de la Pr\u00e9vention Suisse de la Criminalit\u00e9 (PSC) a \u00e9t\u00e9 charg\u00e9 d\u2019\u00e9laborer un module de formation et de formation continue consacr\u00e9 \u00e0 la th\u00e9matique \u00abJeunes et violence\u00bb, \u00e0 l\u2019intention des d\u00e9l\u00e9gu\u00e9s \u00e0 la jeunesse et en application des prescriptions du Plan de mesures \u00abLes jeunes et la violence\u00bb.<\/p>\n","protected":false},"author":1,"featured_media":538,"parent":2282,"menu_order":50,"comment_status":"closed","ping_status":"closed","template":"","meta":{"showSharingButtons":false,"skp-theme-color":"six","_subtitle":"","alternative_title":"","seoDescription":"","seoKeywords":"","seoTitle":"","featuredVideoEmbedCode":"","featuredYoutubeVideoId":"","notes":"","redirectToPostId":0,"skp-further-information":"","hideTile":false,"pageType":"","editor_notices":[],"footnotes":""},"topic":[],"class_list":["post-159","page","type-page","status-publish","has-post-thumbnail","hentry"],"aioseo_notices":[],"_links":{"self":[{"href":"https:\/\/www.skppsc.ch\/fr\/wp-json\/wp\/v2\/pages\/159","targetHints":{"allow":["GET"]}}],"collection":[{"href":"https:\/\/www.skppsc.ch\/fr\/wp-json\/wp\/v2\/pages"}],"about":[{"href":"https:\/\/www.skppsc.ch\/fr\/wp-json\/wp\/v2\/types\/page"}],"author":[{"embeddable":true,"href":"https:\/\/www.skppsc.ch\/fr\/wp-json\/wp\/v2\/users\/1"}],"replies":[{"embeddable":true,"href":"https:\/\/www.skppsc.ch\/fr\/wp-json\/wp\/v2\/comments?post=159"}],"version-history":[{"count":0,"href":"https:\/\/www.skppsc.ch\/fr\/wp-json\/wp\/v2\/pages\/159\/revisions"}],"up":[{"embeddable":true,"href":"https:\/\/www.skppsc.ch\/fr\/wp-json\/wp\/v2\/pages\/2282"}],"wp:featuredmedia":[{"embeddable":true,"href":"https:\/\/www.skppsc.ch\/fr\/wp-json\/wp\/v2\/media\/538"}],"wp:attachment":[{"href":"https:\/\/www.skppsc.ch\/fr\/wp-json\/wp\/v2\/media?parent=159"}],"wp:term":[{"taxonomy":"topic","embeddable":true,"href":"https:\/\/www.skppsc.ch\/fr\/wp-json\/wp\/v2\/topic?post=159"}],"curies":[{"name":"wp","href":"https:\/\/api.w.org\/{rel}","templated":true}]}}