{"id":1602,"date":"2021-08-06T11:16:00","date_gmt":"2021-08-06T09:16:00","guid":{"rendered":"https:\/\/www.skppsc.ch\/fr\/?page_id=1602"},"modified":"2022-04-04T19:46:43","modified_gmt":"2022-04-04T17:46:43","slug":"sur-en-ligne-malgre-le-handicap-cognitif","status":"publish","type":"page","link":"https:\/\/www.skppsc.ch\/fr\/projets\/competence-mediatique\/sur-en-ligne-malgre-le-handicap-cognitif\/","title":{"rendered":"S\u00fbr en ligne malgr\u00e9 le handicap cognitif"},"content":{"rendered":"<html><body><div class=\"default-container content-part\"><div class=\"inner-padding\">\n<p>Les possibilit\u00e9s que rec\u00e8lent les m\u00e9dias num\u00e9riques (participation, information, communication, etc.), comportent aussi des risques. D\u00e9velopper une comp\u00e9tence en la mati\u00e8re implique de conna\u00eetre ces risques et de savoir comment r\u00e9agir. Le fonctionnement d\u2019Internet et les particularit\u00e9s des r\u00e9seaux sont parfois opaques et leurs pi\u00e8ges difficilement d\u00e9tectables. Cela repr\u00e9sente un d\u00e9fi particulier pour les personnes souffrant de troubles cognitifs, car elles doivent \u00eatre dans un environnement tangible et pratique pour apprendre.<\/p>\n\n\n<\/div><\/div><div class=\"default-container content-part   \" style=\";\"><div class=\"inner-padding\">\n\n\n<h3 class=\"wp-block-heading\"><strong>Une ville fictive en ligne comme terrain de jeu<\/strong><\/h3>\n\n\n\n<p>La ville fictive en ligne \u00ab\u00a0Interneto\u00a0\u00bb propose un apprentissage vivant et pratique impliquant des exp\u00e9riences sensorielles diverses, afin d\u2019aider efficacement et durablement les personnes souffrant de troubles cognitifs \u00e0 reconna\u00eetre et \u00e0 g\u00e9rer les risques num\u00e9riques.<\/p>\n\n\n\n<p>La m\u00e9taphore de la ville est le fil conducteur \u00e0 travers tous les sujets de la brochure. Dans chaque ville, certaines choses sont permises, d\u2019autres non ; certains endroits sont beaux, d\u2019autres dangereux. Il en va de m\u00eame \u00e0 \u00ab\u00a0Interneto, la ville en ligne\u00a0\u00bb. Il faut s\u2019attendre \u00e0 des sanctions quand on fait des choses interdites.<\/p>\n\n\n\n<h3 class=\"wp-block-heading\">\u00ab\u00a0Interneto\u00a0\u00bb \u2013 mat\u00e9riel de travail<\/h3>\n\n\n\n<p>Les personnes souffrant de troubles cognitifs doivent pouvoir surfer sur Internet en toute s\u00e9curit\u00e9. Vous trouverez ici diff\u00e9rents <a href=\"https:\/\/www.mekis.ch\/fr\/instrumente\/fuer-menschen-mit-kognitiven-einschraenkungen-zu-gefahren-im-netz.html\" target=\"_blank\" rel=\"noreferrer noopener\">supports pour les personnes souffrant de troubles cognitifs<\/a> (en allemand seulement) pour aider \u00e0 mieux s\u2019orienter\u00a0: une brochure avec des informations destin\u00e9es aux professionnels, une image-promenade assortie de cartes, un jeu de piste autour des dangers qui guettent sur Internet et un assortiment de jeux.<\/p>\n\n\n\n<\/div><\/div><div class=\"full content-part post-name-surfer-en-toute-securite  post-type-download\"><div class=\"inner-padding\"><p class=\"featured-image download hide-on-mobile\"><a href=\"https:\/\/www.skppsc.ch\/fr\/wp-content\/uploads\/sites\/5\/2022\/04\/brochure_naviguer_sur_le_net_en_toute_securite.pdf\" download target=\"_blank\"><img loading=\"lazy\" decoding=\"async\" width=\"640\" height=\"905\" src=\"https:\/\/www.skppsc.ch\/fr\/wp-content\/uploads\/sites\/5\/2021\/07\/brochure_interneto_fr-640x905.jpg\" class=\"attachment-skp-thumbnail-keep-ratio size-skp-thumbnail-keep-ratio wp-post-image\" alt=\"\" srcset=\"https:\/\/www.skppsc.ch\/fr\/wp-content\/uploads\/sites\/5\/2021\/07\/brochure_interneto_fr-640x905.jpg 640w, https:\/\/www.skppsc.ch\/fr\/wp-content\/uploads\/sites\/5\/2021\/07\/brochure_interneto_fr-212x300.jpg 212w, https:\/\/www.skppsc.ch\/fr\/wp-content\/uploads\/sites\/5\/2021\/07\/brochure_interneto_fr-768x1086.jpg 768w, https:\/\/www.skppsc.ch\/fr\/wp-content\/uploads\/sites\/5\/2021\/07\/brochure_interneto_fr.jpg 800w\" sizes=\"auto, (max-width: 640px) 100vw, 640px\"><\/a><\/p><div class=\"remaining-content\"><h2 class=\"sub-content-title  foreground-primary foreground-primary\">Surfer en toute s\u00e9curit\u00e9<\/h2><h3 class=\"sub-content-subtitle \">Une brochure pour d\u00e9velopper les capacit\u00e9s des personnes souffrant de troubles cognitifs. <\/h3><p>La brochure <em>\u00ab<\/em><i>\u00a0Naviguer sur le Net en toute\u00a0S\u00e9curit\u00e9<\/i><em>\u00a0\u00bb<\/em> transpose les questions complexes et abstraites relatives \u00e0 la cybers\u00e9curit\u00e9 sous forme de messages cl\u00e9s simples et visualisables. Elle contient aussi un catalogue de propositions sur la fa\u00e7on de concr\u00e9tiser ces questions dans la pratique.<\/p>\n<p>Les conseils, messages et visualisations ont \u00e9t\u00e9 con\u00e7us par des didacticiens des m\u00e9dias issus de la p\u00e9dagogie sociale et curative et de la police.<\/p>\n<p>Les id\u00e9es et les documents de travail sont ais\u00e9ment applicables dans l\u2019environnement de travail quotidien. Ainsi,<\/p>\n<ul>\n<li>la brochure fournit des informations pour les personnes accompagnantes et des suggestions sur la mani\u00e8re de traiter les sujets avec leurs clientes et clients\u00a0;<\/li>\n<li>l\u2019illustration et le recto des cartes permettent de lancer la discussion sur les risques avec les clientes et clients, et de les soutenir\u00a0;<\/li>\n<li>au verso des cartes se trouvent des suggestions pour les discussions sur les sujets de la brochure, afin de les avoir rapidement \u00e0 port\u00e9e de main dans la vie quotidienne.<\/li>\n<\/ul>\n<p>\u00a0<\/p>\n<p>Pour commander la brochure imprim\u00e9e <em>\u00ab\u00a0Naviguer sur le Net en toute\u00a0S\u00e9curit\u00e9\u00a0\u00bb,<\/em> \u00e9crire \u00e0\u00a0<a href=\"&#x6d;a&#x69;&#108;&#x74;&#111;:&#x6d;&#101;&#x6b;&#105;s&#x40;&#98;&#x66;&#102;b&#x65;r&#x6e;&#46;&#x63;&#x68;\">mekis&#64;bffbern&#46;ch<\/a><\/p>\n<p><\/p>\n<p><\/p>\n<p><\/p>\n<p class=\"featured-image download mobile-only\"><a href=\"https:\/\/www.skppsc.ch\/fr\/wp-content\/uploads\/sites\/5\/2022\/04\/brochure_naviguer_sur_le_net_en_toute_securite.pdf\" download target=\"_blank\"><img loading=\"lazy\" decoding=\"async\" width=\"640\" height=\"905\" src=\"https:\/\/www.skppsc.ch\/fr\/wp-content\/uploads\/sites\/5\/2021\/07\/brochure_interneto_fr-640x905.jpg\" class=\"attachment-skp-thumbnail-keep-ratio size-skp-thumbnail-keep-ratio wp-post-image\" alt=\"\" srcset=\"https:\/\/www.skppsc.ch\/fr\/wp-content\/uploads\/sites\/5\/2021\/07\/brochure_interneto_fr-640x905.jpg 640w, https:\/\/www.skppsc.ch\/fr\/wp-content\/uploads\/sites\/5\/2021\/07\/brochure_interneto_fr-212x300.jpg 212w, https:\/\/www.skppsc.ch\/fr\/wp-content\/uploads\/sites\/5\/2021\/07\/brochure_interneto_fr-768x1086.jpg 768w, https:\/\/www.skppsc.ch\/fr\/wp-content\/uploads\/sites\/5\/2021\/07\/brochure_interneto_fr.jpg 800w\" sizes=\"auto, (max-width: 640px) 100vw, 640px\"><\/a><\/p><div class=\"download-bottom-actions items-have-link-text\"><a href=\"https:\/\/www.skppsc.ch\/fr\/wp-content\/uploads\/sites\/5\/2022\/04\/brochure_naviguer_sur_le_net_en_toute_securite.pdf\" download target=\"_blank\" class=\"large skp-icon skp-download-pdf download-icon has-link-text\" title=\"Brochure\"><span class=\"link-text\">Brochure<\/span><\/a><a href=\"https:\/\/www.skppsc.ch\/fr\/wp-content\/uploads\/sites\/5\/2022\/04\/stadt_interneto_fr.pdf\" download target=\"_blank\" class=\"large skp-icon skp-download-pdf download-icon has-link-text\" title=\"Recherche d\u2019images \u00abInterneto\u00bb\"><span class=\"link-text\">Recherche d\u2019images \u00abInterneto\u00bb<\/span><\/a><a href=\"https:\/\/www.skppsc.ch\/fr\/wp-content\/uploads\/sites\/5\/2022\/10\/set_de_cartes_interneto.pdf\" download target=\"_blank\" class=\"large skp-icon skp-download-pdf download-icon has-link-text\" title=\"Cartes\"><span class=\"link-text\">Cartes<\/span><\/a><\/div><\/div><\/div><\/div><div class=\"default-container content-part\"><div class=\"inner-padding\">\n\n\n\n<p><\/p>\n<\/div><\/div><\/body><\/html>","protected":false},"excerpt":{"rendered":"<p>L\u2019acc\u00e8s aux m\u00e9dias num\u00e9riques \u2013 et la comp\u00e9tence dans leur utilisation \u2013 est un crit\u00e8re important pour participer \u00e0 la vie sociale dans le monde d\u2019aujourd\u2019hui. C\u2019est particuli\u00e8rement vrai pour les personnes souffrant de troubles cognitifs.<\/p>\n","protected":false},"author":322,"featured_media":1771,"parent":1595,"menu_order":2,"comment_status":"closed","ping_status":"closed","template":"","meta":{"showSharingButtons":false,"skp-theme-color":"seven","_subtitle":null,"alternative_title":"","seoDescription":"","seoKeywords":"","seoTitle":"","featuredVideoEmbedCode":"","featuredYoutubeVideoId":"","notes":"","redirectToPostId":0,"skp-further-information":"<p><a href=\"https:\/\/digital-dabei.ch\/f\/\" target=\"_blank\" rel=\"noreferrer noopener\">inclusion-num\u00e9rique.ch<\/a> \u2013 pour les parents d\u2019enfants avec un handicap mental<\/p>","hideTile":false,"pageType":"","editor_notices":[],"footnotes":""},"topic":[21,20,5,22,25],"class_list":["post-1602","page","type-page","status-publish","has-post-thumbnail","hentry","topic-arnaque","topic-cybermobbing","topic-escroquerie","topic-phishing","topic-piratage-et-logiciels-malveillants"],"aioseo_notices":[],"_links":{"self":[{"href":"https:\/\/www.skppsc.ch\/fr\/wp-json\/wp\/v2\/pages\/1602","targetHints":{"allow":["GET"]}}],"collection":[{"href":"https:\/\/www.skppsc.ch\/fr\/wp-json\/wp\/v2\/pages"}],"about":[{"href":"https:\/\/www.skppsc.ch\/fr\/wp-json\/wp\/v2\/types\/page"}],"author":[{"embeddable":true,"href":"https:\/\/www.skppsc.ch\/fr\/wp-json\/wp\/v2\/users\/322"}],"replies":[{"embeddable":true,"href":"https:\/\/www.skppsc.ch\/fr\/wp-json\/wp\/v2\/comments?post=1602"}],"version-history":[{"count":0,"href":"https:\/\/www.skppsc.ch\/fr\/wp-json\/wp\/v2\/pages\/1602\/revisions"}],"up":[{"embeddable":true,"href":"https:\/\/www.skppsc.ch\/fr\/wp-json\/wp\/v2\/pages\/1595"}],"wp:featuredmedia":[{"embeddable":true,"href":"https:\/\/www.skppsc.ch\/fr\/wp-json\/wp\/v2\/media\/1771"}],"wp:attachment":[{"href":"https:\/\/www.skppsc.ch\/fr\/wp-json\/wp\/v2\/media?parent=1602"}],"wp:term":[{"taxonomy":"topic","embeddable":true,"href":"https:\/\/www.skppsc.ch\/fr\/wp-json\/wp\/v2\/topic?post=1602"}],"curies":[{"name":"wp","href":"https:\/\/api.w.org\/{rel}","templated":true}]}}