{"id":1613,"date":"2021-08-23T10:00:00","date_gmt":"2021-08-23T08:00:00","guid":{"rendered":"https:\/\/www.skppsc.ch\/fr\/?page_id=1613"},"modified":"2025-04-10T07:24:25","modified_gmt":"2025-04-10T05:24:25","slug":"prostitution-forcee-et-traite-des-etres-humains","status":"publish","type":"page","link":"https:\/\/www.skppsc.ch\/fr\/projets\/prostitution-forcee-et-traite-des-etres-humains\/","title":{"rendered":"Initiative contre la prostitution forc\u00e9e et la traite des \u00eatres humains en Suisse"},"content":{"rendered":"<html><body><div class=\"default-container content-part\"><div class=\"inner-padding\">\n<\/div><\/div><div class=\"default-container clues content-part children-count-4 children-count-even\"><div class=\"inner-padding\"><a id=\"tips\"><\/a><h2 class=\"subcontent-main-title foreground-primary foreground-primary\"> <\/h2><div class=\"clues-inner-table clues-count-even\"><div class=\"clue-item clues-count-even clues-count-4 background-faded\"><div class=\"clue 1616-2\"><p class=\"clue-image\"><img loading=\"lazy\" decoding=\"async\" width=\"640\" height=\"320\" src=\"https:\/\/www.skppsc.ch\/fr\/wp-content\/uploads\/sites\/5\/2021\/08\/tom_grafik-640x320.jpg\" class=\"attachment-skp-thumbnail-force-ratio size-skp-thumbnail-force-ratio wp-post-image\" alt=\"\" srcset=\"https:\/\/www.skppsc.ch\/fr\/wp-content\/uploads\/sites\/5\/2021\/08\/tom_grafik-640x320.jpg 640w, https:\/\/www.skppsc.ch\/fr\/wp-content\/uploads\/sites\/5\/2021\/08\/tom_grafik-300x150.jpg 300w, https:\/\/www.skppsc.ch\/fr\/wp-content\/uploads\/sites\/5\/2021\/08\/tom_grafik-768x384.jpg 768w, https:\/\/www.skppsc.ch\/fr\/wp-content\/uploads\/sites\/5\/2021\/08\/tom_grafik.jpg 800w\" sizes=\"auto, (max-width: 640px) 100vw, 640px\"><\/p><h3 class=\"clue-title background-primary foreground-title\"><\/h3><p><!-- wp:paragraph --><\/p>\n<p>Un homme, un vrai, n\u2019utilise jamais sa force pour profiter des plus faibles\u2009; au contraire, il les aide. Aussi (et surtout) s\u2019il est un habitu\u00e9 des prestations sexuelles tarif\u00e9es.<\/p>\n<p><!-- \/wp:paragraph --><\/p>\n<\/div><\/div><div class=\"clue-item clues-count-even clues-count-4 background-faded\"><div class=\"clue 1619-2\"><p class=\"clue-image\"><img loading=\"lazy\" decoding=\"async\" width=\"640\" height=\"320\" src=\"https:\/\/www.skppsc.ch\/fr\/wp-content\/uploads\/sites\/5\/2021\/08\/lothaire_grafik-640x320.jpg\" class=\"attachment-skp-thumbnail-force-ratio size-skp-thumbnail-force-ratio wp-post-image\" alt=\"\" srcset=\"https:\/\/www.skppsc.ch\/fr\/wp-content\/uploads\/sites\/5\/2021\/08\/lothaire_grafik-640x320.jpg 640w, https:\/\/www.skppsc.ch\/fr\/wp-content\/uploads\/sites\/5\/2021\/08\/lothaire_grafik-300x150.jpg 300w, https:\/\/www.skppsc.ch\/fr\/wp-content\/uploads\/sites\/5\/2021\/08\/lothaire_grafik-768x384.jpg 768w, https:\/\/www.skppsc.ch\/fr\/wp-content\/uploads\/sites\/5\/2021\/08\/lothaire_grafik.jpg 800w\" sizes=\"auto, (max-width: 640px) 100vw, 640px\"><\/p><h3 class=\"clue-title background-primary foreground-title\"><\/h3><p><!-- wp:paragraph --><\/p>\n<p>Quand tu es avec une travailleuse du sexe, tu remarques vite si elle est \u00e0 l\u2019aise avec toi ou si elle a un probl\u00e8me. Pas n\u00e9cessairement une blessure sanguinolente, mais peut-\u00eatre un coquard dissimul\u00e9 sous son maquillage, ou alors elle a juste l\u2019air affreusement triste.<\/p>\n<p><!-- \/wp:paragraph --><\/p>\n<\/div><\/div><div class=\"clue-item clues-count-even clues-count-4 background-faded\"><div class=\"clue 1621-2\"><p class=\"clue-image\"><img loading=\"lazy\" decoding=\"async\" width=\"640\" height=\"320\" src=\"https:\/\/www.skppsc.ch\/fr\/wp-content\/uploads\/sites\/5\/2021\/08\/marcel_grafik-640x320.jpg\" class=\"attachment-skp-thumbnail-force-ratio size-skp-thumbnail-force-ratio wp-post-image\" alt=\"\" srcset=\"https:\/\/www.skppsc.ch\/fr\/wp-content\/uploads\/sites\/5\/2021\/08\/marcel_grafik-640x320.jpg 640w, https:\/\/www.skppsc.ch\/fr\/wp-content\/uploads\/sites\/5\/2021\/08\/marcel_grafik-300x150.jpg 300w, https:\/\/www.skppsc.ch\/fr\/wp-content\/uploads\/sites\/5\/2021\/08\/marcel_grafik-768x384.jpg 768w, https:\/\/www.skppsc.ch\/fr\/wp-content\/uploads\/sites\/5\/2021\/08\/marcel_grafik.jpg 800w\" sizes=\"auto, (max-width: 640px) 100vw, 640px\"><\/p><h3 class=\"clue-title background-primary foreground-title\"><\/h3><p><!-- wp:paragraph --><\/p>\n<p>Les clients de prestations sexuelles tarif\u00e9es sont \u00e0 99% des hommes. Autrement dit, la prostitution forc\u00e9e est un probl\u00e8me cr\u00e9\u00e9 par des hommes\u2009! Et seuls des hommes peuvent le r\u00e9soudre. Donc toi aussi \u2013 d\u00e8s lors que tu consid\u00e8res les travailleuses du sexe comme des \u00eatres humains et pas simplement comme des objets sexuels.<\/p>\n<p><!-- \/wp:paragraph --><\/p>\n<\/div><\/div><div class=\"clue-item clues-count-even clues-count-4 background-faded\"><div class=\"clue 1623-2\"><p class=\"clue-image\"><img loading=\"lazy\" decoding=\"async\" width=\"640\" height=\"320\" src=\"https:\/\/www.skppsc.ch\/fr\/wp-content\/uploads\/sites\/5\/2021\/08\/armand_grafik-640x320.jpg\" class=\"attachment-skp-thumbnail-force-ratio size-skp-thumbnail-force-ratio wp-post-image\" alt=\"\" srcset=\"https:\/\/www.skppsc.ch\/fr\/wp-content\/uploads\/sites\/5\/2021\/08\/armand_grafik-640x320.jpg 640w, https:\/\/www.skppsc.ch\/fr\/wp-content\/uploads\/sites\/5\/2021\/08\/armand_grafik-300x150.jpg 300w, https:\/\/www.skppsc.ch\/fr\/wp-content\/uploads\/sites\/5\/2021\/08\/armand_grafik-768x384.jpg 768w, https:\/\/www.skppsc.ch\/fr\/wp-content\/uploads\/sites\/5\/2021\/08\/armand_grafik.jpg 800w\" sizes=\"auto, (max-width: 640px) 100vw, 640px\"><\/p><h3 class=\"clue-title background-primary foreground-title\"><\/h3><p><!-- wp:paragraph --><\/p>\n<p>En tant que client d\u2019un club \u00e9rotique, tu ne devrais pas simplement \u00ab\u2009te l\u00e2cher\u2009\u00bb mais te montrer comme on le fait dans un bon restaurant\u2009: aimable, poli, respectueux. Ainsi tu verras mieux s\u2019il y a quelque chose qui cloche.<\/p>\n<p><!-- \/wp:paragraph --><\/p>\n<\/div><\/div><\/div><\/div><\/div><div class=\"default-container content-part\"><div class=\"inner-padding\">\n\n\n\n<p><strong>Les travailleuses du sexe ne sont pas toutes consentantes, loin de l\u00e0. Il existe en Suisse aussi des victimes du trafic des \u00eatres humains. Oblig\u00e9es de vendre leurs charmes, elles n\u2019ont souvent qu\u2019un seul moyen d\u2019avoir un contact avec le monde ext\u00e9rieur\u2009: toi\u2009! Tu peux les aider en ouvrant l\u2019\u0153il et en te montrant juste et humain<\/strong>.<\/p>\n\n\n\n<h2 class=\"wp-block-heading foreground-primary\">Comment reconna\u00eetre un cas de prostitution \u00adforc\u00e9e ?<\/h2>\n\n\n\n<ol class=\"wp-block-list\">\n<li><strong>Signes physiques\u2009:<\/strong> si la travailleuse du sexe est bless\u00e9e, qu\u2019elle pr\u00e9sente par ex. des ecchymoses ou d\u2019autres l\u00e9sions, il y a de fortes chances qu\u2019elle ne travaille pas de son plein gr\u00e9. Tu devrais aussi t\u2019assurer (et au besoin demander la preuve) qu\u2019elle est bien majeure.<\/li>\n\n\n\n<li><strong>Signes psychiques\u2009: <\/strong>Si la travailleuse du sexe n\u2019arrive pas \u00e0 communiquer \u00ab\u2009normalement\u2009\u00bb, qu\u2019elle ne parle peut-\u00eatre pas notre langue, si elle a l\u2019air triste, apeur\u00e9e ou d\u00e9sesp\u00e9r\u00e9e, si elle est apathique ou manifestement sous l\u2019emprise de drogues, il y a de fortes chances qu\u2019elle ne travaille pas de son plein gr\u00e9 comme prostitu\u00e9e.<\/li>\n\n\n\n<li><strong>Ton intuition\u2009: <\/strong>Il arrive qu\u2019il n\u2019y ait aucun signe visible de violence physique ou psychique faite aux travailleuses du sexe, mais que malgr\u00e9 tout tu aies un doute. Dans ce cas, aie confiance dans ton intuition et agis en cons\u00e9quence\u2009!<\/li>\n<\/ol>\n\n\n<\/div><\/div><div class=\"default-container content-part   \" style=\";\"><div class=\"inner-padding\">\n\n\n<h2 class=\"wp-block-heading foreground-primary\">Ce que tu peux faire\u2009:<\/h2>\n\n\n\n<p>En cas d\u2019urgence compose le<strong> 117 <\/strong>ou contacte le <a href=\"https:\/\/www.act212.ch\/fr\/hotlinenational\" target=\"_blank\" rel=\"noreferrer noopener\">Bureau national d\u2019enregistrement des d\u00e9clarations contre la traite des \u00eatres humains et l\u2019exploitation d\u2019ACT212<\/a>, afin que nous puissions mener une investigation sur la base de tes soup\u00e7ons. Bien entendu ta d\u00e9claration peut se faire de fa\u00e7on anonyme, et de toute fa\u00e7on tu ne risques rien, m\u00eame si tes soup\u00e7ons ne devaient pas \u00eatre confirm\u00e9s. Mieux vaut faire part de ses doutes plut\u00f4t que de d\u00e9tourner froidement les yeux et se rendre coupable de non-assistance \u00e0 personne en danger.<\/p>\n\n\n\n<p>Aide-nous \u00e0 lutter contre la prostitution forc\u00e9e et le trafic des \u00eatres humains en Suisse. Merci\u2009!<\/p>\n<\/div><\/div><\/body><\/html>","protected":false},"excerpt":{"rendered":"<p>Avec la campagne en ligne \u00ab T\u2019es un homme, Tom ? \u00bb, la PSC (en collaboration avec la PolCant BS) lance l\u2019\u00ab initiative contre la prostitution forc\u00e9e et la traite des \u00eatres humains en Suisse \u00bb, laquelle s\u2019adresse aux clients de prestations sexuelles tarif\u00e9es. Quatre bandes avec les slogans provocateurs de la campagne seront plac\u00e9es sur les plateformes de services sexuels o\u00f9 les utilisateurs seront redirig\u00e9s sur une page qui leur rappelle qu\u2019ils ont certaines responsabilit\u00e9s et leur explique ce qu\u2019il faut faire s\u2019ils ont des soup\u00e7ons. Voici comment se pr\u00e9sente la page de renvoi :<\/p>\n","protected":false},"author":349,"featured_media":1615,"parent":23,"menu_order":30,"comment_status":"closed","ping_status":"closed","template":"","meta":{"showSharingButtons":false,"skp-theme-color":"auto","_subtitle":null,"alternative_title":"La prostitution forc\u00e9e et la traite des \u00eatres humains","seoDescription":"","seoKeywords":"","seoTitle":"","featuredVideoEmbedCode":"","featuredYoutubeVideoId":"","notes":"","redirectToPostId":0,"skp-further-information":"<p><a href=\"https:\/\/www.skppsc.ch\/fr\/sujets\/violence\/traite-des-etres-humains\/\" title=\"Traite des \u00eatres humains\">Traite des \u00eatres humains<\/a> (PSC)<\/p><p><a href=\"https:\/\/www.fedpol.admin.ch\/fedpol\/fr\/home\/kriminalitaet\/menschenhandel.html\" target=\"_blank\" rel=\"noreferrer noopener\">Traite des \u00eatres humains \u2013 L'esclavage des temps modernes<\/a> (fedpol)<\/p>","hideTile":false,"pageType":"","editor_notices":[],"footnotes":""},"topic":[16],"class_list":["post-1613","page","type-page","status-publish","has-post-thumbnail","hentry","topic-traite-detres-humains"],"aioseo_notices":[],"_links":{"self":[{"href":"https:\/\/www.skppsc.ch\/fr\/wp-json\/wp\/v2\/pages\/1613","targetHints":{"allow":["GET"]}}],"collection":[{"href":"https:\/\/www.skppsc.ch\/fr\/wp-json\/wp\/v2\/pages"}],"about":[{"href":"https:\/\/www.skppsc.ch\/fr\/wp-json\/wp\/v2\/types\/page"}],"author":[{"embeddable":true,"href":"https:\/\/www.skppsc.ch\/fr\/wp-json\/wp\/v2\/users\/349"}],"replies":[{"embeddable":true,"href":"https:\/\/www.skppsc.ch\/fr\/wp-json\/wp\/v2\/comments?post=1613"}],"version-history":[{"count":0,"href":"https:\/\/www.skppsc.ch\/fr\/wp-json\/wp\/v2\/pages\/1613\/revisions"}],"up":[{"embeddable":true,"href":"https:\/\/www.skppsc.ch\/fr\/wp-json\/wp\/v2\/pages\/23"}],"wp:featuredmedia":[{"embeddable":true,"href":"https:\/\/www.skppsc.ch\/fr\/wp-json\/wp\/v2\/media\/1615"}],"wp:attachment":[{"href":"https:\/\/www.skppsc.ch\/fr\/wp-json\/wp\/v2\/media?parent=1613"}],"wp:term":[{"taxonomy":"topic","embeddable":true,"href":"https:\/\/www.skppsc.ch\/fr\/wp-json\/wp\/v2\/topic?post=1613"}],"curies":[{"name":"wp","href":"https:\/\/api.w.org\/{rel}","templated":true}]}}