{"id":1619,"date":"2021-08-16T17:32:08","date_gmt":"2021-08-16T15:32:08","guid":{"rendered":"https:\/\/www.skppsc.ch\/fr\/?page_id=1619"},"modified":"2021-08-16T17:32:39","modified_gmt":"2021-08-16T15:32:39","slug":"1619-2","status":"publish","type":"page","link":"https:\/\/www.skppsc.ch\/fr\/projets\/prostitution-forcee-et-traite-des-etres-humains\/1619-2\/","title":{"rendered":""},"content":{"rendered":"<html><body><div class=\"default-container content-part\"><div class=\"inner-padding\">\n<p>Quand tu es avec une travailleuse du sexe, tu remarques vite si elle est \u00e0 l\u2019aise avec toi ou si elle a un probl\u00e8me. Pas n\u00e9cessairement une blessure sanguinolente, mais peut-\u00eatre un coquard dissimul\u00e9 sous son maquillage, ou alors elle a juste l\u2019air affreusement triste.<\/p>\n<\/div><\/div><\/body><\/html>","protected":false},"excerpt":{"rendered":"<p>Quand tu es avec une travailleuse du sexe, tu remarques vite si elle est \u00e0 l\u2019aise avec toi ou si elle a un probl\u00e8me. Pas n\u00e9cessairement une blessure sanguinolente, mais peut-\u00eatre un coquard dissimul\u00e9 sous son maquillage, ou alors elle a juste l\u2019air affreusement triste.<\/p>\n","protected":false},"author":349,"featured_media":1620,"parent":1613,"menu_order":0,"comment_status":"closed","ping_status":"closed","template":"","meta":{"showSharingButtons":false,"skp-theme-color":"auto","_subtitle":null,"alternative_title":"","seoDescription":"","seoKeywords":"","seoTitle":"","featuredVideoEmbedCode":"","featuredYoutubeVideoId":"","notes":"","redirectToPostId":0,"skp-further-information":"","hideTile":false,"pageType":"","editor_notices":[],"footnotes":""},"topic":[],"class_list":["post-1619","page","type-page","status-publish","has-post-thumbnail","hentry"],"aioseo_notices":[],"_links":{"self":[{"href":"https:\/\/www.skppsc.ch\/fr\/wp-json\/wp\/v2\/pages\/1619","targetHints":{"allow":["GET"]}}],"collection":[{"href":"https:\/\/www.skppsc.ch\/fr\/wp-json\/wp\/v2\/pages"}],"about":[{"href":"https:\/\/www.skppsc.ch\/fr\/wp-json\/wp\/v2\/types\/page"}],"author":[{"embeddable":true,"href":"https:\/\/www.skppsc.ch\/fr\/wp-json\/wp\/v2\/users\/349"}],"replies":[{"embeddable":true,"href":"https:\/\/www.skppsc.ch\/fr\/wp-json\/wp\/v2\/comments?post=1619"}],"version-history":[{"count":0,"href":"https:\/\/www.skppsc.ch\/fr\/wp-json\/wp\/v2\/pages\/1619\/revisions"}],"up":[{"embeddable":true,"href":"https:\/\/www.skppsc.ch\/fr\/wp-json\/wp\/v2\/pages\/1613"}],"wp:featuredmedia":[{"embeddable":true,"href":"https:\/\/www.skppsc.ch\/fr\/wp-json\/wp\/v2\/media\/1620"}],"wp:attachment":[{"href":"https:\/\/www.skppsc.ch\/fr\/wp-json\/wp\/v2\/media?parent=1619"}],"wp:term":[{"taxonomy":"topic","embeddable":true,"href":"https:\/\/www.skppsc.ch\/fr\/wp-json\/wp\/v2\/topic?post=1619"}],"curies":[{"name":"wp","href":"https:\/\/api.w.org\/{rel}","templated":true}]}}