{"id":1621,"date":"2021-08-16T17:34:25","date_gmt":"2021-08-16T15:34:25","guid":{"rendered":"https:\/\/www.skppsc.ch\/fr\/?page_id=1621"},"modified":"2021-08-16T17:34:25","modified_gmt":"2021-08-16T15:34:25","slug":"1621-2","status":"publish","type":"page","link":"https:\/\/www.skppsc.ch\/fr\/projets\/prostitution-forcee-et-traite-des-etres-humains\/1621-2\/","title":{"rendered":""},"content":{"rendered":"<html><body><div class=\"default-container content-part\"><div class=\"inner-padding\">\n<p>Les clients de prestations sexuelles tarif\u00e9es sont \u00e0 99% des hommes. Autrement dit, la prostitution forc\u00e9e est un probl\u00e8me cr\u00e9\u00e9 par des hommes\u2009! Et seuls des hommes peuvent le r\u00e9soudre. Donc toi aussi \u2013 d\u00e8s lors que tu consid\u00e8res les travailleuses du sexe comme des \u00eatres humains et pas simplement comme des objets sexuels.<\/p>\n<\/div><\/div><\/body><\/html>","protected":false},"excerpt":{"rendered":"<p>Les clients de prestations sexuelles tarif\u00e9es sont \u00e0 99% des hommes. Autrement dit, la prostitution forc\u00e9e est un probl\u00e8me cr\u00e9\u00e9 par des hommes\u2009! Et seuls des hommes peuvent le r\u00e9soudre. Donc toi aussi \u2013 d\u00e8s lors que tu consid\u00e8res les travailleuses du sexe comme des \u00eatres humains et pas simplement comme des objets sexuels.<\/p>\n","protected":false},"author":349,"featured_media":1622,"parent":1613,"menu_order":0,"comment_status":"closed","ping_status":"closed","template":"","meta":{"showSharingButtons":false,"skp-theme-color":"auto","_subtitle":null,"alternative_title":"","seoDescription":"","seoKeywords":"","seoTitle":"","featuredVideoEmbedCode":"","featuredYoutubeVideoId":"","notes":"","redirectToPostId":0,"skp-further-information":"","hideTile":false,"pageType":"","editor_notices":[],"footnotes":""},"topic":[],"class_list":["post-1621","page","type-page","status-publish","has-post-thumbnail","hentry"],"aioseo_notices":[],"_links":{"self":[{"href":"https:\/\/www.skppsc.ch\/fr\/wp-json\/wp\/v2\/pages\/1621","targetHints":{"allow":["GET"]}}],"collection":[{"href":"https:\/\/www.skppsc.ch\/fr\/wp-json\/wp\/v2\/pages"}],"about":[{"href":"https:\/\/www.skppsc.ch\/fr\/wp-json\/wp\/v2\/types\/page"}],"author":[{"embeddable":true,"href":"https:\/\/www.skppsc.ch\/fr\/wp-json\/wp\/v2\/users\/349"}],"replies":[{"embeddable":true,"href":"https:\/\/www.skppsc.ch\/fr\/wp-json\/wp\/v2\/comments?post=1621"}],"version-history":[{"count":0,"href":"https:\/\/www.skppsc.ch\/fr\/wp-json\/wp\/v2\/pages\/1621\/revisions"}],"up":[{"embeddable":true,"href":"https:\/\/www.skppsc.ch\/fr\/wp-json\/wp\/v2\/pages\/1613"}],"wp:featuredmedia":[{"embeddable":true,"href":"https:\/\/www.skppsc.ch\/fr\/wp-json\/wp\/v2\/media\/1622"}],"wp:attachment":[{"href":"https:\/\/www.skppsc.ch\/fr\/wp-json\/wp\/v2\/media?parent=1621"}],"wp:term":[{"taxonomy":"topic","embeddable":true,"href":"https:\/\/www.skppsc.ch\/fr\/wp-json\/wp\/v2\/topic?post=1621"}],"curies":[{"name":"wp","href":"https:\/\/api.w.org\/{rel}","templated":true}]}}