{"id":1635,"date":"2021-08-16T19:35:37","date_gmt":"2021-08-16T17:35:37","guid":{"rendered":"https:\/\/www.skppsc.ch\/fr\/?page_id=1635"},"modified":"2024-08-20T13:31:22","modified_gmt":"2024-08-20T11:31:22","slug":"armand","status":"publish","type":"page","link":"https:\/\/www.skppsc.ch\/fr\/armand\/","title":{"rendered":"Initiative contre la prostitution forc\u00e9e et la traite des \u00eatres humains en Suisse"},"content":{"rendered":"<html><body><div class=\"default-container content-part\"><div class=\"inner-padding\">\n<h2 class=\"wp-block-heading foreground-primary\">En tant que client d\u2019un club \u00e9rotique, tu ne devrais pas simplement \u00ab\u2009te l\u00e2cher\u2009\u00bb mais te montrer comme on le fait dans un bon restaurant\u2009: aimable, poli, respectueux. Ainsi tu verras mieux s\u2019il y a quelque chose qui cloche.<\/h2>\n\n\n<\/div><\/div><div class=\"default-container content-part   \" style=\";\"><div class=\"inner-padding\">\n\n\n<p><strong>Les travailleuses du sexe ne sont pas toutes consentantes, loin de l\u00e0. Il existe en Suisse aussi des victimes du trafic des \u00eatres humains. Oblig\u00e9es de vendre leurs charmes, elles n\u2019ont souvent qu\u2019un seul moyen d\u2019avoir un contact avec le monde ext\u00e9rieur\u2009: toi\u2009! Tu peux les aider en ouvrant l\u2019\u0153il et en te montrant juste et humain.<\/strong><\/p>\n\n\n<\/div><\/div><div class=\"default-container content-part   \" style=\";\"><div class=\"inner-padding\">\n\n\n<h3 class=\"wp-block-heading\">Comment reconna\u00eetre un cas de prostitution \u00adforc\u00e9e\u2009?<\/h3>\n\n\n\n<ol class=\"wp-block-list\"><li><strong>Signes physiques\u2009:<\/strong> si la travailleuse du sexe est bless\u00e9e, qu\u2019elle pr\u00e9sente par ex. des ecchymoses ou d\u2019autres l\u00e9sions, il y a de fortes chances qu\u2019elle ne travaille pas de son plein gr\u00e9. Tu devrais aussi t\u2019assurer (et au besoin demander la preuve) qu\u2019elle est bien majeure.<\/li><li><strong>Signes psychiques\u2009:<\/strong> Si la travailleuse du sexe n\u2019arrive pas \u00e0 communiquer \u00ab\u2009normalement\u2009\u00bb, qu\u2019elle ne parle peut-\u00eatre pas notre langue, si elle a l\u2019air triste, apeur\u00e9e ou d\u00e9sesp\u00e9r\u00e9e, si elle est apathique ou manifestement sous l\u2019emprise de drogues, il y a de fortes chances qu\u2019elle ne travaille pas de son plein gr\u00e9 comme prostitu\u00e9e.<\/li><li><strong>Ton intuition\u2009:<\/strong> Il arrive qu\u2019il n\u2019y ait aucun signe visible de violence physique ou psychique faite aux travailleuses du sexe, mais que malgr\u00e9 tout tu aies un doute. Dans ce cas, aie confiance dans ton intuition et agis en cons\u00e9quence\u2009!<\/li><\/ol>\n\n\n<\/div><\/div><div class=\"default-container content-part   \" style=\";\"><div class=\"inner-padding\">\n\n\n<h3 class=\"wp-block-heading\">Ce que tu peux faire\u2009:<\/h3>\n\n\n\n<p>En cas d\u2019urgence compose le <strong>117<\/strong> ou contacte le <a href=\"https:\/\/www.act212.ch\/fr\/hotlinenational\" target=\"_blank\" rel=\"noreferrer noopener\">Bureau national d\u2019enregistrement des d\u00e9clarations contre la traite des \u00eatres humains et l\u2019exploitation d\u2019ACT212<\/a>, afin que nous puissions mener une investigation sur la base de tes soup\u00e7ons. Bien entendu ta d\u00e9claration peut se faire de fa\u00e7on anonyme, et de toute fa\u00e7on tu ne risques rien, m\u00eame si tes soup\u00e7ons ne devaient pas \u00eatre confirm\u00e9s. Mieux vaut faire part de ses doutes plut\u00f4t que de d\u00e9tourner froidement les yeux et se rendre coupable de non-assistance \u00e0 personne en danger.<\/p>\n\n\n\n<p>Aide-nous \u00e0 lutter contre la prostitution forc\u00e9e et le trafic des \u00eatres humains en Suisse. Merci\u2009!<\/p>\n<\/div><\/div><\/body><\/html>","protected":false},"excerpt":{"rendered":"<p>En tant que client d\u2019un club \u00e9rotique, tu ne devrais pas simplement \u00ab\u2009te l\u00e2cher\u2009\u00bb mais te montrer comme on le fait dans un bon restaurant\u2009: aimable, poli, respectueux. Ainsi tu verras mieux s\u2019il y a quelque chose qui cloche. Les travailleuses du sexe ne sont pas toutes consentantes, loin de l\u00e0. Il existe en Suisse [&hellip;]<\/p>\n","protected":false},"author":349,"featured_media":1636,"parent":0,"menu_order":2003,"comment_status":"closed","ping_status":"closed","template":"","meta":{"showSharingButtons":false,"skp-theme-color":"auto","_subtitle":null,"alternative_title":"","seoDescription":"","seoKeywords":"","seoTitle":"","featuredVideoEmbedCode":"","featuredYoutubeVideoId":"","notes":"Landing-Page \u00abAufgepasst, Gast!\u00bb","redirectToPostId":0,"skp-further-information":"<p><a href=\"https:\/\/www.skppsc.ch\/fr\/sujets\/violence\/traite-des-etres-humains\/\">Traite des \u00eatres humains<\/a> (PSC)<\/p><p><a href=\"https:\/\/www.fedpol.admin.ch\/fedpol\/fr\/home\/kriminalitaet\/menschenhandel.html\" target=\"_blank\" rel=\"noreferrer noopener\">Traite des \u00eatres humains \u2013 L'esclavage des temps modernes<\/a> (fedpol)<\/p>","hideTile":true,"pageType":"landing-page","editor_notices":[],"footnotes":""},"topic":[16],"class_list":["post-1635","page","type-page","status-publish","has-post-thumbnail","hentry","topic-traite-detres-humains"],"aioseo_notices":[],"_links":{"self":[{"href":"https:\/\/www.skppsc.ch\/fr\/wp-json\/wp\/v2\/pages\/1635","targetHints":{"allow":["GET"]}}],"collection":[{"href":"https:\/\/www.skppsc.ch\/fr\/wp-json\/wp\/v2\/pages"}],"about":[{"href":"https:\/\/www.skppsc.ch\/fr\/wp-json\/wp\/v2\/types\/page"}],"author":[{"embeddable":true,"href":"https:\/\/www.skppsc.ch\/fr\/wp-json\/wp\/v2\/users\/349"}],"replies":[{"embeddable":true,"href":"https:\/\/www.skppsc.ch\/fr\/wp-json\/wp\/v2\/comments?post=1635"}],"version-history":[{"count":0,"href":"https:\/\/www.skppsc.ch\/fr\/wp-json\/wp\/v2\/pages\/1635\/revisions"}],"wp:featuredmedia":[{"embeddable":true,"href":"https:\/\/www.skppsc.ch\/fr\/wp-json\/wp\/v2\/media\/1636"}],"wp:attachment":[{"href":"https:\/\/www.skppsc.ch\/fr\/wp-json\/wp\/v2\/media?parent=1635"}],"wp:term":[{"taxonomy":"topic","embeddable":true,"href":"https:\/\/www.skppsc.ch\/fr\/wp-json\/wp\/v2\/topic?post=1635"}],"curies":[{"name":"wp","href":"https:\/\/api.w.org\/{rel}","templated":true}]}}