{"id":175,"date":"2016-11-24T20:50:12","date_gmt":"2016-11-24T19:50:12","guid":{"rendered":"https:\/\/www.skppsc.ch\/de\/?page_id=175"},"modified":"2026-05-13T13:49:45","modified_gmt":"2026-05-13T11:49:45","slug":"la-psc","status":"publish","type":"page","link":"https:\/\/www.skppsc.ch\/fr\/la-psc\/","title":{"rendered":"La PSC"},"content":{"rendered":"<html><body><h3 class=\"wp-block-heading\">Le partage de connaissances au sein de son r\u00e9seau de coop\u00e9ration<\/h3>\n\n\n\n<p>La PSC a pour t\u00e2che de consolider la collaboration polici\u00e8re intercantonale dans le domaine de la pr\u00e9vention de la criminalit\u00e9. A travers diff\u00e9rents projets, dossiers et campagnes de sensibilisation, elle coop\u00e8re \u00e9troitement avec les responsables de la pr\u00e9vention des corps de police cantonaux et municipaux, et organise une fois par an des <a href=\"https:\/\/www.skppsc.ch\/fr\/projets\/journees-dinformation-de-la-prevention-policiere\/\" target=\"_blank\" rel=\"noopener\" title=\"\">Journ\u00e9es d\u2019information<\/a>. La PSC entretient \u00e9galement des contacts \u00e9troits avec diff\u00e9rents services f\u00e9d\u00e9raux, tels que l\u2019<a href=\"https:\/\/www.bsv.admin.ch\/fr\" target=\"_blank\" rel=\"noopener\" title=\"Office f\u00e9d\u00e9ral des assurances sociales\">Office f\u00e9d\u00e9ral des assurances sociales<\/a> ou l\u2019<a href=\"https:\/\/www.fedpol.admin.ch\/fedpol\/fr\/home.html\" target=\"_blank\" rel=\"noopener noreferrer\">Office f\u00e9d\u00e9ral de la police fedpol<\/a>. Son r\u00e9seau compte diff\u00e9rents acteurs institutionnels et cantonaux dans toutes les r\u00e9gions de Suisse, et aussi plusieurs ONG.<\/p>\n\n\n\n<h3 class=\"wp-block-heading\">La diffusion de messages de pr\u00e9vention \u00e0 la population<\/h3>\n\n\n\n<p>La PSC a pour t\u00e2che d\u2019avertir la population et de lui expliquer les ph\u00e9nom\u00e8nes qui se rapportent \u00e0 la criminalit\u00e9 et quels sont les moyens de s\u2019en pr\u00e9munir et de trouver de l\u2019aide. A cette fin, elle publie des <a href=\"https:\/\/www.skppsc.ch\/fr\/telechargements\/\" target=\"_blank\" rel=\"noopener\" title=\"\">brochures, des d\u00e9pliants et d\u2019autres publications<\/a> portant sur des sujets de pr\u00e9vention (cambriolage, stalking, courage civique, p. ex.) et visant plusieurs groupes-cibles, comme les jeunes ou les s\u00e9niors. La rubrique <a href=\"https:\/\/www.skppsc.ch\/fr\/blog\/\" target=\"_blank\" rel=\"noopener noreferrer\">blog <\/a>permet aux collaborateurs de la PSC de traiter la pr\u00e9vention sous diff\u00e9rents angles, d\u2019expliquer le contexte et les tenants et aboutissants, ainsi que d\u2019aborder des ph\u00e9nom\u00e8nes in\u00e9dits. La Pr\u00e9vention Suisse de la Criminalit\u00e9 est aussi pr\u00e9sente sur <a href=\"https:\/\/www.facebook.com\/PreventionSuisseDeLaCriminalite\/\" target=\"_blank\" rel=\"noopener noreferrer\">Facebook, <\/a><a href=\"https:\/\/ch.linkedin.com\/company\/skppsc\" target=\"_blank\" rel=\"noreferrer noopener\">LinkedIn<\/a>, et sur <a href=\"https:\/\/www.instagram.com\/skppsc_suisse\/\" target=\"_blank\" rel=\"noreferrer noopener\">Instagram<\/a>.<\/p>\n\n\n\n<h3 class=\"wp-block-heading\">La formation et la formation continue<\/h3>\n\n\n\n<p>La Pr\u00e9vention Suisse de la Criminalit\u00e9 assure la formation et la formation continue des membres de la police dans le domaine de la pr\u00e9vention de la criminalit\u00e9 et coop\u00e8re avec l\u2019<a href=\"http:\/\/www.institut-police.ch\/fr\/\" target=\"_blank\" rel=\"noopener noreferrer\">Institut Suisse de police (ISP)<\/a>. S\u00e9minaires et conf\u00e9rences sont l\u2019occasion d\u2019informer sur les sujets de pr\u00e9vention et sur les derni\u00e8res avanc\u00e9es scientifiques, au travers d\u2019expos\u00e9s et d\u2019ateliers.<\/p>\n\n\n\n<h3 class=\"wp-block-heading\">La documentation<\/h3>\n\n\n\n<p>La Pr\u00e9vention Suisse de la Criminalit\u00e9 g\u00e8re une base de donn\u00e9es regroupant la documentation la plus r\u00e9cente en mati\u00e8re de pr\u00e9vention, que lui communiquent les corps de police cantonaux et municipaux (<a href=\"https:\/\/www.skppsc.ch\/fr\/intranet\/\" target=\"_blank\" rel=\"noopener\" title=\"\">Intranet<\/a>), et publie chaque ann\u00e9e un <a href=\"https:\/\/www.skppsc.ch\/fr\/wp-content\/uploads\/sites\/5\/2026\/04\/rapport_d_activite_2025.pdf\" target=\"_blank\" rel=\"noopener\" title=\"\">rapport d\u2019activit\u00e9<\/a>.<\/p>\n\n\n\n<p>L\u2019Intranet est accessible \u00e0 quiconque est membre d\u2019un corps de police cantonal ou municipal. Si cela vous int\u00e9resse, n\u2019h\u00e9sitez pas \u00e0 demander \u00e0 y avoir acc\u00e8s en \u00e9crivant \u00e0 <a href=\"&#x6d;&#97;&#x69;&#x6c;&#116;&#x6f;&#58;i&#x6e;&#102;o&#x40;&#115;k&#x70;&#112;s&#x63;&#46;&#x63;&#x68;\">in&#102;&#111;&#x40;&#x73;&#x6b;&#x70;ps&#99;&#46;&#x63;&#x68;<\/a>.<\/p>\n\n\n\n<h3 class=\"wp-block-heading\">Le conseil<\/h3>\n\n\n\n<p>La Pr\u00e9vention Suisse de la Criminalit\u00e9 r\u00e9pond aux questions de la population sur tous les sujets touchant \u00e0 la pr\u00e9vention de la criminalit\u00e9.<\/p>\n\n\n\n<hr class=\"wp-block-separator has-css-opacity\">\n\n\n\n<h2 class=\"wp-block-heading foreground-primary\">Son secr\u00e9tariat<\/h2>\n\n\n\n<figure class=\"wp-block-gallery has-nested-images columns-3 is-cropped wp-block-gallery-1\">\n<figure class=\"wp-block-image size-large\"><img loading=\"lazy\" decoding=\"async\" width=\"1024\" height=\"732\" data-id=\"2330\" src=\"https:\/\/www.skppsc.ch\/fr\/wp-content\/uploads\/sites\/5\/2025\/03\/ilg_fabiancremoeisner.5910-1024x732.jpg\" alt=\"\" class=\"wp-image-2330\" srcset=\"https:\/\/www.skppsc.ch\/fr\/wp-content\/uploads\/sites\/5\/2025\/03\/ilg_fabiancremoeisner.5910-1024x732.jpg 1024w, https:\/\/www.skppsc.ch\/fr\/wp-content\/uploads\/sites\/5\/2025\/03\/ilg_fabiancremoeisner.5910-300x214.jpg 300w, https:\/\/www.skppsc.ch\/fr\/wp-content\/uploads\/sites\/5\/2025\/03\/ilg_fabiancremoeisner.5910-768x549.jpg 768w, https:\/\/www.skppsc.ch\/fr\/wp-content\/uploads\/sites\/5\/2025\/03\/ilg_fabiancremoeisner.5910-1536x1097.jpg 1536w, https:\/\/www.skppsc.ch\/fr\/wp-content\/uploads\/sites\/5\/2025\/03\/ilg_fabiancremoeisner.5910-2048x1463.jpg 2048w, https:\/\/www.skppsc.ch\/fr\/wp-content\/uploads\/sites\/5\/2025\/03\/ilg_fabiancremoeisner.5910-640x457.jpg 640w, https:\/\/www.skppsc.ch\/fr\/wp-content\/uploads\/sites\/5\/2025\/03\/ilg_fabiancremoeisner.5910-1280x914.jpg 1280w\" sizes=\"auto, (max-width: 1024px) 100vw, 1024px\"><figcaption class=\"wp-element-caption\"><strong>Fabian Ilg<\/strong><br>Directeur <\/figcaption><\/figure>\n\n\n\n<figure class=\"wp-block-image size-large\"><img loading=\"lazy\" decoding=\"async\" width=\"1024\" height=\"732\" data-id=\"2328\" src=\"https:\/\/www.skppsc.ch\/fr\/wp-content\/uploads\/sites\/5\/2025\/03\/aegerter_olivercremoeisner.5942-1024x732.jpg\" alt=\"\" class=\"wp-image-2328\" srcset=\"https:\/\/www.skppsc.ch\/fr\/wp-content\/uploads\/sites\/5\/2025\/03\/aegerter_olivercremoeisner.5942-1024x732.jpg 1024w, https:\/\/www.skppsc.ch\/fr\/wp-content\/uploads\/sites\/5\/2025\/03\/aegerter_olivercremoeisner.5942-300x214.jpg 300w, https:\/\/www.skppsc.ch\/fr\/wp-content\/uploads\/sites\/5\/2025\/03\/aegerter_olivercremoeisner.5942-768x549.jpg 768w, https:\/\/www.skppsc.ch\/fr\/wp-content\/uploads\/sites\/5\/2025\/03\/aegerter_olivercremoeisner.5942-1536x1097.jpg 1536w, https:\/\/www.skppsc.ch\/fr\/wp-content\/uploads\/sites\/5\/2025\/03\/aegerter_olivercremoeisner.5942-2048x1463.jpg 2048w, https:\/\/www.skppsc.ch\/fr\/wp-content\/uploads\/sites\/5\/2025\/03\/aegerter_olivercremoeisner.5942-640x457.jpg 640w, https:\/\/www.skppsc.ch\/fr\/wp-content\/uploads\/sites\/5\/2025\/03\/aegerter_olivercremoeisner.5942-1280x914.jpg 1280w\" sizes=\"auto, (max-width: 1024px) 100vw, 1024px\"><figcaption class=\"wp-element-caption\"><strong>Oliver Aegerter<\/strong><br>Responsable de projet<\/figcaption><\/figure>\n\n\n\n<figure class=\"wp-block-image size-large\"><img loading=\"lazy\" decoding=\"async\" width=\"1024\" height=\"731\" data-id=\"2332\" src=\"https:\/\/www.skppsc.ch\/fr\/wp-content\/uploads\/sites\/5\/2025\/03\/kubli_beatricecremoeisner.6180-1024x731.jpg\" alt=\"\" class=\"wp-image-2332\" srcset=\"https:\/\/www.skppsc.ch\/fr\/wp-content\/uploads\/sites\/5\/2025\/03\/kubli_beatricecremoeisner.6180-1024x731.jpg 1024w, https:\/\/www.skppsc.ch\/fr\/wp-content\/uploads\/sites\/5\/2025\/03\/kubli_beatricecremoeisner.6180-300x214.jpg 300w, https:\/\/www.skppsc.ch\/fr\/wp-content\/uploads\/sites\/5\/2025\/03\/kubli_beatricecremoeisner.6180-768x549.jpg 768w, https:\/\/www.skppsc.ch\/fr\/wp-content\/uploads\/sites\/5\/2025\/03\/kubli_beatricecremoeisner.6180-1536x1097.jpg 1536w, https:\/\/www.skppsc.ch\/fr\/wp-content\/uploads\/sites\/5\/2025\/03\/kubli_beatricecremoeisner.6180-2048x1463.jpg 2048w, https:\/\/www.skppsc.ch\/fr\/wp-content\/uploads\/sites\/5\/2025\/03\/kubli_beatricecremoeisner.6180-640x457.jpg 640w, https:\/\/www.skppsc.ch\/fr\/wp-content\/uploads\/sites\/5\/2025\/03\/kubli_beatricecremoeisner.6180-1280x914.jpg 1280w\" sizes=\"auto, (max-width: 1024px) 100vw, 1024px\"><figcaption class=\"wp-element-caption\"><strong>Beatrice K\u00fcbli<\/strong><br> Responsable de projet<\/figcaption><\/figure>\n\n\n\n<figure class=\"wp-block-image size-large\"><img loading=\"lazy\" decoding=\"async\" width=\"1024\" height=\"732\" data-id=\"2329\" src=\"https:\/\/www.skppsc.ch\/fr\/wp-content\/uploads\/sites\/5\/2025\/03\/rouiller_vincianecremoeisner.6214-1024x732.jpg\" alt=\"\" class=\"wp-image-2329\" srcset=\"https:\/\/www.skppsc.ch\/fr\/wp-content\/uploads\/sites\/5\/2025\/03\/rouiller_vincianecremoeisner.6214-1024x732.jpg 1024w, https:\/\/www.skppsc.ch\/fr\/wp-content\/uploads\/sites\/5\/2025\/03\/rouiller_vincianecremoeisner.6214-300x214.jpg 300w, https:\/\/www.skppsc.ch\/fr\/wp-content\/uploads\/sites\/5\/2025\/03\/rouiller_vincianecremoeisner.6214-768x549.jpg 768w, https:\/\/www.skppsc.ch\/fr\/wp-content\/uploads\/sites\/5\/2025\/03\/rouiller_vincianecremoeisner.6214-1536x1097.jpg 1536w, https:\/\/www.skppsc.ch\/fr\/wp-content\/uploads\/sites\/5\/2025\/03\/rouiller_vincianecremoeisner.6214-2048x1463.jpg 2048w, https:\/\/www.skppsc.ch\/fr\/wp-content\/uploads\/sites\/5\/2025\/03\/rouiller_vincianecremoeisner.6214-640x457.jpg 640w, https:\/\/www.skppsc.ch\/fr\/wp-content\/uploads\/sites\/5\/2025\/03\/rouiller_vincianecremoeisner.6214-1280x914.jpg 1280w\" sizes=\"auto, (max-width: 1024px) 100vw, 1024px\"><figcaption class=\"wp-element-caption\"><strong>Vinciane Rouiller<\/strong><br>Responsable de projet<\/figcaption><\/figure>\n\n\n\n<figure class=\"wp-block-image size-large\"><img loading=\"lazy\" decoding=\"async\" width=\"1024\" height=\"732\" data-id=\"2331\" src=\"https:\/\/www.skppsc.ch\/fr\/wp-content\/uploads\/sites\/5\/2025\/03\/billaud_chantalcremoeisner.6081-1024x732.jpg\" alt=\"\" class=\"wp-image-2331\" srcset=\"https:\/\/www.skppsc.ch\/fr\/wp-content\/uploads\/sites\/5\/2025\/03\/billaud_chantalcremoeisner.6081-1024x732.jpg 1024w, https:\/\/www.skppsc.ch\/fr\/wp-content\/uploads\/sites\/5\/2025\/03\/billaud_chantalcremoeisner.6081-300x214.jpg 300w, https:\/\/www.skppsc.ch\/fr\/wp-content\/uploads\/sites\/5\/2025\/03\/billaud_chantalcremoeisner.6081-768x549.jpg 768w, https:\/\/www.skppsc.ch\/fr\/wp-content\/uploads\/sites\/5\/2025\/03\/billaud_chantalcremoeisner.6081-1536x1097.jpg 1536w, https:\/\/www.skppsc.ch\/fr\/wp-content\/uploads\/sites\/5\/2025\/03\/billaud_chantalcremoeisner.6081-2048x1463.jpg 2048w, https:\/\/www.skppsc.ch\/fr\/wp-content\/uploads\/sites\/5\/2025\/03\/billaud_chantalcremoeisner.6081-640x457.jpg 640w, https:\/\/www.skppsc.ch\/fr\/wp-content\/uploads\/sites\/5\/2025\/03\/billaud_chantalcremoeisner.6081-1280x914.jpg 1280w\" sizes=\"auto, (max-width: 1024px) 100vw, 1024px\"><figcaption class=\"wp-element-caption\"><strong>Chantal Billaud<\/strong><br>Responsable des publications et des conseils<\/figcaption><\/figure>\n\n\n\n<figure class=\"wp-block-image size-large\"><img loading=\"lazy\" decoding=\"async\" width=\"1024\" height=\"732\" data-id=\"2326\" src=\"https:\/\/www.skppsc.ch\/fr\/wp-content\/uploads\/sites\/5\/2025\/03\/carminati_sharoncremoeisner.5984-1024x732.jpg\" alt=\"\" class=\"wp-image-2326\" srcset=\"https:\/\/www.skppsc.ch\/fr\/wp-content\/uploads\/sites\/5\/2025\/03\/carminati_sharoncremoeisner.5984-1024x732.jpg 1024w, https:\/\/www.skppsc.ch\/fr\/wp-content\/uploads\/sites\/5\/2025\/03\/carminati_sharoncremoeisner.5984-300x214.jpg 300w, https:\/\/www.skppsc.ch\/fr\/wp-content\/uploads\/sites\/5\/2025\/03\/carminati_sharoncremoeisner.5984-768x549.jpg 768w, https:\/\/www.skppsc.ch\/fr\/wp-content\/uploads\/sites\/5\/2025\/03\/carminati_sharoncremoeisner.5984-1536x1097.jpg 1536w, https:\/\/www.skppsc.ch\/fr\/wp-content\/uploads\/sites\/5\/2025\/03\/carminati_sharoncremoeisner.5984-2048x1463.jpg 2048w, https:\/\/www.skppsc.ch\/fr\/wp-content\/uploads\/sites\/5\/2025\/03\/carminati_sharoncremoeisner.5984-640x457.jpg 640w, https:\/\/www.skppsc.ch\/fr\/wp-content\/uploads\/sites\/5\/2025\/03\/carminati_sharoncremoeisner.5984-1280x914.jpg 1280w\" sizes=\"auto, (max-width: 1024px) 100vw, 1024px\"><figcaption class=\"wp-element-caption\"><strong>Sharon Carminati<\/strong><br>Responsable des r\u00e9seaux sociaux<\/figcaption><\/figure>\n\n\n\n<figure class=\"wp-block-image size-large\"><img loading=\"lazy\" decoding=\"async\" width=\"1024\" height=\"732\" data-id=\"2327\" src=\"https:\/\/www.skppsc.ch\/fr\/wp-content\/uploads\/sites\/5\/2025\/03\/ryter-kumli_nicolecremoeisner.6031-1024x732.jpg\" alt=\"\" class=\"wp-image-2327\" srcset=\"https:\/\/www.skppsc.ch\/fr\/wp-content\/uploads\/sites\/5\/2025\/03\/ryter-kumli_nicolecremoeisner.6031-1024x732.jpg 1024w, https:\/\/www.skppsc.ch\/fr\/wp-content\/uploads\/sites\/5\/2025\/03\/ryter-kumli_nicolecremoeisner.6031-300x214.jpg 300w, https:\/\/www.skppsc.ch\/fr\/wp-content\/uploads\/sites\/5\/2025\/03\/ryter-kumli_nicolecremoeisner.6031-768x549.jpg 768w, https:\/\/www.skppsc.ch\/fr\/wp-content\/uploads\/sites\/5\/2025\/03\/ryter-kumli_nicolecremoeisner.6031-1536x1097.jpg 1536w, https:\/\/www.skppsc.ch\/fr\/wp-content\/uploads\/sites\/5\/2025\/03\/ryter-kumli_nicolecremoeisner.6031-2048x1463.jpg 2048w, https:\/\/www.skppsc.ch\/fr\/wp-content\/uploads\/sites\/5\/2025\/03\/ryter-kumli_nicolecremoeisner.6031-640x457.jpg 640w, https:\/\/www.skppsc.ch\/fr\/wp-content\/uploads\/sites\/5\/2025\/03\/ryter-kumli_nicolecremoeisner.6031-1280x914.jpg 1280w\" sizes=\"auto, (max-width: 1024px) 100vw, 1024px\"><figcaption class=\"wp-element-caption\"><strong>Nicole Kumli Ryter<\/strong><br>Responsable des finances, de l\u2019administration et des ressources humaines<\/figcaption><\/figure>\n<\/figure>\n\n\n\n<hr class=\"wp-block-separator has-css-opacity\">\n\n\n\n<h2 class=\"wp-block-heading foreground-primary\">Ses commissions<\/h2>\n\n\n\n<h3 class=\"wp-block-heading\">Commission de direction<\/h3>\n\n\n\n<p>La Pr\u00e9vention Suisse de la Criminalit\u00e9 est g\u00e9r\u00e9e par la Commission de direction, qui r\u00e9unit des membres de la Conf\u00e9rence des directrices et directeurs des d\u00e9partements cantonaux de justice et police, le directeur suppl\u00e9ant de l\u2019Office f\u00e9d\u00e9ral de la police (fedpol), un repr\u00e9sentant de l\u2019Association des chefs de police judiciaire suisses, deux repr\u00e9sentants de la Conf\u00e9rence des Commandants des Polices Cantonales de Suisse, une repr\u00e9sentente de l\u2019Association suisse des chefs de police municipale et le directeur de la Pr\u00e9vention Suisse de la Criminalit\u00e9. En voici la composition actuelle :<\/p>\n\n\n\n<figure class=\"wp-block-gallery has-nested-images columns-default is-cropped wp-block-gallery-2\">\n<figure class=\"wp-block-image size-large\"><img loading=\"lazy\" decoding=\"async\" width=\"400\" height=\"400\" data-id=\"1323\" src=\"https:\/\/www.skppsc.ch\/fr\/wp-content\/uploads\/sites\/5\/2020\/02\/christophamstad.jpg\" alt=\"\" class=\"wp-image-1323\" srcset=\"https:\/\/www.skppsc.ch\/fr\/wp-content\/uploads\/sites\/5\/2020\/02\/christophamstad.jpg 400w, https:\/\/www.skppsc.ch\/fr\/wp-content\/uploads\/sites\/5\/2020\/02\/christophamstad-300x300.jpg 300w\" sizes=\"auto, (max-width: 400px) 100vw, 400px\"><figcaption class=\"wp-element-caption\"><strong>Christoph Amstad<\/strong> <br>Conseiller d\u2019Etat, chef du D\u00e9partement de la s\u00e9curit\u00e9 et des affaires sociales, canton d\u2019Obwald, Pr\u00e9sident<\/figcaption><\/figure>\n\n\n\n<figure class=\"wp-block-image size-large\"><img loading=\"lazy\" decoding=\"async\" width=\"400\" height=\"402\" data-id=\"1320\" src=\"https:\/\/www.skppsc.ch\/fr\/wp-content\/uploads\/sites\/5\/2020\/02\/allain_philippe.jpg\" alt=\"\" class=\"wp-image-1320\"><figcaption class=\"wp-element-caption\"><strong>Commandant Philippe Allain<\/strong><br>Police cantonale fribourgeoise<\/figcaption><\/figure>\n\n\n\n<figure class=\"wp-block-image size-full\"><img loading=\"lazy\" decoding=\"async\" width=\"400\" height=\"400\" data-id=\"2456\" src=\"https:\/\/www.skppsc.ch\/fr\/wp-content\/uploads\/sites\/5\/2025\/10\/stefan_kuechler.jpg\" alt=\"\" class=\"wp-image-2456\" srcset=\"https:\/\/www.skppsc.ch\/fr\/wp-content\/uploads\/sites\/5\/2025\/10\/stefan_kuechler.jpg 400w, https:\/\/www.skppsc.ch\/fr\/wp-content\/uploads\/sites\/5\/2025\/10\/stefan_kuechler-300x300.jpg 300w, https:\/\/www.skppsc.ch\/fr\/wp-content\/uploads\/sites\/5\/2025\/10\/stefan_kuechler-150x150.jpg 150w\" sizes=\"auto, (max-width: 400px) 100vw, 400px\"><figcaption class=\"wp-element-caption\"><strong>Commandant Stefan K\u00fcchler<\/strong><br> Police cantonale d\u2019Obwald<\/figcaption><\/figure>\n\n\n\n<figure class=\"wp-block-image size-full\"><img loading=\"lazy\" decoding=\"async\" width=\"400\" height=\"400\" data-id=\"2151\" src=\"https:\/\/www.skppsc.ch\/fr\/wp-content\/uploads\/sites\/5\/2024\/07\/martin_foehse.jpg\" alt=\"\" class=\"wp-image-2151\" srcset=\"https:\/\/www.skppsc.ch\/fr\/wp-content\/uploads\/sites\/5\/2024\/07\/martin_foehse.jpg 400w, https:\/\/www.skppsc.ch\/fr\/wp-content\/uploads\/sites\/5\/2024\/07\/martin_foehse-300x300.jpg 300w, https:\/\/www.skppsc.ch\/fr\/wp-content\/uploads\/sites\/5\/2024\/07\/martin_foehse-150x150.jpg 150w\" sizes=\"auto, (max-width: 400px) 100vw, 400px\"><figcaption class=\"wp-element-caption\"><strong>Martin F\u00f6hse<\/strong><br>Vice-directeur et chef du Domaine de direction Pr\u00e9vention de la criminalit\u00e9 et droit, Office f\u00e9d\u00e9ral de la police (fedpol)<\/figcaption><\/figure>\n\n\n\n<figure class=\"wp-block-image size-full\"><img loading=\"lazy\" decoding=\"async\" width=\"400\" height=\"400\" data-id=\"2457\" src=\"https:\/\/www.skppsc.ch\/fr\/wp-content\/uploads\/sites\/5\/2025\/10\/anjan_sartory.jpg\" alt=\"\" class=\"wp-image-2457\" srcset=\"https:\/\/www.skppsc.ch\/fr\/wp-content\/uploads\/sites\/5\/2025\/10\/anjan_sartory.jpg 400w, https:\/\/www.skppsc.ch\/fr\/wp-content\/uploads\/sites\/5\/2025\/10\/anjan_sartory-300x300.jpg 300w, https:\/\/www.skppsc.ch\/fr\/wp-content\/uploads\/sites\/5\/2025\/10\/anjan_sartory-150x150.jpg 150w\" sizes=\"auto, (max-width: 400px) 100vw, 400px\"><figcaption class=\"wp-element-caption\"><strong>Commandant Anjan Sartory<\/strong><br>Police municipale de Winterthour<\/figcaption><\/figure>\n\n\n\n<figure class=\"wp-block-image size-full\"><img loading=\"lazy\" decoding=\"async\" width=\"1080\" height=\"1080\" data-id=\"2579\" src=\"https:\/\/www.skppsc.ch\/fr\/wp-content\/uploads\/sites\/5\/2026\/03\/schindler-martin-edited.png\" alt=\"\" class=\"wp-image-2579\" srcset=\"https:\/\/www.skppsc.ch\/fr\/wp-content\/uploads\/sites\/5\/2026\/03\/schindler-martin-edited.png 1080w, https:\/\/www.skppsc.ch\/fr\/wp-content\/uploads\/sites\/5\/2026\/03\/schindler-martin-edited-300x300.png 300w, https:\/\/www.skppsc.ch\/fr\/wp-content\/uploads\/sites\/5\/2026\/03\/schindler-martin-edited-1024x1024.png 1024w, https:\/\/www.skppsc.ch\/fr\/wp-content\/uploads\/sites\/5\/2026\/03\/schindler-martin-edited-150x150.png 150w, https:\/\/www.skppsc.ch\/fr\/wp-content\/uploads\/sites\/5\/2026\/03\/schindler-martin-edited-768x768.png 768w, https:\/\/www.skppsc.ch\/fr\/wp-content\/uploads\/sites\/5\/2026\/03\/schindler-martin-edited-640x640.png 640w, https:\/\/www.skppsc.ch\/fr\/wp-content\/uploads\/sites\/5\/2026\/03\/schindler-martin-edited-400x400.png 400w\" sizes=\"auto, (max-width: 1080px) 100vw, 1080px\"><figcaption class=\"wp-element-caption\"><strong>Martin Schindler<\/strong><br>Chef de la police judiciaire, police cantonale de Berne<\/figcaption><\/figure>\n\n\n\n<figure class=\"wp-block-image size-full\"><img loading=\"lazy\" decoding=\"async\" width=\"400\" height=\"400\" data-id=\"2459\" src=\"https:\/\/www.skppsc.ch\/fr\/wp-content\/uploads\/sites\/5\/2025\/10\/platzhalter_w.jpg\" alt=\"\" class=\"wp-image-2459\" srcset=\"https:\/\/www.skppsc.ch\/fr\/wp-content\/uploads\/sites\/5\/2025\/10\/platzhalter_w.jpg 400w, https:\/\/www.skppsc.ch\/fr\/wp-content\/uploads\/sites\/5\/2025\/10\/platzhalter_w-300x300.jpg 300w, https:\/\/www.skppsc.ch\/fr\/wp-content\/uploads\/sites\/5\/2025\/10\/platzhalter_w-150x150.jpg 150w\" sizes=\"auto, (max-width: 400px) 100vw, 400px\"><figcaption class=\"wp-element-caption\">Vacant<\/figcaption><\/figure>\n\n\n\n<figure class=\"wp-block-image size-full\"><img loading=\"lazy\" decoding=\"async\" width=\"800\" height=\"800\" data-id=\"1960\" src=\"https:\/\/www.skppsc.ch\/fr\/wp-content\/uploads\/sites\/5\/2023\/07\/fabian_ilg.jpg\" alt=\"\" class=\"wp-image-1960\" srcset=\"https:\/\/www.skppsc.ch\/fr\/wp-content\/uploads\/sites\/5\/2023\/07\/fabian_ilg.jpg 800w, https:\/\/www.skppsc.ch\/fr\/wp-content\/uploads\/sites\/5\/2023\/07\/fabian_ilg-300x300.jpg 300w, https:\/\/www.skppsc.ch\/fr\/wp-content\/uploads\/sites\/5\/2023\/07\/fabian_ilg-150x150.jpg 150w, https:\/\/www.skppsc.ch\/fr\/wp-content\/uploads\/sites\/5\/2023\/07\/fabian_ilg-768x768.jpg 768w, https:\/\/www.skppsc.ch\/fr\/wp-content\/uploads\/sites\/5\/2023\/07\/fabian_ilg-640x640.jpg 640w, https:\/\/www.skppsc.ch\/fr\/wp-content\/uploads\/sites\/5\/2023\/07\/fabian_ilg-400x400.jpg 400w\" sizes=\"auto, (max-width: 800px) 100vw, 800px\"><figcaption class=\"wp-element-caption\"><strong>Fabian Ilg<\/strong><br>Directeur PSC<\/figcaption><\/figure>\n<\/figure>\n\n\n\n<hr class=\"wp-block-separator has-css-opacity\">\n\n\n\n<h3 class=\"wp-block-heading\">Commission technique<\/h3>\n\n\n\n<p>La Commission technique de la Pr\u00e9vention Suisse de la Criminalit\u00e9, forte de son large savoir expert, assure le soutien et le suivi de l\u2019\u00e9laboration de supports d\u2019information et de la mise en \u0153uvre de projets li\u00e9s \u00e0 la pr\u00e9vention. La Commission sp\u00e9cialis\u00e9e r\u00e9unit des sp\u00e9cialistes de la pr\u00e9vention et de la communication issus de tous les concordats de Suisse ainsi que Lichtenstein et de fedpol. Un chef de la police judiciaire est \u00e9galement repr\u00e9sent\u00e9. En voici la composition actuelle :<\/p>\n\n\n\n<p><strong>Fabian Ilg<\/strong><br>Directeur de la Pr\u00e9vention Suisse de la Criminalit\u00e9<\/p>\n\n\n\n<p><strong>Aline Dard<\/strong><br>Pr\u00e9vention, Police cantonale de Gen\u00e8ve<\/p>\n\n\n\n<p><strong>Markus Friedli<\/strong><br>Pr\u00e9vention, Police cantonale bernoise<\/p>\n\n\n\n<p><strong>Roland Jost<\/strong><br>Conseil s\u00fbret\u00e9, Police lucernoise<\/p>\n\n\n\n<p><strong>Marco Liechti<\/strong><br>Chef Pr\u00e9vention de la criminalit\u00e9, Police cantonale de B\u00e2le-Ville<\/p>\n\n\n\n<p><strong>Roger M\u00e4rkli<\/strong><br>Pr\u00e9vention de la criminalit\u00e9, Police cantonale thurgovienne<\/p>\n\n\n\n<p><strong>J\u00f6rg M\u00fcller<\/strong><br>Pr\u00e9vention de la criminalit\u00e9, Police cantonale zurichoise<\/p>\n\n\n\n<p><strong>Renato Pizolli<\/strong><br>Communication et pr\u00e9vention, Police cantonale tessinoise<\/p>\n\n\n\n<p><strong>Philippe Piatti<\/strong><br>Office f\u00e9d\u00e9ral de la police fedpol <\/p>\n\n\n\n<p><strong>Martin Schindler<\/strong><br>Chef de la police judiciaire, police cantonale de Berne<\/p>\n\n\n\n<p><strong>Pascal Simmen<\/strong><br>Communication et pr\u00e9vention, Police cantonale de Schwytz<\/p>\n\n\n\n<p><strong>Patrizia Suplie <\/strong><br>Pr\u00e9vention de la criminalit\u00e9, Police municipale Zurich<\/p>\n\n\n\n<p><strong>Marcel Trinkler<\/strong><br>Chef de la pr\u00e9vention, Police cantonale grisonne<\/p>\n\n\n\n<p><strong>Bernard Vonlanthen<\/strong><br>Communication et pr\u00e9vention, Police cantonale Fribourg<\/p>\n<\/body><\/html>","protected":false},"excerpt":{"rendered":"<p>La Pr\u00e9vention Suisse de la Criminalit\u00e9 (PSC) est un service intercantonal sp\u00e9cialis\u00e9 dans les domaines de la pr\u00e9vention de la criminalit\u00e9 et de la promotion de la s\u00fbret\u00e9. Rattach\u00e9e \u00e0 la Conf\u00e9rence des directrices et directeurs des d\u00e9partements cantonaux de justice et police (CCDJP), la PSC est g\u00e9r\u00e9e par une commission permanente de la CCDJP, la Commission de direction de la Pr\u00e9vention Suisse de la Criminalit\u00e9. La Pr\u00e9vention Suisse de la Criminalit\u00e9 se trouve dans la Maison des cantons \u00e0 Berne.<\/p>\n","protected":false},"author":1,"featured_media":0,"parent":0,"menu_order":90,"comment_status":"closed","ping_status":"closed","template":"meta-page.php","meta":{"showSharingButtons":false,"skp-theme-color":"default","_subtitle":null,"alternative_title":null,"seoDescription":"","seoKeywords":"","seoTitle":"","featuredVideoEmbedCode":"","featuredYoutubeVideoId":"","notes":"","redirectToPostId":0,"skp-further-information":"","hideTile":false,"pageType":"","editor_notices":[],"footnotes":""},"topic":[],"class_list":["post-175","page","type-page","status-publish","hentry"],"aioseo_notices":[],"_links":{"self":[{"href":"https:\/\/www.skppsc.ch\/fr\/wp-json\/wp\/v2\/pages\/175","targetHints":{"allow":["GET"]}}],"collection":[{"href":"https:\/\/www.skppsc.ch\/fr\/wp-json\/wp\/v2\/pages"}],"about":[{"href":"https:\/\/www.skppsc.ch\/fr\/wp-json\/wp\/v2\/types\/page"}],"author":[{"embeddable":true,"href":"https:\/\/www.skppsc.ch\/fr\/wp-json\/wp\/v2\/users\/1"}],"replies":[{"embeddable":true,"href":"https:\/\/www.skppsc.ch\/fr\/wp-json\/wp\/v2\/comments?post=175"}],"version-history":[{"count":0,"href":"https:\/\/www.skppsc.ch\/fr\/wp-json\/wp\/v2\/pages\/175\/revisions"}],"wp:attachment":[{"href":"https:\/\/www.skppsc.ch\/fr\/wp-json\/wp\/v2\/media?parent=175"}],"wp:term":[{"taxonomy":"topic","embeddable":true,"href":"https:\/\/www.skppsc.ch\/fr\/wp-json\/wp\/v2\/topic?post=175"}],"curies":[{"name":"wp","href":"https:\/\/api.w.org\/{rel}","templated":true}]}}