{"id":176,"date":"2016-11-24T20:50:24","date_gmt":"2016-11-24T19:50:24","guid":{"rendered":"https:\/\/www.skppsc.ch\/de\/?page_id=176"},"modified":"2025-01-07T14:27:51","modified_gmt":"2025-01-07T13:27:51","slug":"contact","status":"publish","type":"page","link":"https:\/\/www.skppsc.ch\/fr\/contact\/","title":{"rendered":"Contact"},"content":{"rendered":"<html><body><p><strong>Pr\u00e9vention Suisse de la Criminalit\u00e9<\/strong><br>\nMaison des cantons<br>\nSpeichergasse 6<br>\n3001 Berne<\/p>\n<p>T\u00e9l. 031 511 00 09<\/p>\n<p><a href=\"&#109;&#x61;i&#x6c;&#x74;&#111;&#x3a;i&#x6e;&#x66;&#111;&#x40;s&#x6b;&#x70;&#112;&#x73;c&#x2e;&#x63;&#104;\">&#x69;&#x6e;&#x66;&#111;&#64;sk&#x70;&#x70;&#x73;&#x63;&#46;&#99;h<\/a><\/p>\n<p>\u00a0<\/p>\n<p>Pour les <strong>m\u00e9dias :<\/strong><\/p>\n<p><a href=\"m&#97;&#x69;&#x6c;t&#111;&#x3a;&#x6d;e&#100;&#105;&#x61;&#x40;s&#107;&#x70;&#x70;s&#99;&#x2e;&#x63;h\">&#x6d;&#x65;&#100;ia&#x40;&#x73;&#107;&#112;p&#x73;&#x63;&#46;&#99;h<\/a><\/p>\n<p>\u00a0<\/p>\n<p>\u00a0<\/p>\n<iframe loading=\"lazy\" src=\"https:\/\/www.google.com\/maps\/embed?pb=!1m18!1m12!1m3!1d2723.566172746897!2d7.439969316396491!3d46.95056497914658!2m3!1f0!2f0!3f0!3m2!1i1024!2i768!4f13.1!3m3!1m2!1s0x478e39bf787339c7%3A0x382c8156f7ebd7bc!2sPr%C3%A9vention%20Suisse%20de%20la%20Criminalit%C3%A9!5e0!3m2!1sde!2sch!4v1481748367058\" width=\"668\" height=\"400\" frameborder=\"0\" style=\"border:0\" allowfullscreen class=\"google-maps\"><\/iframe>\n<p>\u00a0<\/p>\n<\/body><\/html>","protected":false},"excerpt":{"rendered":"<p>Pr\u00e9vention Suisse de la Criminalit\u00e9 Maison des cantons Speichergasse 6 3001 Berne T\u00e9l. 031 511 00 09 &#105;&#x6e;&#x66;&#111;&#x40;&#x73;&#107;&#x70;&#x70;&#115;&#x63;&#x2e;&#99;&#x68; \u00a0 Pour les m\u00e9dias : m&#101;&#x64;&#x69;&#x61;&#64;&#115;&#107;&#x70;&#x70;s&#99;&#46;&#x63;&#x68; \u00a0 \u00a0 \u00a0<\/p>\n","protected":false},"author":1,"featured_media":0,"parent":0,"menu_order":100,"comment_status":"closed","ping_status":"closed","template":"meta-page.php","meta":{"showSharingButtons":false,"skp-theme-color":"default","_subtitle":null,"alternative_title":"","seoDescription":"","seoKeywords":"","seoTitle":"","featuredVideoEmbedCode":"","featuredYoutubeVideoId":"","notes":"","redirectToPostId":0,"skp-further-information":"","hideTile":false,"pageType":"","editor_notices":[],"footnotes":""},"topic":[],"class_list":["post-176","page","type-page","status-publish","hentry"],"aioseo_notices":[],"_links":{"self":[{"href":"https:\/\/www.skppsc.ch\/fr\/wp-json\/wp\/v2\/pages\/176","targetHints":{"allow":["GET"]}}],"collection":[{"href":"https:\/\/www.skppsc.ch\/fr\/wp-json\/wp\/v2\/pages"}],"about":[{"href":"https:\/\/www.skppsc.ch\/fr\/wp-json\/wp\/v2\/types\/page"}],"author":[{"embeddable":true,"href":"https:\/\/www.skppsc.ch\/fr\/wp-json\/wp\/v2\/users\/1"}],"replies":[{"embeddable":true,"href":"https:\/\/www.skppsc.ch\/fr\/wp-json\/wp\/v2\/comments?post=176"}],"version-history":[{"count":0,"href":"https:\/\/www.skppsc.ch\/fr\/wp-json\/wp\/v2\/pages\/176\/revisions"}],"wp:attachment":[{"href":"https:\/\/www.skppsc.ch\/fr\/wp-json\/wp\/v2\/media?parent=176"}],"wp:term":[{"taxonomy":"topic","embeddable":true,"href":"https:\/\/www.skppsc.ch\/fr\/wp-json\/wp\/v2\/topic?post=176"}],"curies":[{"name":"wp","href":"https:\/\/api.w.org\/{rel}","templated":true}]}}