{"id":179,"date":"2016-11-24T20:51:15","date_gmt":"2016-11-24T19:51:15","guid":{"rendered":"https:\/\/www.skppsc.ch\/de\/?page_id=179"},"modified":"2019-10-30T08:27:14","modified_gmt":"2019-10-30T07:27:14","slug":"impressum","status":"publish","type":"page","link":"https:\/\/www.skppsc.ch\/fr\/impressum\/","title":{"rendered":"Impressum"},"content":{"rendered":"<html><body><p><strong>Edition et r\u00e9daction<\/strong><br>\nPr\u00e9vention Suisse de la Criminalit\u00e9<br>\nMaison des cantons<br>\nSpeichergasse 6<br>\n3001 Berne<\/p>\n<p>T\u00e9l. 031 511 00 09<br>\n<a href=\"m&#97;&#x69;&#x6c;t&#111;&#x3a;&#x69;n&#102;&#x6f;&#x40;s&#107;&#x70;&#x70;s&#99;&#x2e;&#x63;h\">info&#64;skp&#112;&#115;&#99;&#46;&#99;&#104;<\/a><\/p>\n<p><strong>D\u00e9claration de protection des donn\u00e9es<br>\n<\/strong>Vous trouvez la d\u00e9claration de protection des donn\u00e9es <a href=\"https:\/\/www.skppsc.ch\/fr\/declaration-de-protection-des-donnees\/\">ici<\/a>.<\/p>\n<p><strong>Conception et design<\/strong><br>\nWeber &amp; Partner GmbH, Berne<br>\n<a href=\"http:\/\/www.weberundpartner.com\" target=\"_blank\" rel=\"noopener noreferrer\">www.weberundpartner.com<\/a><\/p>\n<p><strong>Programmation<\/strong><br>\nUrukai Multimedia, Berne<br>\n<a href=\"http:\/\/www.urukai.net\" target=\"_blank\" rel=\"noopener noreferrer\">www.urukai.net<\/a><\/p>\n<\/body><\/html>","protected":false},"excerpt":{"rendered":"<p>Edition et r\u00e9daction Pr\u00e9vention Suisse de la Criminalit\u00e9 Maison des cantons Speichergasse 6 3001 Berne T\u00e9l. 031 511 00 09 info&#64;skp&#112;&#115;&#99;&#46;&#99;&#104; D\u00e9claration de protection des donn\u00e9es Vous trouvez la d\u00e9claration de protection des donn\u00e9es ici. Conception et design Weber &amp; Partner GmbH, Berne www.weberundpartner.com Programmation Urukai Multimedia, Berne www.urukai.net<\/p>\n","protected":false},"author":1,"featured_media":0,"parent":0,"menu_order":130,"comment_status":"closed","ping_status":"closed","template":"meta-page.php","meta":{"showSharingButtons":false,"skp-theme-color":"default","_subtitle":null,"alternative_title":"","seoDescription":"","seoKeywords":"","seoTitle":"","featuredVideoEmbedCode":"","featuredYoutubeVideoId":"","notes":"","redirectToPostId":0,"skp-further-information":"","hideTile":false,"pageType":"","editor_notices":[],"footnotes":""},"topic":[],"class_list":["post-179","page","type-page","status-publish","hentry"],"aioseo_notices":[],"_links":{"self":[{"href":"https:\/\/www.skppsc.ch\/fr\/wp-json\/wp\/v2\/pages\/179","targetHints":{"allow":["GET"]}}],"collection":[{"href":"https:\/\/www.skppsc.ch\/fr\/wp-json\/wp\/v2\/pages"}],"about":[{"href":"https:\/\/www.skppsc.ch\/fr\/wp-json\/wp\/v2\/types\/page"}],"author":[{"embeddable":true,"href":"https:\/\/www.skppsc.ch\/fr\/wp-json\/wp\/v2\/users\/1"}],"replies":[{"embeddable":true,"href":"https:\/\/www.skppsc.ch\/fr\/wp-json\/wp\/v2\/comments?post=179"}],"version-history":[{"count":0,"href":"https:\/\/www.skppsc.ch\/fr\/wp-json\/wp\/v2\/pages\/179\/revisions"}],"wp:attachment":[{"href":"https:\/\/www.skppsc.ch\/fr\/wp-json\/wp\/v2\/media?parent=179"}],"wp:term":[{"taxonomy":"topic","embeddable":true,"href":"https:\/\/www.skppsc.ch\/fr\/wp-json\/wp\/v2\/topic?post=179"}],"curies":[{"name":"wp","href":"https:\/\/api.w.org\/{rel}","templated":true}]}}