{"id":1887,"date":"2023-03-20T17:35:45","date_gmt":"2023-03-20T16:35:45","guid":{"rendered":"https:\/\/www.skppsc.ch\/fr\/?page_id=1887"},"modified":"2025-06-19T07:55:37","modified_gmt":"2025-06-19T05:55:37","slug":"personnes-agees","status":"publish","type":"page","link":"https:\/\/www.skppsc.ch\/fr\/sujets\/violence\/personnes-agees\/","title":{"rendered":"Violence envers les personnes \u00e2g\u00e9es"},"content":{"rendered":"<html><body><div class=\"default-container content-part\"><div class=\"inner-padding\">\n<p>En Suisse, la violence touche chaque ann\u00e9e plus de 300\u00a0000 personnes \u00e2g\u00e9es de 60\u00a0ans et plus. Beaucoup de victimes se r\u00e9signent, ont honte de leur situation et ne demandent pas de l\u2019aide, par crainte p.ex. d\u2019un placement en institution ou d\u2019une d\u00e9t\u00e9rioration des rapports avec leurs proches, comme le montre <a href=\"https:\/\/www.skppsc.ch\/fr\/wp-content\/uploads\/sites\/5\/2023\/03\/vca_rapport-synthese-psc_decembre-2022_version-publique.pdf\" target=\"_blank\" rel=\"noreferrer noopener\">une \u00e9tude mandat\u00e9e par la Pr\u00e9vention Suisse de la Criminalit\u00e9 et r\u00e9alis\u00e9e par l\u2019Institut et Haute Ecole de la Sant\u00e9 La Source (HES-SO).<\/a> A cela s\u2019ajoute le fait que ces g\u00e9n\u00e9rations estiment que les probl\u00e8mes doivent \u00eatre r\u00e9solus au sein de la famille. De plus, elles souffrent souvent de probl\u00e8mes de sant\u00e9 qui les rendent d\u00e9pendantes de leur entourage. Elles endurent en silence. Il faut emp\u00eacher cela.<\/p>\n\n\n<\/div><\/div><div class=\"default-container content-part   \" style=\";\"><div class=\"inner-padding\">\n\n\n<h3 class=\"wp-block-heading\">Diff\u00e9rentes formes\u00a0de violence<\/h3>\n\n\n\n<p>Exerc\u00e9e intentionnellement ou non, la violence comporte diff\u00e9rents aspects :<\/p>\n\n\n\n<ul class=\"wp-block-list\">\n<li>Violence physique (coups, ligotage, br\u00fblures, etc.)<\/li>\n\n\n\n<li>Violence psychologique (humiliation, menaces, isolement, etc.)<\/li>\n\n\n\n<li>Violence financi\u00e8re (privation d\u2019argent, contrainte,abus de confiance, etc.)<\/li>\n\n\n\n<li>Violence sexuelle (viol, harc\u00e8lement, etc.)<\/li>\n<\/ul>\n\n\n<\/div><\/div><div class=\"default-container content-part   \" style=\";\"><div class=\"inner-padding\">\n\n\n<h3 class=\"wp-block-heading\">Demander de l\u2019aide !<\/h3>\n\n\n\n<p>Tout le monde peut \u00eatre expos\u00e9 \u00e0 la violence ; ses contours sont flous. Il est du devoir de l\u2019ensemble de la soci\u00e9t\u00e9 d\u2019y mettre fin. Si vous en \u00eates victime, ou l\u2019un de vos proches, voisin\u00b7e, patient\u00b7e ou coll\u00e8gue, ou si vous \u00eates t\u00e9moin d\u2019une situation difficile, agissez\u00a0! Contactez le Centre national de comp\u00e9tence Vieillesse sans violence au num\u00e9ro 0848 00 13 13 (tarif normal), par courriel \u00e0 <a href=\"&#x6d;&#x61;&#x69;&#108;&#116;o:&#x69;&#x6e;&#x66;&#111;&#64;vi&#x65;&#x69;&#x6c;&#108;&#101;ss&#x65;&#x73;&#x61;&#110;&#115;vi&#x6f;&#x6c;&#x65;&#110;&#99;e&#46;&#x63;&#x68;\">&#105;&#110;&#x66;o&#64;&#x76;&#x69;e&#105;&#x6c;&#x6c;e&#115;&#x73;&#x65;s&#97;&#x6e;&#x73;v&#105;&#x6f;&#x6c;e&#110;&#x63;e&#46;&#99;&#x68;<\/a> ou sur le site Internet <a href=\"http:\/\/vieillessesansviolence.ch\/\" target=\"_blank\" rel=\"noreferrer noopener\">www.vieillessesansviolence.ch<\/a>. Vous y trouverez des conseils ou de l\u2019aide pour \u00e9valuer une situation peu claire.<\/p>\n\n\n<\/div><\/div><div class=\"default-container content-part   \" style=\";\"><div class=\"inner-padding\">\n\n\n<h3 class=\"wp-block-heading\">Campagne en ligne centr\u00e9e sur les personnes \u00e2g\u00e9es (f\u00e9vrier 2024)<\/h3>\n\n\n\n<p>Afin de mieux informer les personnes victimes de violence sur les offres de l\u2019Aide aux victimes en Suisse, la Conf\u00e9rence des directrices et directeurs cantonaux des affaires sociales (CDAS) a lanc\u00e9, le 14 f\u00e9vrier 2024, une campagne en ligne centr\u00e9e sur les personnes \u00e2g\u00e9es. Le mat\u00e9riel de la campagne est disponible via l\u2019Aide aux victimes sous\u00a0<a href=\"https:\/\/www.aide-aux-victimes.ch\/fr\/violence-envers-les-aines\/\" target=\"_blank\" rel=\"noreferrer noopener\">www.aide-aux-victimes.ch\/fr\/violence-envers-les-aines<\/a>.<\/p>\n\n\n\n<p>La campagne poursuit et compl\u00e8te les pr\u00e9c\u00e9dentes campagnes r\u00e9alis\u00e9es sous le slogan \u00ab\u00a0Unis pour une vieillesse sans violence\u00a0\u00bb.<\/p>\n\n\n\n<h3 class=\"wp-block-heading\">Campagne de sensibilisation \u00ab\u00a0Violence de couple chez les seniors\u00a0\u00bb (d\u00e9cembre 2023)<\/h3>\n\n\n\n<p>Face au constat que les seniors sollicitent peu les ressources d\u2019aide en cas de violences domestiques, la Haute Ecole de la Sant\u00e9 La Source (HES-SO), le senior-lab et le Centre de comp\u00e9tence national Vieillesse sans violence, avec le soutien de la PSC, ont lanc\u00e9, le 15 d\u00e9cembre 2023, une campagne nationale contre la violence de couple chez les seniors en Suisse. Le mat\u00e9riel de la campagne est disponible via le Centre de comp\u00e9tence national Vieillesse sans violence sous <a rel=\"noreferrer noopener\" href=\"https:\/\/vieillessesansviolence.ch\/la-violence-chez-les-personnes-agees\/\" data-type=\"link\" data-id=\"https:\/\/vieillessesansviolence.ch\/la-violence-chez-les-personnes-agees\/\" target=\"_blank\">www.vieillessesansviolence.ch<\/a>.<\/p>\n\n\n\t\t\t<details class=\"wp-block-details read-more-details\">\n\t\t\t\t<summary>Lire la suite<\/summary>\n\t\t\t\t<p>Les statistiques montrent que les seniors sollicitent peu les ressources d\u2019aide en cas de violences domestiques en Suisse (centres LAVI, maisons d\u2019accueil d\u2019urgence, police, etc.). Il existe \u00e9galement peu d\u2019offres sp\u00e9cialis\u00e9es r\u00e9pondant \u00e0 certaines contraintes des a\u00een\u00e9\u00b7es (p.ex. non-acc\u00e8s \u00e0 internet, mobilit\u00e9 r\u00e9duite, d\u00e9pendance envers le\u00b7la conjoint\u00b7e pour les activit\u00e9s de la vie quotidienne). De plus, les campagnes de pr\u00e9vention mettent peu l\u2019accent sur les personnes \u00e2g\u00e9es, alors qu\u2019elles repr\u00e9sentent aujourd\u2019hui pr\u00e8s de 20% de la population.<\/p>\n\t\t\t<\/details>\n\t\t\t\n\n\n<figure class=\"wp-block-embed is-type-video is-provider-youtube wp-block-embed-youtube wp-embed-aspect-16-9 wp-has-aspect-ratio\"><div class=\"wp-block-embed__wrapper\">\n\n<div class=\"video-container\"><div class=\"iframe-container\"><div class=\"video-ratio\" style=\"padding-top:56.2%;\"><\/div><iframe loading=\"lazy\" title=\"2\/3 Violence de couple chez les seniors\" src=\"https:\/\/www.youtube.com\/embed\/xzHHhHU5XkE?feature=oembed&amp;rel=0\" frameborder=\"0\" allow=\"accelerometer; autoplay; clipboard-write; encrypted-media; gyroscope; picture-in-picture; web-share\" referrerpolicy=\"strict-origin-when-cross-origin\" allowfullscreen><\/iframe><\/div><\/div><\/div><\/figure>\n\n\n\n<h3 class=\"wp-block-heading\">Campagne de sensibilisation \u00ab\u00a0Il n\u2019est jamais trop tard pour demander de l\u2019aide\u00a0\u00bb (mai 2023)<\/h3>\n\n\n\n<p>La Pr\u00e9vention Suisse de la Criminalit\u00e9, le Centre national de comp\u00e9tence Vieillesse sans violence et l\u2019Aide aux victimes en Suisse, lancent \u00e0 la fin mars la campagne de sensibilisation \u00ab\u00a0Violence envers les personnes \u00e2g\u00e9es\u00a0\u00bb, afin d\u2019encourager les personnes concern\u00e9es \u00e0 sortir du silence et \u00e0 solliciter de l\u2019aide. <\/p>\n\n\n\t\t\t<details class=\"wp-block-details read-more-details\">\n\t\t\t\t<summary>Lire la suite<\/summary>\n\t\t\t\t<p>La campagne s\u2019adresse avant tout aux seniors, mais aussi \u00e0 leur entourage et aux auteur\u00b7es, avec des sc\u00e8nes illustrant des situations o\u00f9 la violence est en jeu. Il s\u2019agit de violence physique ou encore de maltraitance psychologique et d\u2019abus financiers. Les diff\u00e9rentes sc\u00e8nes ont pour cadre un immeuble d\u2019habitation normal. On y est invit\u00e9 \u00e0 regarder derri\u00e8re la fa\u00e7ade, \u00e0 reconna\u00eetre les situations probl\u00e9matiques et \u00e0 faire quelque chose pour y rem\u00e9dier. Car comme le dit le slogan de la campagne, \u00ab\u00a0Il n\u2019est jamais trop tard pour demander de l\u2019aide\u00a0!\u00a0\u00bb. La campagne d\u00e9marre le 27 mars et se poursuit jusqu\u2019au 31 mai 2023.<\/p>\n\t\t\t<\/details>\n\t\t\t\n\n\n<p>La campagne nationale de sensibilisation \u00ab\u00a0Violence envers les personnes \u00e2g\u00e9es\u00a0\u00bb fait partie de la feuille de route \u00ab\u00a0Violence domestique\u00a0\u00bb de la Conf\u00e9d\u00e9ration et des cantons et r\u00e9pond au Plan d\u2019action national suisse pour la mise en \u0153uvre de la Convention d\u2019Istanbul du Conseil de l\u2019Europe sur la pr\u00e9vention et la lutte contre la violence \u00e0 l\u2019\u00e9gard des femmes et la violence domestique.<\/p>\n\n\n\n<p>La campagne nationale est port\u00e9e par la Pr\u00e9vention Suisse de la Criminalit\u00e9, le Centre national de comp\u00e9tence Vieillesse sans violence et l\u2019Aide aux victimes en Suisse. A travers le slogan \u00ab\u00a0Unis pour une vieillesse sans violence\u00a0\u00bb, elle b\u00e9n\u00e9ficie du soutien du Conseil suisse des a\u00een\u00e9s, d\u2019Aide et Soins \u00e0 domicile Suisse, d\u2019Alzheimer Suisse, Curaviva Suisse et de de Pro Senectute Suisse.<\/p>\n\n\n\n<figure class=\"wp-block-embed is-type-video is-provider-youtube wp-block-embed-youtube wp-embed-aspect-16-9 wp-has-aspect-ratio\"><div class=\"wp-block-embed__wrapper\">\n\n<div class=\"video-container\"><div class=\"iframe-container\"><div class=\"video-ratio\" style=\"padding-top:56.2%;\"><\/div><iframe loading=\"lazy\" title=\"Violence envers les personnes \u00e2g\u00e9es  \u00ab Il n\u2019est jamais trop tard pour demander de l\u2019aide \u00bb\" src=\"https:\/\/www.youtube.com\/embed\/A1sQMvIkuik?feature=oembed&amp;rel=0\" frameborder=\"0\" allow=\"accelerometer; autoplay; clipboard-write; encrypted-media; gyroscope; picture-in-picture; web-share\" referrerpolicy=\"strict-origin-when-cross-origin\" allowfullscreen><\/iframe><\/div><\/div><\/div><\/figure>\n\n\n<\/div><\/div><\/body><\/html>","protected":false},"excerpt":{"rendered":"<p>Chaque ann\u00e9e en Suisse, plus de 300 000 seniors sont concern\u00e9s par la violence. Rares sont celles et ceux qui demandent de l\u2019aide, soit par honte, soit par peur des cons\u00e9quences. <\/p>\n","protected":false},"author":322,"featured_media":1888,"parent":133,"menu_order":3,"comment_status":"closed","ping_status":"closed","template":"","meta":{"showSharingButtons":false,"skp-theme-color":"five","_subtitle":"","alternative_title":"","seoDescription":"","seoKeywords":"","seoTitle":"","featuredVideoEmbedCode":"","featuredYoutubeVideoId":"","notes":"","redirectToPostId":0,"skp-further-information":"<p><a rel=\"noreferrer noopener\" href=\"https:\/\/www.skppsc.ch\/fr\/wp-content\/uploads\/sites\/5\/2023\/03\/vca_rapport-synthese-psc_decembre-2022_version-publique.pdf\" target=\"_blank\">Etude, version compl\u00e8te (en fran\u00e7ais)<\/a><br><a rel=\"noreferrer noopener\" href=\"https:\/\/www.skppsc.ch\/fr\/wp-content\/uploads\/sites\/5\/2023\/03\/vca_rapport-synthese-psc_resume-fr-final.pdf\" target=\"_blank\">Etude, version courte (en fran\u00e7ais)<\/a><\/p><p><a href=\"https:\/\/www.skppsc.ch\/fr\/wp-content\/uploads\/sites\/5\/2023\/03\/a4_plakat_gia_fr.pdf\">Affiche A4 \u00abViolence envers les <\/a><a href=\"https:\/\/www.skppsc.ch\/fr\/wp-content\/uploads\/sites\/5\/2023\/03\/a4_plakat_gia_fr.pdf\" target=\"_blank\" rel=\"noreferrer noopener\">personnes<\/a><a href=\"https:\/\/www.skppsc.ch\/fr\/wp-content\/uploads\/sites\/5\/2023\/03\/a4_plakat_gia_fr.pdf\"> \u00e2g\u00e9es\u00bb<\/a><br><a href=\"https:\/\/www.skppsc.ch\/fr\/wp-content\/uploads\/sites\/5\/2023\/03\/leporello_fr_einzelseiten_info.pdf\" target=\"_blank\" rel=\"noreferrer noopener\">Brochure \u00abViolence envers les personnes \u00e2g\u00e9es\u00bb<\/a><\/p><p><a href=\"https:\/\/www.skppsc.ch\/fr\/wp-content\/uploads\/sites\/5\/2023\/12\/alter-ohne-gewalt_plakat-interaktiv_fr.pdf\" data-type=\"link\" data-id=\"https:\/\/www.skppsc.ch\/fr\/wp-content\/uploads\/sites\/5\/2023\/12\/alter-ohne-gewalt_plakat-interaktiv_fr.pdf\" target=\"_blank\" rel=\"noreferrer noopener\">Affiche A3 \u00abViolence de couple chez les seniors\u00bb<\/a><br><a href=\"https:\/\/www.skppsc.ch\/fr\/wp-content\/uploads\/sites\/5\/2023\/12\/alter-ohne-gewalt_flyer-interaktiv_fr.pdf\" data-type=\"link\" data-id=\"https:\/\/www.skppsc.ch\/fr\/wp-content\/uploads\/sites\/5\/2023\/12\/alter-ohne-gewalt_flyer-interaktiv_fr.pdf\" target=\"_blank\" rel=\"noreferrer noopener\">Flyer \u00abViolence de couple chez les seniors\u00bb<\/a><br><a href=\"https:\/\/www.skppsc.ch\/fr\/wp-content\/uploads\/sites\/5\/2023\/12\/resume_etude_violence-de-couple-seniors_decembre-2023.pdf\" data-type=\"link\" data-id=\"https:\/\/www.skppsc.ch\/fr\/wp-content\/uploads\/sites\/5\/2023\/12\/resume_etude_violence-de-couple-seniors_decembre-2023.pdf\" target=\"_blank\" rel=\"noreferrer noopener\">R\u00e9sum\u00e9 de l'\u00e9tude \u00abViolence de couple chez les seniors\u00bb<\/a><\/p>","hideTile":false,"pageType":"","editor_notices":[],"footnotes":""},"topic":[2,12],"class_list":["post-1887","page","type-page","status-publish","has-post-thumbnail","hentry","topic-violence","topic-violence-domestique"],"aioseo_notices":[],"_links":{"self":[{"href":"https:\/\/www.skppsc.ch\/fr\/wp-json\/wp\/v2\/pages\/1887","targetHints":{"allow":["GET"]}}],"collection":[{"href":"https:\/\/www.skppsc.ch\/fr\/wp-json\/wp\/v2\/pages"}],"about":[{"href":"https:\/\/www.skppsc.ch\/fr\/wp-json\/wp\/v2\/types\/page"}],"author":[{"embeddable":true,"href":"https:\/\/www.skppsc.ch\/fr\/wp-json\/wp\/v2\/users\/322"}],"replies":[{"embeddable":true,"href":"https:\/\/www.skppsc.ch\/fr\/wp-json\/wp\/v2\/comments?post=1887"}],"version-history":[{"count":0,"href":"https:\/\/www.skppsc.ch\/fr\/wp-json\/wp\/v2\/pages\/1887\/revisions"}],"up":[{"embeddable":true,"href":"https:\/\/www.skppsc.ch\/fr\/wp-json\/wp\/v2\/pages\/133"}],"wp:featuredmedia":[{"embeddable":true,"href":"https:\/\/www.skppsc.ch\/fr\/wp-json\/wp\/v2\/media\/1888"}],"wp:attachment":[{"href":"https:\/\/www.skppsc.ch\/fr\/wp-json\/wp\/v2\/media?parent=1887"}],"wp:term":[{"taxonomy":"topic","embeddable":true,"href":"https:\/\/www.skppsc.ch\/fr\/wp-json\/wp\/v2\/topic?post=1887"}],"curies":[{"name":"wp","href":"https:\/\/api.w.org\/{rel}","templated":true}]}}