{"id":2004,"date":"2023-11-22T10:41:07","date_gmt":"2023-11-22T09:41:07","guid":{"rendered":"https:\/\/www.skppsc.ch\/fr\/?page_id=2004"},"modified":"2026-04-17T11:52:30","modified_gmt":"2026-04-17T09:52:30","slug":"cybersecurite-e-learning-pour-ladministration-publique","status":"publish","type":"page","link":"https:\/\/www.skppsc.ch\/fr\/projets\/competence-mediatique\/cybersecurite-e-learning-pour-ladministration-publique\/","title":{"rendered":"Cybers\u00e9curit\u00e9: apprentissage en ligne pour la population"},"content":{"rendered":"<html><body><div class=\"default-container content-part\"><div class=\"inner-padding\"><p class=\"post-excerpt\">L\u2019outil d\u2019apprentissage en ligne CY-S-4-U, www.cybersecurityforyou.ch, relatif \u00e0 la cybers\u00e9curit\u00e9 a pour but de donner \u00e0 tout un chacun la possibilit\u00e9 de se renseigner gratuitement sur les dangers qui r\u00f4dent sur Internet et d\u2019apprendre \u00e0 s\u2019en pr\u00e9munir. L\u2019outil est mis \u00e0 disposition par la Conf\u00e9rence des directrices et directeurs des d\u00e9partements cantonaux de justice et police et par la Pr\u00e9vention suisse de la criminalit\u00e9.<\/p>\n\n\n<\/div><\/div><div class=\"default-container content-part replaced-hr\"><div class=\"inner-padding\">\n\n\n\n<h3 class=\"wp-block-heading\">Contenu<\/h3>\n\n\n\n<p>Onze modules abordant des sujets importants li\u00e9s \u00e0 la cybers\u00e9curit\u00e9 sont actuellement disponibles sur le site web, depuis la s\u00e9curit\u00e9 des mots de passe jusqu\u2019aux r\u00e9seaux sociaux, en passant par la protection des donn\u00e9es. Chaque module se termine par un quiz qui permet aux utilisatrices et aux utilisateurs de v\u00e9rifier qu\u2019ils ont bien tout compris et de confirmer le succ\u00e8s de leur apprentissage.<\/p>\n\n\n\n<h3 class=\"wp-block-heading\">Acc\u00e8s<\/h3>\n\n\n\n<p>Les utilisatrices et utilisateurs peuvent soit se connecter au site web en cr\u00e9ant un compte, soit suivre la formation en ligne avec un statut d\u2019invit\u00e9(e). La cr\u00e9ation d\u2019un compte permet d\u2019enregistrer ses progr\u00e8s, de recevoir des r\u00e9compenses et des attestations et de partager ses progr\u00e8s avec ses amis sur les r\u00e9seaux sociaux.<\/p>\n\n\n\n<p>Site web CY-S-4-U\u00a0: <a href=\"https:\/\/www.cybersecurityforyou.ch\">https:\/\/www.cybersecurityforyou.ch<\/a><\/p>\n\n\n\n<\/div><\/div><div class=\"default-container content-part replaced-hr\"><div class=\"inner-padding\">\n\n\n\n<h2 class=\"wp-block-heading foreground-primary\"><strong>Apprentissage en ligne pour l\u2019administration<\/strong><\/h2>\n\n\n\n<p>CY-S-4-U repose sur l\u2019outil d\u2019apprentissage en ligne destin\u00e9 aux administrations\u00a0: www.elearningcyber.ch. Cette formation continue a \u00e9t\u00e9 sp\u00e9cialement mise au point pour r\u00e9pondre aux besoins de l\u2019administration publique aux niveaux cantonal, communal et f\u00e9d\u00e9ral. Elle a pour but d\u2019am\u00e9liorer la comp\u00e9tence et la confiance du personnel charg\u00e9 de g\u00e9rer des donn\u00e9es sensibles et de renforcer ainsi la capacit\u00e9 de r\u00e9silience des administrations publiques.<\/p>\n\n\n\n<p><\/p>\n\n\n\n<p>Nous vous souhaitons beaucoup de succ\u00e8s dans l\u2019utilisation de cette formation continue.<br>Pour toute question suppl\u00e9mentaire: <strong><a href=\"&#x6d;&#x61;&#105;lt&#x6f;&#x3a;&#105;&#110;f&#x6f;&#x40;&#101;&#108;e&#x61;&#x72;&#x6e;&#105;ng&#x63;&#x79;&#98;&#101;r&#x2e;&#x63;&#104;\">&#x69;&#110;f&#x6f;&#x40;&#101;l&#x65;&#97;r&#x6e;&#x69;&#110;g&#x63;&#121;b&#x65;&#x72;&#46;c&#x68;<\/a><\/strong><\/p>\n<\/div><\/div><\/body><\/html>","protected":false},"excerpt":{"rendered":"<p>L\u2019outil d\u2019apprentissage en ligne CY-S-4-U, www.cybersecurityforyou.ch, relatif \u00e0 la cybers\u00e9curit\u00e9 a pour but de donner \u00e0 tout un chacun la possibilit\u00e9 de se renseigner gratuitement sur les dangers qui r\u00f4dent sur Internet et d\u2019apprendre \u00e0 s\u2019en pr\u00e9munir. L\u2019outil est mis \u00e0 disposition par la Conf\u00e9rence des directrices et directeurs des d\u00e9partements cantonaux de justice et police et par la Pr\u00e9vention suisse de la criminalit\u00e9.<\/p>\n","protected":false},"author":322,"featured_media":2361,"parent":1595,"menu_order":6,"comment_status":"closed","ping_status":"closed","template":"","meta":{"showSharingButtons":false,"skp-theme-color":"thirteen","_subtitle":"","alternative_title":"e-learning cyber","seoDescription":"Formation continue : eCyAd Sensibilisation en mati\u00e8re de s\u00e9curit\u00e9 de l\u2019information et de cybers\u00e9curit\u00e9 \u00e0 l\u2019attention des administrations cantonales et communales ","seoKeywords":"","seoTitle":"","featuredVideoEmbedCode":"","featuredYoutubeVideoId":"","notes":"","redirectToPostId":0,"skp-further-information":"","hideTile":false,"pageType":"","editor_notices":[],"footnotes":""},"topic":[22,25],"class_list":["post-2004","page","type-page","status-publish","has-post-thumbnail","hentry","topic-phishing","topic-piratage-et-logiciels-malveillants"],"aioseo_notices":[],"_links":{"self":[{"href":"https:\/\/www.skppsc.ch\/fr\/wp-json\/wp\/v2\/pages\/2004","targetHints":{"allow":["GET"]}}],"collection":[{"href":"https:\/\/www.skppsc.ch\/fr\/wp-json\/wp\/v2\/pages"}],"about":[{"href":"https:\/\/www.skppsc.ch\/fr\/wp-json\/wp\/v2\/types\/page"}],"author":[{"embeddable":true,"href":"https:\/\/www.skppsc.ch\/fr\/wp-json\/wp\/v2\/users\/322"}],"replies":[{"embeddable":true,"href":"https:\/\/www.skppsc.ch\/fr\/wp-json\/wp\/v2\/comments?post=2004"}],"version-history":[{"count":0,"href":"https:\/\/www.skppsc.ch\/fr\/wp-json\/wp\/v2\/pages\/2004\/revisions"}],"up":[{"embeddable":true,"href":"https:\/\/www.skppsc.ch\/fr\/wp-json\/wp\/v2\/pages\/1595"}],"wp:featuredmedia":[{"embeddable":true,"href":"https:\/\/www.skppsc.ch\/fr\/wp-json\/wp\/v2\/media\/2361"}],"wp:attachment":[{"href":"https:\/\/www.skppsc.ch\/fr\/wp-json\/wp\/v2\/media?parent=2004"}],"wp:term":[{"taxonomy":"topic","embeddable":true,"href":"https:\/\/www.skppsc.ch\/fr\/wp-json\/wp\/v2\/topic?post=2004"}],"curies":[{"name":"wp","href":"https:\/\/api.w.org\/{rel}","templated":true}]}}