{"id":2016,"date":"2023-12-12T14:01:53","date_gmt":"2023-12-12T13:01:53","guid":{"rendered":"https:\/\/www.skppsc.ch\/fr\/?page_id=2016"},"modified":"2025-04-23T14:17:35","modified_gmt":"2025-04-23T12:17:35","slug":"fraude-a-linvestissement-sur-internet","status":"publish","type":"page","link":"https:\/\/www.skppsc.ch\/fr\/sujets\/internet\/fraude-a-linvestissement-sur-internet\/","title":{"rendered":"Fraude \u00e0 l\u2019investissement sur Internet"},"content":{"rendered":"<html><body><div class=\"default-container content-part\"><div class=\"inner-padding\">\n<figure class=\"wp-block-embed is-type-video is-provider-youtube wp-block-embed-youtube wp-embed-aspect-16-9 wp-has-aspect-ratio\"><div class=\"wp-block-embed__wrapper\">\n\n<div class=\"video-container\"><div class=\"iframe-container\"><div class=\"video-ratio\" style=\"padding-top:56.2%;\"><\/div><iframe loading=\"lazy\" title=\"Investissement sur Internet\" src=\"https:\/\/www.youtube.com\/embed\/r2BkoaWFw6k?feature=oembed&amp;rel=0\" frameborder=\"0\" allow=\"accelerometer; autoplay; clipboard-write; encrypted-media; gyroscope; picture-in-picture; web-share\" referrerpolicy=\"strict-origin-when-cross-origin\" allowfullscreen><\/iframe><\/div><\/div><\/div><\/figure>\n\n\n\n<h2 class=\"wp-block-heading foreground-primary\">Mode op\u00e9ratoire des escrocs<\/h2>\n\n\n\n<h3 class=\"wp-block-heading\">Phase 1. L\u2019app\u00e2t<\/h3>\n\n\n\n<p>En g\u00e9n\u00e9ral, la strat\u00e9gie des escrocs consiste \u00e0 publier des <strong>annon\u00adces publicitaires<\/strong> sur Internet (pop-up, banni\u00e8res, spams, etc.) et sur des portails d\u2019information, mais aussi via des appels t\u00e9l\u00e9phoniques non sollicit\u00e9s, les r\u00e9seaux sociaux, et m\u00eame les plateformes de rencontre en ligne.<\/p>\n\n\n\n<p>Leur objectif dans un premier temps est d\u2019\u00e9veiller <strong>votre int\u00e9r\u00eat<\/strong> pour un nouveau produit de placement, puis de faire en sorte que vous acceptiez de donner votre <strong>adresse de contact.<\/strong> En outre, d\u00e8s l\u2019instant o\u00f9 vous tapez certains mots cl\u00e9s dans votre moteur de recherche, vous \u00eates automatiquement dirig\u00e9 vers des sites Internet apparemment tr\u00e8s s\u00e9rieux (et optimis\u00e9s pour le r\u00e9f\u00e9rencement\u2009!), mais h\u00e9las \u00adg\u00e9r\u00e9s par les malfrats. L\u00e0, ils vous servent des arguments convaincants et se pr\u00e9valent du <strong>\u00ab\u2009t\u00e9moignage\u2009\u00bb<\/strong> de personnalit\u00e9s satisfaites de leur investissement.<\/p>\n\n\n\n<h3 class=\"wp-block-heading\">Phase 2. Le premier contact<\/h3>\n\n\n\n<p>Une fois inscrit sur un de ces sites, vous recevez rapidement<strong> l\u2019appel d\u2019un suppos\u00e9 courtier.<\/strong> Comme \u00e0 ce stade vous \u00eates encore sceptique, il n\u2019essaiera pas de vous convaincre d\u2019embl\u00e9e de proc\u00e9der \u00e0 de gros investissements, mais vous proposera de placer des petites sommes, CHF 250 ou CHF 500, \u00ab\u2009juste pour essayer\u2009\u00bb. Ainsi, vous avez l\u2019impression d\u2019\u00eatre celui qui d\u00e9cide. Vous recevez ensuite un acc\u00e8s \u00e0 votre compte sur le site Internet qui vous permet de suivre les pr\u00e9tendues performances de votre placement. De fait, chaque fois que vous vous connectez, vous constatez que votre argent a fructifi\u00e9. <strong>Le but recherch\u00e9, et atteint, \u00e9tant de vous convaincre d\u2019investir davantage.<\/strong><\/p>\n\n\n\n<h3 class=\"wp-block-heading\">Phase 3. La relation de confiance<\/h3>\n\n\n\n<p>Voyant la bonne performance de votre investissement, votre scepticisme s\u2019\u00e9vapore et vous \u00eates peut-\u00eatre m\u00eame ravi de recevoir un \u00adnouvel appel de votre courtier. C\u2019est bien ce que veulent les escrocs\u2009: vous faire croire que vous <strong>b\u00e9n\u00e9ficierez d\u2019un conseil personnel<\/strong> pour chacun de vos futurs investissements. Ces escrocs sont pass\u00e9s ma\u00eetres en ing\u00e9nierie sociale et savent comment manipuler leur victime en activant certains leviers \u00e9motionnels. Autrement dit, vous ne serez <strong>pas ostensiblement mis sous pression,<\/strong> mais les <strong>offres limit\u00e9es en temps ou en nombre<\/strong> s\u2019en chargeront indirectement. En outre, cette nouvelle relation de confiance vous incite \u00e0 vous d\u00e9tourner de vos anciens partenaires financiers (votre banque, par ex.). \u00c0 ce stade, les escrocs ouvrent un compte (wallet) aupr\u00e8s d\u2019authentiques traders en cryptomonnaies en votre nom et au moyen de votre identifiant. Or ce n\u2019est pas vous seul qui avez un droit d\u2019acc\u00e8s (pour autant m\u00eame que vous en ayez un), mais les malfaiteurs. Il arrive m\u00eame que ceux-ci prennent le contr\u00f4le de votre ordinateur \u00e0 l\u2019aide d\u2019un logiciel de t\u00e9l\u00e9maintenance et effectuent des virements via votre e-banking.<\/p>\n\n\n\n<h3 class=\"wp-block-heading\">Phase 4. Le versement suppl\u00e9mentaire<\/h3>\n\n\n\n<p>Seulement voil\u00e0. Le jour o\u00f9, ayant suivi la progression de vos gains, vous d\u00e9cidez pour une raison ou une autre de pr\u00e9lever une partie de cet argent, vous constatez que ce n\u2019est pas possible. Votre courtier vous explique alors qu\u2019il y a eu un <strong>crash inattendu<\/strong> ou que vous devez d\u2019abord payer une <strong>taxe \u00e9lev\u00e9e.<\/strong> Recourant cette fois \u00e0 la pression voire \u00e0 la menace, il tente d\u00e9sormais de vous convaincre du caract\u00e8re exceptionnel de votre investissement, \u00adlequel justifie l\u2019injection de nouveaux capitaux, pour consolider les gains. Dans certains cas, on voit m\u00eame entrer en sc\u00e8ne le <strong>\u00ab\u2009patron\u2009\u00bb<\/strong> de l\u2019entreprise qui, fort de son autorit\u00e9, trouve les mots pour vous rassurer et qui vous fait miroiter de nouveaux gains \u00e0 condition de rester dans la course. Et si vous persistez \u00e0 vouloir tout abandonner, on vous proposera g\u00e9n\u00e9ralement une <strong>assurance contre les pertes,<\/strong> assurance que vous auriez pu soi-disant contracter d\u00e8s le d\u00e9part mais que, par bont\u00e9 d\u2019\u00e2me, on vous permet de conclure r\u00e9troactivement. Tout \u00e7a est \u00e9videmment faux. Vous soup\u00e7onnez alors que vous \u00eates victime d\u2019une escroquerie, mais en d\u00e9pit du bon sens, vous vous confiez d\u2019autant plus \u00e0 votre courtier personnel. Finalement, il va probablement vous promettre de trouver le moyen de r\u00e9cup\u00e9rer votre mise, \u00e0 condition de <strong>verser une somme pour couvrir les frais bancaires, juridiques ou notari\u00e9s\u2026<\/strong><\/p>\n\n\n\n<h3 class=\"wp-block-heading\">Phase 5. La prise de conscience<\/h3>\n\n\n\n<p>Quoi que vous tentiez, <strong>vous ne r\u00e9cup\u00e9rerez jamais votre argent<\/strong> \u2013 sauf \u00e9ventuellement lors de la premi\u00e8re phase\u2009; mais ce ne sont que de petits montants, destin\u00e9s \u00e0 endormir votre m\u00e9fiance et vous app\u00e2ter \u00e0 nouveau. Bref, vous l\u2019avez compris\u2009: vous avez \u00e9t\u00e9 escroqu\u00e9.<\/p>\n\n\n\n<\/div><\/div><div class=\"default-container content-part replaced-hr\"><div class=\"inner-padding\">\n\n\n\n<h3 class=\"wp-block-heading\">Que fait la police ?<\/h3>\n\n\n\n<p>La police consigne toute plainte p\u00e9nale d\u00e9pos\u00e9e par une personne victime d\u2019une fraude \u00e0 l\u2019investissement en ligne. Elle examine quelles mesures urgentes s\u2019imposent et quels \u00e9l\u00e9ments retenir pour mener l\u2019enqu\u00eate. Chaque d\u00e9tail compte. La p\u00e9riode qui suit le d\u00e9lit n\u2019est pas facile \u00e0 vivre pour les victimes car elles se font souvent des reproches. La police est \u00e0 leurs c\u00f4t\u00e9s pour dispenser des conseils comp\u00e9tents et objectifs. Lors d\u2019une plainte p\u00e9nale, il est important de fournir \u00e0 la police tous les documents \u00e0 disposition. Intervient alors la comparaison entre les signalements recens\u00e9s \u00e0 l\u2019\u00e9chelon intercantonal, afin de mettre en lumi\u00e8re les \u00e9l\u00e9ments communs et ouvrir des enqu\u00eates cibl\u00e9es. Les auteur\u00b7es \u00e9tant g\u00e9n\u00e9ralement bas\u00e9s \u00e0 l\u2019\u00e9tranger, une collaboration internationale s\u2019impose. Il est crucial de d\u00e9poser une plainte p\u00e9nale aupr\u00e8s de la police. Ne pas d\u00e9noncer les fraudes facilite grandement la t\u00e2che des escrocs, car ils n\u2019ont rien \u00e0 craindre.<\/p>\n\n\n\n<\/div><\/div><div class=\"default-container clues content-part children-count-2 children-count-even\"><div class=\"inner-padding\"><a id=\"tips\"><\/a><h2 class=\"subcontent-main-title foreground-primary foreground-primary\">Comment se prot\u00e9ger?<\/h2><div class=\"clues-inner-table clues-count-even\"><div class=\"clue-item clues-count-even clues-count-2 background-faded\"><div class=\"clue bevor-sie-in-neue-anlageformen-investieren\"><p class=\"clue-image\"><img loading=\"lazy\" decoding=\"async\" width=\"640\" height=\"320\" src=\"https:\/\/www.skppsc.ch\/fr\/wp-content\/uploads\/sites\/5\/2023\/12\/oab_tipp1-640x320.jpg\" class=\"attachment-skp-thumbnail-force-ratio size-skp-thumbnail-force-ratio wp-post-image\" alt=\"\" srcset=\"https:\/\/www.skppsc.ch\/fr\/wp-content\/uploads\/sites\/5\/2023\/12\/oab_tipp1-640x320.jpg 640w, https:\/\/www.skppsc.ch\/fr\/wp-content\/uploads\/sites\/5\/2023\/12\/oab_tipp1-300x150.jpg 300w, https:\/\/www.skppsc.ch\/fr\/wp-content\/uploads\/sites\/5\/2023\/12\/oab_tipp1-768x384.jpg 768w, https:\/\/www.skppsc.ch\/fr\/wp-content\/uploads\/sites\/5\/2023\/12\/oab_tipp1.jpg 800w\" sizes=\"auto, (max-width: 640px) 100vw, 640px\"><\/p><h3 class=\"clue-title background-primary foreground-title\">Avant d\u2019investir dans de nouvelles formes de placement :<\/h3><p><!-- wp:list --><\/p>\n<ul class=\"wp-block-list\"><!-- wp:list-item -->\n<li>Soyez vigilant, surtout si on vous promet des rendements \u00e9lev\u00e9s, notamment dans des contextes aussi complexes que la cryptomonnaie, le Forex ou le \u00adn\u00e9goce d\u2019options binaires. Prenez le temps de vous informer aupr\u00e8s de diff\u00e9rentes sources. Ne vous laissez pas mettre la pression par des courtiers ou par des offres soi-disant limit\u00e9es.<\/li>\n<p><!-- \/wp:list-item --><\/p>\n<p><!-- wp:list-item --><\/p>\n<li>Lisez notre brochure \"<a data-type=\"download\" data-id=\"1774\" href=\"https:\/\/www.skppsc.ch\/fr\/download\/les-cryptomonnaies\/\"><strong>Les cryptomonnaies. Comment fonctionnent-elles, et quels sont les risques ?<\/strong><\/a>\".<\/li>\n<p><!-- \/wp:list-item --><\/p>\n<p><!-- wp:list-item --><\/p>\n<li>Ne vous laissez pas aveugler par la perspective de rendements irr\u00e9alistes. Aucun prestataire s\u00e9rieux ne vous promettra des gains exceptionnels en un temps record.<\/li>\n<p><!-- \/wp:list-item --><\/p>\n<p><!-- wp:list-item --><\/p>\n<li>V\u00e9rifiez si votre interlocuteur poss\u00e8de une <a href=\"https:\/\/www.finma.ch\/fr\/finma-public\/etablissements-personnes-et-produits-autorises\/\" target=\"_blank\" rel=\"noreferrer noopener\">autorisation aupr\u00e8s de la FINMA<\/a> ou s\u2019il figure sur sa <a href=\"https:\/\/www.finma.ch\/fr\/finma-public\/warnungen\/\" target=\"_blank\" rel=\"noreferrer noopener\">liste noire.<\/a> Si vous tombez sur une offre suspecte, signalez-la \u00e0 la FINMA au moyen du <a href=\"https:\/\/www.finma.ch\/fr\/finma-public\/communiquer-une-information\/\" target=\"_blank\" rel=\"noreferrer noopener\">formulaire.<\/a> Gr\u00e2ce \u00e0 ces alertes, la FINMA peut d\u00e9busquer les prestataires non autoris\u00e9s et les retirer du circuit.<\/li>\n<p><!-- \/wp:list-item --><\/p>\n<p><!-- wp:list-item --><\/p>\n<li>Consultez l\u2019Index central des raisons de commerce <a href=\"https:\/\/www.zefix.ch\/fr\/search\/entity\/welcome\" target=\"_blank\" rel=\"noreferrer noopener\">www.zefix.ch<\/a> pour voir si votre prestataire y figure. En cas d\u2019offres \u00e9manant de l\u2019\u00e9tranger, recherchez qui les a mises en ligne.<\/li>\n<p><!-- \/wp:list-item --><\/p>\n<p><!-- wp:list-item --><\/p>\n<li>V\u00e9rifier la fiabilit\u00e9 du site sur <a href=\"https:\/\/www.scamadviser.com\/\">S<\/a><a href=\"https:\/\/www.scamadviser.com\/\" target=\"_blank\" rel=\"noreferrer noopener\">camadviser<\/a>.<\/li>\n<p><!-- \/wp:list-item --><\/p>\n<p><!-- wp:list-item --><\/p>\n<li>Si vous voyez ne serait-ce qu\u2019une ou deux mises en garde contre elles, ne vous y frottez pas.<\/li>\n<p><!-- \/wp:list-item --><\/p>\n<p><!-- wp:list-item --><\/p>\n<li>Adressez-vous \u00e0 votre conseiller bancaire et \u00e0 des sp\u00e9cialistes de votre connaissance pour une \u00e9valuation professionnelle.<\/li>\n<p><!-- \/wp:list-item --><\/p><\/ul>\n<p><!-- \/wp:list --><\/p>\n<\/div><\/div><div class=\"clue-item clues-count-even clues-count-2 background-faded\"><div class=\"clue wenn-sie-opfer-eines-online-anlagebetrugs-geworden-sind\"><p class=\"clue-image\"><img loading=\"lazy\" decoding=\"async\" width=\"640\" height=\"320\" src=\"https:\/\/www.skppsc.ch\/fr\/wp-content\/uploads\/sites\/5\/2023\/12\/oab_tipp2-640x320.jpg\" class=\"attachment-skp-thumbnail-force-ratio size-skp-thumbnail-force-ratio wp-post-image\" alt=\"\" srcset=\"https:\/\/www.skppsc.ch\/fr\/wp-content\/uploads\/sites\/5\/2023\/12\/oab_tipp2-640x320.jpg 640w, https:\/\/www.skppsc.ch\/fr\/wp-content\/uploads\/sites\/5\/2023\/12\/oab_tipp2-300x150.jpg 300w, https:\/\/www.skppsc.ch\/fr\/wp-content\/uploads\/sites\/5\/2023\/12\/oab_tipp2-768x384.jpg 768w, https:\/\/www.skppsc.ch\/fr\/wp-content\/uploads\/sites\/5\/2023\/12\/oab_tipp2.jpg 800w\" sizes=\"auto, (max-width: 640px) 100vw, 640px\"><\/p><h3 class=\"clue-title background-primary foreground-title\">Si vous avez \u00e9t\u00e9 victime d\u2019une fraude \u00e0 l\u2019investissement sur Internet :<\/h3><p><!-- wp:list --><\/p>\n<ul><!-- wp:list-item -->\n<li>Informez imm\u00e9diatement votre police municipale ou cantonale et d\u00e9posez plainte\u2009!<\/li>\n<p><!-- \/wp:list-item --><\/p>\n<p><!-- wp:list-item --><\/p>\n<li>Informez imm\u00e9diatement votre banque que les virements en question \u00e9taient de nature frauduleuse. Dans le meilleur des cas, elle pourra intercepter l\u2019argent avant qu\u2019il ne tombe dans l\u2019escarcelle des malfaiteurs.<\/li>\n<p><!-- \/wp:list-item --><\/p>\n<p><!-- wp:list-item --><\/p>\n<li>Si quelque temps plus tard un pr\u00e9tendu d\u00e9tective priv\u00e9, avocat ou procureur vous contacte, soyez assur\u00e9 qu\u2019il fait partie de la bande de margoulins qui vous ont eu. L\u00e0 encore, abstenez-vous de transf\u00e9rer de l\u2019argent.<\/li>\n<p><!-- \/wp:list-item --><\/p><\/ul>\n<p><!-- \/wp:list --><\/p>\n<\/div><\/div><\/div><\/div><\/div><div class=\"default-container content-part\"><div class=\"inner-padding\">\n\n\n\n<h2 class=\"wp-block-heading foreground-primary\">Quelques r\u00e8gles g\u00e9n\u00e9rales\u2009:<\/h2>\n\n\n\n<ul class=\"wp-block-list\">\n<li>L\u2019argent facile sans risque de perte est une illusion.<\/li>\n\n\n\n<li>Personne ne partage ses bons plans avec tout le monde sur \u00adInternet. Seuls le font ceux qui n\u2019en ont pas.<\/li>\n\n\n\n<li>Personne ne d\u00e9voile \u00e0 des inconnus ses juteuses strat\u00e9gies d\u2019investissement.<\/li>\n\n\n\n<li>Les conseils en placement promus par des personnalit\u00e9s sont presque toujours des attrapes. Lesdites personnalit\u00e9s ignorent dans ce cas l\u2019utilisation qui est faite de leur image.<\/li>\n\n\n\n<li>Ne confiez jamais votre argent \u00e0 quelqu\u2019un que vous ne connaissez que virtuellement.<\/li>\n\n\n\n<li>Ne permettez jamais \u00e0 quelqu\u2019un que vous ne connaissez que virtuellement d\u2019acc\u00e9der \u00e0 votre ordinateur \u00e0 distance (via TeamViewer, Anydesk, Supremo et autres logiciels de t\u00e9l\u00e9maintenance).<\/li>\n\n\n\n<li>Ne tentez pas de r\u00e9cup\u00e9rer votre mise en injectant de \u00adnouveaux fonds\u2009: \u00e7a ne marche jamais\u2009!<\/li>\n<\/ul>\n\n\n\n<\/div><\/div><div class=\"full content-part post-name-rendements-de-reve-gare-au-reveil  post-type-download\"><div class=\"inner-padding\"><p class=\"featured-image download hide-on-mobile\"><a href=\"https:\/\/www.skppsc.ch\/fr\/wp-content\/uploads\/sites\/5\/2021\/03\/fraude_investissement.pdf\" download target=\"_blank\"><img loading=\"lazy\" decoding=\"async\" width=\"640\" height=\"908\" src=\"https:\/\/www.skppsc.ch\/fr\/wp-content\/uploads\/sites\/5\/2021\/03\/fraude_investissement-640x908.jpg\" class=\"attachment-skp-thumbnail-keep-ratio size-skp-thumbnail-keep-ratio wp-post-image\" alt=\"\" srcset=\"https:\/\/www.skppsc.ch\/fr\/wp-content\/uploads\/sites\/5\/2021\/03\/fraude_investissement-640x908.jpg 640w, https:\/\/www.skppsc.ch\/fr\/wp-content\/uploads\/sites\/5\/2021\/03\/fraude_investissement-211x300.jpg 211w, https:\/\/www.skppsc.ch\/fr\/wp-content\/uploads\/sites\/5\/2021\/03\/fraude_investissement-768x1090.jpg 768w, https:\/\/www.skppsc.ch\/fr\/wp-content\/uploads\/sites\/5\/2021\/03\/fraude_investissement.jpg 800w\" sizes=\"auto, (max-width: 640px) 100vw, 640px\"><\/a><\/p><div class=\"remaining-content\"><h2 class=\"sub-content-title  foreground-primary foreground-primary\">Rendements de r\u00eave\u00a0? Gare au r\u00e9veil\u00a0!<\/h2><h3 class=\"sub-content-subtitle \">Ce que vous devez savoir sur la fraude \u00e0 l\u2019investissement sur Internet<\/h3><p>Les escrocs prolif\u00e8rent sur Internet pour vous proposer des placements prometteurs sur leurs pr\u00e9tendues plateformes de n\u00e9goce. Y donner suite, c\u2019est perdre \u00e0 coup s\u00fbr\u00a0!<\/p>\n<p>Le d\u00e9pliant explique de mani\u00e8re ais\u00e9ment compr\u00e9hensible comment se passe classiquement la fraude \u00e0 l\u2019investissement sur Internet, comment vous informer avant de placer votre argent dans des cryptomonnaies et que faire si vous avez perdu de l\u2019argent. Vous trouverez aussi des astuces pour d\u00e9tecter \u2013 \u00e0 temps \u2013 si une offre est s\u00e9rieuse ou frauduleuse.<\/p>\n<p>Le d\u00e9pliant a \u00e9t\u00e9 mis au point avec l\u2019aimable collaboration d\u2019EBAS (\u00ab\u00a0eBanking \u2013 en toute s\u00e9curit\u00e9\u00a0!\u00a0\u00bb).<br>(Le d\u00e9pliant est aussi disponible en <a href=\"https:\/\/www.skppsc.ch\/fr\/download\/fantastic-returns-are-pure-fantasy\/\">anglais<\/a>.)<\/p>\n<p><a href=\"https:\/\/www.skppsc.ch\/fr\/sujets\/internet\/fraude-a-linvestissement-sur-internet\/\">\u2192 Sujet Fraude \u00e0 l\u2019investissement sur Internet<\/a><\/p>\n<p><!-- wp:file {\"id\":2416,\"href\":\"https:\/\/www.skppsc.ch\/fr\/wp-content\/uploads\/sites\/5\/2021\/03\/fraude_investissement.pdf\"} --><\/p>\n<div class=\"wp-block-file\"><\/div>\n<p><!-- \/wp:file --><\/p>\n<p class=\"featured-image download mobile-only\"><a href=\"https:\/\/www.skppsc.ch\/fr\/wp-content\/uploads\/sites\/5\/2021\/03\/fraude_investissement.pdf\" download target=\"_blank\"><img loading=\"lazy\" decoding=\"async\" width=\"640\" height=\"908\" src=\"https:\/\/www.skppsc.ch\/fr\/wp-content\/uploads\/sites\/5\/2021\/03\/fraude_investissement-640x908.jpg\" class=\"attachment-skp-thumbnail-keep-ratio size-skp-thumbnail-keep-ratio wp-post-image\" alt=\"\" srcset=\"https:\/\/www.skppsc.ch\/fr\/wp-content\/uploads\/sites\/5\/2021\/03\/fraude_investissement-640x908.jpg 640w, https:\/\/www.skppsc.ch\/fr\/wp-content\/uploads\/sites\/5\/2021\/03\/fraude_investissement-211x300.jpg 211w, https:\/\/www.skppsc.ch\/fr\/wp-content\/uploads\/sites\/5\/2021\/03\/fraude_investissement-768x1090.jpg 768w, https:\/\/www.skppsc.ch\/fr\/wp-content\/uploads\/sites\/5\/2021\/03\/fraude_investissement.jpg 800w\" sizes=\"auto, (max-width: 640px) 100vw, 640px\"><\/a><\/p><div class=\"download-bottom-actions \"><a href=\"https:\/\/www.skppsc.ch\/fr\/wp-content\/uploads\/sites\/5\/2021\/03\/fraude_investissement.pdf\" download target=\"_blank\" class=\"large skp-icon skp-download-pdf download-icon \" title=\"\"><span class=\"link-text\"><\/span><\/a><u-add-to-cart :options='[{\"id\":2438,\"title\":\"Rendite genial? Verlust total!\",\"byline\":\"Faltblatt A5, 8 Seiten, 2025\",\"lang\":\"de\",\"siteId\":2,\"cartHash\":\"lt6\",\"amount\":0,\"max\":\"9999\",\"articleNumber\":\"10072\"},{\"id\":1527,\"title\":\"Rendements de r\\u00eave\\u00a0? Gare au r\\u00e9veil\\u00a0!\",\"byline\":\"D\\u00e9pliant, A5, 8 pages, 2025\",\"lang\":\"fr\",\"siteId\":5,\"cartHash\":\"1ia7\",\"amount\":0,\"max\":\"9999\",\"articleNumber\":\"20072\"},{\"id\":1426,\"title\":\"Rendimenti da sogno? No, perdite da incubo!\",\"byline\":\"Pieghevole, A5, 8 pagine, 2025\",\"lang\":\"it\",\"siteId\":7,\"cartHash\":\"25o2\",\"amount\":0,\"max\":\"9999\",\"articleNumber\":\"30072\"}]' :is-logged-in=\"false\" login-url=\"https:\/\/www.skppsc.ch\/fr\/wp-login.php?redirect_to=https%3A%2F%2Fwww.skppsc.ch%2Ffr%2Fwp-json%2Fwp%2Fv2%2Fpages%2F2016%3Fpr%3D1ia7%231ia7\" police-url=\"https:\/\/www.skppsc.ch\/fr\/contact-police\/\" :initially-opened=\"false\"><\/u-add-to-cart><\/div><\/div><\/div><\/div><div class=\"default-container content-part\"><div class=\"inner-padding\">\n\n\n<\/div><\/div><\/body><\/html>","protected":false},"excerpt":{"rendered":"<p>En cette p\u00e9riode d\u2019incertitude \u00e9conomique et boursi\u00e8re, il est devenu difficile de mettre ses avoirs \u00e0 l\u2019abri, sans parler de les faire fructifier. C\u2019est pourquoi les <strong>placements innovants<\/strong> et stables (or, immobilier, etc.) sont recherch\u00e9s, parce qu\u2019ils promettent des rendements \u00e9lev\u00e9s m\u00eame en temps de crise\u2009: les <strong>cryptomonnaies<\/strong> par exemple. Profitant de la situation, les escrocs se font passer pour des prestataires de services financiers novateurs et app\u00e2tent les petits investisseurs qui sont dans le doute en leur faisant miroiter des gains. C\u2019est la <strong>fraude \u00e0 l\u2019investissement sur Internet<\/strong> (en anglais\u2009: <em>investment fraud)<\/em> et vous en d\u00e9couvrirez les m\u00e9canismes ci-apr\u00e8s.<\/p>\n","protected":false},"author":349,"featured_media":2017,"parent":138,"menu_order":0,"comment_status":"closed","ping_status":"closed","template":"","meta":{"showSharingButtons":false,"skp-theme-color":"fourteen","_subtitle":"","alternative_title":"Fraude \u00e0 l\u2019investis-sement sur Internet","seoDescription":"","seoKeywords":"","seoTitle":"","featuredVideoEmbedCode":"","featuredYoutubeVideoId":"","notes":"","redirectToPostId":0,"skp-further-information":"<p><a rel=\"noreferrer noopener\" href=\"https:\/\/www.ebas.ch\/fr\/fraude-a-linvestissement\/\" target=\"_blank\">\u00abeBanking \u2013 en toute s\u00e9curit\u00e9!\u00bb Fraude \u00e0 l\u2019investissement<\/a><\/p>","hideTile":false,"pageType":"","editor_notices":[],"footnotes":""},"topic":[5,92,4],"class_list":["post-2016","page","type-page","status-publish","has-post-thumbnail","hentry","topic-escroquerie","topic-fraude-a-linvestissement-sur-internet","topic-internet"],"aioseo_notices":[],"_links":{"self":[{"href":"https:\/\/www.skppsc.ch\/fr\/wp-json\/wp\/v2\/pages\/2016","targetHints":{"allow":["GET"]}}],"collection":[{"href":"https:\/\/www.skppsc.ch\/fr\/wp-json\/wp\/v2\/pages"}],"about":[{"href":"https:\/\/www.skppsc.ch\/fr\/wp-json\/wp\/v2\/types\/page"}],"author":[{"embeddable":true,"href":"https:\/\/www.skppsc.ch\/fr\/wp-json\/wp\/v2\/users\/349"}],"replies":[{"embeddable":true,"href":"https:\/\/www.skppsc.ch\/fr\/wp-json\/wp\/v2\/comments?post=2016"}],"version-history":[{"count":0,"href":"https:\/\/www.skppsc.ch\/fr\/wp-json\/wp\/v2\/pages\/2016\/revisions"}],"up":[{"embeddable":true,"href":"https:\/\/www.skppsc.ch\/fr\/wp-json\/wp\/v2\/pages\/138"}],"wp:featuredmedia":[{"embeddable":true,"href":"https:\/\/www.skppsc.ch\/fr\/wp-json\/wp\/v2\/media\/2017"}],"wp:attachment":[{"href":"https:\/\/www.skppsc.ch\/fr\/wp-json\/wp\/v2\/media?parent=2016"}],"wp:term":[{"taxonomy":"topic","embeddable":true,"href":"https:\/\/www.skppsc.ch\/fr\/wp-json\/wp\/v2\/topic?post=2016"}],"curies":[{"name":"wp","href":"https:\/\/api.w.org\/{rel}","templated":true}]}}