{"id":2087,"date":"2024-04-30T08:26:28","date_gmt":"2024-04-30T06:26:28","guid":{"rendered":"https:\/\/www.skppsc.ch\/fr\/?page_id=2087"},"modified":"2026-05-01T12:25:24","modified_gmt":"2026-05-01T10:25:24","slug":"tu-t-en-sors","status":"publish","type":"page","link":"https:\/\/www.skppsc.ch\/fr\/projets\/tu-t-en-sors\/","title":{"rendered":"Sortir et faire la f\u00eate\u2026"},"content":{"rendered":"<html><body><div class=\"default-container content-part\"><div class=\"inner-padding\">\n<p>Mais malheureusement, souvent s\u2019y produisent des comportements transgressifs avec des insultes, du harc\u00e8lement et des menaces, et aussi des altercations physiques pouvant aller jusqu\u2019\u00e0 de graves infractions comme des viols ou des coups de couteau. C\u2019est l\u00e0 que nous voulons faire bouger les choses.<\/p>\n\n\n\n<p>Avec la campagne<strong> \u00ab Tu t\u2019en sors ? \u00bb,<\/strong> nous souhaitons faire en sorte qu\u2019\u00e0 chaque vir\u00e9e nocturne, on s\u2019en sorte bien, sans incident et sans fin de soir\u00e9e virant au cauchemar !<br>Nous nous adressons \u00e0 tous ceux et \u00e0 toutes celles qui participent \u00e0 la vie nocturne, donc <strong>aux auteurs et auteures potentielles, aux victimes, aux tierces personnes et aux t\u00e9moins.<\/strong><\/p>\n\n\n\n<\/div><\/div><div class=\"default-container clues content-part children-count-3 children-count-odd\"><div class=\"inner-padding\"><a id=\"tips\"><\/a><h2 class=\"subcontent-main-title foreground-primary foreground-primary\">Qu\u2019est-ce que je peux faire ?<\/h2><div class=\"clues-inner-table clues-count-odd\"><div class=\"clue-item clues-count-odd clues-count-3 background-faded\"><div class=\"clue you-better-think\"><p class=\"clue-image\"><img loading=\"lazy\" decoding=\"async\" width=\"640\" height=\"320\" src=\"https:\/\/www.skppsc.ch\/fr\/wp-content\/uploads\/sites\/5\/2024\/04\/tipp_think-640x320.jpg\" class=\"attachment-skp-thumbnail-force-ratio size-skp-thumbnail-force-ratio wp-post-image\" alt=\"\" srcset=\"https:\/\/www.skppsc.ch\/fr\/wp-content\/uploads\/sites\/5\/2024\/04\/tipp_think-640x320.jpg 640w, https:\/\/www.skppsc.ch\/fr\/wp-content\/uploads\/sites\/5\/2024\/04\/tipp_think-300x150.jpg 300w, https:\/\/www.skppsc.ch\/fr\/wp-content\/uploads\/sites\/5\/2024\/04\/tipp_think-768x384.jpg 768w, https:\/\/www.skppsc.ch\/fr\/wp-content\/uploads\/sites\/5\/2024\/04\/tipp_think.jpg 800w\" sizes=\"auto, (max-width: 640px) 100vw, 640px\"><\/p><h3 class=\"clue-title background-primary foreground-title\">You better THINK!<\/h3><p><!-- wp:paragraph --><\/p>\n<p>Cela veut dire : \u00ab R\u00e9fl\u00e9chis bien ! \u00bb Autrement dit : tu devrais \u00e9viter d\u2019\u00eatre compl\u00e8tement ivre, et toujours essayer de garder la t\u00eate sur les \u00e9paules, en toute situation.<\/p>\n<p><!-- \/wp:paragraph --><\/p>\n<p><!-- wp:list --><\/p>\n<ul><!-- wp:list-item -->\n<li><strong>Connais tes limites avec l\u2019alcool et \u00e9vite les drogues. <\/strong><br>La consommation d\u2019alcool et de drogues change ton comportement et tes r\u00e9actions. D\u2019une part, tu es d\u00e9sinhib\u00e9 et tu d\u00e9passes facilement les bornes, d\u2019autre part ta capacit\u00e9 \u00e0 te d\u00e9fendre diminue.<\/li>\n<p><!-- \/wp:list-item --><\/p>\n<p><!-- wp:list-item --><\/p>\n<li><strong>Garde le contr\u00f4le. <\/strong><br>D\u2019une fa\u00e7on g\u00e9n\u00e9rale : contr\u00f4le ton comportement en toute situation.<\/li>\n<p><!-- \/wp:list-item --><\/p>\n<p><!-- wp:list-item --><\/p>\n<li><strong>Ne laisse pas ta boisson sans surveillance. <\/strong><br>Il s\u2019agit surtout de substances psychotropes, mais pas seulement. Garde un \u0153il sur ta boisson, afin d\u2019emp\u00eacher qu\u2019une substance y soit ajout\u00e9e \u00e0 ton insu.<\/li>\n<p><!-- \/wp:list-item --><\/p>\n<p><!-- wp:list-item --><\/p>\n<li><strong>Ne r\u00e9agis pas aux provocations. <\/strong><br>Fais la sourde oreille aux provocations, ind\u00e9pendamment de ton r\u00f4le. Mieux vaut te mettre \u00e0 l\u2019\u00e9cart lorsque tu ne trouves pas de solution par le dialogue.<\/li>\n<p><!-- \/wp:list-item --><\/p>\n<p><!-- wp:list-item --><\/p>\n<li><strong>Respecte les limites des autres.\u202f <\/strong><br>Chaque personne a ses propres limites. En cas de doute, assure-toi que ton vis-\u00e0-vis donne son accord ou son consentement.<\/li>\n<p><!-- \/wp:list-item --><\/p><\/ul>\n<p><!-- \/wp:list --><\/p>\n<\/div><\/div><div class=\"clue-item clues-count-odd clues-count-3 background-faded\"><div class=\"clue stay-together\"><p class=\"clue-image\"><img loading=\"lazy\" decoding=\"async\" width=\"640\" height=\"320\" src=\"https:\/\/www.skppsc.ch\/fr\/wp-content\/uploads\/sites\/5\/2024\/04\/tipp_stay-640x320.jpg\" class=\"attachment-skp-thumbnail-force-ratio size-skp-thumbnail-force-ratio wp-post-image\" alt=\"\" srcset=\"https:\/\/www.skppsc.ch\/fr\/wp-content\/uploads\/sites\/5\/2024\/04\/tipp_stay-640x320.jpg 640w, https:\/\/www.skppsc.ch\/fr\/wp-content\/uploads\/sites\/5\/2024\/04\/tipp_stay-300x150.jpg 300w, https:\/\/www.skppsc.ch\/fr\/wp-content\/uploads\/sites\/5\/2024\/04\/tipp_stay-768x384.jpg 768w, https:\/\/www.skppsc.ch\/fr\/wp-content\/uploads\/sites\/5\/2024\/04\/tipp_stay.jpg 800w\" sizes=\"auto, (max-width: 640px) 100vw, 640px\"><\/p><h3 class=\"clue-title background-primary foreground-title\">STAY together!<\/h3><p><!-- wp:paragraph --><\/p>\n<p>Cela veut dire : \u00ab Restez group\u00e9s ! \u00bb Autrement dit : vous devez faire attention les uns aux autres, lorsque vous vous d\u00e9placez \u00e0 deux ou en groupe.<\/p>\n<p><!-- \/wp:paragraph --><\/p>\n<p><!-- wp:list --><\/p>\n<ul><!-- wp:list-item -->\n<li><strong>Gardez un \u0153il sur les boissons des uns et des autres. <\/strong><br>Ne laissez jamais vos boissons sans surveillance ! Il s\u2019agit surtout de substances psychotropes, mais pas seulement. Gardez un \u0153il sur les verres de vos proches, afin d\u2019emp\u00eacher l\u2019ajout d\u2019une substance.<\/li>\n<p><!-- \/wp:list-item --><\/p>\n<p><!-- wp:list-item --><\/p>\n<li><strong>Prenez soin de vos ami\u00b7es. <\/strong><br>Assurez-vous qu\u2019aucun de vous n\u2019ait de probl\u00e8mes avec des tiers. Soutenez-vous mutuellement et prenez vos d\u00e9cisions ensemble.<\/li>\n<p><!-- \/wp:list-item --><\/p>\n<p><!-- wp:list-item --><\/p>\n<li><strong>Ne laissez personne seul en partant. <\/strong><br>Lorsque vous quittez la f\u00eate, ne laissez aucun membre du groupe seul en partant, surtout si elle, il ou iel n\u2019a plus toutes ses facult\u00e9s.<\/li>\n<p><!-- \/wp:list-item --><\/p>\n<p><!-- wp:list-item --><\/p>\n<li><strong>Organisez-vous \u00e0 l\u2019avance pour le retour. <\/strong><br>Pensez \u00e0 la rentr\u00e9e d\u00e8s le d\u00e9but de la soir\u00e9e, r\u00e9fl\u00e9chissez si vous allez prendre les transports publics ou un taxi, de sorte que tout le monde puisse rentrer en s\u00e9curit\u00e9, sans oublier personne sur place.<\/li>\n<p><!-- \/wp:list-item --><\/p><\/ul>\n<p><!-- \/wp:list --><\/p>\n<\/div><\/div><div class=\"clue-item clues-count-odd clues-count-3 background-faded\"><div class=\"clue help-if-you-can\"><p class=\"clue-image\"><img loading=\"lazy\" decoding=\"async\" width=\"640\" height=\"320\" src=\"https:\/\/www.skppsc.ch\/fr\/wp-content\/uploads\/sites\/5\/2024\/04\/tipp_help-640x320.jpg\" class=\"attachment-skp-thumbnail-force-ratio size-skp-thumbnail-force-ratio wp-post-image\" alt=\"\" srcset=\"https:\/\/www.skppsc.ch\/fr\/wp-content\/uploads\/sites\/5\/2024\/04\/tipp_help-640x320.jpg 640w, https:\/\/www.skppsc.ch\/fr\/wp-content\/uploads\/sites\/5\/2024\/04\/tipp_help-300x150.jpg 300w, https:\/\/www.skppsc.ch\/fr\/wp-content\/uploads\/sites\/5\/2024\/04\/tipp_help-768x384.jpg 768w, https:\/\/www.skppsc.ch\/fr\/wp-content\/uploads\/sites\/5\/2024\/04\/tipp_help.jpg 800w\" sizes=\"auto, (max-width: 640px) 100vw, 640px\"><\/p><h3 class=\"clue-title background-primary foreground-title\">HELP if you can!<\/h3><p><!-- wp:paragraph --><\/p>\n<p>Cela veut dire : \u00ab Apporte ton aide, si tu peux ! \u00bb Ce qui ne veut pas dire : \u00ab Apporte ton aide, m\u00eame si tu t\u2019exposes toi-m\u00eame \u00e0 un danger ! \u00bb, mais seulement si tu peux le faire sans te mettre en danger. Il s\u2019agit de faire preuve de courage civique.<\/p>\n<p><!-- \/wp:paragraph --><\/p>\n<p><!-- wp:list --><\/p>\n<ul><!-- wp:list-item -->\n<li><strong>Si quelqu\u2019un est harcel\u00e9 ou en d\u00e9tresse, ouvre l\u2019\u0153il et apporte ton aide. <\/strong><br>Occupe-toi de la victime, dispense les premiers secours, si n\u00e9cessaire, et signale que tu es l\u00e0 pour l\u2019aider.<\/li>\n<p><!-- \/wp:list-item --><\/p>\n<p><!-- wp:list-item --><\/p>\n<li><strong>Attire l\u2019attention de ton groupe sur la situation. <\/strong><br>Ensemble, vous pouvez d\u00e9cider rapidement comment apporter de l\u2019aide.<\/li>\n<p><!-- \/wp:list-item --><\/p>\n<p><!-- wp:list-item --><\/p>\n<li><strong>Adresse-toi au personnel. <\/strong><br>Si tu n\u2019es pas s\u00fbr\u00b7e d\u2019avoir bien \u00e9valu\u00e9 le danger, laisse au personnel le soin de le faire.<\/li>\n<p><!-- \/wp:list-item --><\/p>\n<p><!-- wp:list-item --><\/p>\n<li><strong>Si \u00e7a devient risqu\u00e9 ou dangereux, appelle la police au 117.\u202f <\/strong><br>En cas de risque d\u2019escalade de la situation, ou si des altercations ont d\u00e9j\u00e0 eu lieu, alerte imm\u00e9diatement la police !<\/li>\n<p><!-- \/wp:list-item --><\/p><\/ul>\n<p><!-- \/wp:list --><\/p>\n<\/div><\/div><\/div><\/div><\/div><div class=\"default-container content-part\"><div class=\"inner-padding\">\n\n\n\n<h2 class=\"wp-block-heading foreground-primary\">Victime &amp; auteur\u00b7e<\/h2>\n\n\n\n<p>Une remarque importante sur les conseils d\u00e9taill\u00e9s ci-dessus : <strong>l\u2019unique responsable d\u2019un acte punissable est celui qui le commet. La victime n\u2019est pas coupable.<\/strong> Donc, si quelqu\u2019un ne surveille pas son verre pendant toute la soir\u00e9e, cela ne veut pas dire pour autant que quelqu\u2019un a le droit d\u2019y verser quelque chose. Et m\u00eame si quelqu\u2019un est tellement ivre qu\u2019il ne tient pas sur ses jambes, personne n\u2019a le droit de lui voler son argent. Nos conseils sont con\u00e7us pour que toutes les personnes concern\u00e9es <strong>prennent conscience des dangers<\/strong> de la vie nocturne. Cependant, ils ne garantissent pas que votre soir\u00e9e se d\u00e9roulera sans probl\u00e8mes. Si des infractions sont commises, elles seront jug\u00e9es selon le Code p\u00e9nal (CP) et pourront avoir des cons\u00e9quences juridiques importantes.<\/p>\n\n\n\n<\/div><\/div><div class=\"default-container content-part replaced-hr\"><div class=\"inner-padding\">\n\n\n\n<h2 class=\"wp-block-heading foreground-primary\">En cas d\u2019urgence<\/h2>\n\n\n\n<p>En cas d\u2019urgence ou de doute, compose le 117 et d\u00e9cris <strong>ce qui s\u2019est pass\u00e9, quand, o\u00f9 et comment ;<\/strong> plus il y a de d\u00e9tails, mieux c\u2019est. <\/p>\n\n\n\n<p>Si tu as \u00e9t\u00e9 victime d\u2019un d\u00e9lit, porte imm\u00e9diatement plainte aupr\u00e8s d\u2019un poste de police. Si tu as observ\u00e9 une infraction, mets-toi \u00e0 disposition de la police comme t\u00e9moin.<\/p>\n\n\n\n<\/div><\/div><div class=\"default-container content-part replaced-hr\"><div class=\"inner-padding\">\n\n\n\n<h2 class=\"wp-block-heading foreground-primary\">Plus d\u2019information<\/h2>\n\n\n\n<p>Si tu es victime d\u2019un d\u00e9lit sexuel ou d\u2019un acte de violence, les <a href=\"https:\/\/www.aide-aux-victimes.ch\/fr\" target=\"_blank\" rel=\"noreferrer noopener\">centres de consultations pour l\u2019aide aux victimes<\/a> (<a href=\"tel:+41142\">T\u00e9l. 142<\/a>) t\u2019apportent \u00e9galement un soutien en mati\u00e8re de soins m\u00e9dicaux, de conseils juridiques, de soutien th\u00e9rapeutique et d\u2019aide mat\u00e9rielle.<\/p>\n\n\n\n<p>Si tu es victime d\u2019un d\u00e9lit sexuel et que tu ne sais pas encore si tu veux porter plainte, rends-toi n\u00e9anmoins au plus vite \u00e0 un \u00e9tablissement hospitalier afin de faire effectuer un examen m\u00e9dico-l\u00e9gal pour qu\u2019un relev\u00e9 des traces puisse \u00eatre effectu\u00e9. Tu trouveras des informations \u00e0 ce sujet sur le site :<\/p>\n\n\n\n<ul class=\"wp-block-list\">\n<li>de l\u2019<a href=\"https:\/\/www.curml.ch\/prestations-de-lunite-de-medecine-des-violences-umv\" target=\"_blank\" rel=\"noreferrer noopener\">Unit\u00e9 de m\u00e9decine des violences du CURML<\/a> (Centre Universitaire Romand de M\u00e9decine l\u00e9gale)<\/li>\n\n\n\n<li>des\u00a0<a href=\"https:\/\/www.hug.ch\/gynecologie\/urgences-gyneco-obstetricales\" target=\"_blank\" rel=\"noreferrer noopener\">Urgences gyn\u00e9co-obst\u00e9tricales des HUG<\/a>\u00a0de Gen\u00e8ve<\/li>\n\n\n\n<li>du <a rel=\"noreferrer noopener\" href=\"https:\/\/www.unispital-basel.ch\/frauenklinik\/angebot#sexuellermissbrauch\" target=\"_blank\">service des urgences de la Frauenklinik de l\u2019H\u00f4pital universitaire de B\u00e2le<\/a><\/li>\n\n\n\n<li>de la <a rel=\"noreferrer noopener\" href=\"https:\/\/frauenheilkunde.insel.ch\/fr\/nos-prestations\/gynecologie\/centre-de-sante-sexuelle\/violence-sexuelle-a-lencontre-des-femmes\" target=\"_blank\">Clinique de gyn\u00e9cologie et obst\u00e9trique de l\u2019H\u00f4pital universitaire de Berne<\/a><\/li>\n\n\n\n<li>de la <a rel=\"noreferrer noopener\" href=\"https:\/\/www.usz.ch\/fachbereich\/gynaekologie\/angebot\/soforthilfe-nach-sexueller-gewalt\/\" target=\"_blank\">Klinik f\u00fcr Gyn\u00e4kologie de l\u2019H\u00f4pital universitaire de Zurich<\/a> et, en cas d\u2019urgence, le service de consultation <em>Forensic Nurses<\/em> du canton de Zurich : 0800 09 09 09<\/li>\n<\/ul>\n\n\n\n<\/div><\/div><div class=\"full content-part image-wrapper image-2105\"><img width=\"2560\" height=\"1280\" src=\"https:\/\/www.skppsc.ch\/fr\/wp-content\/uploads\/sites\/5\/2024\/04\/gut_ausgegangen2-2560x1280.jpg\" class=\"attachment-skp-large-force-ratio size-skp-large-force-ratio\" alt=\"\" srcset=\"https:\/\/www.skppsc.ch\/fr\/wp-content\/uploads\/sites\/5\/2024\/04\/gut_ausgegangen2-2560x1280.jpg 2560w, https:\/\/www.skppsc.ch\/fr\/wp-content\/uploads\/sites\/5\/2024\/04\/gut_ausgegangen2-300x150.jpg 300w, https:\/\/www.skppsc.ch\/fr\/wp-content\/uploads\/sites\/5\/2024\/04\/gut_ausgegangen2-1024x512.jpg 1024w, https:\/\/www.skppsc.ch\/fr\/wp-content\/uploads\/sites\/5\/2024\/04\/gut_ausgegangen2-768x384.jpg 768w, https:\/\/www.skppsc.ch\/fr\/wp-content\/uploads\/sites\/5\/2024\/04\/gut_ausgegangen2-1536x768.jpg 1536w, https:\/\/www.skppsc.ch\/fr\/wp-content\/uploads\/sites\/5\/2024\/04\/gut_ausgegangen2-2048x1024.jpg 2048w, https:\/\/www.skppsc.ch\/fr\/wp-content\/uploads\/sites\/5\/2024\/04\/gut_ausgegangen2-640x320.jpg 640w, https:\/\/www.skppsc.ch\/fr\/wp-content\/uploads\/sites\/5\/2024\/04\/gut_ausgegangen2-1280x640.jpg 1280w\" sizes=\"(max-width: 2560px) 100vw, 2560px\"><\/div><div class=\"default-container content-part\"><div class=\"inner-padding\">\n<\/div><\/div><\/body><\/html>","protected":false},"excerpt":{"rendered":"<p>\u2026danser, boire des verres, s\u2019amuser, dans les clubs et les bars, lors des festivals ou de f\u00eates priv\u00e9es \u2013 une <strong>vie nocturne anim\u00e9e,<\/strong> c\u2019est un must pour beaucoup de jeunes gens ! <\/p>\n","protected":false},"author":349,"featured_media":2107,"parent":23,"menu_order":0,"comment_status":"closed","ping_status":"closed","template":"","meta":{"showSharingButtons":false,"skp-theme-color":"five","_subtitle":"","alternative_title":"","seoDescription":"","seoKeywords":"","seoTitle":"","featuredVideoEmbedCode":"","featuredYoutubeVideoId":"","notes":"","redirectToPostId":0,"skp-further-information":"","hideTile":false,"pageType":"","editor_notices":[],"footnotes":""},"topic":[],"class_list":["post-2087","page","type-page","status-publish","has-post-thumbnail","hentry"],"aioseo_notices":[],"_links":{"self":[{"href":"https:\/\/www.skppsc.ch\/fr\/wp-json\/wp\/v2\/pages\/2087","targetHints":{"allow":["GET"]}}],"collection":[{"href":"https:\/\/www.skppsc.ch\/fr\/wp-json\/wp\/v2\/pages"}],"about":[{"href":"https:\/\/www.skppsc.ch\/fr\/wp-json\/wp\/v2\/types\/page"}],"author":[{"embeddable":true,"href":"https:\/\/www.skppsc.ch\/fr\/wp-json\/wp\/v2\/users\/349"}],"replies":[{"embeddable":true,"href":"https:\/\/www.skppsc.ch\/fr\/wp-json\/wp\/v2\/comments?post=2087"}],"version-history":[{"count":0,"href":"https:\/\/www.skppsc.ch\/fr\/wp-json\/wp\/v2\/pages\/2087\/revisions"}],"up":[{"embeddable":true,"href":"https:\/\/www.skppsc.ch\/fr\/wp-json\/wp\/v2\/pages\/23"}],"wp:featuredmedia":[{"embeddable":true,"href":"https:\/\/www.skppsc.ch\/fr\/wp-json\/wp\/v2\/media\/2107"}],"wp:attachment":[{"href":"https:\/\/www.skppsc.ch\/fr\/wp-json\/wp\/v2\/media?parent=2087"}],"wp:term":[{"taxonomy":"topic","embeddable":true,"href":"https:\/\/www.skppsc.ch\/fr\/wp-json\/wp\/v2\/topic?post=2087"}],"curies":[{"name":"wp","href":"https:\/\/api.w.org\/{rel}","templated":true}]}}