{"id":2094,"date":"2024-04-11T16:43:50","date_gmt":"2024-04-11T14:43:50","guid":{"rendered":"https:\/\/www.skppsc.ch\/fr\/?page_id=2094"},"modified":"2024-04-11T17:51:49","modified_gmt":"2024-04-11T15:51:49","slug":"stay-together","status":"publish","type":"page","link":"https:\/\/www.skppsc.ch\/fr\/projets\/tu-t-en-sors\/stay-together\/","title":{"rendered":"STAY together!"},"content":{"rendered":"<html><body><div class=\"default-container content-part\"><div class=\"inner-padding\">\n<p>Cela veut dire : \u00ab Restez group\u00e9s ! \u00bb Autrement dit : vous devez faire attention les uns aux autres, lorsque vous vous d\u00e9placez \u00e0 deux ou en groupe.<\/p>\n\n\n\n<ul class=\"wp-block-list\">\n<li><strong>Gardez un \u0153il sur les boissons des uns et des autres. <\/strong><br>Ne laissez jamais vos boissons sans surveillance ! Il s\u2019agit surtout de substances psychotropes, mais pas seulement. Gardez un \u0153il sur les verres de vos proches, afin d\u2019emp\u00eacher l\u2019ajout d\u2019une substance.<\/li>\n\n\n\n<li><strong>Prenez soin de vos ami\u00b7es. <\/strong><br>Assurez-vous qu\u2019aucun de vous n\u2019ait de probl\u00e8mes avec des tiers. Soutenez-vous mutuellement et prenez vos d\u00e9cisions ensemble.<\/li>\n\n\n\n<li><strong>Ne laissez personne seul en partant. <\/strong><br>Lorsque vous quittez la f\u00eate, ne laissez aucun membre du groupe seul en partant, surtout si elle, il ou iel n\u2019a plus toutes ses facult\u00e9s.<\/li>\n\n\n\n<li><strong>Organisez-vous \u00e0 l\u2019avance pour le retour. <\/strong><br>Pensez \u00e0 la rentr\u00e9e d\u00e8s le d\u00e9but de la soir\u00e9e, r\u00e9fl\u00e9chissez si vous allez prendre les transports publics ou un taxi, de sorte que tout le monde puisse rentrer en s\u00e9curit\u00e9, sans oublier personne sur place.<\/li>\n<\/ul>\n<\/div><\/div><\/body><\/html>","protected":false},"excerpt":{"rendered":"<p>Cela veut dire : \u00ab Restez group\u00e9s ! \u00bb Autrement dit : vous devez faire attention les uns aux autres, lorsque vous vous d\u00e9placez \u00e0 deux ou en groupe.<\/p>\n","protected":false},"author":349,"featured_media":2090,"parent":2087,"menu_order":2,"comment_status":"closed","ping_status":"closed","template":"","meta":{"showSharingButtons":false,"skp-theme-color":"five","_subtitle":"","alternative_title":"","seoDescription":"","seoKeywords":"","seoTitle":"","featuredVideoEmbedCode":"","featuredYoutubeVideoId":"","notes":"","redirectToPostId":0,"skp-further-information":"","hideTile":false,"pageType":"","editor_notices":[],"footnotes":""},"topic":[],"class_list":["post-2094","page","type-page","status-publish","has-post-thumbnail","hentry"],"aioseo_notices":[],"_links":{"self":[{"href":"https:\/\/www.skppsc.ch\/fr\/wp-json\/wp\/v2\/pages\/2094","targetHints":{"allow":["GET"]}}],"collection":[{"href":"https:\/\/www.skppsc.ch\/fr\/wp-json\/wp\/v2\/pages"}],"about":[{"href":"https:\/\/www.skppsc.ch\/fr\/wp-json\/wp\/v2\/types\/page"}],"author":[{"embeddable":true,"href":"https:\/\/www.skppsc.ch\/fr\/wp-json\/wp\/v2\/users\/349"}],"replies":[{"embeddable":true,"href":"https:\/\/www.skppsc.ch\/fr\/wp-json\/wp\/v2\/comments?post=2094"}],"version-history":[{"count":0,"href":"https:\/\/www.skppsc.ch\/fr\/wp-json\/wp\/v2\/pages\/2094\/revisions"}],"up":[{"embeddable":true,"href":"https:\/\/www.skppsc.ch\/fr\/wp-json\/wp\/v2\/pages\/2087"}],"wp:featuredmedia":[{"embeddable":true,"href":"https:\/\/www.skppsc.ch\/fr\/wp-json\/wp\/v2\/media\/2090"}],"wp:attachment":[{"href":"https:\/\/www.skppsc.ch\/fr\/wp-json\/wp\/v2\/media?parent=2094"}],"wp:term":[{"taxonomy":"topic","embeddable":true,"href":"https:\/\/www.skppsc.ch\/fr\/wp-json\/wp\/v2\/topic?post=2094"}],"curies":[{"name":"wp","href":"https:\/\/api.w.org\/{rel}","templated":true}]}}