{"id":2095,"date":"2024-04-11T16:46:40","date_gmt":"2024-04-11T14:46:40","guid":{"rendered":"https:\/\/www.skppsc.ch\/fr\/?page_id=2095"},"modified":"2024-04-11T16:46:41","modified_gmt":"2024-04-11T14:46:41","slug":"you-better-think","status":"publish","type":"page","link":"https:\/\/www.skppsc.ch\/fr\/projets\/tu-t-en-sors\/you-better-think\/","title":{"rendered":"You better THINK!"},"content":{"rendered":"<html><body><div class=\"default-container content-part\"><div class=\"inner-padding\">\n<p>Cela veut dire : \u00ab R\u00e9fl\u00e9chis bien ! \u00bb Autrement dit : tu devrais \u00e9viter d\u2019\u00eatre compl\u00e8tement ivre, et toujours essayer de garder la t\u00eate sur les \u00e9paules, en toute situation.<\/p>\n\n\n\n<ul class=\"wp-block-list\">\n<li><strong>Connais tes limites avec l\u2019alcool et \u00e9vite les drogues. <\/strong><br>La consommation d\u2019alcool et de drogues change ton comportement et tes r\u00e9actions. D\u2019une part, tu es d\u00e9sinhib\u00e9 et tu d\u00e9passes facilement les bornes, d\u2019autre part ta capacit\u00e9 \u00e0 te d\u00e9fendre diminue.<\/li>\n\n\n\n<li><strong>Garde le contr\u00f4le. <\/strong><br>D\u2019une fa\u00e7on g\u00e9n\u00e9rale : contr\u00f4le ton comportement en toute situation.<\/li>\n\n\n\n<li><strong>Ne laisse pas ta boisson sans surveillance. <\/strong><br>Il s\u2019agit surtout de substances psychotropes, mais pas seulement. Garde un \u0153il sur ta boisson, afin d\u2019emp\u00eacher qu\u2019une substance y soit ajout\u00e9e \u00e0 ton insu.<\/li>\n\n\n\n<li><strong>Ne r\u00e9agis pas aux provocations. <\/strong><br>Fais la sourde oreille aux provocations, ind\u00e9pendamment de ton r\u00f4le. Mieux vaut te mettre \u00e0 l\u2019\u00e9cart lorsque tu ne trouves pas de solution par le dialogue.<\/li>\n\n\n\n<li><strong>Respecte les limites des autres.\u202f <\/strong><br>Chaque personne a ses propres limites. En cas de doute, assure-toi que ton vis-\u00e0-vis donne son accord ou son consentement.<\/li>\n<\/ul>\n<\/div><\/div><\/body><\/html>","protected":false},"excerpt":{"rendered":"<p>Cela veut dire : \u00ab R\u00e9fl\u00e9chis bien ! \u00bb Autrement dit : tu devrais \u00e9viter d\u2019\u00eatre compl\u00e8tement ivre, et toujours essayer de garder la t\u00eate sur les \u00e9paules, en toute situation.<\/p>\n","protected":false},"author":349,"featured_media":2091,"parent":2087,"menu_order":0,"comment_status":"closed","ping_status":"closed","template":"","meta":{"showSharingButtons":false,"skp-theme-color":"","_subtitle":"","alternative_title":"","seoDescription":"","seoKeywords":"","seoTitle":"","featuredVideoEmbedCode":"","featuredYoutubeVideoId":"","notes":"","redirectToPostId":0,"skp-further-information":"","hideTile":true,"pageType":"","editor_notices":[],"footnotes":""},"topic":[],"class_list":["post-2095","page","type-page","status-publish","has-post-thumbnail","hentry"],"aioseo_notices":[],"_links":{"self":[{"href":"https:\/\/www.skppsc.ch\/fr\/wp-json\/wp\/v2\/pages\/2095","targetHints":{"allow":["GET"]}}],"collection":[{"href":"https:\/\/www.skppsc.ch\/fr\/wp-json\/wp\/v2\/pages"}],"about":[{"href":"https:\/\/www.skppsc.ch\/fr\/wp-json\/wp\/v2\/types\/page"}],"author":[{"embeddable":true,"href":"https:\/\/www.skppsc.ch\/fr\/wp-json\/wp\/v2\/users\/349"}],"replies":[{"embeddable":true,"href":"https:\/\/www.skppsc.ch\/fr\/wp-json\/wp\/v2\/comments?post=2095"}],"version-history":[{"count":0,"href":"https:\/\/www.skppsc.ch\/fr\/wp-json\/wp\/v2\/pages\/2095\/revisions"}],"up":[{"embeddable":true,"href":"https:\/\/www.skppsc.ch\/fr\/wp-json\/wp\/v2\/pages\/2087"}],"wp:featuredmedia":[{"embeddable":true,"href":"https:\/\/www.skppsc.ch\/fr\/wp-json\/wp\/v2\/media\/2091"}],"wp:attachment":[{"href":"https:\/\/www.skppsc.ch\/fr\/wp-json\/wp\/v2\/media?parent=2095"}],"wp:term":[{"taxonomy":"topic","embeddable":true,"href":"https:\/\/www.skppsc.ch\/fr\/wp-json\/wp\/v2\/topic?post=2095"}],"curies":[{"name":"wp","href":"https:\/\/api.w.org\/{rel}","templated":true}]}}