{"id":2096,"date":"2024-04-11T16:48:44","date_gmt":"2024-04-11T14:48:44","guid":{"rendered":"https:\/\/www.skppsc.ch\/fr\/?page_id=2096"},"modified":"2024-04-11T16:48:45","modified_gmt":"2024-04-11T14:48:45","slug":"help-if-you-can","status":"publish","type":"page","link":"https:\/\/www.skppsc.ch\/fr\/projets\/tu-t-en-sors\/help-if-you-can\/","title":{"rendered":"HELP if you can!"},"content":{"rendered":"<html><body><div class=\"default-container content-part\"><div class=\"inner-padding\">\n<p>Cela veut dire : \u00ab Apporte ton aide, si tu peux ! \u00bb Ce qui ne veut pas dire : \u00ab Apporte ton aide, m\u00eame si tu t\u2019exposes toi-m\u00eame \u00e0 un danger ! \u00bb, mais seulement si tu peux le faire sans te mettre en danger. Il s\u2019agit de faire preuve de courage civique.<\/p>\n\n\n\n<ul class=\"wp-block-list\">\n<li><strong>Si quelqu\u2019un est harcel\u00e9 ou en d\u00e9tresse, ouvre l\u2019\u0153il et apporte ton aide. <\/strong><br>Occupe-toi de la victime, dispense les premiers secours, si n\u00e9cessaire, et signale que tu es l\u00e0 pour l\u2019aider.<\/li>\n\n\n\n<li><strong>Attire l\u2019attention de ton groupe sur la situation. <\/strong><br>Ensemble, vous pouvez d\u00e9cider rapidement comment apporter de l\u2019aide.<\/li>\n\n\n\n<li><strong>Adresse-toi au personnel. <\/strong><br>Si tu n\u2019es pas s\u00fbr\u00b7e d\u2019avoir bien \u00e9valu\u00e9 le danger, laisse au personnel le soin de le faire.<\/li>\n\n\n\n<li><strong>Si \u00e7a devient risqu\u00e9 ou dangereux, appelle la police au 117.\u202f <\/strong><br>En cas de risque d\u2019escalade de la situation, ou si des altercations ont d\u00e9j\u00e0 eu lieu, alerte imm\u00e9diatement la police !<\/li>\n<\/ul>\n<\/div><\/div><\/body><\/html>","protected":false},"excerpt":{"rendered":"<p>Cela veut dire : \u00ab Apporte ton aide, si tu peux ! \u00bb Ce qui ne veut pas dire : \u00ab Apporte ton aide, m\u00eame si tu t\u2019exposes toi-m\u00eame \u00e0 un danger ! \u00bb, mais seulement si tu peux le faire sans te mettre en danger. Il s\u2019agit de faire preuve de courage civique.<\/p>\n","protected":false},"author":349,"featured_media":2089,"parent":2087,"menu_order":3,"comment_status":"closed","ping_status":"closed","template":"","meta":{"showSharingButtons":false,"skp-theme-color":"five","_subtitle":"","alternative_title":"","seoDescription":"","seoKeywords":"","seoTitle":"","featuredVideoEmbedCode":"","featuredYoutubeVideoId":"","notes":"","redirectToPostId":0,"skp-further-information":"","hideTile":false,"pageType":"","editor_notices":[],"footnotes":""},"topic":[],"class_list":["post-2096","page","type-page","status-publish","has-post-thumbnail","hentry"],"aioseo_notices":[],"_links":{"self":[{"href":"https:\/\/www.skppsc.ch\/fr\/wp-json\/wp\/v2\/pages\/2096","targetHints":{"allow":["GET"]}}],"collection":[{"href":"https:\/\/www.skppsc.ch\/fr\/wp-json\/wp\/v2\/pages"}],"about":[{"href":"https:\/\/www.skppsc.ch\/fr\/wp-json\/wp\/v2\/types\/page"}],"author":[{"embeddable":true,"href":"https:\/\/www.skppsc.ch\/fr\/wp-json\/wp\/v2\/users\/349"}],"replies":[{"embeddable":true,"href":"https:\/\/www.skppsc.ch\/fr\/wp-json\/wp\/v2\/comments?post=2096"}],"version-history":[{"count":0,"href":"https:\/\/www.skppsc.ch\/fr\/wp-json\/wp\/v2\/pages\/2096\/revisions"}],"up":[{"embeddable":true,"href":"https:\/\/www.skppsc.ch\/fr\/wp-json\/wp\/v2\/pages\/2087"}],"wp:featuredmedia":[{"embeddable":true,"href":"https:\/\/www.skppsc.ch\/fr\/wp-json\/wp\/v2\/media\/2089"}],"wp:attachment":[{"href":"https:\/\/www.skppsc.ch\/fr\/wp-json\/wp\/v2\/media?parent=2096"}],"wp:term":[{"taxonomy":"topic","embeddable":true,"href":"https:\/\/www.skppsc.ch\/fr\/wp-json\/wp\/v2\/topic?post=2096"}],"curies":[{"name":"wp","href":"https:\/\/api.w.org\/{rel}","templated":true}]}}