{"id":2206,"date":"2024-10-03T12:15:47","date_gmt":"2024-10-03T10:15:47","guid":{"rendered":"https:\/\/www.skppsc.ch\/fr\/?page_id=2206"},"modified":"2024-12-19T10:59:53","modified_gmt":"2024-12-19T09:59:53","slug":"reseau-contacts","status":"publish","type":"page","link":"https:\/\/www.skppsc.ch\/fr\/reseaux\/policiere-policier-passerelle\/reseau-contacts\/","title":{"rendered":"R\u00e9seau \/ Contacts"},"content":{"rendered":"<html><body><div class=\"default-container content-part\"><div class=\"inner-padding\">\n<p>Dans toute la Suisse, les corps de police municipaux et\/ou cantonaux intensifient la mise en r\u00e9seau, l\u2019\u00e9tablissement de bonnes relations et la confiance avec les communaut\u00e9s \u00e9trang\u00e8res et diverses associations.<\/p>\n\n\n\n<p>Une attention particuli\u00e8re est accord\u00e9e \u00e0 l\u2019entretien des contacts avec les associations (culturelles) et les organisations (par ex. les organisations d\u2019asile). De cette mani\u00e8re, la confiance est \u00e9tablie de part et d\u2019autre, le r\u00e9seau est entretenu et les pr\u00e9occupations en mati\u00e8re de politique de s\u00e9curit\u00e9 sont discut\u00e9es. Certains corps de police appellent les personnes assumant ces t\u00e2ches les polici\u00e8res et policiers \u00ab passerelle \u00bb.<\/p>\n\n\n\n<p>Les polici\u00e8res et policiers \u00ab passerelle \u00bb soutiennent les efforts qui facilitent la compr\u00e9hension mutuelle entre les populations suisse et \u00e9trang\u00e8re et leur cohabitation. Ils informent la population d\u2019origine \u00e9trang\u00e8re de ses droits et obligations.<\/p>\n\n\n\n<\/div><\/div><div class=\"default-container content-part replaced-hr\"><div class=\"inner-padding\">\n\n\n\n<h4 class=\"wp-block-heading\">Dans la liste ci-dessous, vous trouverez les informations class\u00e9es par canton, si existantes.<\/h4>\n\n\n\n<p><a href=\"https:\/\/www.police.be.ch\/fr\/start\/dienstleistungen\/beratung--referate--schulungen.html\" data-type=\"link\" data-id=\"https:\/\/www.police.be.ch\/de\/start\/dienstleistungen\/beratung--referate--schulungen.html\" target=\"_blank\" rel=\"noreferrer noopener\">Echange interculturel de la police cantonale bernoise<\/a><\/p>\n\n\n\n<p><a href=\"https:\/\/polizei.lu.ch\/praevention\/Brueckenbauer\" target=\"_blank\" rel=\"noreferrer noopener\">Br\u00fcckenbauer der Luzerner Polizei<\/a><\/p>\n\n\n\n<p><a href=\"https:\/\/stadt.winterthur.ch\/gemeinde\/verwaltung\/sicherheit-und-umwelt\/stadtpolizei\/unsere-dienste\/brueckenbauer\" target=\"_blank\" rel=\"noreferrer noopener\">Br\u00fcckenbauer der Stadtpolizei Winterthur<\/a><\/p>\n\n\n\n<p><a href=\"https:\/\/www.zh.ch\/de\/sicherheit-justiz\/delikte-praevention\/interkulturelles-netzwerk.html\" target=\"_blank\" rel=\"noreferrer noopener\">Interkulturelles Netzwerk der Kantonspolizei Z\u00fcrich<\/a><\/p>\n\n\n\n<p><a href=\"https:\/\/www.stadt-zuerich.ch\/pd\/de\/index\/stadtpolizei_zuerich\/praevention\/fachstelle-brueckenbauer.html\" target=\"_blank\" rel=\"noreferrer noopener\">Fachstelle Br\u00fcckenbauer der Stadtpolizei Z\u00fcrich<\/a><\/p>\n<\/div><\/div><\/body><\/html>","protected":false},"excerpt":{"rendered":"<p>Dans toute la Suisse, les corps de police municipaux et\/ou cantonaux intensifient la mise en r\u00e9seau, l\u2019\u00e9tablissement de bonnes relations et la confiance avec les communaut\u00e9s \u00e9trang\u00e8res et diverses associations. Une attention particuli\u00e8re est accord\u00e9e \u00e0 l\u2019entretien des contacts avec les associations (culturelles) et les organisations (par ex. les organisations d\u2019asile). De cette mani\u00e8re, la [&hellip;]<\/p>\n","protected":false},"author":349,"featured_media":2207,"parent":2209,"menu_order":0,"comment_status":"closed","ping_status":"closed","template":"","meta":{"showSharingButtons":false,"skp-theme-color":"two","_subtitle":"","alternative_title":"","seoDescription":"","seoKeywords":"","seoTitle":"","featuredVideoEmbedCode":"","featuredYoutubeVideoId":"","notes":"","redirectToPostId":0,"skp-further-information":"","hideTile":false,"pageType":"","editor_notices":[],"footnotes":""},"topic":[],"class_list":["post-2206","page","type-page","status-publish","has-post-thumbnail","hentry"],"aioseo_notices":[],"_links":{"self":[{"href":"https:\/\/www.skppsc.ch\/fr\/wp-json\/wp\/v2\/pages\/2206","targetHints":{"allow":["GET"]}}],"collection":[{"href":"https:\/\/www.skppsc.ch\/fr\/wp-json\/wp\/v2\/pages"}],"about":[{"href":"https:\/\/www.skppsc.ch\/fr\/wp-json\/wp\/v2\/types\/page"}],"author":[{"embeddable":true,"href":"https:\/\/www.skppsc.ch\/fr\/wp-json\/wp\/v2\/users\/349"}],"replies":[{"embeddable":true,"href":"https:\/\/www.skppsc.ch\/fr\/wp-json\/wp\/v2\/comments?post=2206"}],"version-history":[{"count":0,"href":"https:\/\/www.skppsc.ch\/fr\/wp-json\/wp\/v2\/pages\/2206\/revisions"}],"up":[{"embeddable":true,"href":"https:\/\/www.skppsc.ch\/fr\/wp-json\/wp\/v2\/pages\/2209"}],"wp:featuredmedia":[{"embeddable":true,"href":"https:\/\/www.skppsc.ch\/fr\/wp-json\/wp\/v2\/media\/2207"}],"wp:attachment":[{"href":"https:\/\/www.skppsc.ch\/fr\/wp-json\/wp\/v2\/media?parent=2206"}],"wp:term":[{"taxonomy":"topic","embeddable":true,"href":"https:\/\/www.skppsc.ch\/fr\/wp-json\/wp\/v2\/topic?post=2206"}],"curies":[{"name":"wp","href":"https:\/\/api.w.org\/{rel}","templated":true}]}}