{"id":2606,"date":"2026-04-30T13:56:01","date_gmt":"2026-04-30T11:56:01","guid":{"rendered":"https:\/\/www.skppsc.ch\/fr\/?page_id=2606"},"modified":"2026-04-30T14:22:17","modified_gmt":"2026-04-30T12:22:17","slug":"vol-a-la-tire-ou-a-lastuce","status":"publish","type":"page","link":"https:\/\/www.skppsc.ch\/fr\/sujets\/vol\/vol-a-la-tire-ou-a-lastuce\/","title":{"rendered":"Vol \u00e0 la tire ou \u00e0 l&rsquo;astuce"},"content":{"rendered":"<html><body><div class=\"default-container content-part\"><div class=\"inner-padding\"><p class=\"post-excerpt\">Dans l\u2019espace public, les vols \u00e0 l\u2019astuce sont commis principalement dans des endroits tr\u00e8s fr\u00e9quent\u00e9s qui garantissent un certain anonymat\u00a0: gares et a\u00e9roports, transports publics, escaliers roulants, centres commerciaux, march\u00e9s et grandes manifestations telles que concerts et \u00e9v\u00e9nements sportifs. Ce genre de voleurs cherchent \u00e0 embrouiller leurs victimes, \u00e0 d\u00e9tourner leur attention ou \u00e0 les prendre au d\u00e9pourvu pour pouvoir les d\u00e9pouiller discr\u00e8tement. Quant aux auteurs de vol \u00e0 l\u2019astuce sur le pas de la porte, ils tentent de convaincre leur victime de les laisser entrer dans leur appartement sur le pas de la porte pour y voler ensuite de l\u2019argent liquide, des bijoux, des montres, etc.<\/p>\n\n<\/div><\/div><div class=\"default-container content-part   \" style=\";\"><div class=\"inner-padding\">\n\n\n<h2 class=\"wp-block-heading foreground-primary\">D\u00e9finition et situation juridique<\/h2>\n\n\n\n<p>Au sens de l\u2019art. 139 du Code p\u00e9nal suisse (CP), le vol est la soustraction d\u2019une chose mobili\u00e8re appartenant \u00e0 autrui dans le but de se l\u2019approprier pour se procurer ou procurer \u00e0 un tiers un enrichissement ill\u00e9gitime.<\/p>\n\n\n\n<ul class=\"wp-block-list\">\n<li>Le motif du voleur est donc toujours l\u2019enrichissement. La soustraction d\u2019une arme \u00e0 une personne dans le but de la prot\u00e9ger ne constitue pas un vol par exemple.<\/li>\n\n\n\n<li>Il n\u2019y a vol que si le m\u00e9fait est intentionnel, c\u2019est-\u00e0-dire que son auteur a la volont\u00e9 de perp\u00e9trer le vol et sait ce qu\u2019il fait lorsqu\u2019il le commet. Ainsi, ramasser le smartphone d\u2019un tiers que l\u2019on croit \u00eatre le sien ne constitue pas un vol. De m\u00eame, une personne contrainte de d\u00e9rober un objet sous l\u2019effet de menaces ne commet pas un vol.<\/li>\n<\/ul>\n\n\n\n<p>Le vol au sens de l\u2019art. 139 CP est une infraction poursuivie d\u2019office par la police d\u00e8s qu\u2019elle a connaissance de sa commission.<\/p>\n\n\n<\/div><\/div><div class=\"default-container content-part   \" style=\";\"><div class=\"inner-padding\">\n\n\n<h2 class=\"wp-block-heading foreground-primary\">Modes op\u00e9ratoires fr\u00e9quents<\/h2>\n\n\n\n<p>Un exemple de <strong>vol \u00e0 l\u2019astuce dans l\u2019espace public<\/strong> est de bousculer la victime et d\u2019extraire en m\u00eame temps le porte-monnaie de la poche de son manteau. Autre exemple\u00a0: le voleur profite de la promiscuit\u00e9 dans un ascenseur, un escalier roulant ou une file d\u2019attente pour faire main basse sur les objets de valeur de la personne plac\u00e9e juste devant lui. Il se sert surtout dans les sacs \u00e0 dos et dans les sacs \u00e0 main ou \u00e0 bandouli\u00e8re que la victime ne porte pas devant soi. Un autre proc\u00e9d\u00e9 consiste \u00e0 d\u00e9tourner l\u2019attention de la victime\u00a0: le malfaiteur engagera par exemple une conversation \u00e0 un bancomat pendant qu\u2019un complice commet le vol sans que la victime ne s\u2019en doute.<\/p>\n\n\n\n<p>Les voleurs \u00e0 l\u2019astuce agissent rarement seuls. C\u2019est souvent un travail d\u2019\u00e9quipe. Tandis qu\u2019un membre de la bande embrouille la victime, d\u00e9tourne son attention ou la prend au d\u00e9pourvu, un complice lui subtilise son porte-monnaie, son smartphone ou sa montre et transmet le butin \u00e0 un troisi\u00e8me larron qui dispara\u00eet rapidement dans la foule.<\/p>\n\n\n\n<p>Les auteurs de <strong>vol \u00e0 l\u2019astuce sur le pas de la porte<\/strong> utilisent diff\u00e9rentes astuces pour convaincre leur victime de les laisser entrer dans leur appartement pour y voler ensuite de l\u2019argent liquide, des bijoux, des montres, etc. Exemples\u00a0: ils abusent de la serviabilit\u00e9 de leurs victimes en simulant un \u00e9tat de d\u00e9tresse, pr\u00e9tendent devoir donner un coup de fil urgent (parce que leur voiture ne d\u00e9marrerait pas, p. ex.) ou demandent un verre d\u2019eau pr\u00e9textant des probl\u00e8mes cardiovasculaires. Les voleurs misent souvent sur la politesse et l\u2019hospitalit\u00e9 de leur victime. Il arrive\u00a0\u2013 sp\u00e9cialement si elle est \u00e2g\u00e9e\u00a0\u2013 qu\u2019ils lui fassent croire qu\u2019ils se connaissent ou m\u00eame qu\u2019ils ont un lieu de parent\u00e9 et qu\u2019ils lui rendent visite \u00e0 ce titre. D\u2019autres encore abusent de la confiance qu\u2019inspirent aux victimes telle ou telle institution ou autorit\u00e9 (la police, p.\u00a0ex.) ; ils pr\u00e9tendront ainsi r\u00e9aliser un sondage officiel ou \u00eatre charg\u00e9 par la g\u00e9rance de l\u2019immeuble d\u2019accomplir des travaux.<\/p>\n\n\n\n<p>De nos jours, <strong>les smartphones, ordinateurs portables et autres appareils \u00e9lectroniques<\/strong> peuvent \u00eatre vol\u00e9s pratiquement partout (train, vestiaire de club sportif, poche d\u2019habit, table de bistrot, etc.), \u00e9tant donn\u00e9 que presque tout le monde en poss\u00e8de un.<\/p>\n\n\n<\/div><\/div><div class=\"default-container content-part   \" style=\";\"><div class=\"inner-padding\">\n\n\n<h2 class=\"wp-block-heading foreground-primary\">Comment se prot\u00e9ger ?<\/h2>\n\n\n\n<p><strong>Vol \u00e0 l\u2019astuce dans l\u2019espace public\u00a0:<\/strong><\/p>\n\n\n\n<ul class=\"wp-block-list\">\n<li>Ne portez sur vous qu\u2019un minimum d\u2019argent liquide et d\u2019objets de valeur.<\/li>\n\n\n\n<li>Ne laissez jamais vos sacs et vos bagages sans surveillance.<\/li>\n\n\n\n<li>Portez vos objets de valeur dans une poche int\u00e9rieure (avec fermeture si possible).<\/li>\n\n\n\n<li>Dans la foule, portez votre sac (ferm\u00e9) devant vous, qu\u2019il s\u2019agisse d\u2019un sac \u00e0 main, d\u2019un sac \u00e0 bandouli\u00e8re ou d\u2019un sac \u00e0 dos.<\/li>\n\n\n\n<li>Ne placez jamais vos appareils dans des poches ext\u00e9rieures.<\/li>\n\n\n\n<li>Pour vous prot\u00e9ger contre le vol \u00e0 l\u2019astuce aux bancomats, lisez la rubrique consacr\u00e9e au\u00a0<a href=\"https:\/\/www.skppsc.ch\/fr\/sujets\/vol-escroquerie\/skimming\/\" target=\"_blank\" rel=\"noreferrer noopener\">skimming<\/a>.<\/li>\n\n\n\n<li>Avant un voyage, renseignez-vous sur les astuces utilis\u00e9es par les voleurs locaux pour d\u00e9pouiller les touristes.<\/li>\n<\/ul>\n\n\n\n<p><strong>Vol \u00e0 l\u2019astuce sur le pas de la porte\u00a0:<\/strong><\/p>\n\n\n\n<ul class=\"wp-block-list\">\n<li>Ne laissez entrer aucun inconnu dans votre appartement, sp\u00e9cialement si vous y \u00eates seul.<\/li>\n\n\n\n<li>Si l\u2019on sonne \u00e0 votre domicile, utilisez toujours l\u2019entreb\u00e2illeur et regardez par le judas ou par la fen\u00eatre pour conna\u00eetre l\u2019identit\u00e9 du visiteur sans devoir ouvrir (compl\u00e8tement) la porte.<\/li>\n\n\n\n<li>Si la personne pr\u00e9tend travailler pour la commune ou pr\u00e9texte l\u2019accomplissement de travaux sur mandat de la g\u00e9rance de l\u2019immeuble, exigez une pi\u00e8ce d\u2019identit\u00e9 et renseignez-vous par t\u00e9l\u00e9phone aupr\u00e8s de la commune ou de la g\u00e9rance. Attention\u00a0: ne vous fiez pas au num\u00e9ro de t\u00e9l\u00e9phone mobile que l\u2019on vous remettrait sur le pas de la porte. Il pourrait s\u2019agir du num\u00e9ro d\u2019un complice qui jouera le r\u00f4le de collaborateur de la commune ou de la g\u00e9rance si vous appelez. Cherchez donc vous-m\u00eame ce num\u00e9ro de t\u00e9l\u00e9phone sur Internet ou dans l\u2019annuaire. Et fermez la porte jusqu\u2019\u00e0 ce que vous ayez \u00e9clairci si la personne travaille vraiment sur mandat de la commune ou de la g\u00e9rance.<\/li>\n\n\n\n<li>Au moindre doute, ne laissez pas entrer dans la maison la personne sur le pas de la porte. Il vaut mieux prendre le risque de para\u00eetre impoli ou m\u00e9fiant que celui de se faire d\u00e9valiser. Au besoin, vous pourrez toujours vous excuser apr\u00e8s coup ou convenir d\u2019un nouveau rendez-vous avec l\u2019artisan ou le repr\u00e9sentant de la commune que vous avez rabrou\u00e9.<\/li>\n\n\n\n<li>Parfois, la personne sur le pas de la porte est non seulement un voleur mais aussi un escroc. Pour vous prot\u00e9gez contre les m\u00e9faits d\u2019individus de ce genre, lisez la rubrique consacr\u00e9e \u00e0 l\u2019<a href=\"https:\/\/www.skppsc.ch\/fr\/sujets\/vol-escroquerie\/escroquerie\/\" target=\"_blank\" rel=\"noreferrer noopener\">escroquerie<\/a>.<\/li>\n<\/ul>\n\n\n\n<p><strong>Les smartphones, tablettes ou ordinateurs portables peuvent \u00e9galement \u00eatre prot\u00e9g\u00e9s efficacement contre le vol\u00a0:<\/strong><\/p>\n\n\n\n<ul class=\"wp-block-list\">\n<li>Soyez vigilant et ne perdez pas des yeux votre appareil.<\/li>\n\n\n\n<li>Portez votre smartphone dans une poche int\u00e9rieure (avec fermeture si possible).<\/li>\n\n\n\n<li>Dans la foule, portez votre sac (ferm\u00e9) devant vous, qu\u2019il s\u2019agisse d\u2019un sac \u00e0 main, d\u2019un sac pour ordinateur, d\u2019un sac \u00e0 bandouli\u00e8re ou d\u2019un sac \u00e0 dos.<\/li>\n\n\n\n<li>Ne placez jamais vos appareils dans une poche ext\u00e9rieure.<\/li>\n\n\n\n<li>Dans votre voiture, ne placez jamais vos appareils \u00e0 un endroit visible depuis l\u2019ext\u00e9rieur.<\/li>\n\n\n\n<li>S\u00e9curisez vos appareils avec un mot de passe ou un NIP.<\/li>\n\n\n\n<li>Effectuez r\u00e9guli\u00e8rement une sauvegarde de vos donn\u00e9es afin de pouvoir les restaurer en cas de vol.<\/li>\n\n\n\n<li>Installez sur votre smartphone une appli permettant de le localiser en cas de vol.<\/li>\n<\/ul>\n\n\n<\/div><\/div><div class=\"default-container content-part   \" style=\";\"><div class=\"inner-padding\">\n\n\n<h2 class=\"wp-block-heading foreground-primary\">Que fait la police ?<\/h2>\n\n\n\n<p>Si vous \u00eates victime d\u2019un vol, avisez-en imm\u00e9diatement la police ! Selon l\u2019objet vol\u00e9, la plainte peut \u00eatre enregistr\u00e9e\u00a0<a href=\"https:\/\/suisse-epolice.ch\/epolice\/fr\/\" target=\"_blank\" rel=\"noreferrer noopener\">en ligne<\/a>\u00a0dans de nombreux cantons.<\/p>\n\n\n\n<p>Les vols commis sont r\u00e9pertori\u00e9s dans les bases de donn\u00e9es polici\u00e8res. En cas de d\u00e9couverte ou de saisie d\u2019un bien vol\u00e9, la police tentera de faire des recoupements \u00e0 l\u2019aide de ses bases de donn\u00e9es et s\u2019efforcera de restituer le bien \u00e0 son propri\u00e9taire.<\/p>\n\n\n\n<p>Il est important de signaler les vols \u00e0 la police m\u00eame si la probabilit\u00e9 de retrouver des objets de valeur d\u00e9rob\u00e9s \u00e0 la tire ou \u00e0 l\u2019astuce est faible, notamment pour des raisons d\u2019assurance. Ces informations permettent \u00e9galement de reconstituer les r\u00e9gions particuli\u00e8rement touch\u00e9es et les proc\u00e9d\u00e9s actuellement les plus utilis\u00e9s. Les corps de police des cantons et des communes peuvent ainsi mettre en place une pr\u00e9vention cibl\u00e9e et alerter les groupes de population particuli\u00e8rement expos\u00e9s, mais aussi augmenter leur pr\u00e9sence dans les endroits o\u00f9 cela est n\u00e9cessaire.<\/p>\n\n\n\n<p>En cas de vol de smartphones, tablettes ou ordinateurs portables, avisez imm\u00e9diatement la police. Il est fr\u00e9quent que la police ne soit pas en mesure de restituer \u00e0 leurs propri\u00e9taires des objets vol\u00e9s qu\u2019elle a d\u00e9couverts ou saisis parce que le vol a \u00e9t\u00e9 annonc\u00e9 avec retard ou que les informations fournies par la victime sont impr\u00e9cises. Notez le num\u00e9ro de s\u00e9rie de votre appareil (code IMEI) et conservez-le dans un endroit s\u00fbr, avec la garantie. Le code IMEI des t\u00e9l\u00e9phones portables figure sur l\u2019emballage. Il peut \u00eatre consult\u00e9 sur l\u2019appareil en saisissant la combinaison *#06#. Le num\u00e9ro est parfois inscrit au verso de l\u2019appareil \u00e9galement.<\/p>\n\n\n<\/div><\/div><div class=\"default-container content-part   \" style=\";\"><div class=\"inner-padding\">\n\n\n<h2 class=\"wp-block-heading foreground-primary\">Lieux de pr\u00e9dilection des voleurs<\/h2>\n\n\n\n<p><strong>Lieux fr\u00e9quent\u00e9s par les touristes et les voyageurs<\/strong><\/p>\n\n\n\n<p>A\u00e9roports, gares, restoroutes, parkings, points d\u2019observation panoramiques et sites touristiques attirent les voleurs comme des aimants. L\u2019attention des touristes est accapar\u00e9e par d\u2019autres pens\u00e9es dans un environnement qui ne leur est pas familier et se concentre sur les curiosit\u00e9s du lieu. En d\u00e9but de voyage, leurs porte-monnaie sont garnis d\u2019\u00e9paisses liasses de francs suisses et ils portent \u00e9videmment sur eux des appareils photos et des smartphones.<\/p>\n\n\n\n<p>De plus, les voyageurs doivent garder un \u0153il sur tous leurs bagages et sont souvent stress\u00e9s (ne pas rater un train, trouver le bon quai, etc.).<\/p>\n\n\n\n<p><strong>Lieux dans lesquels il est facile de se m\u00ealer aux clients de restaurants ou d\u2019h\u00f4tels<\/strong><\/p>\n\n\n\n<p>Les h\u00f4tels et les restaurants offrent diff\u00e9rents terrains de chasse aux voleurs. Ils sont susceptibles de s\u2019attaquer aux clients ou au personnel de l\u2019\u00e9tablissement (objets de valeur propre ou porte-monnaie serveur). Les vestiaires et autres pi\u00e8ces ais\u00e9ment accessibles et laiss\u00e9es sans surveillance les attirent. Ils aiment aussi se fondre dans les lieux tr\u00e8s fr\u00e9quent\u00e9s tels que les halls d\u2019h\u00f4tel. Pour le personnel, il est parfois difficile d\u2019\u00e9valuer si une personne install\u00e9e dans un fauteuil est un client de l\u2019h\u00f4tel, un visiteur ou quelqu\u2019un qui attend une occasion de commettre un larcin. Le voleur profitera par exemple de ce qu\u2019un client aille chercher une consommation au bar\u00a0: de retour \u00e0 sa place, celui-ci ne remarquera pas imm\u00e9diatement que le t\u00e9l\u00e9phone mobile voire la cl\u00e9 de chambre qu\u2019il avait laiss\u00e9 tra\u00eener ont disparu. Restaurants et h\u00f4tels disposent souvent de plusieurs entr\u00e9es et sorties. Les voleurs peuvent ainsi s\u2019y introduire sans \u00e9veiller l\u2019attention et dispara\u00eetre en quelques secondes. Les vols sont commis en un tour de main\u00a0: le voleur s\u2019emparera par exemple de sacs \u00e0 main suspendus \u00e0 des dossiers de chaise ou d\u2019objets de valeur plac\u00e9s dans les poches ext\u00e9rieures de vestes ou de manteaux que la victime n\u2019a pas ferm\u00e9es.<\/p>\n\n\n\n<p><strong>Lieux fr\u00e9quent\u00e9s par des personnes incapables de surveiller elles-m\u00eames leurs objets de valeur (homes, h\u00f4pitaux)<\/strong><\/p>\n\n\n\n<p>Homes et h\u00f4pitaux sont g\u00e9n\u00e9ralement accessibles au public. Les visiteurs peuvent s\u2019y d\u00e9placer \u00e0 leur guise. Un contr\u00f4le syst\u00e9matique des all\u00e9es et venues n\u2019est gu\u00e8re r\u00e9aliste. Ainsi, de nombreux vols sont commis dans ce genre de lieux. Le voleur ne vient pas toujours de l\u2019ext\u00e9rieur. Il peut s\u2019agir d\u2019un membre du personnel ou d\u2019un autre patient. Vu leur \u00e9tat de sant\u00e9, les personnes admises dans les homes et les h\u00f4pitaux sont souvent incapables de surveiller elles-m\u00eames leurs objets de valeur, si bien que les proches ou les soignants doivent s\u2019en charger. Des bancomats sont d\u00e9sormais install\u00e9s dans de nombreux h\u00f4pitaux. Les patients peuvent ainsi retirer de petites sommes d\u2019argent liquide qu\u2019ils portent sur eux.<\/p>\n\n\n\n<p><strong>Lieux d\u2019exercice physique et de pratique sportive<\/strong><\/p>\n\n\n\n<p>Les voleurs r\u00f4dent souvent dans les lieux de pratique sportive et les locaux d\u2019entra\u00eenement. Les infrastructures sportives sont souvent accessibles au public \u00e0 certaines heures. Les voleurs peuvent ainsi s\u2019y glisser sans difficult\u00e9 et y fouiller les vestiaires ou les locaux o\u00f9 sont entrepos\u00e9s le mat\u00e9riel d\u2019exercice et les \u00e9quipements sportifs. Les voleurs s\u2019int\u00e9ressent aux t\u00e9l\u00e9phones mobiles, aux cartes de cr\u00e9dits, aux bijoux et \u00e0 l\u2019argent liquide, mais aussi aux cl\u00e9s de voiture, de bicyclette ou d\u2019appartement. Les personnes qui viennent s\u2019entra\u00eener en arrivant directement du travail am\u00e8nent avec eux d\u2019autres objets attirant les voleurs\u00a0: ordinateur, badge d\u2019entreprise ou complet veston. Le mat\u00e9riel d\u2019exercice et les \u00e9quipements sportifs sont \u00e9galement susceptibles d\u2019\u00eatre vol\u00e9s et devraient \u00eatre entrepos\u00e9s dans des locaux verrouill\u00e9s lorsqu\u2019ils ne sont pas utilis\u00e9s.<\/p>\n\n\n\n<p><strong>Lieux de f\u00eate et autres lieux o\u00f9 l\u2019on a tendance \u00e0 s\u2019enivrer<\/strong><\/p>\n\n\n\n<p>Les personnes qui font la f\u00eate, dansent ou sont en liesse sont une cible de choix pour certains voleurs. Parfois enivr\u00e9es, elles ont une capacit\u00e9 de r\u00e9action amoindrie ce qui facilite encore le \u00ab\u00a0travail\u00a0\u00bb des voleurs. Les victimes sont d\u00e9valis\u00e9es principalement dans des discoth\u00e8ques, des concerts, des festivals en plein air ou des grandes manifestations sportives. Elles portent souvent sur elles de l\u2019argent liquide et un smartphone. Concentr\u00e9es sur la musique ou la comp\u00e9tition sportive \u00e0 laquelle elles assistent, elles sont souvent peu vigilantes. Les voleurs profitent \u00e9galement de la promiscuit\u00e9 et\/ou de la p\u00e9nombre sur les pistes de danse, les devants de sc\u00e8ne ou les secteurs de fans dans les stades. Dans ces conditions, les victimes ne remarquent gu\u00e8re qu\u2019on leur fouille les poches en qu\u00eate d\u2019objets de valeur.<\/p>\n\n\n\n<\/div><\/div><div class=\"full content-part image-wrapper image-2607\"><img width=\"1488\" height=\"744\" src=\"https:\/\/www.skppsc.ch\/fr\/wp-content\/uploads\/sites\/5\/2026\/04\/image-2.png\" class=\"attachment-skp-large-force-ratio size-skp-large-force-ratio\" alt=\"\" srcset=\"https:\/\/www.skppsc.ch\/fr\/wp-content\/uploads\/sites\/5\/2026\/04\/image-2.png 1488w, https:\/\/www.skppsc.ch\/fr\/wp-content\/uploads\/sites\/5\/2026\/04\/image-2-300x150.png 300w, https:\/\/www.skppsc.ch\/fr\/wp-content\/uploads\/sites\/5\/2026\/04\/image-2-1024x512.png 1024w, https:\/\/www.skppsc.ch\/fr\/wp-content\/uploads\/sites\/5\/2026\/04\/image-2-768x384.png 768w, https:\/\/www.skppsc.ch\/fr\/wp-content\/uploads\/sites\/5\/2026\/04\/image-2-640x320.png 640w, https:\/\/www.skppsc.ch\/fr\/wp-content\/uploads\/sites\/5\/2026\/04\/image-2-1280x640.png 1280w\" sizes=\"(max-width: 1488px) 100vw, 1488px\"><\/div><div class=\"default-container content-part\"><div class=\"inner-padding\">\n<\/div><\/div><\/body><\/html>","protected":false},"excerpt":{"rendered":"<p>Dans l\u2019espace public, les vols \u00e0 l\u2019astuce sont commis principalement dans des endroits tr\u00e8s fr\u00e9quent\u00e9s qui garantissent un certain anonymat\u00a0: gares et a\u00e9roports, transports publics, escaliers roulants, centres commerciaux, march\u00e9s et grandes manifestations telles que concerts et \u00e9v\u00e9nements sportifs. Ce genre de voleurs cherchent \u00e0 embrouiller leurs victimes, \u00e0 d\u00e9tourner leur attention ou \u00e0 les prendre au d\u00e9pourvu pour pouvoir les d\u00e9pouiller discr\u00e8tement. Quant aux auteurs de vol \u00e0 l\u2019astuce sur le pas de la porte, ils tentent de convaincre leur victime de les laisser entrer dans leur appartement sur le pas de la porte pour y voler ensuite de l\u2019argent liquide, des bijoux, des montres, etc.<\/p>\n","protected":false},"author":385,"featured_media":2608,"parent":146,"menu_order":3,"comment_status":"closed","ping_status":"closed","template":"","meta":{"showSharingButtons":false,"skp-theme-color":"fourteen","_subtitle":"","alternative_title":"","seoDescription":"","seoKeywords":"","seoTitle":"","featuredVideoEmbedCode":"","featuredYoutubeVideoId":"","notes":"","redirectToPostId":0,"skp-further-information":"Questions fr\u00e9quentes sur le \u00ab\u00a0<a href=\"https:\/\/www.skppsc.ch\/fr\/questions-frequentes\/focus\/vol-vol#vol-vol\" target=\"_blank\" rel=\"noopener\" title=\"Vol\">Vol<\/a>\u00a0\u00bb.","hideTile":false,"pageType":"","editor_notices":[],"footnotes":""},"topic":[26],"class_list":["post-2606","page","type-page","status-publish","has-post-thumbnail","hentry","topic-vol-vol"],"aioseo_notices":[],"_links":{"self":[{"href":"https:\/\/www.skppsc.ch\/fr\/wp-json\/wp\/v2\/pages\/2606","targetHints":{"allow":["GET"]}}],"collection":[{"href":"https:\/\/www.skppsc.ch\/fr\/wp-json\/wp\/v2\/pages"}],"about":[{"href":"https:\/\/www.skppsc.ch\/fr\/wp-json\/wp\/v2\/types\/page"}],"author":[{"embeddable":true,"href":"https:\/\/www.skppsc.ch\/fr\/wp-json\/wp\/v2\/users\/385"}],"replies":[{"embeddable":true,"href":"https:\/\/www.skppsc.ch\/fr\/wp-json\/wp\/v2\/comments?post=2606"}],"version-history":[{"count":0,"href":"https:\/\/www.skppsc.ch\/fr\/wp-json\/wp\/v2\/pages\/2606\/revisions"}],"up":[{"embeddable":true,"href":"https:\/\/www.skppsc.ch\/fr\/wp-json\/wp\/v2\/pages\/146"}],"wp:featuredmedia":[{"embeddable":true,"href":"https:\/\/www.skppsc.ch\/fr\/wp-json\/wp\/v2\/media\/2608"}],"wp:attachment":[{"href":"https:\/\/www.skppsc.ch\/fr\/wp-json\/wp\/v2\/media?parent=2606"}],"wp:term":[{"taxonomy":"topic","embeddable":true,"href":"https:\/\/www.skppsc.ch\/fr\/wp-json\/wp\/v2\/topic?post=2606"}],"curies":[{"name":"wp","href":"https:\/\/api.w.org\/{rel}","templated":true}]}}