{"id":43,"date":"2016-11-07T10:25:51","date_gmt":"2016-11-07T09:25:51","guid":{"rendered":"https:\/\/www.skppsc.ch\/de\/?page_id=43"},"modified":"2026-02-25T15:01:55","modified_gmt":"2026-02-25T14:01:55","slug":"telechargements","status":"publish","type":"page","link":"https:\/\/www.skppsc.ch\/fr\/telechargements\/","title":{"rendered":"Produits"},"content":{"rendered":"<html><body><div class=\"default-container content-part\"><div class=\"inner-padding\">\n<p>Vous trouverez ici en t\u00e9l\u00e9chargement les brochures, d\u00e9pliants et cartes postales de la Pr\u00e9vention Suisse de la Criminalit\u00e9, disponibles en trois langues (fran\u00e7ais, allemand, italien).\u00a0Les brochures <a href=\"https:\/\/www.skppsc.ch\/fr\/download\/safe-and-sound-francais\/\">\u00ab\u00a0\u00cates-vous s\u00fbr\u00a0?\u00a0\u00bb<\/a>,\u00a0<a href=\"https:\/\/www.skppsc.ch\/fr\/telechargement\/pull-out-all-the-stops\/\" rel=\"noopener noreferrer\">\u00ab\u00a0A double tour\u00a0!\u00a0\u00bb<\/a> et les d\u00e9pliants <a href=\"https:\/\/www.skppsc.ch\/fr\/download\/5-steps-for-your-digital-security\/\">\u00ab\u00a0Les 5\u00a0r\u00e8gles pour votre s\u00e9curit\u00e9 num\u00e9rique\u00a0\u00bb<\/a>, <a href=\"https:\/\/www.skppsc.ch\/fr\/download\/safe-on-social-media-francais\/\">\u00ab\u00a0M\u00e9dias sociaux en toute s\u00e9curit\u00e9\u00a0\u00bb<\/a>, <a href=\"https:\/\/www.skppsc.ch\/fr\/download\/working-for-criminals-as-a-money-mule-francais\/\">\u00ab\u00a0Travailler comme passeur d\u2019argent (Money Mule) pour le compte de criminels\u00a0?\u00a0\u00bb<\/a>, <a href=\"https:\/\/www.skppsc.ch\/fr\/download\/fraudulent-support-calls-francais\/\">\u00ab\u00a0Arnaques par t\u00e9l\u00e9phone\u00a0: les faux services d\u2019assistance\u00a0\u00bb<\/a>, <a href=\"https:\/\/www.skppsc.ch\/fr\/download\/phishing-francais\/\">\u00ab\u00a0Phishing\u00a0\u00bb<\/a>, <a href=\"https:\/\/www.skppsc.ch\/fr\/download\/mobile-banking-and-mobile-payments-francais\/\">\u00ab\u00a0Mobile Banking et Mobile Payment\u00a0\u00bb<\/a>, <a href=\"https:\/\/www.skppsc.ch\/fr\/download\/fantastic-returns-are-pure-fantasy\/\">\u00ab\u00a0Rendements de r\u00eave\u00a0?\u00a0Gare au r\u00e9veil\u00a0!\u00a0\u00bb<\/a>, <a href=\"https:\/\/www.skppsc.ch\/fr\/download\/cryptocurrencies\/\">\u00ab Les cryptomonnaies \u00bb<\/a>, <a href=\"https:\/\/www.skppsc.ch\/fr\/download\/strong-passwords-and-co\/\">\u00ab\u00a0S\u00e9curit\u00e9 et mots de passe\u00a0\u00bb<\/a>, <a href=\"https:\/\/www.skppsc.ch\/fr\/telechargement\/weapons-and-the-law\/\" rel=\"noopener noreferrer\">\u00ab\u00a0Les armes et la loi\u00a0\u00bb<\/a>, <a href=\"https:\/\/www.skppsc.ch\/fr\/download\/stories-from-everyday-digital-life-francais\/\">\u00ab\u00a0Tranches de vie connect\u00e9e\u00a0\u00bb<\/a>\u00a0, <a href=\"https:\/\/www.skppsc.ch\/fr\/download\/stories-from-everyday-digital-life\/\">\u00ab\u00a0Tranches de vie connect\u00e9e,\u00a0Season\u00a03\u00a0\u00bb<\/a> et <a href=\"https:\/\/www.skppsc.ch\/fr\/download\/stories-from-everyday-digital-life-s4\/\">\u00ab Season 4 \u00bb<\/a> sont aussi disponibles en <strong>anglais<\/strong> \u2013 en format PDF.<\/p>\n\n\n\n<p><strong>Toutes les publications de la Pr\u00e9vention Suisse de la Criminalit\u00e9 peuvent \u00eatre command\u00e9es gratuitement aupr\u00e8s de la police.\u00a0La Pr\u00e9vention Suisse de la Criminalit\u00e9 n\u2019assure pas la distribution de ces produits.<\/strong><\/p>\n\n\n\n<p><a href=\"https:\/\/www.skppsc.ch\/fr\/contact-police\/\">Coordonn\u00e9es de votre police cantonale ou municipale et de la police de la Principaut\u00e9 de Liechtenstein<\/a><\/p>\n\n\n\n<p><\/p>\n<\/div><\/div><\/body><\/html>","protected":false},"excerpt":{"rendered":"<p>Vous trouverez ici en t\u00e9l\u00e9chargement les brochures, d\u00e9pliants et cartes postales de la Pr\u00e9vention Suisse de la Criminalit\u00e9, disponibles en trois langues (fran\u00e7ais, allemand, italien).\u00a0Les brochures \u00ab\u00a0\u00cates-vous s\u00fbr\u00a0?\u00a0\u00bb,\u00a0\u00ab\u00a0A double tour\u00a0!\u00a0\u00bb et les d\u00e9pliants \u00ab\u00a0Les 5\u00a0r\u00e8gles pour votre s\u00e9curit\u00e9 num\u00e9rique\u00a0\u00bb, \u00ab\u00a0M\u00e9dias sociaux en toute s\u00e9curit\u00e9\u00a0\u00bb, \u00ab\u00a0Travailler comme passeur d\u2019argent (Money Mule) pour le compte de criminels\u00a0?\u00a0\u00bb, [&hellip;]<\/p>\n","protected":false},"author":1,"featured_media":408,"parent":0,"menu_order":50,"comment_status":"closed","ping_status":"closed","template":"downloads.php","meta":{"showSharingButtons":false,"skp-theme-color":"default","_subtitle":null,"alternative_title":"","seoDescription":"","seoKeywords":"","seoTitle":"","featuredVideoEmbedCode":"","featuredYoutubeVideoId":"","notes":"","redirectToPostId":0,"skp-further-information":"","hideTile":false,"pageType":"","editor_notices":[],"footnotes":""},"topic":[],"class_list":["post-43","page","type-page","status-publish","has-post-thumbnail","hentry"],"aioseo_notices":[],"_links":{"self":[{"href":"https:\/\/www.skppsc.ch\/fr\/wp-json\/wp\/v2\/pages\/43","targetHints":{"allow":["GET"]}}],"collection":[{"href":"https:\/\/www.skppsc.ch\/fr\/wp-json\/wp\/v2\/pages"}],"about":[{"href":"https:\/\/www.skppsc.ch\/fr\/wp-json\/wp\/v2\/types\/page"}],"author":[{"embeddable":true,"href":"https:\/\/www.skppsc.ch\/fr\/wp-json\/wp\/v2\/users\/1"}],"replies":[{"embeddable":true,"href":"https:\/\/www.skppsc.ch\/fr\/wp-json\/wp\/v2\/comments?post=43"}],"version-history":[{"count":0,"href":"https:\/\/www.skppsc.ch\/fr\/wp-json\/wp\/v2\/pages\/43\/revisions"}],"wp:featuredmedia":[{"embeddable":true,"href":"https:\/\/www.skppsc.ch\/fr\/wp-json\/wp\/v2\/media\/408"}],"wp:attachment":[{"href":"https:\/\/www.skppsc.ch\/fr\/wp-json\/wp\/v2\/media?parent=43"}],"wp:term":[{"taxonomy":"topic","embeddable":true,"href":"https:\/\/www.skppsc.ch\/fr\/wp-json\/wp\/v2\/topic?post=43"}],"curies":[{"name":"wp","href":"https:\/\/api.w.org\/{rel}","templated":true}]}}