{"id":45,"date":"2016-11-07T10:26:06","date_gmt":"2016-11-07T09:26:06","guid":{"rendered":"https:\/\/www.skppsc.ch\/de\/?page_id=45"},"modified":"2017-02-15T09:11:33","modified_gmt":"2017-02-15T08:11:33","slug":"contact-police","status":"publish","type":"page","link":"https:\/\/www.skppsc.ch\/fr\/contact-police\/","title":{"rendered":"Coordonn\u00e9es de votre police cantonale ou municipale et de la police de la Principaut\u00e9 de Liechtenstein"},"content":{"rendered":"<html><body><div class=\"default-container content-part\"><div class=\"inner-padding\"><p>\u00a0<\/p>\n<p><strong>En cas d\u2019urgence, appelez imm\u00e9diatement la police en composant le 117 ! <\/strong><\/p>\n<p>Souhaitez-vous commander des brochures, des d\u00e9pliants ou des cartes postales de la Pr\u00e9vention Suisse de la Criminalit\u00e9 ? Vous souhaitez un conseil s\u00e9curit\u00e9 de la police ? Vous souhaitez des informations sur les activit\u00e9s de pr\u00e9vention de la police de s\u00fbret\u00e9 de votre r\u00e9gion ? Contactez votre police. Vous n\u2019avez pas trouv\u00e9 l\u2019adresse que vous recherchez ? <a href=\"https:\/\/www.skppsc.ch\/fr\/contact\/?noredirect=fr_FR\" target=\"_blank\">Contactez-nous.<\/a><\/p>\n<\/div><\/div><\/body><\/html>","protected":false},"excerpt":{"rendered":"<p>\u00a0 En cas d\u2019urgence, appelez imm\u00e9diatement la police en composant le 117 ! Souhaitez-vous commander des brochures, des d\u00e9pliants ou des cartes postales de la Pr\u00e9vention Suisse de la Criminalit\u00e9 ? Vous souhaitez un conseil s\u00e9curit\u00e9 de la police ? Vous souhaitez des informations sur les activit\u00e9s de pr\u00e9vention de la police de s\u00fbret\u00e9 de [&hellip;]<\/p>\n","protected":false},"author":1,"featured_media":415,"parent":0,"menu_order":60,"comment_status":"closed","ping_status":"closed","template":"police.php","meta":{"showSharingButtons":false,"skp-theme-color":"default","_subtitle":"","alternative_title":"","seoDescription":"","seoKeywords":"","seoTitle":"","featuredVideoEmbedCode":"","featuredYoutubeVideoId":"","notes":"","redirectToPostId":0,"skp-further-information":"","hideTile":false,"pageType":"","editor_notices":[],"footnotes":""},"topic":[],"class_list":["post-45","page","type-page","status-publish","has-post-thumbnail","hentry"],"aioseo_notices":[],"_links":{"self":[{"href":"https:\/\/www.skppsc.ch\/fr\/wp-json\/wp\/v2\/pages\/45","targetHints":{"allow":["GET"]}}],"collection":[{"href":"https:\/\/www.skppsc.ch\/fr\/wp-json\/wp\/v2\/pages"}],"about":[{"href":"https:\/\/www.skppsc.ch\/fr\/wp-json\/wp\/v2\/types\/page"}],"author":[{"embeddable":true,"href":"https:\/\/www.skppsc.ch\/fr\/wp-json\/wp\/v2\/users\/1"}],"replies":[{"embeddable":true,"href":"https:\/\/www.skppsc.ch\/fr\/wp-json\/wp\/v2\/comments?post=45"}],"version-history":[{"count":0,"href":"https:\/\/www.skppsc.ch\/fr\/wp-json\/wp\/v2\/pages\/45\/revisions"}],"wp:featuredmedia":[{"embeddable":true,"href":"https:\/\/www.skppsc.ch\/fr\/wp-json\/wp\/v2\/media\/415"}],"wp:attachment":[{"href":"https:\/\/www.skppsc.ch\/fr\/wp-json\/wp\/v2\/media?parent=45"}],"wp:term":[{"taxonomy":"topic","embeddable":true,"href":"https:\/\/www.skppsc.ch\/fr\/wp-json\/wp\/v2\/topic?post=45"}],"curies":[{"name":"wp","href":"https:\/\/api.w.org\/{rel}","templated":true}]}}