{"id":649,"date":"2017-01-10T16:04:45","date_gmt":"2017-01-10T15:04:45","guid":{"rendered":"https:\/\/www.skppsc.ch\/fr\/?page_id=649"},"modified":"2020-03-03T11:30:55","modified_gmt":"2020-03-03T10:30:55","slug":"1-fermez-toujours-votre-porte","status":"publish","type":"page","link":"https:\/\/www.skppsc.ch\/fr\/sujets\/cambriolage\/1-fermez-toujours-votre-porte\/","title":{"rendered":"1. Fermez toujours votre porte!"},"content":{"rendered":"<html><body><div class=\"default-container content-part\"><div class=\"inner-padding\"><ul>\n<li><strong>Fermez toujours votre porte \u00e0 cl\u00e9,<\/strong> m\u00eame si vous ne vous absentez que quelques instants.<\/li>\n<\/ul>\n<\/div><\/div><\/body><\/html>","protected":false},"excerpt":{"rendered":"<p>Fermez toujours votre porte \u00e0 cl\u00e9, m\u00eame si vous ne vous absentez que quelques instants.<\/p>\n","protected":false},"author":349,"featured_media":650,"parent":100,"menu_order":10,"comment_status":"closed","ping_status":"closed","template":"","meta":{"showSharingButtons":false,"skp-theme-color":"default","_subtitle":null,"alternative_title":"","seoDescription":"","seoKeywords":"","seoTitle":"","featuredVideoEmbedCode":"","featuredYoutubeVideoId":"","notes":"","redirectToPostId":0,"skp-further-information":"","hideTile":false,"pageType":"","editor_notices":[],"footnotes":""},"topic":[29],"class_list":["post-649","page","type-page","status-publish","has-post-thumbnail","hentry","topic-cambriolage-cambriolage"],"aioseo_notices":[],"_links":{"self":[{"href":"https:\/\/www.skppsc.ch\/fr\/wp-json\/wp\/v2\/pages\/649","targetHints":{"allow":["GET"]}}],"collection":[{"href":"https:\/\/www.skppsc.ch\/fr\/wp-json\/wp\/v2\/pages"}],"about":[{"href":"https:\/\/www.skppsc.ch\/fr\/wp-json\/wp\/v2\/types\/page"}],"author":[{"embeddable":true,"href":"https:\/\/www.skppsc.ch\/fr\/wp-json\/wp\/v2\/users\/349"}],"replies":[{"embeddable":true,"href":"https:\/\/www.skppsc.ch\/fr\/wp-json\/wp\/v2\/comments?post=649"}],"version-history":[{"count":0,"href":"https:\/\/www.skppsc.ch\/fr\/wp-json\/wp\/v2\/pages\/649\/revisions"}],"up":[{"embeddable":true,"href":"https:\/\/www.skppsc.ch\/fr\/wp-json\/wp\/v2\/pages\/100"}],"wp:featuredmedia":[{"embeddable":true,"href":"https:\/\/www.skppsc.ch\/fr\/wp-json\/wp\/v2\/media\/650"}],"wp:attachment":[{"href":"https:\/\/www.skppsc.ch\/fr\/wp-json\/wp\/v2\/media?parent=649"}],"wp:term":[{"taxonomy":"topic","embeddable":true,"href":"https:\/\/www.skppsc.ch\/fr\/wp-json\/wp\/v2\/topic?post=649"}],"curies":[{"name":"wp","href":"https:\/\/api.w.org\/{rel}","templated":true}]}}