{"id":651,"date":"2017-01-10T16:25:16","date_gmt":"2017-01-10T15:25:16","guid":{"rendered":"https:\/\/www.skppsc.ch\/fr\/?page_id=651"},"modified":"2026-02-11T13:35:50","modified_gmt":"2026-02-11T12:35:50","slug":"2-fermez-les-fenetre","status":"publish","type":"page","link":"https:\/\/www.skppsc.ch\/fr\/sujets\/cambriolage\/2-fermez-les-fenetre\/","title":{"rendered":"2. Fermez les fen\u00eatres !"},"content":{"rendered":"<html><body><div class=\"default-container content-part\"><div class=\"inner-padding\"><ul>\n<li><strong>Fermez les fen\u00eatres et les portes donnant sur un balcon, une cave ou une terrasse.<\/strong> Pensez-y: une fen\u00eatre bascul\u00e9e est une fen\u00eatre ouverte! Le cambrioleur l\u2019ouvrira sans peine, avec un peu de dext\u00e9rit\u00e9 et sans recourir \u00e0 la force.<\/li>\n<\/ul>\n<\/div><\/div><\/body><\/html>","protected":false},"excerpt":{"rendered":"<p>Fermez les fen\u00eatres et les portes donnant sur un balcon, une cave ou une terrasse. Pensez-y: une fen\u00eatre bascul\u00e9e est une fen\u00eatre ouverte! Le cambrioleur l\u2019ouvrira sans peine, avec un peu de dext\u00e9rit\u00e9 et sans recourir \u00e0 la force.<\/p>\n","protected":false},"author":349,"featured_media":652,"parent":100,"menu_order":20,"comment_status":"closed","ping_status":"closed","template":"","meta":{"showSharingButtons":false,"skp-theme-color":"default","_subtitle":null,"alternative_title":"","seoDescription":"","seoKeywords":"","seoTitle":"","featuredVideoEmbedCode":"","featuredYoutubeVideoId":"","notes":"","redirectToPostId":0,"skp-further-information":"","hideTile":false,"pageType":"","editor_notices":[],"footnotes":""},"topic":[29],"class_list":["post-651","page","type-page","status-publish","has-post-thumbnail","hentry","topic-cambriolage-cambriolage"],"aioseo_notices":[],"_links":{"self":[{"href":"https:\/\/www.skppsc.ch\/fr\/wp-json\/wp\/v2\/pages\/651","targetHints":{"allow":["GET"]}}],"collection":[{"href":"https:\/\/www.skppsc.ch\/fr\/wp-json\/wp\/v2\/pages"}],"about":[{"href":"https:\/\/www.skppsc.ch\/fr\/wp-json\/wp\/v2\/types\/page"}],"author":[{"embeddable":true,"href":"https:\/\/www.skppsc.ch\/fr\/wp-json\/wp\/v2\/users\/349"}],"replies":[{"embeddable":true,"href":"https:\/\/www.skppsc.ch\/fr\/wp-json\/wp\/v2\/comments?post=651"}],"version-history":[{"count":0,"href":"https:\/\/www.skppsc.ch\/fr\/wp-json\/wp\/v2\/pages\/651\/revisions"}],"up":[{"embeddable":true,"href":"https:\/\/www.skppsc.ch\/fr\/wp-json\/wp\/v2\/pages\/100"}],"wp:featuredmedia":[{"embeddable":true,"href":"https:\/\/www.skppsc.ch\/fr\/wp-json\/wp\/v2\/media\/652"}],"wp:attachment":[{"href":"https:\/\/www.skppsc.ch\/fr\/wp-json\/wp\/v2\/media?parent=651"}],"wp:term":[{"taxonomy":"topic","embeddable":true,"href":"https:\/\/www.skppsc.ch\/fr\/wp-json\/wp\/v2\/topic?post=651"}],"curies":[{"name":"wp","href":"https:\/\/api.w.org\/{rel}","templated":true}]}}