{"id":653,"date":"2017-01-10T16:32:18","date_gmt":"2017-01-10T15:32:18","guid":{"rendered":"https:\/\/www.skppsc.ch\/fr\/?page_id=653"},"modified":"2020-03-03T11:31:06","modified_gmt":"2020-03-03T10:31:06","slug":"3-bon-voisinage","status":"publish","type":"page","link":"https:\/\/www.skppsc.ch\/fr\/sujets\/cambriolage\/3-bon-voisinage\/","title":{"rendered":"3. Bon voisinage!"},"content":{"rendered":"<html><body><div class=\"default-container content-part\"><div class=\"inner-padding\"><ul>\n<li><strong>Un des obstacles les plus efficaces pour dissuader les cambrioleurs est d\u2019entretenir des relations de bon voisinage.<\/strong> Informez vos voisins quand vous partez en vacances<strong>.<\/strong> S\u2019ils savent que les lieux sont inoccup\u00e9s et qu\u2019ils entendent des bruits dans votre appartement ou votre maison ou qu\u2019ils voient de la lumi\u00e8re, ils penseront tout de suite \u00e0 un cambriolage. Si vous \u00eates absent pour un certain temps, il faudrait que quelqu\u2019un s\u2019occupe de votre courrier, car une bo\u00eete aux lettres qui d\u00e9borde signale que vous \u00eates en voyage.\u00a0<\/li>\n<\/ul>\n<\/div><\/div><\/body><\/html>","protected":false},"excerpt":{"rendered":"<p>Un des obstacles les plus efficaces pour dissuader les cambrioleurs est d\u2019entretenir des relations de bon voisinage. Informez vos voisins quand vous partez en vacances. S\u2019ils savent que les lieux sont inoccup\u00e9s et qu\u2019ils entendent des bruits dans votre appartement ou votre maison ou qu\u2019ils voient de la lumi\u00e8re, ils penseront tout de suite \u00e0 [&hellip;]<\/p>\n","protected":false},"author":349,"featured_media":654,"parent":100,"menu_order":30,"comment_status":"closed","ping_status":"closed","template":"","meta":{"showSharingButtons":false,"skp-theme-color":"default","_subtitle":null,"alternative_title":"","seoDescription":"","seoKeywords":"","seoTitle":"","featuredVideoEmbedCode":"","featuredYoutubeVideoId":"","notes":"","redirectToPostId":0,"skp-further-information":"","hideTile":false,"pageType":"","editor_notices":[],"footnotes":""},"topic":[29],"class_list":["post-653","page","type-page","status-publish","has-post-thumbnail","hentry","topic-cambriolage-cambriolage"],"aioseo_notices":[],"_links":{"self":[{"href":"https:\/\/www.skppsc.ch\/fr\/wp-json\/wp\/v2\/pages\/653","targetHints":{"allow":["GET"]}}],"collection":[{"href":"https:\/\/www.skppsc.ch\/fr\/wp-json\/wp\/v2\/pages"}],"about":[{"href":"https:\/\/www.skppsc.ch\/fr\/wp-json\/wp\/v2\/types\/page"}],"author":[{"embeddable":true,"href":"https:\/\/www.skppsc.ch\/fr\/wp-json\/wp\/v2\/users\/349"}],"replies":[{"embeddable":true,"href":"https:\/\/www.skppsc.ch\/fr\/wp-json\/wp\/v2\/comments?post=653"}],"version-history":[{"count":0,"href":"https:\/\/www.skppsc.ch\/fr\/wp-json\/wp\/v2\/pages\/653\/revisions"}],"up":[{"embeddable":true,"href":"https:\/\/www.skppsc.ch\/fr\/wp-json\/wp\/v2\/pages\/100"}],"wp:featuredmedia":[{"embeddable":true,"href":"https:\/\/www.skppsc.ch\/fr\/wp-json\/wp\/v2\/media\/654"}],"wp:attachment":[{"href":"https:\/\/www.skppsc.ch\/fr\/wp-json\/wp\/v2\/media?parent=653"}],"wp:term":[{"taxonomy":"topic","embeddable":true,"href":"https:\/\/www.skppsc.ch\/fr\/wp-json\/wp\/v2\/topic?post=653"}],"curies":[{"name":"wp","href":"https:\/\/api.w.org\/{rel}","templated":true}]}}