{"id":655,"date":"2017-01-10T16:36:48","date_gmt":"2017-01-10T15:36:48","guid":{"rendered":"https:\/\/www.skppsc.ch\/fr\/?page_id=655"},"modified":"2020-03-03T11:31:11","modified_gmt":"2020-03-03T10:31:11","slug":"4-simulez-votre-presence","status":"publish","type":"page","link":"https:\/\/www.skppsc.ch\/fr\/sujets\/cambriolage\/4-simulez-votre-presence\/","title":{"rendered":"4. Simulez votre pr\u00e9sence!"},"content":{"rendered":"<html><body><div class=\"default-container content-part\"><div class=\"inner-padding\"><ul>\n<li><strong>Bien que la majorit\u00e9 des cambriolages se produisent de jour, il ne faut pas sous-estimer l\u2019importance de l\u2019\u00e9clairage dans la lutte anti-effraction.<\/strong> Installez une minuterie pendant les mois d\u2019hiver, quand la nuit tombe t\u00f4t, ou lors d\u2019absences prolong\u00e9es. Le dispositif d\u2019\u00e9clairage programm\u00e9 par minuterie permettra de simuler votre pr\u00e9sence \u00e0 intervalles irr\u00e9guliers dans diff\u00e9rentes pi\u00e8ces de votre habitation. Impossible d\u00e8s lors \u00e0 un cambrioleur s\u00e9vissant le soir ou pendant les mois d\u2019hiver de savoir si les gens sont chez eux ou pas.<\/li>\n<\/ul>\n<\/div><\/div><\/body><\/html>","protected":false},"excerpt":{"rendered":"<p>Bien que la majorit\u00e9 des cambriolages se produisent de jour, il ne faut pas sous-estimer l\u2019importance de l\u2019\u00e9clairage dans la lutte anti-effraction. Installez une minuterie pendant les mois d\u2019hiver, quand la nuit tombe t\u00f4t, ou lors d\u2019absences prolong\u00e9es. Le dispositif d\u2019\u00e9clairage programm\u00e9 par minuterie permettra de simuler votre pr\u00e9sence \u00e0 intervalles irr\u00e9guliers dans diff\u00e9rentes pi\u00e8ces [&hellip;]<\/p>\n","protected":false},"author":349,"featured_media":656,"parent":100,"menu_order":40,"comment_status":"closed","ping_status":"closed","template":"","meta":{"showSharingButtons":false,"skp-theme-color":"default","_subtitle":null,"alternative_title":"","seoDescription":"","seoKeywords":"","seoTitle":"","featuredVideoEmbedCode":"","featuredYoutubeVideoId":"","notes":"","redirectToPostId":0,"skp-further-information":"","hideTile":false,"pageType":"","editor_notices":[],"footnotes":""},"topic":[29],"class_list":["post-655","page","type-page","status-publish","has-post-thumbnail","hentry","topic-cambriolage-cambriolage"],"aioseo_notices":[],"_links":{"self":[{"href":"https:\/\/www.skppsc.ch\/fr\/wp-json\/wp\/v2\/pages\/655","targetHints":{"allow":["GET"]}}],"collection":[{"href":"https:\/\/www.skppsc.ch\/fr\/wp-json\/wp\/v2\/pages"}],"about":[{"href":"https:\/\/www.skppsc.ch\/fr\/wp-json\/wp\/v2\/types\/page"}],"author":[{"embeddable":true,"href":"https:\/\/www.skppsc.ch\/fr\/wp-json\/wp\/v2\/users\/349"}],"replies":[{"embeddable":true,"href":"https:\/\/www.skppsc.ch\/fr\/wp-json\/wp\/v2\/comments?post=655"}],"version-history":[{"count":0,"href":"https:\/\/www.skppsc.ch\/fr\/wp-json\/wp\/v2\/pages\/655\/revisions"}],"up":[{"embeddable":true,"href":"https:\/\/www.skppsc.ch\/fr\/wp-json\/wp\/v2\/pages\/100"}],"wp:featuredmedia":[{"embeddable":true,"href":"https:\/\/www.skppsc.ch\/fr\/wp-json\/wp\/v2\/media\/656"}],"wp:attachment":[{"href":"https:\/\/www.skppsc.ch\/fr\/wp-json\/wp\/v2\/media?parent=655"}],"wp:term":[{"taxonomy":"topic","embeddable":true,"href":"https:\/\/www.skppsc.ch\/fr\/wp-json\/wp\/v2\/topic?post=655"}],"curies":[{"name":"wp","href":"https:\/\/api.w.org\/{rel}","templated":true}]}}