{"id":657,"date":"2017-01-10T16:40:09","date_gmt":"2017-01-10T15:40:09","guid":{"rendered":"https:\/\/www.skppsc.ch\/fr\/?page_id=657"},"modified":"2020-03-03T11:31:17","modified_gmt":"2020-03-03T10:31:17","slug":"5-faites-vous-conseiller","status":"publish","type":"page","link":"https:\/\/www.skppsc.ch\/fr\/sujets\/cambriolage\/5-faites-vous-conseiller\/","title":{"rendered":"5. Faites-vous conseiller!"},"content":{"rendered":"<html><body><div class=\"default-container content-part\"><div class=\"inner-padding\"><ul>\n<li><strong>Faites-vous conseiller par des experts de la police,<\/strong> si vous pr\u00e9voyez d\u2019installer un dispositif de s\u00e9curit\u00e9 m\u00e9canique, comprenant serrures suppl\u00e9mentaires, verrous ou fen\u00eatres \u00e0 barreau, ou un dispositif \u00e9lectrique ou \u00e9lectronique anti-effraction, comprenant d\u00e9tecteur de mouvement avec \u00e9clairage-choc ou syst\u00e8me d\u2019alarme. Le <a href=\"https:\/\/www.skppsc.ch\/fr\/contact-police\/\">conseil en s\u00e9curit\u00e9<\/a> est l\u2019occasion de faire le tour de votre bien ou de votre appartement avec des experts de la police qui vous indiqueront quels sont les points sensibles et comment am\u00e9liorer la protection anti-effraction.\u00a0<\/li>\n<\/ul>\n<\/div><\/div><\/body><\/html>","protected":false},"excerpt":{"rendered":"<p>Faites-vous conseiller par des experts de la police, si vous pr\u00e9voyez d\u2019installer un dispositif de s\u00e9curit\u00e9 m\u00e9canique, comprenant serrures suppl\u00e9mentaires, verrous ou fen\u00eatres \u00e0 barreau, ou un dispositif \u00e9lectrique ou \u00e9lectronique anti-effraction, comprenant d\u00e9tecteur de mouvement avec \u00e9clairage-choc ou syst\u00e8me d\u2019alarme. Le conseil en s\u00e9curit\u00e9 est l\u2019occasion de faire le tour de votre bien ou [&hellip;]<\/p>\n","protected":false},"author":349,"featured_media":658,"parent":100,"menu_order":50,"comment_status":"closed","ping_status":"closed","template":"","meta":{"showSharingButtons":false,"skp-theme-color":"default","_subtitle":null,"alternative_title":"","seoDescription":"","seoKeywords":"","seoTitle":"","featuredVideoEmbedCode":"","featuredYoutubeVideoId":"","notes":"","redirectToPostId":0,"skp-further-information":"","hideTile":false,"pageType":"","editor_notices":[],"footnotes":""},"topic":[29],"class_list":["post-657","page","type-page","status-publish","has-post-thumbnail","hentry","topic-cambriolage-cambriolage"],"aioseo_notices":[],"_links":{"self":[{"href":"https:\/\/www.skppsc.ch\/fr\/wp-json\/wp\/v2\/pages\/657","targetHints":{"allow":["GET"]}}],"collection":[{"href":"https:\/\/www.skppsc.ch\/fr\/wp-json\/wp\/v2\/pages"}],"about":[{"href":"https:\/\/www.skppsc.ch\/fr\/wp-json\/wp\/v2\/types\/page"}],"author":[{"embeddable":true,"href":"https:\/\/www.skppsc.ch\/fr\/wp-json\/wp\/v2\/users\/349"}],"replies":[{"embeddable":true,"href":"https:\/\/www.skppsc.ch\/fr\/wp-json\/wp\/v2\/comments?post=657"}],"version-history":[{"count":0,"href":"https:\/\/www.skppsc.ch\/fr\/wp-json\/wp\/v2\/pages\/657\/revisions"}],"up":[{"embeddable":true,"href":"https:\/\/www.skppsc.ch\/fr\/wp-json\/wp\/v2\/pages\/100"}],"wp:featuredmedia":[{"embeddable":true,"href":"https:\/\/www.skppsc.ch\/fr\/wp-json\/wp\/v2\/media\/658"}],"wp:attachment":[{"href":"https:\/\/www.skppsc.ch\/fr\/wp-json\/wp\/v2\/media?parent=657"}],"wp:term":[{"taxonomy":"topic","embeddable":true,"href":"https:\/\/www.skppsc.ch\/fr\/wp-json\/wp\/v2\/topic?post=657"}],"curies":[{"name":"wp","href":"https:\/\/api.w.org\/{rel}","templated":true}]}}