{"id":660,"date":"2017-01-10T16:47:51","date_gmt":"2017-01-10T15:47:51","guid":{"rendered":"https:\/\/www.skppsc.ch\/fr\/?page_id=660"},"modified":"2020-03-03T11:34:01","modified_gmt":"2020-03-03T10:34:01","slug":"appelez-la-police","status":"publish","type":"page","link":"https:\/\/www.skppsc.ch\/fr\/sujets\/cambriolage\/appelez-la-police\/","title":{"rendered":"Appelez la police!"},"content":{"rendered":"<html><body><div class=\"default-container content-part\"><div class=\"inner-padding\"><ul>\n<li><strong>Si vous surprenez un cambrioleur en flagrant d\u00e9lit, ne tentez surtout pas de le retenir, et encore moins de le ma\u00eetriser!<\/strong> Ne vous faites pas rep\u00e9rer et appelez la police (117). Retenez le signalement des intrus, quel v\u00e9hicule ils ont utilis\u00e9 et dans quelle direction ils sont partis. Tentez de noter leur num\u00e9ro de plaque min\u00e9ralogique, mais faites attention de ne pas vous mettre en danger!\u00a0<\/li>\n<\/ul>\n<\/div><\/div><\/body><\/html>","protected":false},"excerpt":{"rendered":"<p>Si vous surprenez un cambrioleur en flagrant d\u00e9lit, ne tentez surtout pas de le retenir, et encore moins de le ma\u00eetriser! Ne vous faites pas rep\u00e9rer et appelez la police (117). Retenez le signalement des intrus, quel v\u00e9hicule ils ont utilis\u00e9 et dans quelle direction ils sont partis. Tentez de noter leur num\u00e9ro de plaque [&hellip;]<\/p>\n","protected":false},"author":349,"featured_media":661,"parent":100,"menu_order":60,"comment_status":"closed","ping_status":"closed","template":"","meta":{"showSharingButtons":false,"skp-theme-color":"default","_subtitle":null,"alternative_title":"","seoDescription":"","seoKeywords":"","seoTitle":"","featuredVideoEmbedCode":"","featuredYoutubeVideoId":"","notes":"","redirectToPostId":0,"skp-further-information":"","hideTile":false,"pageType":"","editor_notices":[],"footnotes":""},"topic":[29],"class_list":["post-660","page","type-page","status-publish","has-post-thumbnail","hentry","topic-cambriolage-cambriolage"],"aioseo_notices":[],"_links":{"self":[{"href":"https:\/\/www.skppsc.ch\/fr\/wp-json\/wp\/v2\/pages\/660","targetHints":{"allow":["GET"]}}],"collection":[{"href":"https:\/\/www.skppsc.ch\/fr\/wp-json\/wp\/v2\/pages"}],"about":[{"href":"https:\/\/www.skppsc.ch\/fr\/wp-json\/wp\/v2\/types\/page"}],"author":[{"embeddable":true,"href":"https:\/\/www.skppsc.ch\/fr\/wp-json\/wp\/v2\/users\/349"}],"replies":[{"embeddable":true,"href":"https:\/\/www.skppsc.ch\/fr\/wp-json\/wp\/v2\/comments?post=660"}],"version-history":[{"count":0,"href":"https:\/\/www.skppsc.ch\/fr\/wp-json\/wp\/v2\/pages\/660\/revisions"}],"up":[{"embeddable":true,"href":"https:\/\/www.skppsc.ch\/fr\/wp-json\/wp\/v2\/pages\/100"}],"wp:featuredmedia":[{"embeddable":true,"href":"https:\/\/www.skppsc.ch\/fr\/wp-json\/wp\/v2\/media\/661"}],"wp:attachment":[{"href":"https:\/\/www.skppsc.ch\/fr\/wp-json\/wp\/v2\/media?parent=660"}],"wp:term":[{"taxonomy":"topic","embeddable":true,"href":"https:\/\/www.skppsc.ch\/fr\/wp-json\/wp\/v2\/topic?post=660"}],"curies":[{"name":"wp","href":"https:\/\/api.w.org\/{rel}","templated":true}]}}