{"id":664,"date":"2017-01-10T16:52:36","date_gmt":"2017-01-10T15:52:36","guid":{"rendered":"https:\/\/www.skppsc.ch\/fr\/?page_id=664"},"modified":"2020-03-03T11:33:56","modified_gmt":"2020-03-03T10:33:56","slug":"decrivez-le-butin","status":"publish","type":"page","link":"https:\/\/www.skppsc.ch\/fr\/sujets\/cambriolage\/decrivez-le-butin\/","title":{"rendered":"D\u00e9crivez le butin."},"content":{"rendered":"<html><body><div class=\"default-container content-part\"><div class=\"inner-padding\"><ul>\n<li><strong>D\u00e9crivez le butin aussi pr\u00e9cis\u00e9ment que possible.<\/strong> Vous avez peut-\u00eatre des photos, des tickets de caisse, des garanties qui livrent des informations importantes sur les objets vol\u00e9s. Ces indications sont enregistr\u00e9es dans une base de donn\u00e9es de la police. Au cas o\u00f9 les objets vol\u00e9s referaient surface un jour ou si l\u2019enqu\u00eate polici\u00e8re permet de les saisir, ils pourront \u00eatre identifi\u00e9s sans \u00e9quivoque et vous seront restitu\u00e9s.<\/li>\n<\/ul>\n<\/div><\/div><\/body><\/html>","protected":false},"excerpt":{"rendered":"<p>D\u00e9crivez le butin aussi pr\u00e9cis\u00e9ment que possible. Vous avez peut-\u00eatre des photos, des tickets de caisse, des garanties qui livrent des informations importantes sur les objets vol\u00e9s. Ces indications sont enregistr\u00e9es dans une base de donn\u00e9es de la police. Au cas o\u00f9 les objets vol\u00e9s referaient surface un jour ou si l\u2019enqu\u00eate polici\u00e8re permet de [&hellip;]<\/p>\n","protected":false},"author":349,"featured_media":665,"parent":100,"menu_order":80,"comment_status":"closed","ping_status":"closed","template":"","meta":{"showSharingButtons":false,"skp-theme-color":"default","_subtitle":null,"alternative_title":"","seoDescription":"","seoKeywords":"","seoTitle":"","featuredVideoEmbedCode":"","featuredYoutubeVideoId":"","notes":"","redirectToPostId":0,"skp-further-information":"","hideTile":false,"pageType":"","editor_notices":[],"footnotes":""},"topic":[29],"class_list":["post-664","page","type-page","status-publish","has-post-thumbnail","hentry","topic-cambriolage-cambriolage"],"aioseo_notices":[],"_links":{"self":[{"href":"https:\/\/www.skppsc.ch\/fr\/wp-json\/wp\/v2\/pages\/664","targetHints":{"allow":["GET"]}}],"collection":[{"href":"https:\/\/www.skppsc.ch\/fr\/wp-json\/wp\/v2\/pages"}],"about":[{"href":"https:\/\/www.skppsc.ch\/fr\/wp-json\/wp\/v2\/types\/page"}],"author":[{"embeddable":true,"href":"https:\/\/www.skppsc.ch\/fr\/wp-json\/wp\/v2\/users\/349"}],"replies":[{"embeddable":true,"href":"https:\/\/www.skppsc.ch\/fr\/wp-json\/wp\/v2\/comments?post=664"}],"version-history":[{"count":0,"href":"https:\/\/www.skppsc.ch\/fr\/wp-json\/wp\/v2\/pages\/664\/revisions"}],"up":[{"embeddable":true,"href":"https:\/\/www.skppsc.ch\/fr\/wp-json\/wp\/v2\/pages\/100"}],"wp:featuredmedia":[{"embeddable":true,"href":"https:\/\/www.skppsc.ch\/fr\/wp-json\/wp\/v2\/media\/665"}],"wp:attachment":[{"href":"https:\/\/www.skppsc.ch\/fr\/wp-json\/wp\/v2\/media?parent=664"}],"wp:term":[{"taxonomy":"topic","embeddable":true,"href":"https:\/\/www.skppsc.ch\/fr\/wp-json\/wp\/v2\/topic?post=664"}],"curies":[{"name":"wp","href":"https:\/\/api.w.org\/{rel}","templated":true}]}}