{"id":666,"date":"2017-01-10T16:59:28","date_gmt":"2017-01-10T15:59:28","guid":{"rendered":"https:\/\/www.skppsc.ch\/fr\/?page_id=666"},"modified":"2020-03-03T11:33:45","modified_gmt":"2020-03-03T10:33:45","slug":"holen-sie-sich-hilfe","status":"publish","type":"page","link":"https:\/\/www.skppsc.ch\/fr\/sujets\/cambriolage\/holen-sie-sich-hilfe\/","title":{"rendered":"Demandez de l\u2019aide."},"content":{"rendered":"<html><body><div class=\"default-container content-part\"><div class=\"inner-padding\"><ul>\n<li><strong>Les victimes de cambriolages sont nombreuses \u00e0 rapporter que les d\u00e9g\u00e2ts mat\u00e9riels p\u00e8sent moins lourd que les cons\u00e9quences \u00e9motionnelles.<\/strong> Les victimes se sentent souvent atteintes dans leur sph\u00e8re priv\u00e9e; leur besoin de s\u00e9curit\u00e9 et leur confiance sont \u00e9branl\u00e9es dans leurs fondements. Beaucoup de personnes qui ont \u00e9t\u00e9 cambriol\u00e9es racontent qu\u2019elles se sont senties seules, livr\u00e9es \u00e0 leurs peurs et \u00e0 leurs \u00e9motions. C\u2019est malheureusement la r\u00e9alit\u00e9, en partie tout au moins. La police se charge de la pr\u00e9vention et du travail d\u2019enqu\u00eate, tandis que l\u2019aide aux victimes est habilit\u00e9e par la loi \u00e0 intervenir seulement si la victime a \u00e9t\u00e9 directement confront\u00e9e \u00e0 l\u2019auteur. La Pr\u00e9vention Suisse de la Criminalit\u00e9 a publi\u00e9 la brochure <a href=\"https:\/\/www.skppsc.ch\/fr\/telechargement\/cambriolage-et-maintenant\/\">\u00abCambriolage \u2013 et maintenant?\u00bb<\/a>, qui r\u00e9unit quelques conseils qui vous aideront \u00e0 panser aussi vos plaies affectives.<\/li>\n<\/ul>\n<\/div><\/div><\/body><\/html>","protected":false},"excerpt":{"rendered":"<p>Les victimes de cambriolages sont nombreuses \u00e0 rapporter que les d\u00e9g\u00e2ts mat\u00e9riels p\u00e8sent moins lourd que les cons\u00e9quences \u00e9motionnelles. Les victimes se sentent souvent atteintes dans leur sph\u00e8re priv\u00e9e; leur besoin de s\u00e9curit\u00e9 et leur confiance sont \u00e9branl\u00e9es dans leurs fondements. Beaucoup de personnes qui ont \u00e9t\u00e9 cambriol\u00e9es racontent qu\u2019elles se sont senties seules, livr\u00e9es [&hellip;]<\/p>\n","protected":false},"author":349,"featured_media":667,"parent":100,"menu_order":90,"comment_status":"closed","ping_status":"closed","template":"","meta":{"showSharingButtons":false,"skp-theme-color":"default","_subtitle":null,"alternative_title":"","seoDescription":"","seoKeywords":"","seoTitle":"","featuredVideoEmbedCode":"","featuredYoutubeVideoId":"","notes":"","redirectToPostId":0,"skp-further-information":"","hideTile":false,"pageType":"","editor_notices":[],"footnotes":""},"topic":[29],"class_list":["post-666","page","type-page","status-publish","has-post-thumbnail","hentry","topic-cambriolage-cambriolage"],"aioseo_notices":[],"_links":{"self":[{"href":"https:\/\/www.skppsc.ch\/fr\/wp-json\/wp\/v2\/pages\/666","targetHints":{"allow":["GET"]}}],"collection":[{"href":"https:\/\/www.skppsc.ch\/fr\/wp-json\/wp\/v2\/pages"}],"about":[{"href":"https:\/\/www.skppsc.ch\/fr\/wp-json\/wp\/v2\/types\/page"}],"author":[{"embeddable":true,"href":"https:\/\/www.skppsc.ch\/fr\/wp-json\/wp\/v2\/users\/349"}],"replies":[{"embeddable":true,"href":"https:\/\/www.skppsc.ch\/fr\/wp-json\/wp\/v2\/comments?post=666"}],"version-history":[{"count":0,"href":"https:\/\/www.skppsc.ch\/fr\/wp-json\/wp\/v2\/pages\/666\/revisions"}],"up":[{"embeddable":true,"href":"https:\/\/www.skppsc.ch\/fr\/wp-json\/wp\/v2\/pages\/100"}],"wp:featuredmedia":[{"embeddable":true,"href":"https:\/\/www.skppsc.ch\/fr\/wp-json\/wp\/v2\/media\/667"}],"wp:attachment":[{"href":"https:\/\/www.skppsc.ch\/fr\/wp-json\/wp\/v2\/media?parent=666"}],"wp:term":[{"taxonomy":"topic","embeddable":true,"href":"https:\/\/www.skppsc.ch\/fr\/wp-json\/wp\/v2\/topic?post=666"}],"curies":[{"name":"wp","href":"https:\/\/api.w.org\/{rel}","templated":true}]}}