{"id":1058,"date":"2018-12-20T15:26:24","date_gmt":"2018-12-20T14:26:24","guid":{"rendered":"https:\/\/www.skppsc.ch\/it\/?page_id=1058"},"modified":"2026-02-26T12:09:45","modified_gmt":"2026-02-26T11:09:45","slug":"bussola-del-coraggio-civile","status":"publish","type":"page","link":"https:\/\/www.skppsc.ch\/it\/progetti\/coraggio-civile\/bussola-del-coraggio-civile\/","title":{"rendered":"Bussola del coraggio civile"},"content":{"rendered":"<html><body><div class=\"default-container content-part\"><div class=\"inner-padding\"><div><strong>Il progetto perseguiva due obiettivi:<\/strong><\/div>\n<ul>\n<li>fornire chiare indicazioni e informazioni alla popolazione su come si pu\u00f2 e si dovrebbe dar prova di coraggio in determinate situazioni;<\/li>\n<li>presentare la polizia come un\u2019organizzazione affidabile, moderna e vicina ai cittadini, a cui ci si pu\u00f2 rivolgere con le proprie domande e incertezze.<\/li>\n<\/ul>\n<div>Attraverso brevi videomessaggi, un agente di polizia si \u00e8 rivolto direttamente alla popolazione su un tema specifico. <span class=\"TextRun SCXW224005860 BCX8\" lang=\"IT-CH\" xml:lang=\"IT-CH\" data-contrast=\"auto\"><span class=\"NormalTextRun SCXW224005860 BCX8\">Obiettivo: invitare popolazione a dare prova di coraggio civile.<\/span><\/span><span class=\"EOP SCXW224005860 BCX8\" data-ccp-props=\"{}\">\u00a0<\/span><\/div>\n<div>\u00a0<\/div>\n<div>Sito sul progetto: <a href=\"http:\/\/www.coraggiocivile.ch\" target=\"_blank\" rel=\"noopener noreferrer\">www.coraggiocivile.ch<\/a><\/div>\n<\/div><\/div><\/body><\/html>","protected":false},"excerpt":{"rendered":"<p>Nel 2018, la Prevenzione Svizzera della Criminalit\u00e0, in collaborazione con i corpi di polizia cantonali e i corpi di polizia delle citt\u00e0 pi\u00f9 grandi, ha realizzato il progetto \u00abCome dar prova di coraggio civile? La polizia informa\u00bb. La campagna \u00e8 stata rilanciata sui social media nel 2021.<\/p>\n","protected":false},"author":349,"featured_media":1059,"parent":2058,"menu_order":2,"comment_status":"closed","ping_status":"closed","template":"","meta":{"showSharingButtons":false,"skp-theme-color":"three","_subtitle":null,"alternative_title":"","seoDescription":"","seoKeywords":"","seoTitle":"","featuredVideoEmbedCode":"","featuredYoutubeVideoId":"","notes":"","redirectToPostId":0,"skp-further-information":"","hideTile":false,"pageType":"","editor_notices":[],"footnotes":""},"topic":[],"class_list":["post-1058","page","type-page","status-publish","has-post-thumbnail","hentry"],"aioseo_notices":[],"_links":{"self":[{"href":"https:\/\/www.skppsc.ch\/it\/wp-json\/wp\/v2\/pages\/1058","targetHints":{"allow":["GET"]}}],"collection":[{"href":"https:\/\/www.skppsc.ch\/it\/wp-json\/wp\/v2\/pages"}],"about":[{"href":"https:\/\/www.skppsc.ch\/it\/wp-json\/wp\/v2\/types\/page"}],"author":[{"embeddable":true,"href":"https:\/\/www.skppsc.ch\/it\/wp-json\/wp\/v2\/users\/349"}],"replies":[{"embeddable":true,"href":"https:\/\/www.skppsc.ch\/it\/wp-json\/wp\/v2\/comments?post=1058"}],"version-history":[{"count":0,"href":"https:\/\/www.skppsc.ch\/it\/wp-json\/wp\/v2\/pages\/1058\/revisions"}],"up":[{"embeddable":true,"href":"https:\/\/www.skppsc.ch\/it\/wp-json\/wp\/v2\/pages\/2058"}],"wp:featuredmedia":[{"embeddable":true,"href":"https:\/\/www.skppsc.ch\/it\/wp-json\/wp\/v2\/media\/1059"}],"wp:attachment":[{"href":"https:\/\/www.skppsc.ch\/it\/wp-json\/wp\/v2\/media?parent=1058"}],"wp:term":[{"taxonomy":"topic","embeddable":true,"href":"https:\/\/www.skppsc.ch\/it\/wp-json\/wp\/v2\/topic?post=1058"}],"curies":[{"name":"wp","href":"https:\/\/api.w.org\/{rel}","templated":true}]}}