{"id":1133,"date":"2019-09-18T12:54:31","date_gmt":"2019-09-18T10:54:31","guid":{"rendered":"https:\/\/www.skppsc.ch\/it\/?page_id=1133"},"modified":"2026-03-13T09:46:10","modified_gmt":"2026-03-13T08:46:10","slug":"romance-scam-italiano","status":"publish","type":"page","link":"https:\/\/www.skppsc.ch\/it\/temi\/internet\/romance-scam-italiano\/","title":{"rendered":"Truffa dell\u2019amore"},"content":{"rendered":"<html><body><div class=\"default-container content-part\"><div class=\"inner-padding\">\n<h2 class=\"wp-block-heading foreground-primary\">Definizione<\/h2>\n\n\n\n<p>Da qualche tempo esiste una forma moderna di truffa con promessa di matrimonio chiamata \u201cRomance Scam\u201d o \u201cLove Scam\u201d. Tradotto in italiano significa truffa dell\u2019amore o truffa romantica. Per mettere a segno questa forma di truffa, i truffatori e le truffatrici creano falsi profili sui media sociali o sui siti d\u2019incontri in Internet allo scopo di fingersi innamorati della persona caduta nella loro trappola per poi ottenere da lei dei contributi finanziari.<\/p>\n\n\n\n<\/div><\/div><div class=\"default-container content-part replaced-hr\"><div class=\"inner-padding\">\n\n\n\n<h2 class=\"wp-block-heading foreground-primary\">Modus operandi<\/h2>\n\n\n\n<p>Il truffatore o la truffatrice (il termine inglese scammer significa truffatore) naviga in Internet sotto un falso profilo e contatta la sua vittima su una piattaforma internet, p. es. Facebook. Questo impostore inizia dapprima con lo scambiare messaggi con la sua preda. Poi, in modo stranamente molto rapido, dice di essersi innamorato\/a. Se la vittima abbocca, sar\u00e0 inondata da complimenti e paroline dolci fino a quando si invaghir\u00e0 effettivamente \u2026 di un\u2019illusione (p. es. un top manager canadese o un soldato americano di stanza in Afghanistan). Se la vittima \u00e8 un uomo eterosessuale, l\u2019illusione assumer\u00e0 naturalmente le sembianze di una donna bellissima. Ovviamente il vero sesso del truffatore o della truffatrice non ha alcuna importanza. Per settimane e mesi la presunta relazione amorosa si sviluppa via Skype, WhatsApp o altre piattaforme. Si fanno piani comuni per il futuro e i due si vogliono anche incontrare nella vita reale.<\/p>\n\n\n\n<p>Ma proprio a questo punto succede l\u2019imprevisto! Poco prima dell\u2019appuntamento fissato, il truffatore o la truffatrice asserisce di essere stato\/a coinvolto\/a in un incidente, di essersi ammalato\/a o di essere stato\/a derubato\/a in aeroporto. A questo punto la vittima \u00e8 invitata ad assumere i costi di trattamento, di viaggio o altre spese, e di versare l\u2019importo necessario via trasferimento di denaro o su un conto all\u2019estero. Invece, i problemi e gli ostacoli si moltiplicano e la vittima \u00e8 ogni volta invitata a versare nuovamente del denaro. Tuttavia, l\u2019agognato incontro non avverr\u00e0 mai.<\/p>\n\n\n\n\t\t\t<details class=\"wp-block-details read-more-details\">\n\t\t\t\t<summary>Mostrare di pi\u00f9<\/summary>\n\t\t\t\t<p>Se la vittima smette di pagare o diventa sospettosa, il truffatore o la truffatrice cambia strategia: diventa allora pi\u00f9 insistente e minaccia la sua preda di lasciarla, mettendola cos\u00ec con le spalle al muro. E se neppure questo metodo funziona, il truffatore o la truffatrice ricorre ad altri trucchi. Se p. es. \u00e8 in possesso di foto intime che la sua preda innamorata gli\/le aveva inviato in buona fede, la minaccia dicendole che le utilizzer\u00e0 per ricattarla <a href=\"https:\/\/www.skppsc.ch\/it\/temi\/internet\/sextortion\/\">(sextortion)<\/a>. Oppure la vittima \u00e8 improvvisamente contattata da una sedicente \u201cautorit\u00e0\u201d o un presunto \u201cavvocato\u201d dall\u2019estero che afferma di aver arrestato il truffatore o la truffatrice insieme al suo bottino. Quest\u2019ultimo potr\u00e0 per\u00f2 essere recuperato solo previo pagamento di una \u201ctassa amministrativa\u201d.<\/p>\n<p>In altre parole: chi ha versato una volta del denaro, continuer\u00e0 ad essere assillato con i trucchi pi\u00f9 svariati fino a quando non interromper\u00e0 definitivamente i contatti con il truffatore o la truffatrice.<\/p>\n<p>\n\t\t\t<\/p><\/details>\n\t\t\t\n\n\n\n<\/div><\/div><div class=\"default-container content-part replaced-hr\"><div class=\"inner-padding\">\n\n\n\n<h2 class=\"wp-block-heading foreground-primary\">Cosa fa la polizia?<\/h2>\n\n\n\n<p>Non c\u2019\u00e8 da biasimarsi per essere caduti nella trappola della truffa romantica, n\u00e9 se si tratta di voi, n\u00e9 se si tratta di una persona che conoscete. Ricordatevi che la polizia \u00e8 l\u00ec non certo per giudicare, ma per dare la caccia ai criminali. La vostra denuncia in polizia pu\u00f2 evitare ad altre potenziali vittime di cadere nella trappola di questi delinquenti. Al posto di polizia fornite tutte le informazioni utili sulla <a href=\"https:\/\/www.skppsc.ch\/it\/temi\/furto-truffa\/truffa\/\">truffa <\/a>(dati del conto, numeri di telefono, indirizzi e-mail, nomi dei profili, ecc.).<\/p>\n\n\n\n<\/div><\/div><div class=\"default-container clues content-part children-count-3 children-count-odd\"><div class=\"inner-padding\"><a id=\"tips\"><\/a><h2 class=\"subcontent-main-title foreground-primary foreground-primary\">Cosa posso fare?<\/h2><div class=\"clues-inner-table clues-count-odd\"><div class=\"clue-item clues-count-odd clues-count-3 background-faded\"><div class=\"clue damit-sie-nicht-opfer-eines-liebesbetrugs-werden-italiano\"><p class=\"clue-image\"><img loading=\"lazy\" decoding=\"async\" width=\"640\" height=\"320\" src=\"https:\/\/www.skppsc.ch\/it\/wp-content\/uploads\/sites\/7\/2019\/09\/romance_scam_tipp1-640x320.jpg\" class=\"attachment-skp-thumbnail-force-ratio size-skp-thumbnail-force-ratio wp-post-image\" alt=\"\" srcset=\"https:\/\/www.skppsc.ch\/it\/wp-content\/uploads\/sites\/7\/2019\/09\/romance_scam_tipp1-640x320.jpg 640w, https:\/\/www.skppsc.ch\/it\/wp-content\/uploads\/sites\/7\/2019\/09\/romance_scam_tipp1-300x150.jpg 300w, https:\/\/www.skppsc.ch\/it\/wp-content\/uploads\/sites\/7\/2019\/09\/romance_scam_tipp1-768x384.jpg 768w, https:\/\/www.skppsc.ch\/it\/wp-content\/uploads\/sites\/7\/2019\/09\/romance_scam_tipp1.jpg 800w\" sizes=\"auto, (max-width: 640px) 100vw, 640px\"><\/p><h3 class=\"clue-title background-primary foreground-title\">Come evitare di diventare vittima di una truffa dell\u2019amore<\/h3><p><!-- wp:list --><\/p>\n<ul>\n<li>Non accettate domande di amicizia su Facebook o piattaforme simili da parte di persone che non conoscete nella vita reale.<\/li>\n<li>Chiedetevi se \u00e8 sensato che una persona seducente, con una buona posizione professionale, che vive in un paese lontano e non ha alcun legame con voi desideri improvvisamente iniziare una relazione a distanza con voi.<\/li>\n<li>Diffidate di una persona conosciuta su un sito di incontri che vi parla gi\u00e0 del grande amore ancora prima del primo incontro.<\/li>\n<li>Interrompete subito i contatti non appena vi si chiede del denaro, di inviare merci (p. es. telefonini, carte iTunes, ecc.) o di ricevere dei pacchi.<\/li>\n<li>Non mettete mai a disposizione di terzi il vostro conto bancario o postale per effettuare transazioni finanziare. Potreste essere passibili di sanzioni penali <a href=\"https:\/\/www.skppsc.ch\/it\/temi\/internet\/money-mules\/\">(riciclaggio di denaro)<\/a>!<\/li>\n<li>Non inviate mai vostre foto intime o compromettenti che neppure voi pubblichereste.<\/li>\n<li>Tenete presente che in Internet si pu\u00f2 falsificare tutto: interi profili con elenco di amici, foto, documenti ufficiali, film, giustificativi, fotocopie di passaporti, numeri di telefono, ecc.<\/li>\n<\/ul>\n<p><!-- \/wp:list --><\/p>\n<\/div><\/div><div class=\"clue-item clues-count-odd clues-count-3 background-faded\"><div class=\"clue falls-sie-opfer-eines-liebesbetrugs-wurden-italiano\"><p class=\"clue-image\"><img loading=\"lazy\" decoding=\"async\" width=\"640\" height=\"320\" src=\"https:\/\/www.skppsc.ch\/it\/wp-content\/uploads\/sites\/7\/2019\/09\/romance_scam_tipp2-640x320.jpg\" class=\"attachment-skp-thumbnail-force-ratio size-skp-thumbnail-force-ratio wp-post-image\" alt=\"\" srcset=\"https:\/\/www.skppsc.ch\/it\/wp-content\/uploads\/sites\/7\/2019\/09\/romance_scam_tipp2-640x320.jpg 640w, https:\/\/www.skppsc.ch\/it\/wp-content\/uploads\/sites\/7\/2019\/09\/romance_scam_tipp2-300x150.jpg 300w, https:\/\/www.skppsc.ch\/it\/wp-content\/uploads\/sites\/7\/2019\/09\/romance_scam_tipp2-768x384.jpg 768w, https:\/\/www.skppsc.ch\/it\/wp-content\/uploads\/sites\/7\/2019\/09\/romance_scam_tipp2.jpg 800w\" sizes=\"auto, (max-width: 640px) 100vw, 640px\"><\/p><h3 class=\"clue-title background-primary foreground-title\">Come agire se si \u00e8 gi\u00e0 caduti nella trappola della truffa dell\u2019amore<\/h3><p><!-- wp:list --><\/p>\n<ul>\n<li>Non inviate pi\u00f9 n\u00e9 denaro, n\u00e9 merci!<\/li>\n<li>Sporgete denuncia alla polizia.<\/li>\n<li>Poi interrompete subito e definitivamente i contatti con il truffatore o la truffatrice e bloccatelo\/a su tutti i vostri canali.<\/li>\n<li>Se siete contattati da presunti \"difensori delle vittime\" (per es. \"Interpol\", la \"polizia di un altro paese\", un \"avvocato specializzato in materia\", ecc.), non date assolutamente seguito alle loro richieste.<\/li>\n<li>Parlate di quanto vi \u00e8 capitato con una persona di fiducia e chiedete un aiuto psicologico, se vi rendete conto che tutta questa storia vi pesa.<\/li>\n<li>In caso di problemi finanziari, rivolgetevi al centro di consulenza per il risanamento dei debiti del vostro cantone. <\/li>\n<\/ul>\n<p><!-- \/wp:list --><\/p>\n<\/div><\/div><div class=\"clue-item clues-count-odd clues-count-3 background-faded\"><div class=\"clue sie-kennen-jemanden-der-opfer-eines-liebesbetrugs-wurde-italiano\"><p class=\"clue-image\"><img loading=\"lazy\" decoding=\"async\" width=\"640\" height=\"320\" src=\"https:\/\/www.skppsc.ch\/it\/wp-content\/uploads\/sites\/7\/2019\/09\/romance_scam_tipp3-640x320.jpg\" class=\"attachment-skp-thumbnail-force-ratio size-skp-thumbnail-force-ratio wp-post-image\" alt=\"\" srcset=\"https:\/\/www.skppsc.ch\/it\/wp-content\/uploads\/sites\/7\/2019\/09\/romance_scam_tipp3-640x320.jpg 640w, https:\/\/www.skppsc.ch\/it\/wp-content\/uploads\/sites\/7\/2019\/09\/romance_scam_tipp3-300x150.jpg 300w, https:\/\/www.skppsc.ch\/it\/wp-content\/uploads\/sites\/7\/2019\/09\/romance_scam_tipp3-768x384.jpg 768w, https:\/\/www.skppsc.ch\/it\/wp-content\/uploads\/sites\/7\/2019\/09\/romance_scam_tipp3.jpg 800w\" sizes=\"auto, (max-width: 640px) 100vw, 640px\"><\/p><h3 class=\"clue-title background-primary foreground-title\">Come aiutare un conoscente vittima di una truffa dell\u2019amore<\/h3><p><!-- wp:list --><\/p>\n<ul class=\"wp-block-list\"><!-- wp:list-item -->\n<li>Cercate di far capire al vostro conoscente che \u00e8 vittima di una truffa, mettendogli a disposizione le nostre informazioni.<\/li>\n<p><!-- \/wp:list-item --><\/p>\n<p><!-- wp:list-item --><\/p>\n<li>Motivate la vittima a recarsi presso un posto di polizia.<\/li>\n<p><!-- \/wp:list-item --><\/p>\n<p><!-- wp:list-item --><\/p>\n<li>Se la vittima non vuole sentir ragione e se la sua situazione finanziaria \u00e8 messa in pericolo, potete anche rivolgervi all'autorit\u00e0 cantonale di protezione degli adulti. <\/li>\n<p><!-- \/wp:list-item --><\/p><\/ul>\n<p><!-- \/wp:list --><\/p>\n<\/div><\/div><\/div><\/div><\/div><div class=\"default-container content-part\"><div class=\"inner-padding\">\n\n\n\n<h2 class=\"wp-block-heading foreground-primary\">Ulteriori informazioni e trasmissioni su Romance Scam<\/h2>\n\n\n\n<p><a href=\"https:\/\/www.youtube.com\/watch?v=wa-orbWlBhs\">Truffe affettive: la storia di Francesca<\/a><\/p>\n\n\n\n<\/div><\/div><div class=\"full content-part post-name-gande-amore-no-grande-truffa  post-type-download\"><div class=\"inner-padding\"><p class=\"featured-image download hide-on-mobile\"><a href=\"https:\/\/www.skppsc.ch\/it\/wp-content\/uploads\/sites\/7\/2019\/07\/truffa_amore.pdf\" download target=\"_blank\"><img loading=\"lazy\" decoding=\"async\" width=\"640\" height=\"908\" src=\"https:\/\/www.skppsc.ch\/it\/wp-content\/uploads\/sites\/7\/2019\/07\/truffa_amore-640x908.jpg\" class=\"attachment-skp-thumbnail-keep-ratio size-skp-thumbnail-keep-ratio wp-post-image\" alt=\"\" srcset=\"https:\/\/www.skppsc.ch\/it\/wp-content\/uploads\/sites\/7\/2019\/07\/truffa_amore-640x908.jpg 640w, https:\/\/www.skppsc.ch\/it\/wp-content\/uploads\/sites\/7\/2019\/07\/truffa_amore-211x300.jpg 211w, https:\/\/www.skppsc.ch\/it\/wp-content\/uploads\/sites\/7\/2019\/07\/truffa_amore-768x1090.jpg 768w, https:\/\/www.skppsc.ch\/it\/wp-content\/uploads\/sites\/7\/2019\/07\/truffa_amore.jpg 800w\" sizes=\"auto, (max-width: 640px) 100vw, 640px\"><\/a><\/p><div class=\"remaining-content\"><h2 class=\"sub-content-title  foreground-primary foreground-primary\">Grande amore? No, grande truffa!<\/h2><h3 class=\"sub-content-subtitle \">Come riconoscere ed evitare la truffa dell\u2019amore in Internet<\/h3><p>In questo opuscolo si tematizza la truffa dell\u2019amore in Internet. I termini \u201cRomance Scam\u201d o \u201cLove Scam\u201d designano una forma di truffa dell\u2019anticipo che colpisce le persone alla ricerca di un partner nel mondo virtuale di Internet. In questo opuscolo trovate una descrizione dettagliata di questa forma di reato e numerosi consigli utili per proteggervi da questa truffa o per aiutare un vostro conoscente gi\u00e0 vittima di una truffa dell\u2019amore.<br>\n<\/p>\n<p class=\"featured-image download mobile-only\"><a href=\"https:\/\/www.skppsc.ch\/it\/wp-content\/uploads\/sites\/7\/2019\/07\/truffa_amore.pdf\" download target=\"_blank\"><img loading=\"lazy\" decoding=\"async\" width=\"640\" height=\"908\" src=\"https:\/\/www.skppsc.ch\/it\/wp-content\/uploads\/sites\/7\/2019\/07\/truffa_amore-640x908.jpg\" class=\"attachment-skp-thumbnail-keep-ratio size-skp-thumbnail-keep-ratio wp-post-image\" alt=\"\" srcset=\"https:\/\/www.skppsc.ch\/it\/wp-content\/uploads\/sites\/7\/2019\/07\/truffa_amore-640x908.jpg 640w, https:\/\/www.skppsc.ch\/it\/wp-content\/uploads\/sites\/7\/2019\/07\/truffa_amore-211x300.jpg 211w, https:\/\/www.skppsc.ch\/it\/wp-content\/uploads\/sites\/7\/2019\/07\/truffa_amore-768x1090.jpg 768w, https:\/\/www.skppsc.ch\/it\/wp-content\/uploads\/sites\/7\/2019\/07\/truffa_amore.jpg 800w\" sizes=\"auto, (max-width: 640px) 100vw, 640px\"><\/a><\/p><div class=\"download-bottom-actions \"><a href=\"https:\/\/www.skppsc.ch\/it\/wp-content\/uploads\/sites\/7\/2019\/07\/truffa_amore.pdf\" download target=\"_blank\" class=\"large skp-icon skp-download-pdf download-icon \" title=\"\"><span class=\"link-text\"><\/span><\/a><u-add-to-cart :options='[{\"id\":1975,\"title\":\"Grosse Liebe? Grosse L\\u00fcge!\",\"byline\":\"Faltblatt, A5, 8 Seiten, 2019\",\"lang\":\"de\",\"siteId\":2,\"cartHash\":\"len\",\"amount\":0,\"max\":\"9999\",\"articleNumber\":\"10069\"},{\"id\":1239,\"title\":\"Grand amour ou grosse arnaque ?\",\"byline\":\"D\\u00e9pliant, A5, 8 pages, 2019\",\"lang\":\"fr\",\"siteId\":5,\"cartHash\":\"1i17\",\"amount\":0,\"max\":\"9999\",\"articleNumber\":\"20069\"},{\"id\":1115,\"title\":\"Grande amore? No, grande truffa!\",\"byline\":\"Pieghevole, A5, 8 pagine, 2019\",\"lang\":\"it\",\"siteId\":7,\"cartHash\":\"25eb\",\"amount\":0,\"max\":\"9999\",\"articleNumber\":\"30069\"}]' :is-logged-in=\"false\" login-url=\"https:\/\/www.skppsc.ch\/it\/wp-login.php?redirect_to=https%3A%2F%2Fwww.skppsc.ch%2Fit%2Fwp-json%2Fwp%2Fv2%2Fpages%2F1133%3Fpr%3D25eb%2325eb\" police-url=\"https:\/\/www.skppsc.ch\/it\/contatto-polizia\/\" :initially-opened=\"false\"><\/u-add-to-cart><\/div><\/div><\/div><\/div><div class=\"default-container content-part\"><div class=\"inner-padding\">\n\n\n\n<\/div><\/div><div class=\"full content-part image-wrapper image-2173\"><img width=\"2560\" height=\"1280\" src=\"https:\/\/www.skppsc.ch\/it\/wp-content\/uploads\/sites\/7\/2025\/02\/romance_scam2-2560x1280.jpg\" class=\"attachment-skp-large-force-ratio size-skp-large-force-ratio\" alt=\"\" srcset=\"https:\/\/www.skppsc.ch\/it\/wp-content\/uploads\/sites\/7\/2025\/02\/romance_scam2-2560x1280.jpg 2560w, https:\/\/www.skppsc.ch\/it\/wp-content\/uploads\/sites\/7\/2025\/02\/romance_scam2-300x150.jpg 300w, https:\/\/www.skppsc.ch\/it\/wp-content\/uploads\/sites\/7\/2025\/02\/romance_scam2-1024x512.jpg 1024w, https:\/\/www.skppsc.ch\/it\/wp-content\/uploads\/sites\/7\/2025\/02\/romance_scam2-768x384.jpg 768w, https:\/\/www.skppsc.ch\/it\/wp-content\/uploads\/sites\/7\/2025\/02\/romance_scam2-1536x768.jpg 1536w, https:\/\/www.skppsc.ch\/it\/wp-content\/uploads\/sites\/7\/2025\/02\/romance_scam2-2048x1024.jpg 2048w, https:\/\/www.skppsc.ch\/it\/wp-content\/uploads\/sites\/7\/2025\/02\/romance_scam2-640x320.jpg 640w, https:\/\/www.skppsc.ch\/it\/wp-content\/uploads\/sites\/7\/2025\/02\/romance_scam2-1280x640.jpg 1280w\" sizes=\"(max-width: 2560px) 100vw, 2560px\"><\/div><div class=\"default-container content-part\"><div class=\"inner-padding\">\n\n\n\n\n\n<p><\/p>\n<\/div><\/div><\/body><\/html>","protected":false},"excerpt":{"rendered":"<p>Chi desidera oggi trovare l&#8217;amore, in Internet si imbatte in una scelta quasi illimitata di potenziali principi azzurri e angeli del focolare provenienti dal mondo intero. Ma attenzione! I cuori solitari sono molto sensibili, pronti ad accettare lusinghe e dichiarazioni d\u2019amore, anche se non sono per nulla serie. Questi cuori assetati d\u2019amore sono facili prede per i truffatori e le truffatrici, che ne approfittano per sfruttarli in modo mirato allo scopo di arricchirsi finanziariamente.<\/p>\n","protected":false},"author":349,"featured_media":2172,"parent":138,"menu_order":10,"comment_status":"closed","ping_status":"closed","template":"","meta":{"showSharingButtons":false,"skp-theme-color":"twelve","_subtitle":"","alternative_title":"","seoDescription":"","seoKeywords":"","seoTitle":"","featuredVideoEmbedCode":"","featuredYoutubeVideoId":"","notes":"","redirectToPostId":0,"skp-further-information":"<a href=\"https:\/\/www.skppsc.ch\/it\/download\/romance-scam\/\" target=\"_blank\" rel=\"noopener\" title=\"Video della PSC\">Video della PSC<\/a>","hideTile":false,"pageType":"","editor_notices":[],"footnotes":""},"topic":[82],"class_list":["post-1133","page","type-page","status-publish","has-post-thumbnail","hentry","topic-truffa-dell-amore"],"aioseo_notices":[],"_links":{"self":[{"href":"https:\/\/www.skppsc.ch\/it\/wp-json\/wp\/v2\/pages\/1133","targetHints":{"allow":["GET"]}}],"collection":[{"href":"https:\/\/www.skppsc.ch\/it\/wp-json\/wp\/v2\/pages"}],"about":[{"href":"https:\/\/www.skppsc.ch\/it\/wp-json\/wp\/v2\/types\/page"}],"author":[{"embeddable":true,"href":"https:\/\/www.skppsc.ch\/it\/wp-json\/wp\/v2\/users\/349"}],"replies":[{"embeddable":true,"href":"https:\/\/www.skppsc.ch\/it\/wp-json\/wp\/v2\/comments?post=1133"}],"version-history":[{"count":0,"href":"https:\/\/www.skppsc.ch\/it\/wp-json\/wp\/v2\/pages\/1133\/revisions"}],"up":[{"embeddable":true,"href":"https:\/\/www.skppsc.ch\/it\/wp-json\/wp\/v2\/pages\/138"}],"wp:featuredmedia":[{"embeddable":true,"href":"https:\/\/www.skppsc.ch\/it\/wp-json\/wp\/v2\/media\/2172"}],"wp:attachment":[{"href":"https:\/\/www.skppsc.ch\/it\/wp-json\/wp\/v2\/media?parent=1133"}],"wp:term":[{"taxonomy":"topic","embeddable":true,"href":"https:\/\/www.skppsc.ch\/it\/wp-json\/wp\/v2\/topic?post=1133"}],"curies":[{"name":"wp","href":"https:\/\/api.w.org\/{rel}","templated":true}]}}