{"id":12,"date":"2016-11-04T15:27:07","date_gmt":"2016-11-04T14:27:07","guid":{"rendered":"https:\/\/www.skppsc.ch\/de\/?page_id=12"},"modified":"2026-01-07T14:39:12","modified_gmt":"2026-01-07T13:39:12","slug":"stalking","status":"publish","type":"page","link":"https:\/\/www.skppsc.ch\/it\/temi\/violenza\/stalking\/","title":{"rendered":"Stalking"},"content":{"rendered":"<html><body><div class=\"default-container content-part\"><div class=\"inner-padding\"><h2 class=\" foreground-primary\">Definizione<\/h2>\n<p>Il termine \u201cstalking\u201d deriva dal gergo venatorio inglese (to stalk) e significa letteralmente \u201cbraccare, avvicinarsi di soppiatto, stare alle calcagna\u201d. Per estensione, lo stalking designa generalmente il \u201ccomportamento persecutorio e\/o molesto intenzionale e perseverante\u201d di una persona nei confronti di un\u2019altra. La persona che persegue \u00e8 detta stalker, mentre la persona presa di mira \u00e8 la vittima di stalking. Lo stalking pu\u00f2 minacciare e danneggiare direttamente, indirettamente o a lungo termine l\u2019integrit\u00e0 fisica o psichica della persona oggetto di stalking e, eventualmente, dei suoi figli e familiari. Pu\u00f2 inoltre favorire il suo isolamento sociale.<\/p>\n<\/div><\/div><div class=\"default-container content-part   \" style=\";\"><div class=\"inner-padding\">\n<h2 class=\" foreground-primary\">Tipiche azioni compiute da stalker<\/h2>\n<p>Lo <strong>stalking<\/strong> non \u00e8 un modo di agire unico, ma si compone di diverse azioni combinate e ripetitive. I seguenti comportamenti possono rientrare in azioni catalogabili come stalking.<\/p>\n<ul>\n<li>Inviare comunicazioni non desiderate tramite lettere in quantit\u00e0 tali da diventare fastidiose.<\/li>\n<li>Effettuare continue telefonate ad ogni ora del giorno e della notte.<\/li>\n<li>Fare appostamenti, osservare o addirittura pedinare la persona presa di mira, nonch\u00e9 sorvegliare le sue abitudini quotidiane.<\/li>\n<li>Interrogare terzi e prendere contatto con la persona presa di mira tramite terzi.<\/li>\n<li>Rubare e leggere la corrispondenza della persona presa di mira.<\/li>\n<li>Fare false accuse, per esempio in polizia o presso il datore di lavoro.<\/li>\n<li>Effettuare ordinazioni e pubblicare inserzioni, come offerte di sesso o necrologi, a nome della vittima.<\/li>\n<li>Inviare regali indesiderati.<\/li>\n<li>Proferire insulti e minacce.<\/li>\n<li>Introdursi nell\u2019abitazione della persona presa di mira.<\/li>\n<li>Danneggiare o rubare beni della persona presa di mira.<\/li>\n<li>Compiere aggressioni fisiche o sessuali.<\/li>\n<\/ul>\n<p>Si parla di <strong>cyberstalking<\/strong> quando questo comportamento intrusivo utilizza Internet o i media elettronici. Si manifesta spesso attraverso i seguenti comportamenti:<\/p>\n<ul>\n<li>Inviare comunicazioni non desiderate via e-mail, SMS o messaggi tramite servizi di messaggistica online in quantit\u00e0 tali da diventare fastidiose.<\/li>\n<li>Spiare le attivit\u00e0 online della persona presa di mira.<\/li>\n<li>Usare indebitamente i social media per danneggiare la persona presa di mira, per esempio creando falsi profili o pubblicando informazioni private in Internet.<\/li>\n<\/ul>\n<\/div><\/div><div class=\"full content-part image-wrapper image-365\"><img width=\"2560\" height=\"1280\" src=\"https:\/\/www.skppsc.ch\/it\/wp-content\/uploads\/sites\/7\/2016\/11\/stalking2-2560x1280.jpg\" class=\"attachment-skp-large-force-ratio size-skp-large-force-ratio\" alt=\"\" srcset=\"https:\/\/www.skppsc.ch\/it\/wp-content\/uploads\/sites\/7\/2016\/11\/stalking2-2560x1280.jpg 2560w, https:\/\/www.skppsc.ch\/it\/wp-content\/uploads\/sites\/7\/2016\/11\/stalking2-300x150.jpg 300w, https:\/\/www.skppsc.ch\/it\/wp-content\/uploads\/sites\/7\/2016\/11\/stalking2-768x384.jpg 768w, https:\/\/www.skppsc.ch\/it\/wp-content\/uploads\/sites\/7\/2016\/11\/stalking2-640x320.jpg 640w, https:\/\/www.skppsc.ch\/it\/wp-content\/uploads\/sites\/7\/2016\/11\/stalking2-1280x640.jpg 1280w\" sizes=\"(max-width: 2560px) 100vw, 2560px\"><\/div><div class=\"default-container content-part\"><div class=\"inner-padding\">\n<h2 class=\" foreground-primary\">Cause<\/h2>\n<p>Non esiste una risposta univoca in grado di spiegare i motivi che spingono lo\/la <em>stalker<\/em> a comportarsi in questo modo. I motivi pi\u00f9 frequenti all\u2019origine dello stalking sono la vendetta, l\u2019odio e la smania di protagonismo. In linea di principio, a mettere in atto lo stalking \u00e8 una persona che rifiuta di accettare l\u2019intenzione della o del partner di separarsi, che rifiuta di accettare di essere stata respinta da una persona con cui desidera instaurare una relazione intima (erotomania o delirio d\u2019amore), che desidera vendicarsi per un (presunto) torto subito, ad esempio un licenziamento, nei confronti dei responsabili o che non riceve l\u2019attenzione pubblica desiderata e spera cos\u00ec di ottenerla, almeno indirettamente, mettendo solitamente in atto lo stalking ai danni di una persona famosa.<\/p>\n<p>Lo<em> stalking <\/em>\u00e8 presente in tutti gli strati sociali e riguarda indistintamente uomini e donne, indipendentemente dal loro orientamento sessuale. Anche se non vi sono dati certi sul numero di persone oggetto di stalking in Svizzera, \u00e8 indubbio che gli e le stalker provengono, nella maggior parte dei casi, dal contesto sociale della vittima. Inoltre, gli uomini che mettono in atto lo stalking ai danni delle donne sono nettamente pi\u00f9 numerosi delle donne che fanno altrettanto nei confronti degli uomini.<\/p>\n<\/div><\/div><div class=\"default-container content-part   \" style=\";\"><div class=\"inner-padding\">\n<h2 class=\" foreground-primary\">Situazione giuridica<\/h2>\n<p>Dal 1\u00b0 gennaio 2026, lo stalking \u00e8 considerato un reato penale in Svizzera. Nel Codice penale (CP) \u00e8 quindi stato inserito un nuovo articolo di legge (<a href=\"https:\/\/www.fedlex.admin.ch\/eli\/cc\/54\/757_781_799\/it#art_181_b\" target=\"_blank\" rel=\"noopener\">art. 181b<\/a>) denominato <strong>\u201cAtti persecutori\u201d<\/strong>:<\/p>\n<p>\u201cChiunque insistentemente segue, molesta o minaccia una persona in una maniera atta a limitarne considerevolmente il libero modo di vivere, \u00e8 punito, a querela di parte, con una pena detentiva sino a tre anni o con una pena pecuniaria.\u201d<\/p>\n<p>Gli \u201catti persecutori\u201d costituiscono quindi un reato perseguibile a querela di parte. Chiunque si senta vittima di stalking pu\u00f2 sporgere denuncia in polizia e ottenere in tal modo l\u2019avvio di un\u2019indagine nei confronti dello o della stalker.<\/p>\n<p>Si possono adottare misure anche a livello di diritto civile (art. 28b e 28c CC).<\/p>\n<p>Dato che molto spesso le persone vittime di stalking hanno o hanno avuto una relazione personale (rapporto di coppia o unione coniugale) con lo o la stalker, lo stalking pu\u00f2 anche essere equiparato ad una forma di violenza domestica (cfr. a questo proposito l\u2019opuscolo della PSC \u201cQuando l\u2019infelicit\u00e0 \u00e8 di casa\u201d). \u00c8 opportuno inoltre menzionare in questa sede che alcuni dei fatti punibili gi\u00e0 citati in precedenza come la minaccia, il furto con scasso, le lesioni personali e gli abusi sessuali, commessi dallo o dalla stalker, sono gi\u00e0 di per s\u00e9 dei reati perseguibili d\u2019ufficio.<\/p>\n<\/div><\/div><div class=\"default-container content-part   \" style=\";\"><div class=\"inner-padding\">\n<h2 class=\" foreground-primary\">Cosa fa la polizia?<\/h2>\n<p>Anche se all\u2019inizio del processo il comportamento di <em>stalking<\/em> pu\u00f2 essere percepito come una sgradevole violazione della sfera privata, le azioni dello\/a <em>stalker<\/em>, che in un primo tempo sembrano benevole, possono mutare rapidamente. Gli\/Le <em>stalker<\/em> possono diventare pericolosi\/e, poich\u00e9 spesso soffrono di una percezione distorta della realt\u00e0 e quindi interpretano il rifiuto espresso dalla loro vittima in modo errato oppure non lo percepiscono affatto.<\/p>\n<p>Molti\/e <em>stalker<\/em> lasciano la vittima tranquilla nel momento in cui intervengono le autorit\u00e0. Prima la polizia impone limiti chiari, pi\u00f9 gli\/le <em>stalker<\/em> interromperanno i loro comportamenti e meno le vittime dovranno temere gravi conseguenze. <!--StartFragment --><span class=\"cf0\">Pertanto, non \u00e8 consigliabile evitare di denunciare gli\/le <\/span><em><span class=\"cf1\">stalker<\/span><\/em><span class=\"cf0\"> alle autorit\u00e0 per paura di reazioni ancora peggiori da parte loro.<\/span><!--EndFragment --><!--EndFragment --><\/p>\n<p>In caso di denuncia, la polizia inizier\u00e0 in un primo tempo ad esaminare tutte le circostanze e a classificarle dal punto di vista penale. Se necessario, verr\u00e0 attivato un piano di <a href=\"https:\/\/www.skppsc.ch\/it\/progetti\/gestione-cantonale-delle-minacce\/\" target=\"_blank\" rel=\"noopener\">gestione delle minacce<\/a><strong>\u00a0<\/strong>per individuare, valutare e allentare situazioni di pericolo e minaccia.<\/p>\n<p>La polizia pu\u00f2 interpellare lo o la stalker in quanto persona potenzialmente pericolosa e, se necessario, procedere al suo arresto provvisorio e disporre un divieto temporaneo di avvicinamento e contatto nei confronti della persona oggetto di stalking e dei suoi figli eventuali.<\/p>\n<p>In caso di pericolo imminente, deve sempre chiamare la polizia al numero 117.<\/p>\n<\/div><\/div><div class=\"full content-part image-wrapper image-367\"><img width=\"2560\" height=\"1280\" src=\"https:\/\/www.skppsc.ch\/it\/wp-content\/uploads\/sites\/7\/2016\/11\/stalking3-2560x1280.jpg\" class=\"attachment-skp-large-force-ratio size-skp-large-force-ratio\" alt=\"\" srcset=\"https:\/\/www.skppsc.ch\/it\/wp-content\/uploads\/sites\/7\/2016\/11\/stalking3-2560x1280.jpg 2560w, https:\/\/www.skppsc.ch\/it\/wp-content\/uploads\/sites\/7\/2016\/11\/stalking3-300x150.jpg 300w, https:\/\/www.skppsc.ch\/it\/wp-content\/uploads\/sites\/7\/2016\/11\/stalking3-768x384.jpg 768w, https:\/\/www.skppsc.ch\/it\/wp-content\/uploads\/sites\/7\/2016\/11\/stalking3-640x320.jpg 640w, https:\/\/www.skppsc.ch\/it\/wp-content\/uploads\/sites\/7\/2016\/11\/stalking3-1280x640.jpg 1280w\" sizes=\"(max-width: 2560px) 100vw, 2560px\"><\/div><div class=\"default-container content-part\"><div class=\"inner-padding\">\n<\/div><\/div><div class=\"default-container clues content-part children-count-2 children-count-even\"><div class=\"inner-padding\"><a id=\"tips\"><\/a><h2 class=\"subcontent-main-title foreground-primary foreground-primary\">Cosa posso fare?<\/h2><div class=\"clues-inner-table clues-count-even\"><div class=\"clue-item clues-count-even clues-count-2 background-faded\"><div class=\"clue was-koennen-sie-als-betroffene-person-tun\"><p class=\"clue-image\"><img loading=\"lazy\" decoding=\"async\" width=\"640\" height=\"320\" src=\"https:\/\/www.skppsc.ch\/it\/wp-content\/uploads\/sites\/7\/2016\/12\/stalkingtipp1-640x320.jpg\" class=\"attachment-skp-thumbnail-force-ratio size-skp-thumbnail-force-ratio wp-post-image\" alt=\"\" srcset=\"https:\/\/www.skppsc.ch\/it\/wp-content\/uploads\/sites\/7\/2016\/12\/stalkingtipp1-640x320.jpg 640w, https:\/\/www.skppsc.ch\/it\/wp-content\/uploads\/sites\/7\/2016\/12\/stalkingtipp1-300x150.jpg 300w, https:\/\/www.skppsc.ch\/it\/wp-content\/uploads\/sites\/7\/2016\/12\/stalkingtipp1-768x384.jpg 768w, https:\/\/www.skppsc.ch\/it\/wp-content\/uploads\/sites\/7\/2016\/12\/stalkingtipp1.jpg 800w\" sizes=\"auto, (max-width: 640px) 100vw, 640px\"><\/p><h3 class=\"clue-title background-primary foreground-title\">Cosa potete fare se siete una vittima?<\/h3><ul>\n<li><strong>Dite una buona volta<\/strong> (!) allo o alla stalker, in modo chiaro ed inequivocabile, e preferibilmente in presenza di testimoni, che <strong>non<\/strong> volete <strong>pi\u00f9<\/strong> avere <strong>alcun tipo di contatto<\/strong> con lui o lei.<\/li>\n<li><strong style=\"color: initial\">Interrompete <\/strong><span style=\"color: initial\">anche qualsiasi <\/span><strong style=\"color: initial\">contatto digitale<\/strong><span style=\"color: initial\">: assicuratevi di avere il controllo esclusivo sui vostri dispositivi, account e applicazioni. Se condividete degli account, modificate tutte le vostre password. <\/span><strong style=\"color: initial\">Bloccate<\/strong><span style=\"color: initial\"> tutti i numeri di telefono e gli indirizzi e-mail dello o della stalker. Disattivate la geolocalizzazione sul vostro dispositivo mobile e sulle vostre applicazioni. Controllate che tutti i vostri profili sui social network siano contrassegnati come privati e verificare l'elenco dei vostri contatti. Ulteriori informazioni utili sono disponibili\u00a0<\/span><a href=\"https:\/\/www.bern.ch\/themen\/sicherheit\/schutz-vor-gewalt\/stalking\/cyberstalking\" target=\"_blank\" rel=\"noopener\">qui <\/a><span style=\"color: initial\">(solo in tedesco).<\/span><\/li>\n<li><span style=\"color: initial\">Continuate ad essere <\/span><strong style=\"color: initial\">coerenti<\/strong><span style=\"color: initial\">! Non date seguito, in nessun caso, ad ulteriori tentativi di contatto.<\/span><\/li>\n<\/ul>\n<p>Se, malgrado tutto, lo stalking continua:<\/p>\n<ul>\n<li><strong>Cercate aiuto<\/strong>. Rivolgetevi per esempio ad un <a href=\"https:\/\/www.opferhilfe-schweiz.ch\/it\/dove-posso-trovare-aiuto\/\" target=\"_blank\" rel=\"noopener\">consultorio per l'Aiuto alle vittime di reati<\/a> che potr\u00e0 fornirvi un sostegno in quest'ambito.<\/li>\n<li><span style=\"color: initial\">Non esitate a sporgere <\/span><strong style=\"color: initial\">denuncia<\/strong><span style=\"color: initial\">. \u00c8 fondamentale intervenire tempestivamente contro lo stalking. La polizia ha la possibilit\u00e0 di adottare misure immediate nei confronti dello o della stalker.<\/span><\/li>\n<li><strong style=\"color: initial\">Infor<\/strong><strong>mate<span style=\"color: initial\"> la vostra <\/span>cerchia<\/strong><span style=\"color: initial\"><strong> familiare, sociale e lavorativa<\/strong> in merito alla situazione. Renderla di pubblico dominio pu\u00f2 avere un effetto protettivo.<\/span><\/li>\n<li>Tenete un \"<strong>diario dello stalking<\/strong>\". Documentate tutto ci\u00f2 che lo o la stalker scrive, invia o fa, indicando data e ora. La raccolta di materiale probatorio vi consentir\u00e0 di sostenere le vostre accuse nel caso di un eventuale procedimento penale. \u00c8 possibile compilare un\u00a0<a href=\"https:\/\/with-you.ch\/it\/safe-withyou\" target=\"_blank\" rel=\"noopener\">diario online <\/a>utilizzando uno strumento sicuro Safe withyou.<\/li>\n<li>In caso di pericolo imminente o minaccia concreta, chiamate sempre la polizia al <strong>117, il numero d\u2019emergenza!<\/strong><\/li>\n<\/ul>\n<\/div><\/div><div class=\"clue-item clues-count-even clues-count-2 background-faded\"><div class=\"clue was-koennen-sie-als-angehoerige-tun\"><p class=\"clue-image\"><img loading=\"lazy\" decoding=\"async\" width=\"640\" height=\"320\" src=\"https:\/\/www.skppsc.ch\/it\/wp-content\/uploads\/sites\/7\/2016\/12\/stalkingtipp2-640x320.jpg\" class=\"attachment-skp-thumbnail-force-ratio size-skp-thumbnail-force-ratio wp-post-image\" alt=\"\" srcset=\"https:\/\/www.skppsc.ch\/it\/wp-content\/uploads\/sites\/7\/2016\/12\/stalkingtipp2-640x320.jpg 640w, https:\/\/www.skppsc.ch\/it\/wp-content\/uploads\/sites\/7\/2016\/12\/stalkingtipp2-300x150.jpg 300w, https:\/\/www.skppsc.ch\/it\/wp-content\/uploads\/sites\/7\/2016\/12\/stalkingtipp2-768x384.jpg 768w, https:\/\/www.skppsc.ch\/it\/wp-content\/uploads\/sites\/7\/2016\/12\/stalkingtipp2.jpg 800w\" sizes=\"auto, (max-width: 640px) 100vw, 640px\"><\/p><h3 class=\"clue-title background-primary foreground-title\">Cosa potete fare come parenti?<\/h3><ul>\n<li><strong>Non intervenite!<\/strong> La situazione delicata pu\u00f2 acuirsi non solo per le azioni sconsiderate della vittima, bens\u00ec anche a causa del modo di agire dei familiari. I parenti dovrebbero evitare di affrontare lo\/la <em>stalker<\/em> o di fungere da mediatori fra lo\/la <em>stalker<\/em> e la vittima. La protezione della vittima ha la priorit\u00e0 assoluta. In generale \u00e8 quindi meglio interrompere ogni contatto con lo\/la stalker. Si dovrebbe inoltre dare importanza alla sfera privata della vittima. Spesso gli\/le stalker cercano di ottenere da parenti e amici informazioni sulla vittima. Se conversazioni di questo tipo non vengono bloccate sistematicamente, si potrebbe preparare il terreno per ulteriori azioni.<\/li>\n<li><strong>Sostenete la vittima!<\/strong> Il compito principale dei parenti \u00e8 proprio quello di sostenere la vittima. Molte vittime si sentono inermi a causa delle azioni di stalking e perdono rapidamente la fiducia in loro stesse e di conseguenza si isolano socialmente. Le persone vicine dovrebbero fare in modo che ci\u00f2 non accada, cercando il contatto con la vittima e sostenendola nello svolgimento delle sue attivit\u00e0 professionali e di svago abituali. Se le vittime esprimono la necessit\u00e0 di avere un dialogo aperto, i parenti dovrebbero ascoltare con attenzione senza mettere in dubbio i racconti della vittima. Spesso, le vittime di stalking soffrono per la mancanza di comprensione da parte delle persone che le circondano. Inoltre, parenti e amici possono aiutare le vittime a compiere il passo, spesso difficile, di recarsi in polizia o di rivolgersi ad un consultorio per vittime di reati. Scrivere insieme nel \"diario dello stalking\", come un rituale settimanale, facilita alle vittime il compito di aggiornare sistematicamente questo documento e spesso semplifica l'avvio di un dialogo aperto.<\/li>\n<\/ul>\n<\/div><\/div><\/div><\/div><\/div><div class=\"default-container content-part\"><div class=\"inner-padding\">\n<\/div><\/div><div class=\"full content-part post-name-stalking-porre-dei-limiti  post-type-download\"><div class=\"inner-padding\"><p class=\"featured-image download hide-on-mobile\"><a href=\"https:\/\/www.skppsc.ch\/it\/wp-content\/uploads\/sites\/7\/2016\/12\/stalking_it.pdf\" download target=\"_blank\"><img loading=\"lazy\" decoding=\"async\" width=\"640\" height=\"914\" src=\"https:\/\/www.skppsc.ch\/it\/wp-content\/uploads\/sites\/7\/2016\/12\/stalking_it-640x914.jpg\" class=\"attachment-skp-thumbnail-keep-ratio size-skp-thumbnail-keep-ratio wp-post-image\" alt=\"\" srcset=\"https:\/\/www.skppsc.ch\/it\/wp-content\/uploads\/sites\/7\/2016\/12\/stalking_it-640x914.jpg 640w, https:\/\/www.skppsc.ch\/it\/wp-content\/uploads\/sites\/7\/2016\/12\/stalking_it-210x300.jpg 210w, https:\/\/www.skppsc.ch\/it\/wp-content\/uploads\/sites\/7\/2016\/12\/stalking_it-717x1024.jpg 717w, https:\/\/www.skppsc.ch\/it\/wp-content\/uploads\/sites\/7\/2016\/12\/stalking_it-768x1097.jpg 768w, https:\/\/www.skppsc.ch\/it\/wp-content\/uploads\/sites\/7\/2016\/12\/stalking_it.jpg 800w\" sizes=\"auto, (max-width: 640px) 100vw, 640px\"><\/a><\/p><div class=\"remaining-content\"><h2 class=\"sub-content-title  foreground-primary foreground-primary\">Stalking<\/h2><h3 class=\"sub-content-subtitle \">Quadro giuridico \u2013 Contromisure \u2013 Offerte d\u2019aiuto<\/h3><p>Il pieghevole di quattro pagine spiega alle vittime con quali strategie e azioni concrete possano difendersi al meglio dagli\/dalle stalker. Fornisce informazioni sulla situazione giuridica, sui provvedimenti della polizia e su organizzazioni che forniscono consulenza alle vittime.<\/p>\n<p><!-- wp:file {\"id\":2401,\"href\":\"https:\/\/www.skppsc.ch\/it\/wp-content\/uploads\/sites\/7\/2016\/12\/stalking_it.pdf\"} --><\/p>\n<div class=\"wp-block-file\"><\/div>\n<p><!-- \/wp:file --><\/p>\n<p><!-- wp:paragraph --><\/p>\n<p><!-- \/wp:paragraph --><\/p>\n<p class=\"featured-image download mobile-only\"><a href=\"https:\/\/www.skppsc.ch\/it\/wp-content\/uploads\/sites\/7\/2016\/12\/stalking_it.pdf\" download target=\"_blank\"><img loading=\"lazy\" decoding=\"async\" width=\"640\" height=\"914\" src=\"https:\/\/www.skppsc.ch\/it\/wp-content\/uploads\/sites\/7\/2016\/12\/stalking_it-640x914.jpg\" class=\"attachment-skp-thumbnail-keep-ratio size-skp-thumbnail-keep-ratio wp-post-image\" alt=\"\" srcset=\"https:\/\/www.skppsc.ch\/it\/wp-content\/uploads\/sites\/7\/2016\/12\/stalking_it-640x914.jpg 640w, https:\/\/www.skppsc.ch\/it\/wp-content\/uploads\/sites\/7\/2016\/12\/stalking_it-210x300.jpg 210w, https:\/\/www.skppsc.ch\/it\/wp-content\/uploads\/sites\/7\/2016\/12\/stalking_it-717x1024.jpg 717w, https:\/\/www.skppsc.ch\/it\/wp-content\/uploads\/sites\/7\/2016\/12\/stalking_it-768x1097.jpg 768w, https:\/\/www.skppsc.ch\/it\/wp-content\/uploads\/sites\/7\/2016\/12\/stalking_it.jpg 800w\" sizes=\"auto, (max-width: 640px) 100vw, 640px\"><\/a><\/p><div class=\"download-bottom-actions \"><a href=\"https:\/\/www.skppsc.ch\/it\/wp-content\/uploads\/sites\/7\/2016\/12\/stalking_it.pdf\" download target=\"_blank\" class=\"large skp-icon skp-download-pdf download-icon \" title=\"\"><span class=\"link-text\"><\/span><\/a><u-add-to-cart :options='[{\"id\":359,\"title\":\"Stalking\",\"byline\":\"Faltblatt, A5, 10 Seiten, 2026\",\"lang\":\"de\",\"siteId\":2,\"cartHash\":\"29n\",\"amount\":0,\"max\":\"9999\",\"articleNumber\":\"10053\"},{\"id\":359,\"title\":\"Stalking\",\"byline\":\"Brochure, A5, 10 pages, 2026\",\"lang\":\"fr\",\"siteId\":5,\"cartHash\":\"57f\",\"amount\":0,\"max\":\"9999\",\"articleNumber\":\"20053\"},{\"id\":359,\"title\":\"Stalking\",\"byline\":\"Pieghevole, A5, 10 pagine, 2026\",\"lang\":\"it\",\"siteId\":7,\"cartHash\":\"75v\",\"amount\":0,\"max\":\"9999\",\"articleNumber\":\"30053\"}]' :is-logged-in=\"false\" login-url=\"https:\/\/www.skppsc.ch\/it\/wp-login.php?redirect_to=https%3A%2F%2Fwww.skppsc.ch%2Fit%2Fwp-json%2Fwp%2Fv2%2Fpages%2F12%3Fpr%3D75v%2375v\" police-url=\"https:\/\/www.skppsc.ch\/it\/contatto-polizia\/\" :initially-opened=\"false\"><\/u-add-to-cart><\/div><\/div><\/div><\/div><div class=\"default-container content-part\"><div class=\"inner-padding\">\n<\/div><\/div><div class=\"default-container content-part  has-custom-background-color \" style=\"background-color:#FFFFFF;\"><div class=\"inner-padding\">\n<h2 class=\" foreground-primary\">Offerte di consulenza e aiuto<\/h2>\n<p>Troverete gli indirizzi dei consultori cantonali per l\u2019Aiuto alle vittime di reati nel sito seguente: <a href=\"http:\/\/aiuto-alle-vittime.ch\/\" target=\"_blank\" rel=\"noopener\">www.aiuto-alle-vittime.ch<\/a>. La consulenza \u00e8 gratuita, confidenziale e, su richiesta, anche anonima. Le informazioni sono disponibili in diverse lingue.<\/p>\n<p>Se lo stalking si verifica a seguito della rottura di un rapporto di coppia, le donne in situazioni di emergenza possono trovare protezione temporanea presso una casa per donne: <a href=\"http:\/\/www.frauenhaeuser.ch\/it\" target=\"_blank\" rel=\"noopener\">www.frauenhaeuser.ch<\/a>.<\/p>\n<p>Anche per gli uomini esiste in Svizzera una casa che offre protezione: <a href=\"http:\/\/www.zwueschehalt.ch\/\" target=\"_blank\" rel=\"noopener\">www.zwuschehalt.ch<\/a>\u00a0(sito solo in tedesco).<\/p>\n<p>L\u2019Organizzazione mantello svizzera per la prevenzione della violenza solvio fornisce indirizzi di consultori che aiutano le persone violente: <a href=\"http:\/\/www.solvio.ch\" target=\"_blank\" rel=\"noopener\">www.solvio.ch<\/a> (sito solo in tedesco e francese).<\/p>\n\n\n<\/div><\/div><div class=\"full content-part image-wrapper image-368\"><img width=\"2560\" height=\"1280\" src=\"https:\/\/www.skppsc.ch\/it\/wp-content\/uploads\/sites\/7\/2016\/11\/stalking4-2560x1280.jpg\" class=\"attachment-skp-large-force-ratio size-skp-large-force-ratio\" alt=\"\" srcset=\"https:\/\/www.skppsc.ch\/it\/wp-content\/uploads\/sites\/7\/2016\/11\/stalking4-2560x1280.jpg 2560w, https:\/\/www.skppsc.ch\/it\/wp-content\/uploads\/sites\/7\/2016\/11\/stalking4-300x150.jpg 300w, https:\/\/www.skppsc.ch\/it\/wp-content\/uploads\/sites\/7\/2016\/11\/stalking4-768x384.jpg 768w, https:\/\/www.skppsc.ch\/it\/wp-content\/uploads\/sites\/7\/2016\/11\/stalking4-640x320.jpg 640w, https:\/\/www.skppsc.ch\/it\/wp-content\/uploads\/sites\/7\/2016\/11\/stalking4-1280x640.jpg 1280w\" sizes=\"(max-width: 2560px) 100vw, 2560px\"><\/div><div class=\"default-container content-part\"><div class=\"inner-padding\">\n<\/div><\/div><\/body><\/html>","protected":false},"excerpt":{"rendered":"<p>Lo stalking, rispettivamente il cyberstalking, definito come &#8220;atti persecutori&#8221; nel Codice penale svizzero, pu\u00f2 condizionare notevolmente la vita delle persone che ne sono vittime. Spesso subiscono veri e propri atti di terrorismo psicologico che possono addirittura trasformarsi in aggressioni fisiche. Lo stalking pu\u00f2 provocare nelle vittime gravi sofferenze psicologiche e portarle ad isolarsi socialmente.<br \/>\nLo stalking \u00e8 un fenomeno complesso, caratterizzato da forme e sfaccettature molto diverse fra loro. Se osservate singolarmente, le innumerevoli azioni degli\/delle stalker spesso non raggiungono la soglia dell&#8217;illegalit\u00e0. Questo spiega in parte perch\u00e9 le vittime non prendono subito coscienza del fenomeno e avviino un procedimento penale solo in un secondo tempo. Dal punto di vista della prevenzione \u00e8 tuttavia importante riconoscere quanto prima lo stalking e adottare senza indugio le misure del caso.<\/p>\n","protected":false},"author":1,"featured_media":364,"parent":133,"menu_order":2,"comment_status":"closed","ping_status":"closed","template":"","meta":{"showSharingButtons":false,"skp-theme-color":"six","_subtitle":null,"alternative_title":null,"seoDescription":"","seoKeywords":"","seoTitle":"","featuredVideoEmbedCode":"","featuredYoutubeVideoId":"","notes":"","redirectToPostId":0,"skp-further-information":"","hideTile":false,"pageType":"","editor_notices":[],"footnotes":""},"topic":[14],"class_list":["post-12","page","type-page","status-publish","has-post-thumbnail","hentry","topic-stalking"],"aioseo_notices":[],"_links":{"self":[{"href":"https:\/\/www.skppsc.ch\/it\/wp-json\/wp\/v2\/pages\/12","targetHints":{"allow":["GET"]}}],"collection":[{"href":"https:\/\/www.skppsc.ch\/it\/wp-json\/wp\/v2\/pages"}],"about":[{"href":"https:\/\/www.skppsc.ch\/it\/wp-json\/wp\/v2\/types\/page"}],"author":[{"embeddable":true,"href":"https:\/\/www.skppsc.ch\/it\/wp-json\/wp\/v2\/users\/1"}],"replies":[{"embeddable":true,"href":"https:\/\/www.skppsc.ch\/it\/wp-json\/wp\/v2\/comments?post=12"}],"version-history":[{"count":0,"href":"https:\/\/www.skppsc.ch\/it\/wp-json\/wp\/v2\/pages\/12\/revisions"}],"up":[{"embeddable":true,"href":"https:\/\/www.skppsc.ch\/it\/wp-json\/wp\/v2\/pages\/133"}],"wp:featuredmedia":[{"embeddable":true,"href":"https:\/\/www.skppsc.ch\/it\/wp-json\/wp\/v2\/media\/364"}],"wp:attachment":[{"href":"https:\/\/www.skppsc.ch\/it\/wp-json\/wp\/v2\/media?parent=12"}],"wp:term":[{"taxonomy":"topic","embeddable":true,"href":"https:\/\/www.skppsc.ch\/it\/wp-json\/wp\/v2\/topic?post=12"}],"curies":[{"name":"wp","href":"https:\/\/api.w.org\/{rel}","templated":true}]}}