{"id":135,"date":"2016-11-24T09:22:45","date_gmt":"2016-11-24T08:22:45","guid":{"rendered":"https:\/\/www.skppsc.ch\/de\/?page_id=135"},"modified":"2026-05-01T12:22:06","modified_gmt":"2026-05-01T10:22:06","slug":"violenza-sessuale-adulti","status":"publish","type":"page","link":"https:\/\/www.skppsc.ch\/it\/temi\/violenza-sessuale\/violenza-sessuale-adulti\/","title":{"rendered":"Violenza sessuale sugli adulti"},"content":{"rendered":"<html><body><div class=\"default-container content-part\"><div class=\"inner-padding\">\n<p>\u00c8 quindi essenziale che l\u2019intera popolazione venga resa attenta alla problematica delle aggressioni sessuali tramite <strong>misure di sensibilizzazione<\/strong> regolari. In settembre 2025, la PSC lancia a questo scopo la campagna <a href=\"https:\/\/www.skppsc.ch\/it\/progetti\/insieme-senza-violenza-sessuale\/\" target=\"_blank\" rel=\"noreferrer noopener\">\u201cInsieme senza violenza sessuale\u201d<\/a>.<\/p>\n\n\n\n<p>Per quanto riguarda le <strong>misure concrete di prevenzione<\/strong>, \u00e8 perci\u00f2 importante fare prevenzione in modo mirato, prendendo in considerazione sia i gruppi destinatari (potenziali autori o autrici e potenziali vittime) che le costellazioni esistenti. Non \u00e8 possibile applicare le stesse raccomandazioni alle varie forme di violenza sessuale, motivo per cui le esamineremo singolarmente qui di seguito.<\/p>\n\n\n\n<p>Si considerano forme di violenza sessuale, per esempio, le osservazioni allusive a connotazione sessuale, gesti o atteggiamenti sessisti, contatti fisici indesiderati, aggressioni fisiche e sessuali fino alla coazione e alla violenza carnale. Anche se le vittime di violenza sessuale sono prevalentemente donne, tutte le persone possono diventare vittime di tali atti.<\/p>\n\n\n\n<p>Le molestie sessuali, gli atti sessuali con persone dipendenti, l\u2019aggressione e la coazione sessuale, cos\u00ec come la violenza carnale sono reati perseguibili penalmente. Nel caso di reati contro l\u2019integrit\u00e0 sessuale, la persona condannata pu\u00f2 anche essere obbligata a seguire un programma di prevenzione.<\/p>\n\n\n\n<\/div><\/div><div class=\"default-container content-part replaced-hr\"><div class=\"inner-padding\">\n\n\n\n<h2 class=\"wp-block-heading foreground-primary\">Situazione giuridica<\/h2>\n\n\n\n<p>Presentiamo qui di seguito una selezione dei principali articoli previsti dal Codice penale svizzero in relazione con la violenza sessuale.<\/p>\n\n\n\n<h4 class=\"wp-block-heading\"><a rel=\"noreferrer noopener\" aria-label=\"Art. 188 CP (opens in a new tab)\" href=\"https:\/\/www.admin.ch\/opc\/it\/classified-compilation\/19370083\/index.html#a188\" target=\"_blank\">Art. 188 CP<\/a>: <strong>Offese alla libert\u00e0 e all\u2019integrit\u00e0 sessuali. Atti sessuali con persone dipendenti<\/strong><\/h4>\n\n\n\n<p>Chiunque compie atti sessuali con una persona di et\u00e0 compresa fra i 16 e i 18 anni profittando di rapporti di dipendenza commette un reato. Oltre all\u2019et\u00e0 della vittima, svolge quindi un ruolo anche il rapporto di dipendenza. Questa dipendenza pu\u00f2 essere presente per via di rapporti di educazione, di fiducia, di lavoro oppure di rapporti di dipendenza derivanti da attivit\u00e0 sportive, culturali o religiose (istruttore, allenatore, capo, ecc.).<\/p>\n\n\n\n<h4 class=\"wp-block-heading\"><a rel=\"noreferrer noopener\" aria-label=\"Art. 189 CP (opens in a new tab)\" href=\"https:\/\/www.admin.ch\/opc\/it\/classified-compilation\/19370083\/index.html#a189\" target=\"_blank\">Art. 189 CP<\/a>: <strong>Aggressione e coazione sessuali<\/strong><\/h4>\n\n\n\n<p>Chiunque, contro la volont\u00e0 di una persona, le fa compiere o subire un atto sessuale, o a tale scopo sfrutta lo stato di choc di una persona, commette un reato.<\/p>\n\n\n\n<p>Anche chiunque costringe una persona a tale scopo, con l\u2019uso della minaccia o della violenza, esercitando pressioni psicologiche sulla vittima o rendendola inetta a resistere, commette un reato.<\/p>\n\n\n\n<h4 class=\"wp-block-heading\"><a rel=\"noreferrer noopener\" aria-label=\"Art. 190 CP (opens in a new tab)\" href=\"https:\/\/www.admin.ch\/opc\/it\/classified-compilation\/19370083\/index.html#a190\" target=\"_blank\">Art. 190 CP<\/a>: <strong>Violenza carnale<\/strong><\/h4>\n\n\n\n<p>Chiunque, contro la volont\u00e0 di una persona, le fa compiere o subire la congiunzione carnale o un atto analogo che implica una penetrazione corporale (orale, vaginale o anale), o a tale scopo sfrutta lo stato di choc di una persona, commette un reato.<\/p>\n\n\n\n<p>Anche chiunque costringe una persona a tale scopo, con l\u2019uso della minaccia o della violenza, esercitando pressioni psicologiche sulla vittima o rendendola inetta a resistere, commette un reato.<\/p>\n\n\n\n<h4 class=\"wp-block-heading\"><a rel=\"noreferrer noopener\" aria-label=\"Art. 191 CP (opens in a new tab)\" href=\"https:\/\/www.admin.ch\/opc\/it\/classified-compilation\/19370083\/index.html#a191\" target=\"_blank\">Art. 191 CP<\/a>: <strong>Atti sessuali con persone incapaci di discernimento o inette a resistere<\/strong><\/h4>\n\n\n\n<p>La differenza fra atti sessuali con persone incapaci di discernimento o inette a resistere e un\u2019aggressione e coazione sessuali o una violenza carnale risiede nel fatto che l\u2019autore o l\u2019autrice abusa di una vittima che \u00e8 gi\u00e0 di per s\u00e9 inetta a resistere. Nel caso di atti sessuali con persone incapaci di discernimento o inette a resistere conformemente all\u2019art. 191 CP, il motivo all\u2019origine dell\u2019inettitudine a resistere pu\u00f2 essere duraturo (per esempio nel caso di persone psicologicamente malate) o temporaneo (per esempio nel caso di persone totalmente ubriache o incoscienti).<\/p>\n\n\n\n<h4 class=\"wp-block-heading\"><a rel=\"noreferrer noopener\" href=\"https:\/\/www.fedlex.admin.ch\/eli\/cc\/54\/757_781_799\/it#art_193\" target=\"_blank\">Art. 193 CP<\/a>: <strong>Sfruttamento dello stato di bisogno o di dipendenza<\/strong><\/h4>\n\n\n\n<p>Chiunque, sfruttandone lo stato di bisogno o profittando di rapporti di lavoro o comunque di dipendenza, determina una persona a compiere o a subire un atto sessuale, commette un reato.<\/p>\n\n\n\n<h4 class=\"wp-block-heading\"><a rel=\"noreferrer noopener\" href=\"https:\/\/www.fedlex.admin.ch\/eli\/cc\/54\/757_781_799\/it#art_193_a\" target=\"_blank\">Art. 193a CP<\/a>: <strong>Inganno circa il carattere sessuale di un atto<\/strong><\/h4>\n\n\n\n<p>Chiunque, nell\u2019esercizio di un\u2019attivit\u00e0 professionale o extraprofessionale organizzata nel settore sanitario fa compiere o subire ad una persona un atto sessuale ingannandola circa il carattere dell\u2019atto o sfruttandone l\u2019errore relativo al carattere dell\u2019atto, commette un reato.<\/p>\n\n\n\n<h4 class=\"wp-block-heading\"><a href=\"https:\/\/www.fedlex.admin.ch\/eli\/cc\/54\/757_781_799\/it#art_197_a\" target=\"_blank\" rel=\"noreferrer noopener\">Art. 197a CP<\/a>: <strong>Condivisione indebita di contenuti sessuali non pubblici<\/strong><\/h4>\n\n\n\n<p>Chiunque trasmette a terzi contenuti sessuali non pubblici (immagini, video, scritti, oggetti) senza il consenso della persona che vi \u00e8 riconoscibile commette un reato. A differenza degli altri reati sessuali, l\u2019autore o l\u2019autrice viene punito\/a solo se la vittima presenta una querela. Si tratta quindi di un reato perseguibile a querela di parte.<\/p>\n\n\n\n<h4 class=\"wp-block-heading\"><a rel=\"noreferrer noopener\" aria-label=\"Art. 198 CP (opens in a new tab)\" href=\"https:\/\/www.admin.ch\/opc\/it\/classified-compilation\/19370083\/index.html#a198\" target=\"_blank\">Art. 198 CP<\/a>: <strong>Contravvenzioni contro l\u2019integrit\u00e0 sessuale. Molestie sessuali<\/strong><\/h4>\n\n\n\n<p>Le molestie sessuali sono dirette a persone che non si aspettano l\u2019atto sessuale intrapreso. Le molestie possono essere fisiche (tocco indesiderato di attributi sessuali secondarie), verbali (espressioni volgari o indecenti, osservazioni sulle parti intime o sulla vita sessuale della vittima) o avvenire tramite la scrittura o l\u2019immagine. A differenza degli altri reati sessuali, le molestie sessuali sono perseguite solo se la vittima presenta una querela. Si tratta quindi di un reato perseguibile a querela di parte.<\/p>\n\n\n\n<h3 class=\"wp-block-heading\">Casi speciali<\/h3>\n\n\n\n<p>La pornovendetta, o <strong>\u201c<em>revenge porn<\/em>\u201c<\/strong>, \u00e8 la diffusione o la pubblicazione di foto e video intimi senza il consenso della persona che vi \u00e8 riconoscibile. Di regola, si mette in atto la pornovendetta per umiliare e danneggiare una persona. Quando ci\u00f2 avviene, le vittime soffrono spesso di gravi conseguenze emotive, sociali e professionali. Si tratta inoltre di una forma di abuso digitale. La pornovendetta \u00e8 punibile dalla legge ai sensi dell\u2019art. 197a, cpv. 1 e 2, CP.<\/p>\n\n\n\n<p>L\u2019invio a una persona di una cosiddetta <em><strong>\u201cdick pic\u201d<\/strong><\/em>, ossia la foto di un pene, senza che quest\u2019ultima lo abbia richiesto, pu\u00f2 essere perseguito ai sensi dell\u2019art. 197 al. 2 CP.<\/p>\n\n\n\n<p>Anche lo <em><strong>\u201cstealthing\u201d<\/strong><\/em>, pratica che consiste nel rimuovere di nascosto o nel non utilizzare il preservativo a insaputa del partner durante atti sessuali consensuali o rapporti sessuali consensuali con penetrazione, potrebbe essere perseguito penalmente.<\/p>\n\n\n\n<\/div><\/div><div class=\"full content-part image-wrapper image-2021\"><img width=\"2560\" height=\"1280\" src=\"https:\/\/www.skppsc.ch\/it\/wp-content\/uploads\/sites\/7\/2024\/06\/sexuelle_gewalt1-2560x1280.jpg\" class=\"attachment-skp-large-force-ratio size-skp-large-force-ratio\" alt=\"\" srcset=\"https:\/\/www.skppsc.ch\/it\/wp-content\/uploads\/sites\/7\/2024\/06\/sexuelle_gewalt1-2560x1280.jpg 2560w, https:\/\/www.skppsc.ch\/it\/wp-content\/uploads\/sites\/7\/2024\/06\/sexuelle_gewalt1-300x150.jpg 300w, https:\/\/www.skppsc.ch\/it\/wp-content\/uploads\/sites\/7\/2024\/06\/sexuelle_gewalt1-1024x512.jpg 1024w, https:\/\/www.skppsc.ch\/it\/wp-content\/uploads\/sites\/7\/2024\/06\/sexuelle_gewalt1-768x384.jpg 768w, https:\/\/www.skppsc.ch\/it\/wp-content\/uploads\/sites\/7\/2024\/06\/sexuelle_gewalt1-1536x768.jpg 1536w, https:\/\/www.skppsc.ch\/it\/wp-content\/uploads\/sites\/7\/2024\/06\/sexuelle_gewalt1-2048x1024.jpg 2048w, https:\/\/www.skppsc.ch\/it\/wp-content\/uploads\/sites\/7\/2024\/06\/sexuelle_gewalt1-640x320.jpg 640w, https:\/\/www.skppsc.ch\/it\/wp-content\/uploads\/sites\/7\/2024\/06\/sexuelle_gewalt1-1280x640.jpg 1280w\" sizes=\"(max-width: 2560px) 100vw, 2560px\"><\/div><div class=\"default-container content-part\"><div class=\"inner-padding\">\n\n\n\n<h2 class=\"wp-block-heading foreground-primary\">Cosa fa la polizia?<\/h2>\n\n\n\n<h3 class=\"wp-block-heading\">Inchiesta<\/h3>\n\n\n\n<p>Non appena viene a conoscenza di un atto di natura sessuale, la Polizia indaga d\u2019ufficio, eccezion fatta per le molestie sessuali che sono un reato perseguibile a querela di parte. Non appena sussiste la presunzione di reato sessuale, la Polizia raccoglie le prove sotto la direzione della procura competente (per esempio interrogatorio di persone informate sui fatti e testimoni, test medico-legali, ecc.). In seguito a ci\u00f2, una persona eventualmente sospetta pu\u00f2 essere messa in detenzione preventiva, soprattutto se sussiste un pericolo di fuga o un rischio di reiterazione del reato. Pi\u00f9 la Polizia trova materiale probatorio, pi\u00f9 la procedura penale sar\u00e0 sopportabile per la vittima. Le inchieste svolte in caso di reati sessuali possono infatti essere emotivamente molto dolorose per la vittima. Perci\u00f2 \u00e8 importante che quest\u2019ultima sia informata in modo trasparente, che non si senta messa sotto pressione e che abbia aspettative realistiche nei confronti della procedura penale.<\/p>\n\n\n\n<p><div class=\"video-container\"><div class=\"iframe-container\"><div class=\"video-ratio\" style=\"padding-top:56.2%;\"><\/div><iframe loading=\"lazy\" title=\"Verdacht auf sexuellen Missbrauch\" src=\"https:\/\/www.youtube.com\/embed\/OpAAm2TV9nk?feature=oembed&amp;rel=0\" frameborder=\"0\" allow=\"accelerometer; autoplay; clipboard-write; encrypted-media; gyroscope; picture-in-picture; web-share\" referrerpolicy=\"strict-origin-when-cross-origin\" allowfullscreen><\/iframe><\/div><\/div><\/p>\n\n\n\n<h3 class=\"wp-block-heading\">Conservazione delle prove medico-legali e aiuto alle vittime di reati<\/h3>\n\n\n\n<p>Nel caso di un reato sessuale, \u00e8 importante che la vittima si sottoponga al pi\u00f9 presto (&lt; 72 ore) ad un esame medico-legale ed eviti assolutamente di far sparire o di eliminare possibili tracce, anche se questo pu\u00f2 essere psicologicamente molto pesante per lei. Con la conservazione delle prove medico-legali acquisite non parte per\u00f2 automaticamente una segnalazione alla Polizia. Spetta infatti alla vittima decidere se sporgere denuncia o meno. Se quest\u2019ultima decide per\u00f2 di sporgere denuncia in un secondo tempo, le prove materiali gi\u00e0 conservate dagli specialisti sono messe a disposizione delle autorit\u00e0 competenti. La conservazione delle prove \u00e8 di centrale importanza per condurre l\u2019inchiesta, anche a posteriori. <a href=\"https:\/\/www.skppsc.ch\/it\/progetti\/insieme-senza-violenza-sessuale\/\" target=\"_blank\" rel=\"noreferrer noopener\">Alcuni ospedali<\/a> dispongono di personale appositamente formato, come le infermiere forensi, per prendersi cura in modo specifico delle vittime di violenza sessuale e raccogliere le prove.<\/p>\n\n\n\n<p>La vittima di violenza sessuale pu\u00f2 rivolgersi ad un servizio dell\u2019<a href=\"https:\/\/www.opferhilfe-schweiz.ch\/it\/\">Aiuto alle vittime di reati<\/a> (<a href=\"tel:+41142\">Tel. 142<\/a>), indipendentemente dal fatto che sporga denuncia o meno. Questo servizio offre alla vittima consulenze in ambito legale, psicologico e anche sui passi da intraprendere per far avviare un\u2019indagine di polizia. Nell\u2019ambito della procedura penale, la vittima di un reato sessuale ha infatti determinati diritti come ricevere informazioni e protezione. La Polizia e il servizio di Aiuto alle vittime forniscono informazioni dettagliate in merito.<\/p>\n\n\n\n<h3 class=\"wp-block-heading\">Audizioni e procedure penali<\/h3>\n\n\n\n<p>Le dichiarazioni della vittima di un reato sessuale sono essenziali per l\u2019eventuale condanna della persona imputata, soprattutto se ci sono pochissime o addirittura se non ci sono prove materiali. A partire dal 15\u00b0 anno di et\u00e0, la vittima \u00e8 di regola ascoltata come testimone da un agente di polizia dello stesso sesso. Per l\u2019audizione, la vittima pu\u00f2 farsi accompagnare da una persona di fiducia (p. es. un\/a consulente del servizio per l\u2019Aiuto alle vittime di reati). Se, al momento dell\u2019avvio di un\u2019inchiesta penale, la vittima \u00e8 minorenne, quest\u2019ultima sar\u00e0 ascoltata al massimo due volte. Una seconda audizione avviene solo se ci\u00f2 risulta essere indispensabile.<\/p>\n\n\n\n<\/div><\/div><div class=\"default-container clues content-part children-count-1 children-count-odd\"><div class=\"inner-padding\"><a id=\"tips\"><\/a><h2 class=\"subcontent-main-title foreground-primary foreground-primary\">Cosa posso fare?<\/h2><div class=\"clues-inner-table clues-count-odd\"><div class=\"clue-item clues-count-odd clues-count-1 background-faded\"><div class=\"clue consigli-utili-destinati-alle-persone-adulte-per-proteggersi-dalla-violenza-sessuale\"><p class=\"clue-image\"><img loading=\"lazy\" decoding=\"async\" width=\"640\" height=\"320\" src=\"https:\/\/www.skppsc.ch\/it\/wp-content\/uploads\/sites\/7\/2017\/01\/tipp4sexuelleuebergriffe-640x320.jpg\" class=\"attachment-skp-thumbnail-force-ratio size-skp-thumbnail-force-ratio wp-post-image\" alt=\"\" srcset=\"https:\/\/www.skppsc.ch\/it\/wp-content\/uploads\/sites\/7\/2017\/01\/tipp4sexuelleuebergriffe-640x320.jpg 640w, https:\/\/www.skppsc.ch\/it\/wp-content\/uploads\/sites\/7\/2017\/01\/tipp4sexuelleuebergriffe-300x150.jpg 300w, https:\/\/www.skppsc.ch\/it\/wp-content\/uploads\/sites\/7\/2017\/01\/tipp4sexuelleuebergriffe-768x384.jpg 768w, https:\/\/www.skppsc.ch\/it\/wp-content\/uploads\/sites\/7\/2017\/01\/tipp4sexuelleuebergriffe.jpg 800w\" sizes=\"auto, (max-width: 640px) 100vw, 640px\"><\/p><h3 class=\"clue-title background-primary foreground-title\">Consigli utili destinati alle persone adulte per proteggersi dalla violenza sessuale<\/h3><ul>\n<li><strong>In caso d'emergenza,\u00a0<\/strong>contattate il prima possibile la Polizia al 117 (numero d'emergenza).<\/li>\n<li><strong>Evitate i contatti con persone ubriache o sotto l'influsso di droghe.<\/strong>\u00a0Anche un consumo eccessivo di alcol o di altre sostanze psicotrope pu\u00f2 essere pericoloso, soprattutto quando rincasate da soli.<\/li>\n<li><strong>Non lasciate mai incustodita la vostra bevanda. <\/strong>Tenetela sempre d'occhio per evitare che vi venga aggiunta una sostanza psicotropa a vostra insaputa.<\/li>\n<li><strong>Se, malgrado tutti questi accorgimenti, siete comunque vittima di un'aggressione,<\/strong>\u00a0urlate il pi\u00f9 forte possibile, mordete l'aggressore, cercate di divincolarvi, lottate, tirate calci e pugni. Opporre resistenza \u00e8 il modo pi\u00f9 efficace per difendersi con successo da un'aggressione sessuale.<\/li>\n<li><strong>Per proteggere la vostra integrit\u00e0 sessuale nella vostra sfera privata,<\/strong>\u00a0vi invitiamo a consultare anche la nostra pagina tematica dedicata alla\u00a0<a href=\"https:\/\/www.skppsc.ch\/it\/temi\/violenza\/violenza-domestica\/\" target=\"_blank\" rel=\"noopener\">violenza domestica<\/a>.<\/li>\n<li><strong>Per saperne di pi\u00f9 sulla protezione dell'integrit\u00e0 sessuale durante le uscite<\/strong>, vi consigliamo pure di consultare la pagina dedicata alla nostra campagna <a href=\"https:\/\/www.skppsc.ch\/it\/progetti\/tutto-bene\/\" target=\"_blank\" rel=\"noopener\">\"Tutto bene?\"<\/a>.<\/li>\n<\/ul>\n<\/div><\/div><\/div><\/div><\/div><div class=\"default-container content-part\"><div class=\"inner-padding\">\n\n\n\n<h2 class=\"wp-block-heading foreground-primary\">Centri di consulenza<\/h2>\n\n\n\n<ul class=\"wp-block-list\">\n<li>Nel suo sito, la fondazione <a rel=\"noopener noreferrer\" href=\"https:\/\/www.sante-sexuelle.ch\/it\/\" target=\"_blank\">Salute Sessuale\u00a0Svizzera<\/a> fornisce un\u2019ampia informazione su temi quali la salute sessuale, la pianificazione familiare e l\u2019educazione sessuale, e aiuta a trovare un centro di consulenza adatto alle esigenze individuali nella regione in cui si vive.<\/li>\n\n\n\n<li>Nel sito dell\u2019Amministrazione cantonale ticinese si trovano <a href=\"http:\/\/www4.ti.ch\">informazioni <\/a>sulla violenza sessuale e l\u2019elenco dei vari enti che si occupano di questo tema in Ticino.<\/li>\n\n\n\n<li>Nel sito <a href=\"https:\/\/www.violencequefaire.ch\/it\/\">violencequefaire.ch<\/a> troverete informazioni importanti e offerte di sostegno in materia di violenza sessuale.<\/li>\n<\/ul>\n\n\n\n<\/div><\/div><div class=\"full content-part post-name-guida-della-polizia-per-la-sicurezza  post-type-download\"><div class=\"inner-padding\"><p class=\"featured-image download hide-on-mobile\"><a href=\"https:\/\/www.skppsc.ch\/it\/wp-content\/uploads\/sites\/7\/2016\/12\/siete_sicuri.pdf\" download target=\"_blank\"><img loading=\"lazy\" decoding=\"async\" width=\"640\" height=\"908\" src=\"https:\/\/www.skppsc.ch\/it\/wp-content\/uploads\/sites\/7\/2016\/12\/siete_sicuri-640x908.jpg\" class=\"attachment-skp-thumbnail-keep-ratio size-skp-thumbnail-keep-ratio wp-post-image\" alt=\"\" srcset=\"https:\/\/www.skppsc.ch\/it\/wp-content\/uploads\/sites\/7\/2016\/12\/siete_sicuri-640x908.jpg 640w, https:\/\/www.skppsc.ch\/it\/wp-content\/uploads\/sites\/7\/2016\/12\/siete_sicuri-211x300.jpg 211w, https:\/\/www.skppsc.ch\/it\/wp-content\/uploads\/sites\/7\/2016\/12\/siete_sicuri-768x1090.jpg 768w, https:\/\/www.skppsc.ch\/it\/wp-content\/uploads\/sites\/7\/2016\/12\/siete_sicuri.jpg 800w\" sizes=\"auto, (max-width: 640px) 100vw, 640px\"><\/a><\/p><div class=\"remaining-content\"><h2 class=\"sub-content-title  foreground-primary foreground-primary\">Siete sicuri?<\/h2><h3 class=\"sub-content-subtitle \">Come proteggersi dalla criminalit\u00e0<\/h3><p>L\u2019opuscolo tratta un ampio ventaglio di reati, dal furto semplice a svariate forme di truffa online, dallo stalking alla violenza domestica. Oltre a una breve descrizione dei meccanismi tipici delle diverse fattispecie penali, le lettrici e i lettori troveranno consigli e suggerimenti per un\u2019efficace prevenzione nonch\u00e9 rinvii per approfondimenti al sito internet della PSC. L\u2019obiettivo \u00e8 di mettere le lettrici e i lettori in condizione di prevenire eventuali reati, di cui magari non hanno ancora sentito parlare, senza necessariamente \u00adricorrere a specialisti. (L\u2019opuscolo \u00e8 inoltre disponibile in <a href=\"https:\/\/www.skppsc.ch\/it\/download\/safe-and-sound-italiano\/\">inglese<\/a>.)<\/p>\n<p><\/p>\n<p class=\"featured-image download mobile-only\"><a href=\"https:\/\/www.skppsc.ch\/it\/wp-content\/uploads\/sites\/7\/2016\/12\/siete_sicuri.pdf\" download target=\"_blank\"><img loading=\"lazy\" decoding=\"async\" width=\"640\" height=\"908\" src=\"https:\/\/www.skppsc.ch\/it\/wp-content\/uploads\/sites\/7\/2016\/12\/siete_sicuri-640x908.jpg\" class=\"attachment-skp-thumbnail-keep-ratio size-skp-thumbnail-keep-ratio wp-post-image\" alt=\"\" srcset=\"https:\/\/www.skppsc.ch\/it\/wp-content\/uploads\/sites\/7\/2016\/12\/siete_sicuri-640x908.jpg 640w, https:\/\/www.skppsc.ch\/it\/wp-content\/uploads\/sites\/7\/2016\/12\/siete_sicuri-211x300.jpg 211w, https:\/\/www.skppsc.ch\/it\/wp-content\/uploads\/sites\/7\/2016\/12\/siete_sicuri-768x1090.jpg 768w, https:\/\/www.skppsc.ch\/it\/wp-content\/uploads\/sites\/7\/2016\/12\/siete_sicuri.jpg 800w\" sizes=\"auto, (max-width: 640px) 100vw, 640px\"><\/a><\/p><div class=\"download-bottom-actions \"><a href=\"https:\/\/www.skppsc.ch\/it\/wp-content\/uploads\/sites\/7\/2016\/12\/siete_sicuri.pdf\" download target=\"_blank\" class=\"large skp-icon skp-download-pdf download-icon \" title=\"\"><span class=\"link-text\"><\/span><\/a><u-add-to-cart :options='[{\"id\":441,\"title\":\"Sind Sie sicher?\",\"byline\":\"Brosch\\u00fcre, A5, 56 Seiten, 2018\",\"lang\":\"de\",\"siteId\":2,\"cartHash\":\"2c9\",\"amount\":0,\"max\":\"9999\",\"articleNumber\":\"10024\"},{\"id\":610,\"title\":\"\\u00cates-vous s\\u00fbr ?\",\"byline\":\"Brochure, A5, 56 pages, 2018\",\"lang\":\"fr\",\"siteId\":5,\"cartHash\":\"5fa\",\"amount\":0,\"max\":\"9999\",\"articleNumber\":\"20024\"},{\"id\":604,\"title\":\"Siete sicuri?\",\"byline\":\"Opuscolo, A5, 56 pagine, 2018\",\"lang\":\"it\",\"siteId\":7,\"cartHash\":\"7dk\",\"amount\":0,\"max\":\"9999\",\"articleNumber\":\"30024\"}]' :is-logged-in=\"false\" login-url=\"https:\/\/www.skppsc.ch\/it\/wp-login.php?redirect_to=https%3A%2F%2Fwww.skppsc.ch%2Fit%2Fwp-json%2Fwp%2Fv2%2Fpages%2F135%3Fpr%3D7dk%237dk\" police-url=\"https:\/\/www.skppsc.ch\/it\/contatto-polizia\/\" :initially-opened=\"false\"><\/u-add-to-cart><\/div><\/div><\/div><\/div><div class=\"default-container content-part\"><div class=\"inner-padding\">\n<\/div><\/div><\/body><\/html>","protected":false},"excerpt":{"rendered":"<p>La violenza sessuale pu\u00f2 essere commessa in ogni ambito della societ\u00e0 e nei contesti pi\u00f9 diversi. Contempla ogni forma di atto sessuale forzato e di comportamento con una componente sessuale che oltrepassa i limiti consentiti. La violenza sessuale assume forme quali per esempio le molestie sessuali sul posto di lavoro, lo sfruttamento sessuale nell\u2019ambito di una relazione di dipendenza (p. es. rapporto fra datore di lavoro e impiegato\/a) oppure il rapporto sessuale forzato nell\u2019ambito del matrimonio o di un&#8217;unione domestica. Oltre alla soddisfazione dei propri bisogni sessuali con la forza, la violenza sessuale \u00e8 spesso una forma di esercizio del potere, di umiliazione e di sottomissione.<\/p>\n","protected":false},"author":1,"featured_media":2022,"parent":134,"menu_order":10,"comment_status":"closed","ping_status":"closed","template":"","meta":{"showSharingButtons":false,"skp-theme-color":"eleven","_subtitle":null,"alternative_title":"","seoDescription":"","seoKeywords":"","seoTitle":"","featuredVideoEmbedCode":"","featuredYoutubeVideoId":"","notes":"","redirectToPostId":0,"skp-further-information":"","hideTile":false,"pageType":"","editor_notices":[],"footnotes":""},"topic":[17],"class_list":["post-135","page","type-page","status-publish","has-post-thumbnail","hentry","topic-violenza-sessuale-adulti"],"aioseo_notices":[],"_links":{"self":[{"href":"https:\/\/www.skppsc.ch\/it\/wp-json\/wp\/v2\/pages\/135","targetHints":{"allow":["GET"]}}],"collection":[{"href":"https:\/\/www.skppsc.ch\/it\/wp-json\/wp\/v2\/pages"}],"about":[{"href":"https:\/\/www.skppsc.ch\/it\/wp-json\/wp\/v2\/types\/page"}],"author":[{"embeddable":true,"href":"https:\/\/www.skppsc.ch\/it\/wp-json\/wp\/v2\/users\/1"}],"replies":[{"embeddable":true,"href":"https:\/\/www.skppsc.ch\/it\/wp-json\/wp\/v2\/comments?post=135"}],"version-history":[{"count":0,"href":"https:\/\/www.skppsc.ch\/it\/wp-json\/wp\/v2\/pages\/135\/revisions"}],"up":[{"embeddable":true,"href":"https:\/\/www.skppsc.ch\/it\/wp-json\/wp\/v2\/pages\/134"}],"wp:featuredmedia":[{"embeddable":true,"href":"https:\/\/www.skppsc.ch\/it\/wp-json\/wp\/v2\/media\/2022"}],"wp:attachment":[{"href":"https:\/\/www.skppsc.ch\/it\/wp-json\/wp\/v2\/media?parent=135"}],"wp:term":[{"taxonomy":"topic","embeddable":true,"href":"https:\/\/www.skppsc.ch\/it\/wp-json\/wp\/v2\/topic?post=135"}],"curies":[{"name":"wp","href":"https:\/\/api.w.org\/{rel}","templated":true}]}}