{"id":137,"date":"2016-11-24T09:23:55","date_gmt":"2016-11-24T08:23:55","guid":{"rendered":"https:\/\/www.skppsc.ch\/de\/?page_id=137"},"modified":"2026-03-13T13:31:58","modified_gmt":"2026-03-13T12:31:58","slug":"pornografia-illegale","status":"publish","type":"page","link":"https:\/\/www.skppsc.ch\/it\/temi\/violenza-sessuale\/pornografia-illegale\/","title":{"rendered":"Pornografia illegale"},"content":{"rendered":"<html><body><div class=\"default-container content-part\"><div class=\"inner-padding\">\n<h2 class=\"wp-block-heading foreground-primary\">Definizione<\/h2>\n\n\n\n<p>Nel quotidiano, il significato del termine \u00abpornografia\u00bb varia moltissimo, a seconda della persona chiamata a fornire informazioni. Nel contesto della prevenzione della criminalit\u00e0, \u00e8 soprattutto la definizione legale ad interessarci. Per questo motivo dobbiamo riferirci qui alle definizioni formulate dal Tribunale federale e contemplate nel Codice penale svizzero.<\/p>\n\n\n\n<h3 class=\"wp-block-heading\">Pornografia<\/h3>\n\n\n\n<p>Secondo una decisione del Tribunale federale, si definisce generalmente la nozione di pornografia in questo modo:<\/p>\n\n\n\n<p>\u00abIl termine \u2018pornografia\u2019\u00a0presuppone da un lato che le rappresentazioni o le interpretazioni siano oggettivamente concepite in modo tale da eccitare sessualmente il consumatore. Dall\u2019altro \u00e8 necessario che la sessualit\u00e0 sia cos\u00ec marcatamente distaccata dai suoi riferimenti umani ed emotivi che la persona in questione risulti apparire come un semplice oggetto sessuale del quale si pu\u00f2 disporre a piacimento. In tal modo si trivializza il comportamento sessuale mettendolo insistentemente in risalto.\u00bb<\/p>\n\n\n\n<h3 class=\"wp-block-heading\">Pornografia vietata<\/h3>\n\n\n\n<p>Il codice penale svizzero cita due forme di pornografia generalmente punite come reato: le rappresentazioni pornografiche con minori e con animali.<\/p>\n\n\n\n<\/div><\/div><div class=\"default-container content-part replaced-hr\"><div class=\"inner-padding\">\n\n\n\n<h2 class=\"wp-block-heading foreground-primary\">Situazione giuridica<\/h2>\n\n\n\n<p>Il diritto tratta la pornografia da pi\u00f9 punti di vista. Da un lato definisce a partire da quale et\u00e0 e a quali condizioni si pu\u00f2 rendere accessibile la pornografia alle persone. Dall\u2019altro stabilisce disposizioni che vietano determinate forme di pornografia. Vi sono inoltre testi legali in cui si specifica quali rappresentazioni sono considerate pornografiche.<\/p>\n\n\n\n<h4 class=\"wp-block-heading\"><a href=\"https:\/\/www.admin.ch\/opc\/it\/classified-compilation\/19370083\/index.html#a197\" target=\"_blank\" rel=\"noreferrer noopener\" aria-label=\"Art. 197 cpv. 1 CP (opens in a new tab)\">Art. 197 cpv. 1 CP<\/a>: \u00abArticolo per la protezione dei minori\u00bb<\/h4>\n\n\n\n<p>\u00abChiunque offre, mostra, lascia o rende accessibili a una persona minore di 16 anni, scritti, registrazioni sonore o visive, immagini o altri oggetti o rappresentazioni pornografici, o li diffonde per mezzo della radio o della televisione, \u00e8 punito con una pena detentiva sino a tre anni o con una pena pecuniaria.\u00bb <\/p>\n\n\n\n<p>L\u2019articolo per la protezione dei minori si rivolge quindi ai potenziali fornitori di pornografia, e non ai consumatori o alle consumatrici. Il suo scopo \u00e8 quindi di tutelare i giovani nel loro sviluppo sessuale. Nell\u2019era della pornografia online offerta da fornitori in tutto il mondo (e quindi dove vigono situazioni giuridiche diverse), la protezione dei minori \u00e8 raramente garantita. \u00c8 perci\u00f2 ancora pi\u00f9 importante fare un\u2019informazione adeguata.<\/p>\n\n\n\n<h4 class=\"wp-block-heading\"><a href=\"https:\/\/www.admin.ch\/opc\/it\/classified-compilation\/19370083\/index.html#a197\" target=\"_blank\" rel=\"noreferrer noopener\" aria-label=\"Art. 197 cpv. 4 e 5 CP (opens in a new tab)\">Art. 197 cpv. 4 e 5 CP<\/a>: Pornografia illegale<\/h4>\n\n\n\n<p>Questi due capoversi dell\u2019articolo 197 citano due forme di pornografia punite come reato: rappresentazioni pornografiche con minori e con animali. Le semplici foto di bambini nudi possono gi\u00e0 essere considerate pornografiche, se l\u2019impressione generale che forniscono \u00e8 tale da eccitare sessualmente le persone che potrebbero guardarle.<\/p>\n\n\n\n<h4 class=\"wp-block-heading\"><a href=\"https:\/\/www.admin.ch\/opc\/it\/classified-compilation\/19370083\/index.html#a197\" target=\"_blank\" rel=\"noreferrer noopener\">Art. 197 cpv. 8 e 8 bis CP<\/a>: Riserva<\/h4>\n\n\n\n<p>Chiunque fabbrica, possiede, consuma oggetti o rappresentazioni a tenore del capoverso 1 raffiguranti un minorenne o li rende accessibili al minorenne raffigurato, \u00e8 esente da pena se:<\/p>\n\n\n\n<p>a. il minorenne vi ha acconsentito;<\/p>\n\n\n\n<p>b. la persona che fabbrica oggetti o rappresentazioni non d\u00e0 o promette alcuna rimunerazione;<\/p>\n\n\n\n<p>e c. la differenza d\u2019et\u00e0 tra le persone coinvolte non eccede i tre anni.<\/p>\n\n\n\n<p>Sono esenti da pena i minorenni che fabbricano, possiedono o consumano oggetti o rappresentazioni a tenore del capoverso 1 che li raffigurano o rendono accessibili tali oggetti o rappresentazioni ad un\u2019altra persona con il suo consenso. La persona che possiede e consuma gli oggetti o le rappresentazioni che le sono resi accessibili \u00e8 esente da pena se:<\/p>\n\n\n\n<p>a. non d\u00e0 o promette alcuna rimunerazione;<\/p>\n\n\n\n<p>b. le persone coinvolte si conoscono personalmente;<\/p>\n\n\n\n<p>e c. le persone coinvolte sono maggiorenni o, nel caso in cui almeno una persona sia minorenne, la differenza d\u2019et\u00e0 non eccede i tre anni.<\/p>\n\n\n\n<h4 class=\"wp-block-heading\"><a rel=\"noreferrer noopener\" href=\"https:\/\/www.fedlex.admin.ch\/eli\/cc\/54\/757_781_799\/it#art_197_a\" target=\"_blank\">Art. 197a CP<\/a>: <strong>Condivisione indebita di contenuti sessuali non pubblici<\/strong><\/h4>\n\n\n\n<p>Chiunque trasmette a terzi contenuti sessuali non pubblici (immagini, video, scritti, oggetti) senza il consenso della persona che vi \u00e8 riconoscibile commette un reato. A differenza degli altri reati sessuali, l\u2019autore o l\u2019autrice viene punito\/a solo se la vittima presenta una querela. Si tratta quindi di un reato perseguibile a querela di parte.<\/p>\n\n\n\n<\/div><\/div><div class=\"full content-part image-wrapper image-678\"><img width=\"2560\" height=\"1280\" src=\"https:\/\/www.skppsc.ch\/it\/wp-content\/uploads\/sites\/7\/2016\/11\/pornografie2-2560x1280.jpg\" class=\"attachment-skp-large-force-ratio size-skp-large-force-ratio\" alt=\"\" srcset=\"https:\/\/www.skppsc.ch\/it\/wp-content\/uploads\/sites\/7\/2016\/11\/pornografie2-2560x1280.jpg 2560w, https:\/\/www.skppsc.ch\/it\/wp-content\/uploads\/sites\/7\/2016\/11\/pornografie2-300x150.jpg 300w, https:\/\/www.skppsc.ch\/it\/wp-content\/uploads\/sites\/7\/2016\/11\/pornografie2-768x384.jpg 768w, https:\/\/www.skppsc.ch\/it\/wp-content\/uploads\/sites\/7\/2016\/11\/pornografie2-640x320.jpg 640w, https:\/\/www.skppsc.ch\/it\/wp-content\/uploads\/sites\/7\/2016\/11\/pornografie2-1280x640.jpg 1280w\" sizes=\"(max-width: 2560px) 100vw, 2560px\"><\/div><div class=\"default-container content-part\"><div class=\"inner-padding\">\n\n\n\n<h2 class=\"wp-block-heading foreground-primary\">Relazione problematica con la pornografia<\/h2>\n\n\n\n<h3 class=\"wp-block-heading\">I giovani e la pornografia<\/h3>\n\n\n\n<p>Vari studi svizzeri mettono in evidenza il fatto che la maggior parte dei minori di 16 anni ha gi\u00e0 visto rappresentazioni pornografiche. Tuttavia, solo una minima parte dei giovani ha un rapporto problematico con la pornografia (pornodipendenza, incapacit\u00e0 di separare la finzione del mondo della pornografia dalla realt\u00e0, l\u2019attrazione per le forme estreme di pornografia e la pornografia illegale, ecc.).<\/p>\n\n\n\n<p>Occorre tuttavia sottolineare che fino al 50% dei minorenni che commettono reati sessuali fa un consumo eccessivo di pornografia. Questi giovani hanno inoltre fatto un consumo di pornografia gi\u00e0 in giovanissima et\u00e0 e presentano pure una predilezione per le forme estreme di pornografia. I giovani delinquenti sessuali stessi ammettono parzialmente che il consumo di pornografia pu\u00f2 indurre a compiere reati sessuali. Occorrono tuttavia altri fattori di rischio per trasformare effettivamente un minorenne in un delinquente sessuale. Il consumo di pornografia pu\u00f2 quindi essere considerato solo uno dei fattori di rischio per uno sviluppo deviante nei giovani. <\/p>\n\n\n\n<p><\/p>\n\n\n\n<h3 class=\"wp-block-heading\">Pornodipendenza<\/h3>\n\n\n\n<p>Anche se, in base alle nostre conoscenze, non esistono (ancora) studi rappresentativi su dipendenza e pornografia, vari consultori per le dipendenze riferiscono che certe persone non possono quasi o non sono pi\u00f9 in grado di controllare il loro consumo di pornografia. Per dipendenza s\u2019intende quindi una ricerca di stimoli sempre pi\u00f9 forti per poter riprodurre l\u2019esperienza desiderata. Le conseguenze di una tale dipendenza legata a stimoli pornografici induce tra l\u2019altro le persone ad iniziare a consumare anche forme illegali di pornografia, ci\u00f2 che le porta poi a commettere dei reati correlati alla loro dipendenza.<\/p>\n\n\n\n<h3 class=\"wp-block-heading\">Pedopornografia<\/h3>\n\n\n\n<p>La giurisprudenza fornisce una definizione molto ampia di pornografia con minorenni. In altri termini, i semplici atti sessualizzati o le pose eccitanti di minorenni possono gi\u00e0 essere ritenuti pornografici. La giurisprudenza considera quindi che ogni rappresentazione pedopornografica costituisce una documentazione di un abuso su minori e che quindi non rientra nei cosiddetti reati di lieve entit\u00e0! Con il loro comportamento, le consumatrici ed i consumatori di pedopornografia sostengono direttamente lo sfruttamento sessuale dei bambini.<\/p>\n\n\n\n<h3 class=\"wp-block-heading\">Sexting<\/h3>\n\n\n\n<p>Il cosiddetto \u201csexting\u201d fra adolescenti costituisce un problema particolarmente delicato in relazione con le rappresentazioni sessuali che coinvolgono minori di 18 anni. Il sexting (fusione delle parole inglesi \u201csex\u201d e \u201ctexting\u201d, ossia SMS) \u00e8 l\u2019invio reciproco di foto o filmati sexy sullo smartphone. Questa pratica, messa spesso in atto come lettera d\u2019amore digitale tra innamorati o anche come prova di coraggio, si \u00e8 nel frattempo molto diffusa. Dato che non si pu\u00f2 controllare l\u2019inoltro di tutte le immagini inviate, sussiste sempre il rischio che queste ultime vengano utilizzate impropriamente o come arma di mobbing. Per quanto riguarda la pornografia illegale di cui sopra sussiste il problema seguente: per esempio, si pu\u00f2 generalmente qualificare la foto di una quindicenne in biancheria intima sexy come rappresentazione pedopornografia. Tuttavia, per evitare di criminalizzare inutilmente le persone minorenni che praticano del \u201csexting\u201d consensuale, si applicano in questo caso delle deroghe. Se tutte le persone coinvolte si conoscono personalmente, se la differenza di et\u00e0 tra loro non supera i tre anni, se tutti sono consenzienti e se non viene n\u00e9 data, n\u00e9 promessa alcuna remunerazione, in tal caso le persone minorenni che fabbricano, possiedono e consumano tali materiali sono esenti da pena (art. 197, cpv. 8 e 8bis, CP).<\/p>\n\n\n\n<h3 class=\"wp-block-heading\">Revenge Porn<\/h3>\n\n\n\n<p>La pornovendetta, o revenge porn, \u00e8 la diffusione o la pubblicazione di foto e video intimi senza il consenso della persona che vi \u00e8 riconoscibile. Di regola, si mette in atto la pornovendetta per umiliare e danneggiare una persona. Quando ci\u00f2 avviene, le vittime soffrono spesso di gravi conseguenze emotive, sociali e professionali. Si tratta inoltre di una forma di abuso digitale. In Svizzera, la pornovendetta \u00e8 punibile dalla legge (art. 197a, cpv. 1 e 2, CP).<\/p>\n\n\n\n<\/div><\/div><div class=\"default-container content-part replaced-hr\"><div class=\"inner-padding\">\n\n\n\n<h2 class=\"wp-block-heading foreground-primary\">Cosa fa la polizia e cosa potete fare?<\/h2>\n\n\n\n<p>Il consumo di pornografia illegale \u00e8 un reato perseguibile d\u2019ufficio e se la polizia viene a conoscenza di un\u2019infrazione alla legge in quest\u2019ambito, indagher\u00e0 automaticamente.<\/p>\n\n\n\n<p>Molte foto pornografiche di bambini provengono dall\u2019estero. Fra gli autori di reati vi sono sempre anche svizzeri. Anche i cittadini svizzeri che abusano di bambini e\/o producono materiale pedopornografico all\u2019estero possono essere perseguiti penalmente. Le autorit\u00e0 svizzere di perseguimento penale ricevono segnalazioni in quest\u2019ambito da parte di autorit\u00e0 di polizia e organizzazioni di protezione dei minori soprattutto da mete di vacanza. Voi, come \u00abnormali\u00bb turisti, potete intervenire segnalando il <a href=\"https:\/\/www.kinderschutz.ch\/it\/argomento\/violenza-sessuale\/tratta-di-minori\" target=\"_blank\" rel=\"noreferrer noopener\">turismo sessuale<\/a> a danno di minori.<\/p>\n\n\n\n<p>Il\u00a0sito Clickandstop.ch\u00a0offre alle cittadine e\u00a0ai cittadini\u00a0la possibilit\u00e0 di\u00a0segnalare contenuti illegali presenti in Internet utilizzando un\u00a0<a href=\"https:\/\/www.clickandstop.ch\/it\/home-1.html\" target=\"_blank\" rel=\"noopener\" title=\"\">modulo online<\/a>. Clickandstop.ch, lo sportello di segnalazione online contro la violenza sessualizzata su bambine, bambini e adolescenti, coordina poi le successive misure da adottare in collaborazione con le autorit\u00e0 di perseguimento penale. Oltre alla possibilit\u00e0 di segnalare in modo semplice e anonimo gli URL con contenuti\u00a0pedocriminali, questo servizio\u00a0fornisce\u00a0anche informazioni e\u00a0offre\u00a0consulenza\u00a0non solo alle vittime, ma anche ai genitori e\u00a0alle persone responsabili dell\u2019educazione.\u00a0\u00a0<\/p>\n\n\n\n<\/div><\/div><div class=\"default-container content-part replaced-hr\"><div class=\"inner-padding\">\n\n\n\n<h2 class=\"wp-block-heading foreground-primary\">Consultori<\/h2>\n\n\n\n<ul class=\"wp-block-list\">\n<li>Suli sito di <a href=\"https:\/\/www.dipendenzesvizzera.ch\/\" target=\"_blank\" rel=\"noreferrer noopener\">Dipendenze Svizzera<\/a> trovate informazioni sul tema cyberdipendenza e l\u2019elenco dei consultori presenti nella vostra regione.<\/li>\n\n\n\n<li>Nel sito <a rel=\"noopener noreferrer\" href=\"http:\/\/www.ciao.ch\/f\/\" target=\"_blank\">ciao.ch<\/a> (solo in tedesco e francese), i giovani possono informarsi in modo mirato sul tema della pornografia e farsi consigliare in materia.<\/li>\n\n\n\n<li>Il sito <a rel=\"noopener noreferrer\" href=\"http:\/\/www.cybersmart.ch\" target=\"_blank\">www.cybersmart.ch<\/a> (solo in tedesco e francese) fornisce informazioni sul tema della pornografia in rete destinate a giovani e adulti.<\/li>\n\n\n\n<li>Le persone con tendenze pedofile che desiderano farsi aiutare per evitare di passare all\u2019atto e commettere un reato, possono rivolgersi alle seguenti istituzioni specializzate: <a rel=\"noreferrer noopener\" aria-label=\"forio (opens in a new tab)\" href=\"https:\/\/www.keinmissbrauch.ch\/\" target=\"_blank\">forio<\/a> o <a rel=\"noreferrer noopener\" aria-label=\"Universit\u00e4re Psychiatrische Klinken Basel (opens in a new tab)\" href=\"https:\/\/www.upk.ch\/erwachsene.html\" target=\"_blank\">Universit\u00e4re Psychiatrische Klinken Basel<\/a> (siti solo in tedesco) o <a rel=\"noreferrer noopener\" aria-label=\"Dis No (opens in a new tab)\" href=\"http:\/\/www.disno.ch\/\" target=\"_blank\">Dis No<\/a> (sito solo in francese).<\/li>\n<\/ul>\n\n\n\n<\/div><\/div><div class=\"full content-part post-name-pornografia-tutto-cio-che-prevede-la-legge  post-type-download\"><div class=\"inner-padding\"><p class=\"featured-image download hide-on-mobile\"><a href=\"https:\/\/www.skppsc.ch\/it\/wp-content\/uploads\/sites\/7\/2016\/12\/pornografia_tutto_cio_che_prevede_la_legge.pdf\" download target=\"_blank\"><img loading=\"lazy\" decoding=\"async\" width=\"640\" height=\"908\" src=\"https:\/\/www.skppsc.ch\/it\/wp-content\/uploads\/sites\/7\/2016\/12\/porno_it-640x908.jpg\" class=\"attachment-skp-thumbnail-keep-ratio size-skp-thumbnail-keep-ratio wp-post-image\" alt=\"\" srcset=\"https:\/\/www.skppsc.ch\/it\/wp-content\/uploads\/sites\/7\/2016\/12\/porno_it-640x908.jpg 640w, https:\/\/www.skppsc.ch\/it\/wp-content\/uploads\/sites\/7\/2016\/12\/porno_it-211x300.jpg 211w, https:\/\/www.skppsc.ch\/it\/wp-content\/uploads\/sites\/7\/2016\/12\/porno_it-722x1024.jpg 722w, https:\/\/www.skppsc.ch\/it\/wp-content\/uploads\/sites\/7\/2016\/12\/porno_it-768x1090.jpg 768w, https:\/\/www.skppsc.ch\/it\/wp-content\/uploads\/sites\/7\/2016\/12\/porno_it.jpg 800w\" sizes=\"auto, (max-width: 640px) 100vw, 640px\"><\/a><\/p><div class=\"remaining-content\"><h2 class=\"sub-content-title  foreground-primary foreground-primary\">Pornografia: tutto ci\u00f2 che prevede la legge<\/h2><h3 class=\"sub-content-subtitle \">Informazioni sul tema della pornografia e relativo quadro giuridico<\/h3><p>Il pieghevole \u00abPornografia: tutto ci\u00f2 che prevede la legge\u00bb fornisce informazioni sui principali articoli di legge che affrontano il tema della pornografia e intende contribuire a fare in modo che i giovani possano sperimentare la loro curiosit\u00e0 sessuale in un campo esclusivamente legale. Il pieghevole spiega la situazione giuridica e fornisce a genitori ed educatori importanti informazioni sul tema dell'et\u00e0 minima, del sexting e della pornografia illegale. Il suo scopo \u00e8 inoltre quello di dare sicurezza a genitori ed educatori nella discussione su questo delicato tema.<\/p>\n<p><!-- wp:file {\"id\":2025,\"href\":\"https:\/\/www.skppsc.ch\/it\/wp-content\/uploads\/sites\/7\/2016\/12\/pornografia_tutto_cio_che_prevede_la_legge.pdf\",\"displayPreview\":true} --><\/p>\n\n<p><!-- \/wp:file --><\/p>\n<p class=\"featured-image download mobile-only\"><a href=\"https:\/\/www.skppsc.ch\/it\/wp-content\/uploads\/sites\/7\/2016\/12\/pornografia_tutto_cio_che_prevede_la_legge.pdf\" download target=\"_blank\"><img loading=\"lazy\" decoding=\"async\" width=\"640\" height=\"908\" src=\"https:\/\/www.skppsc.ch\/it\/wp-content\/uploads\/sites\/7\/2016\/12\/porno_it-640x908.jpg\" class=\"attachment-skp-thumbnail-keep-ratio size-skp-thumbnail-keep-ratio wp-post-image\" alt=\"\" srcset=\"https:\/\/www.skppsc.ch\/it\/wp-content\/uploads\/sites\/7\/2016\/12\/porno_it-640x908.jpg 640w, https:\/\/www.skppsc.ch\/it\/wp-content\/uploads\/sites\/7\/2016\/12\/porno_it-211x300.jpg 211w, https:\/\/www.skppsc.ch\/it\/wp-content\/uploads\/sites\/7\/2016\/12\/porno_it-722x1024.jpg 722w, https:\/\/www.skppsc.ch\/it\/wp-content\/uploads\/sites\/7\/2016\/12\/porno_it-768x1090.jpg 768w, https:\/\/www.skppsc.ch\/it\/wp-content\/uploads\/sites\/7\/2016\/12\/porno_it.jpg 800w\" sizes=\"auto, (max-width: 640px) 100vw, 640px\"><\/a><\/p><div class=\"download-bottom-actions \"><a href=\"https:\/\/www.skppsc.ch\/it\/wp-content\/uploads\/sites\/7\/2016\/12\/pornografia_tutto_cio_che_prevede_la_legge.pdf\" download target=\"_blank\" class=\"large skp-icon skp-download-pdf download-icon \" title=\"\"><span class=\"link-text\"><\/span><\/a><u-add-to-cart :options='[{\"id\":338,\"title\":\"Pornografie: Alles, was Recht ist\",\"byline\":\"Faltblatt, A5, 8 Seiten, 2024\",\"lang\":\"de\",\"siteId\":2,\"cartHash\":\"292\",\"amount\":0,\"max\":\"9999\",\"articleNumber\":\"10051\"},{\"id\":338,\"title\":\"Pornographie: Agir de bon droit\",\"byline\":\"D\\u00e9pliant, A5, 6 pages, 2024\",\"lang\":\"fr\",\"siteId\":5,\"cartHash\":\"56q\",\"amount\":0,\"max\":\"9999\",\"articleNumber\":\"20051\"},{\"id\":338,\"title\":\"Pornografia: tutto ci\\u00f2 che prevede la legge\",\"byline\":\"Pieghevole, A5, 6 pagine, 2024\",\"lang\":\"it\",\"siteId\":7,\"cartHash\":\"75a\",\"amount\":0,\"max\":\"9999\",\"articleNumber\":\"30051\"}]' :is-logged-in=\"false\" login-url=\"https:\/\/www.skppsc.ch\/it\/wp-login.php?redirect_to=https%3A%2F%2Fwww.skppsc.ch%2Fit%2Fwp-json%2Fwp%2Fv2%2Fpages%2F137%3Fpr%3D75a%2375a\" police-url=\"https:\/\/www.skppsc.ch\/it\/contatto-polizia\/\" :initially-opened=\"false\"><\/u-add-to-cart><\/div><\/div><\/div><\/div><div class=\"default-container content-part\"><div class=\"inner-padding\">\n\n\n\n<\/div><\/div><div class=\"full content-part image-wrapper image-1197\"><img width=\"2560\" height=\"1280\" src=\"https:\/\/www.skppsc.ch\/it\/wp-content\/uploads\/sites\/7\/2020\/03\/pornografie4-2560x1280-1-2560x1280.jpg\" class=\"attachment-skp-large-force-ratio size-skp-large-force-ratio\" alt=\"\" srcset=\"https:\/\/www.skppsc.ch\/it\/wp-content\/uploads\/sites\/7\/2020\/03\/pornografie4-2560x1280-1-2560x1280.jpg 2560w, https:\/\/www.skppsc.ch\/it\/wp-content\/uploads\/sites\/7\/2020\/03\/pornografie4-2560x1280-1-300x150.jpg 300w, https:\/\/www.skppsc.ch\/it\/wp-content\/uploads\/sites\/7\/2020\/03\/pornografie4-2560x1280-1-768x384.jpg 768w, https:\/\/www.skppsc.ch\/it\/wp-content\/uploads\/sites\/7\/2020\/03\/pornografie4-2560x1280-1-1536x768.jpg 1536w, https:\/\/www.skppsc.ch\/it\/wp-content\/uploads\/sites\/7\/2020\/03\/pornografie4-2560x1280-1-2048x1024.jpg 2048w, https:\/\/www.skppsc.ch\/it\/wp-content\/uploads\/sites\/7\/2020\/03\/pornografie4-2560x1280-1-640x320.jpg 640w, https:\/\/www.skppsc.ch\/it\/wp-content\/uploads\/sites\/7\/2020\/03\/pornografie4-2560x1280-1-1280x640.jpg 1280w\" sizes=\"(max-width: 2560px) 100vw, 2560px\"><\/div><div class=\"default-container content-part\"><div class=\"inner-padding\">\n\n\n<\/div><\/div><\/body><\/html>","protected":false},"excerpt":{"rendered":"<p>\u00abE-commerce = P-commerce!\u00bb Ecco cosa si affermava agli esordi del consumo online, perch\u00e9 si era del parere che in rete si vendesse, si acquistasse e si consumasse soprattutto pornografia. \u00c8 comunque ancora da vedere se questo era ed \u00e8 tuttora effettivamente il principale settore di vendita. \u00c8 in ogni caso incontestabile che l&#8217;offerta di pornografia in Internet sia nettamente maggiore e che la possibilit\u00e0 di accedervi si sia drasticamente semplificata.<\/p>\n<p>\u00c8 perci\u00f2 diventato urgente conoscere la situazione giuridica in materia di pornografia. Poich\u00e9 chi conosce le varie leggi, pu\u00f2 anche proteggere se stesso\/a e gli altri dal commettere involontariamente un reato dovuto ad azioni avventate. Adottando questo comportamento, si pu\u00f2 anche valutare correttamente quando risulta necessario richiedere l&#8217;intervento della polizia.<\/p>\n","protected":false},"author":1,"featured_media":676,"parent":134,"menu_order":30,"comment_status":"closed","ping_status":"closed","template":"","meta":{"showSharingButtons":false,"skp-theme-color":"twelve","_subtitle":"","alternative_title":"","seoDescription":"","seoKeywords":"","seoTitle":"","featuredVideoEmbedCode":"","featuredYoutubeVideoId":"","notes":"","redirectToPostId":0,"skp-further-information":"<p><a href=\"https:\/\/takeitdown.ncmec.org\/it\/\" target=\"_blank\" rel=\"noreferrer noopener\">Take It Down<\/a>: una misura tecnica per prevenire o minimizzare la diffusione online di foto o video scattati prima dei 18 anni<\/p>","hideTile":false,"pageType":"","editor_notices":[],"footnotes":""},"topic":[19],"class_list":["post-137","page","type-page","status-publish","has-post-thumbnail","hentry","topic-pornografia-illegale"],"aioseo_notices":[],"_links":{"self":[{"href":"https:\/\/www.skppsc.ch\/it\/wp-json\/wp\/v2\/pages\/137","targetHints":{"allow":["GET"]}}],"collection":[{"href":"https:\/\/www.skppsc.ch\/it\/wp-json\/wp\/v2\/pages"}],"about":[{"href":"https:\/\/www.skppsc.ch\/it\/wp-json\/wp\/v2\/types\/page"}],"author":[{"embeddable":true,"href":"https:\/\/www.skppsc.ch\/it\/wp-json\/wp\/v2\/users\/1"}],"replies":[{"embeddable":true,"href":"https:\/\/www.skppsc.ch\/it\/wp-json\/wp\/v2\/comments?post=137"}],"version-history":[{"count":0,"href":"https:\/\/www.skppsc.ch\/it\/wp-json\/wp\/v2\/pages\/137\/revisions"}],"up":[{"embeddable":true,"href":"https:\/\/www.skppsc.ch\/it\/wp-json\/wp\/v2\/pages\/134"}],"wp:featuredmedia":[{"embeddable":true,"href":"https:\/\/www.skppsc.ch\/it\/wp-json\/wp\/v2\/media\/676"}],"wp:attachment":[{"href":"https:\/\/www.skppsc.ch\/it\/wp-json\/wp\/v2\/media?parent=137"}],"wp:term":[{"taxonomy":"topic","embeddable":true,"href":"https:\/\/www.skppsc.ch\/it\/wp-json\/wp\/v2\/topic?post=137"}],"curies":[{"name":"wp","href":"https:\/\/api.w.org\/{rel}","templated":true}]}}