{"id":139,"date":"2016-11-24T09:25:30","date_gmt":"2016-11-24T08:25:30","guid":{"rendered":"https:\/\/www.skppsc.ch\/de\/?page_id=139"},"modified":"2026-04-14T16:20:32","modified_gmt":"2026-04-14T14:20:32","slug":"cybermobbing-cyberbullismo","status":"publish","type":"page","link":"https:\/\/www.skppsc.ch\/it\/temi\/internet\/cybermobbing-cyberbullismo\/","title":{"rendered":"Cybermobbing + cyberbullismo"},"content":{"rendered":"<html><body><div class=\"default-container content-part\"><div class=\"inner-padding\">\n<h2 class=\"wp-block-heading foreground-primary\">Definizione<\/h2>\n\n\n\n<p>Se una o pi\u00f9 persone importunano, minacciano, assillano o prendono in giro intenzionalmente una persona in Internet o tramite smartphone per un tempo prolungato, si parla allora di cybermobbing o cyberbullismo.<\/p>\n\n\n\n<p>Sono forme di cybermobbing o cyberbullismo in particolare:<\/p>\n\n\n\n<ul class=\"wp-block-list\">\n<li>la diffusione di informazioni o voci false;<\/li>\n\n\n\n<li>La diffusione di foto e video imbarazzanti, falsificati, compromettenti o a carattere pornografico;<\/li>\n\n\n\n<li>Il caricamento di informazioni,\u00a0dicerie, immagini e video sui social network;<\/li>\n\n\n\n<li>la creazione di falsi profili (dai contenuti offensivi);gli insulti, le molestie, le minacce e i ricatti via social network, e-mail e SMS, ecc.;<\/li>\n<\/ul>\n\n\n\n<p>Un aspetto particolare legato al cybermobbing \u00e8 <a href=\"https:\/\/www.skppsc.ch\/it\/temi\/violenza\/incitamento-allodio-crimini-dodio\/\" target=\"_blank\" rel=\"noreferrer noopener\">l\u2019incitamento all\u2019odio (Hate Speech)<\/a>. Per incitamento all\u2019odio si intendono espressioni di ogni gene re rivolte contro una singola persona o un gruppo allo scopo di offendere, insultare, sminuire, denigrare, diffamare, ridi colizzare, disprezzare. In poche parole: discriminare.<\/p>\n\n\n\n<\/div><\/div><div class=\"full content-part image-wrapper image-350\"><img width=\"2560\" height=\"1280\" src=\"https:\/\/www.skppsc.ch\/it\/wp-content\/uploads\/sites\/7\/2016\/11\/cybermobbing2-2560x1280.jpg\" class=\"attachment-skp-large-force-ratio size-skp-large-force-ratio\" alt=\"\" srcset=\"https:\/\/www.skppsc.ch\/it\/wp-content\/uploads\/sites\/7\/2016\/11\/cybermobbing2-2560x1280.jpg 2560w, https:\/\/www.skppsc.ch\/it\/wp-content\/uploads\/sites\/7\/2016\/11\/cybermobbing2-300x150.jpg 300w, https:\/\/www.skppsc.ch\/it\/wp-content\/uploads\/sites\/7\/2016\/11\/cybermobbing2-768x384.jpg 768w, https:\/\/www.skppsc.ch\/it\/wp-content\/uploads\/sites\/7\/2016\/11\/cybermobbing2-640x320.jpg 640w, https:\/\/www.skppsc.ch\/it\/wp-content\/uploads\/sites\/7\/2016\/11\/cybermobbing2-1280x640.jpg 1280w\" sizes=\"(max-width: 2560px) 100vw, 2560px\"><\/div><div class=\"default-container content-part\"><div class=\"inner-padding\">\n\n\n\n<h2 class=\"wp-block-heading foreground-primary\">Vittime, autori o autrici del reato e cause<\/h2>\n\n\n\n<h3 class=\"wp-block-heading\">La relazione fra vittime e autori o autrici di cybermobbing o cyberbullismo<\/h3>\n\n\n\n<p>Il cybermobbing in generale, e nello specifico il cyberbullismo, coinvolge soprattutto i bambini e i giovani, e spesso ha la sua origine a scuola rispettivamente nel mondo reale. Anche se le autrici o gli autori sfruttano talvolta l\u2019anonimato di Internet per dissimulare la loro identit\u00e0, di regola fanno parte della cerchia dei conoscenti della vittima.<\/p>\n\n\n\n<h3 class=\"wp-block-heading\">Cause del cybermobbing o del cyberbullismo<\/h3>\n\n\n\n<p>Il cybermobbing o il cyberbullismo sono sempre collegati ad una carenza a livello di competenze sociali e mediali. Le autrici o gli autori non provano empatia per la loro vittima oppure sono indifferenti nei suoi confronti. I\/le \u201cmobber\u201d risp. i bulli o le bulle scalano i ranghi in seno al gruppo, prendendo in giro o offendendo altre persone. In molti casi, gli autori o le autrici non sanno che tutte le azioni punibili nel mondo reale lo sono anche in Internet.<\/p>\n\n\n\n<p>Talvolta, le carenze della vittima a livello di competenze mediali sono sfruttate dagli autori o dalle autrici di atti di cybermobbing o cyberbullismo. Prima che si verifichino questi attacchi, certe vittime sono state imprudenti con le loro password, e prima di postare foto, video e altri contenuti, non hanno riflettuto o non si sono informate a sufficienza su chi potrebbe visualizzare e diffondere questi post o addirittura farne un uso improprio. <\/p>\n\n\n\n<p><div class=\"video-container\"><div class=\"iframe-container\"><div class=\"video-ratio\" style=\"padding-top:56.2%;\"><\/div><iframe loading=\"lazy\" title=\"Cybermobbing bek\u00e4mpfen\" src=\"https:\/\/www.youtube.com\/embed\/T5YCb3B4U1I?feature=oembed&amp;rel=0\" frameborder=\"0\" allow=\"accelerometer; autoplay; clipboard-write; encrypted-media; gyroscope; picture-in-picture; web-share\" referrerpolicy=\"strict-origin-when-cross-origin\" allowfullscreen><\/iframe><\/div><\/div><\/p>\n\n\n\n<h3 class=\"wp-block-heading\">Spostamento delle interazioni sociali in Internet<\/h3>\n\n\n\n<p>Con la crescente diffusione di smartphone, molti giovani sono online tutto il giorno. Questa circostanza fa s\u00ec che una parte importante delle loro interazioni sociali si sposti in Internet. Fra queste rientrano anche comportamenti tipici come mettere in piazza i conflitti, correre determinati rischi in modo consapevole o inconsapevole, cos\u00ec come spingersi fino ai limiti e addirittura oltrepassarli. Diversamente dai litigi sul piazzale della ricreazione o lungo il percorso casa-scuola, la vittima di mobbing o bullismo in Internet non ha un momento di tregua o non si sente al riparo dagli attacchi neppure quando \u00e8 a casa, rispetto ai \u00abclassici\u00bb casi di mobbing o bullismo. Occorre inoltre tener presente che un attacco non termina necessariamente neppure dopo una riconciliazione con le autrici o gli autori o dopo un loro condanna. Inoltre, n\u00e9 gli autori o le autrici di cybermobbing o cyberbullismo, n\u00e9 la vittima e neppure la polizia hanno una possibilit\u00e0 efficace di controllo sull\u2019ulteriore diffusione dei dati in Internet, una volta che sono stati pubblicati.<\/p>\n\n\n\n<\/div><\/div><div class=\"full content-part image-wrapper image-351\"><img width=\"2560\" height=\"1280\" src=\"https:\/\/www.skppsc.ch\/it\/wp-content\/uploads\/sites\/7\/2016\/11\/cybermobbing3-2560x1280.jpg\" class=\"attachment-skp-large-force-ratio size-skp-large-force-ratio\" alt=\"\" srcset=\"https:\/\/www.skppsc.ch\/it\/wp-content\/uploads\/sites\/7\/2016\/11\/cybermobbing3-2560x1280.jpg 2560w, https:\/\/www.skppsc.ch\/it\/wp-content\/uploads\/sites\/7\/2016\/11\/cybermobbing3-300x150.jpg 300w, https:\/\/www.skppsc.ch\/it\/wp-content\/uploads\/sites\/7\/2016\/11\/cybermobbing3-768x384.jpg 768w, https:\/\/www.skppsc.ch\/it\/wp-content\/uploads\/sites\/7\/2016\/11\/cybermobbing3-640x320.jpg 640w, https:\/\/www.skppsc.ch\/it\/wp-content\/uploads\/sites\/7\/2016\/11\/cybermobbing3-1280x640.jpg 1280w\" sizes=\"(max-width: 2560px) 100vw, 2560px\"><\/div><div class=\"default-container content-part\"><div class=\"inner-padding\">\n\n\n\n<h2 class=\"wp-block-heading foreground-primary\">Situazione giuridica<\/h2>\n\n\n\n<p>In Svizzera, non esiste un articolo di legge specifico per il cybermobbing o il cyberbullismo.<\/p>\n\n\n\n<p>Possibili e tipici reati commessi quando si compiono atti di cybermobbing o cyberbullismo:<\/p>\n\n\n\n<ul class=\"wp-block-list\">\n<li><a aria-label=\"Art. 143bis CP (opens in a new tab)\" href=\"https:\/\/www.admin.ch\/opc\/it\/classified-compilation\/19370083\/index.html#a143bis\" target=\"_blank\" rel=\"noreferrer noopener\">Art. 143<sup>bis<\/sup> CP<\/a>: Accesso indebito a un sistema per l\u2019elaborazione di dati<\/li>\n\n\n\n<li><a aria-label=\"Art. 144bis 1. CP (opens in a new tab)\" href=\"https:\/\/www.admin.ch\/opc\/it\/classified-compilation\/19370083\/index.html#a144bis\" target=\"_blank\" rel=\"noreferrer noopener\">Art. 144<sup>bis<\/sup> 1. CP<\/a>: Danneggiamento di dati<\/li>\n\n\n\n<li><a aria-label=\"Art. 156 CP (opens in a new tab)\" href=\"https:\/\/www.admin.ch\/opc\/it\/classified-compilation\/19370083\/index.html#a156\" target=\"_blank\" rel=\"noreferrer noopener\">Art. 156 CP<\/a>: Estorsione<\/li>\n\n\n\n<li><a aria-label=\"Art. 173 CP (opens in a new tab)\" href=\"https:\/\/www.admin.ch\/opc\/it\/classified-compilation\/19370083\/index.html#a173\" target=\"_blank\" rel=\"noreferrer noopener\">Art. 173 CP<\/a>: Diffamazione<\/li>\n\n\n\n<li><a aria-label=\"Art. 174 CP (opens in a new tab)\" href=\"https:\/\/www.admin.ch\/opc\/it\/classified-compilation\/19370083\/index.html#a174\" target=\"_blank\" rel=\"noreferrer noopener\">Art. 174 CP<\/a>: Calunnia<\/li>\n\n\n\n<li><a aria-label=\"Art. 177 CP (opens in a new tab)\" href=\"https:\/\/www.admin.ch\/opc\/it\/classified-compilation\/19370083\/index.html#a177\" target=\"_blank\" rel=\"noreferrer noopener\">Art. 177 CP<\/a>: Ingiuria<\/li>\n\n\n\n<li><a aria-label=\"Art. 179quater CP (opens in a new tab)\" href=\"https:\/\/www.admin.ch\/opc\/it\/classified-compilation\/19370083\/index.html#a179quater\" target=\"_blank\" rel=\"noreferrer noopener\">Art. 179<sup>quater<\/sup> CP<\/a>: Violazione della sfera segreta o privata mediante apparecchi di presa d\u2019immagini<\/li>\n\n\n\n<li><a href=\"https:\/\/www.fedlex.admin.ch\/eli\/cc\/54\/757_781_799\/it#art_179_septies\" target=\"_blank\" rel=\"noreferrer noopener\">Art. 179<sup>septies<\/sup> CP<\/a>: Abuso di impianti di telecommunicazione<\/li>\n\n\n\n<li><a aria-label=\"Art. 179novies CP (opens in a new tab)\" href=\"https:\/\/www.admin.ch\/opc\/it\/classified-compilation\/19370083\/index.html#a179novies\" target=\"_blank\" rel=\"noreferrer noopener\">Art. 179<sup>novies<\/sup> CP<\/a>: Sottrazione di dati personali<\/li>\n\n\n\n<li><a aria-label=\"Art. 180 CP (opens in a new tab)\" href=\"https:\/\/www.admin.ch\/opc\/it\/classified-compilation\/19370083\/index.html#a180\" target=\"_blank\" rel=\"noreferrer noopener\">Art. 180 CP<\/a>: Minaccia<\/li>\n\n\n\n<li><a aria-label=\"Art. 181 CP (opens in a new tab)\" href=\"https:\/\/www.admin.ch\/opc\/it\/classified-compilation\/19370083\/index.html#a181\" target=\"_blank\" rel=\"noreferrer noopener\">Art. 181 CP<\/a>: Coazione<\/li>\n<\/ul>\n\n\n\n<\/div><\/div><div class=\"default-container content-part   \" style=\";\"><div class=\"inner-padding\">\n\n\n\n<h2 class=\"wp-block-heading foreground-primary\">Cosa fa la polizia?<\/h2>\n\n\n\n<p>Se, in un caso concreto, gli attacchi di cybermobbing o cyberbullismo sono accompagnati da atti quali l\u2019estorsione ai sensi dell\u2019art. 156 CP o la coazione ai sensi dell\u2019art. 181 CP, le azioni compiute sono perseguite d\u2019ufficio dalla polizia, non appena quest\u2019ultima ne viene a conoscenza. Questi delitti, infatti, rientrano nei cosiddetti reati perseguibili d\u2019ufficio. Questo succede indipendentemente dal fatto che la vittima voglia o meno avviare un procedimento penale nei confronti degli autori o delle autrici.<\/p>\n\n\n\n<p>Altri reati \u00abpi\u00f9 lievi\u00bb compiuti in relazione con atti di cybermobbing o cyberbullismo (per esempio l\u2019ingiuria ai sensi dell\u2019art. 177 CP) sono perseguiti solo se la vittima (o il suo rappresentante legale) presenta una querela penale in polizia. In questo caso si parla di reato perseguibile a querela di parte<\/p>\n\n\n\n<\/div><\/div><div class=\"default-container clues content-part children-count-2 children-count-even\"><div class=\"inner-padding\"><a id=\"tips\"><\/a><h2 class=\"subcontent-main-title foreground-primary foreground-primary\">Cosa posso fare?<\/h2><div class=\"clues-inner-table clues-count-even\"><div class=\"clue-item clues-count-even clues-count-2 background-faded\"><div class=\"clue wenn-ich-mein-kind-vor-cybermobbing-schuetzen-will\"><p class=\"clue-image\"><img loading=\"lazy\" decoding=\"async\" width=\"640\" height=\"320\" src=\"https:\/\/www.skppsc.ch\/it\/wp-content\/uploads\/sites\/7\/2016\/12\/cybermobbingtipp1-640x320.jpg\" class=\"attachment-skp-thumbnail-force-ratio size-skp-thumbnail-force-ratio wp-post-image\" alt=\"\" srcset=\"https:\/\/www.skppsc.ch\/it\/wp-content\/uploads\/sites\/7\/2016\/12\/cybermobbingtipp1-640x320.jpg 640w, https:\/\/www.skppsc.ch\/it\/wp-content\/uploads\/sites\/7\/2016\/12\/cybermobbingtipp1-300x150.jpg 300w, https:\/\/www.skppsc.ch\/it\/wp-content\/uploads\/sites\/7\/2016\/12\/cybermobbingtipp1-768x384.jpg 768w, https:\/\/www.skppsc.ch\/it\/wp-content\/uploads\/sites\/7\/2016\/12\/cybermobbingtipp1.jpg 800w\" sizes=\"auto, (max-width: 640px) 100vw, 640px\"><\/p><h3 class=\"clue-title background-primary foreground-title\">Ecco cosa potete fare se volete proteggere vostro\/a figlio\/a da attacchi di cybermobbing o cyberbullismo<\/h3><ul>\n<li><strong>Sostenete vostro\/a figlio\/a nell\u2019acquisizione di competenze mediali.<\/strong> Parlate con lui\/lei delle opportunit\u00e0 e dei pericoli di Internet. Utilizzate a tale fine l\u2019opuscolo <a href=\"https:\/\/www.skppsc.ch\/it\/download\/my-little-safebook\/\" target=\"_blank\">My little Safebook<\/a>. Per i bambini d\u2019et\u00e0 inferiore ai 12 anni, esiste l\u2019opuscolo <a href=\"https:\/\/www.skppsc.ch\/it\/download\/cera-una-volta-internet\/\" target=\"_blank\">C\u2019era una volta... Internet<\/a>.<\/li>\n<li><strong>Incoraggiate vostro\/a figlio\/a a confidarsi con voi.<\/strong> Spiegategli\/le che pu\u00f2 parlare con voi e che \u00e8 importante che lo faccia, soprattutto se \u00e8 vittima di mobbing o bullismo nei media sociali o se nota che altre persone sono oggetto di mobbing o bullismo.<\/li>\n<li><strong>Non temete di affrontare il tema del cybermobbing o del cyberbullismo,<\/strong> anche se voi stessi non siete tanto pratici di laptop, tablet e smartphone.<\/li>\n<\/ul>\n<\/div><\/div><div class=\"clue-item clues-count-even clues-count-2 background-faded\"><div class=\"clue wenn-mein-kind-opfer-von-cybermobbing-ist-oder-sein-koennte\"><p class=\"clue-image\"><img loading=\"lazy\" decoding=\"async\" width=\"640\" height=\"320\" src=\"https:\/\/www.skppsc.ch\/it\/wp-content\/uploads\/sites\/7\/2016\/12\/cybermobbingtipp2-640x320.jpg\" class=\"attachment-skp-thumbnail-force-ratio size-skp-thumbnail-force-ratio wp-post-image\" alt=\"\" srcset=\"https:\/\/www.skppsc.ch\/it\/wp-content\/uploads\/sites\/7\/2016\/12\/cybermobbingtipp2-640x320.jpg 640w, https:\/\/www.skppsc.ch\/it\/wp-content\/uploads\/sites\/7\/2016\/12\/cybermobbingtipp2-300x150.jpg 300w, https:\/\/www.skppsc.ch\/it\/wp-content\/uploads\/sites\/7\/2016\/12\/cybermobbingtipp2-768x384.jpg 768w, https:\/\/www.skppsc.ch\/it\/wp-content\/uploads\/sites\/7\/2016\/12\/cybermobbingtipp2.jpg 800w\" sizes=\"auto, (max-width: 640px) 100vw, 640px\"><\/p><h3 class=\"clue-title background-primary foreground-title\">Ecco cosa potete fare se sapete che vostro\/a figlio\/a \u00e8 vittima cybermobbing o cyberbullismo o se supponete che potrebbe esserlo<\/h3><ul>\n<li><strong>Se osservate cambiamenti di comportamento in vostro\/a figlio\/a,<\/strong> parlate con lui\/lei delle possibili cause del cybermobbing. Non chiudete gli occhi davanti al fatto che vostro\/a figlio\/a potrebbe essere sia la vittima che l'autore\/trice. Discutetene con lui\/lei. Se constatate che vostro\/a figlio\/a \u00e8 coinvolto\/a in attacchi di cybermobbing o cyberbullismo, anche in questo caso dovreste reagire.<\/li>\n<li><strong>Raccogliete le prove degli attacchi di cybermobbing o cyberbullismo.<\/strong> Stampate le schermate (print screen) di pagine web, salvate i dialoghi in chat, gli SMS, i nomi utenti e informazioni analoghe.<\/li>\n<li><strong>Discutete del caso di cybermobbing o cyberbullismo<\/strong> anche con l\u2019insegnante di classe e\/o con il servizio scolastico responsabile. Insistete affinch\u00e9 anche l\u2019insegnante di classe si adoperi per chiarire e risolvere il caso di cybermobbing o cyberbullismo, soprattutto se sono coinvolti allievi della stessa classe o dello stesso istituto scolastico.<\/li>\n<li><strong>Se l\u2019attacco di cybermobbing o cyberbullismo non cessa <\/strong>immediatamente dopo aver preso contatto con gli\/le allievi\/e e gli adulti di riferimento, ricorrete ad un aiuto esterno. Rivolgetevi per esempio ad un <a href=\"http:\/\/www.aiuto-alle-vittime.ch\" target=\"_blank\" rel=\"noopener noreferrer\">servizio di aiuto alle vittime di reati<\/a> o a un consultorio per giovani nel vostro cantone di domicilio. E riflettete con questi esperti, se \u00e8 il caso o meno di sporgere denuncia e\/o presentare querela penale presso il posto di polizia della localit\u00e0 in cui abitate.<\/li>\n<\/ul>\n<\/div><\/div><\/div><\/div><\/div><div class=\"default-container content-part\"><div class=\"inner-padding\">\n\n\n\n<\/div><\/div><div class=\"full content-part post-name-cybermobbing-tutto-cio-che-prevede-la-legge  post-type-download\"><div class=\"inner-padding\"><p class=\"featured-image download hide-on-mobile\"><a href=\"https:\/\/www.skppsc.ch\/it\/wp-content\/uploads\/sites\/7\/2016\/12\/cybermobbing_it_2024.pdf\" download target=\"_blank\"><img loading=\"lazy\" decoding=\"async\" width=\"640\" height=\"908\" src=\"https:\/\/www.skppsc.ch\/it\/wp-content\/uploads\/sites\/7\/2016\/12\/cybermobbing_it-640x908.jpg\" class=\"attachment-skp-thumbnail-keep-ratio size-skp-thumbnail-keep-ratio wp-post-image\" alt=\"\" srcset=\"https:\/\/www.skppsc.ch\/it\/wp-content\/uploads\/sites\/7\/2016\/12\/cybermobbing_it-640x908.jpg 640w, https:\/\/www.skppsc.ch\/it\/wp-content\/uploads\/sites\/7\/2016\/12\/cybermobbing_it-211x300.jpg 211w, https:\/\/www.skppsc.ch\/it\/wp-content\/uploads\/sites\/7\/2016\/12\/cybermobbing_it-722x1024.jpg 722w, https:\/\/www.skppsc.ch\/it\/wp-content\/uploads\/sites\/7\/2016\/12\/cybermobbing_it-768x1090.jpg 768w, https:\/\/www.skppsc.ch\/it\/wp-content\/uploads\/sites\/7\/2016\/12\/cybermobbing_it.jpg 800w\" sizes=\"auto, (max-width: 640px) 100vw, 640px\"><\/a><\/p><div class=\"remaining-content\"><h2 class=\"sub-content-title  foreground-primary foreground-primary\">Cybermobbing: tutto ci\u00f2 che prevede la legge<\/h2><h3 class=\"sub-content-subtitle \">Informazioni sul tema del cybermobbing e relativo quadro giuridico<\/h3><p><!-- wp:paragraph --><\/p>\n<p>Il pieghevole \u00abCybermobbing: tutto ci\u00f2 che prevede la legge\u00bb fornisce informazioni sui pi\u00f9 importanti articoli di legge che affrontano il tema del cybermobbing. Due casi esemplificativi spiegano come si metta in atto il mobbing sui nuovi media e sette consigli spiegano come si possa agire contro il cybermobbing. Il pieghevole si propone inoltre di fare in modo che i giovani riconoscano il limite fra bisticci e cybermobbing. Il pieghevole dovrebbe inoltre fornire a genitori ed educatori una certa sicurezza nella discussione di questo tema.<\/p>\n<p><!-- \/wp:paragraph --><\/p>\n<p><!-- wp:file {\"id\":2154,\"href\":\"https:\/\/www.skppsc.ch\/it\/wp-content\/uploads\/sites\/7\/2016\/12\/cybermobbing_it_2024.pdf\"} --><\/p>\n<div class=\"wp-block-file\"><\/div>\n<p><!-- \/wp:file --><\/p>\n<p class=\"featured-image download mobile-only\"><a href=\"https:\/\/www.skppsc.ch\/it\/wp-content\/uploads\/sites\/7\/2016\/12\/cybermobbing_it_2024.pdf\" download target=\"_blank\"><img loading=\"lazy\" decoding=\"async\" width=\"640\" height=\"908\" src=\"https:\/\/www.skppsc.ch\/it\/wp-content\/uploads\/sites\/7\/2016\/12\/cybermobbing_it-640x908.jpg\" class=\"attachment-skp-thumbnail-keep-ratio size-skp-thumbnail-keep-ratio wp-post-image\" alt=\"\" srcset=\"https:\/\/www.skppsc.ch\/it\/wp-content\/uploads\/sites\/7\/2016\/12\/cybermobbing_it-640x908.jpg 640w, https:\/\/www.skppsc.ch\/it\/wp-content\/uploads\/sites\/7\/2016\/12\/cybermobbing_it-211x300.jpg 211w, https:\/\/www.skppsc.ch\/it\/wp-content\/uploads\/sites\/7\/2016\/12\/cybermobbing_it-722x1024.jpg 722w, https:\/\/www.skppsc.ch\/it\/wp-content\/uploads\/sites\/7\/2016\/12\/cybermobbing_it-768x1090.jpg 768w, https:\/\/www.skppsc.ch\/it\/wp-content\/uploads\/sites\/7\/2016\/12\/cybermobbing_it.jpg 800w\" sizes=\"auto, (max-width: 640px) 100vw, 640px\"><\/a><\/p><div class=\"download-bottom-actions \"><a href=\"https:\/\/www.skppsc.ch\/it\/wp-content\/uploads\/sites\/7\/2016\/12\/cybermobbing_it_2024.pdf\" download target=\"_blank\" class=\"large skp-icon skp-download-pdf download-icon \" title=\"\"><span class=\"link-text\"><\/span><\/a><u-add-to-cart :options='[{\"id\":335,\"title\":\"Cybermobbing: Alles, was Recht ist\",\"byline\":\"Faltblatt, A5, 8 Seiten, 2024\",\"lang\":\"de\",\"siteId\":2,\"cartHash\":\"28v\",\"amount\":0,\"max\":\"9999\",\"articleNumber\":\"10055\"},{\"id\":335,\"title\":\"Cyberharc\\u00e8lement: Agir de bon droit\",\"byline\":\"D\\u00e9pliant, A5, 8 pages, 2024\",\"lang\":\"fr\",\"siteId\":5,\"cartHash\":\"56n\",\"amount\":0,\"max\":\"9999\",\"articleNumber\":\"20055\"},{\"id\":335,\"title\":\"Cybermobbing: tutto ci\\u00f2 che prevede la legge\",\"byline\":\"Pieghevole, A5, 8 pagine, 2024\",\"lang\":\"it\",\"siteId\":7,\"cartHash\":\"757\",\"amount\":0,\"max\":\"9999\",\"articleNumber\":\"30055\"}]' :is-logged-in=\"false\" login-url=\"https:\/\/www.skppsc.ch\/it\/wp-login.php?redirect_to=https%3A%2F%2Fwww.skppsc.ch%2Fit%2Fwp-json%2Fwp%2Fv2%2Fpages%2F139%3Fpr%3D757%23757\" police-url=\"https:\/\/www.skppsc.ch\/it\/contatto-polizia\/\" :initially-opened=\"false\"><\/u-add-to-cart><\/div><\/div><\/div><\/div><div class=\"default-container content-part\"><div class=\"inner-padding\">\n\n\n\n<\/div><\/div><div class=\"full content-part image-wrapper image-353\"><img width=\"2560\" height=\"1280\" src=\"https:\/\/www.skppsc.ch\/it\/wp-content\/uploads\/sites\/7\/2016\/11\/cybermobbing4-2560x1280.jpg\" class=\"attachment-skp-large-force-ratio size-skp-large-force-ratio\" alt=\"\" srcset=\"https:\/\/www.skppsc.ch\/it\/wp-content\/uploads\/sites\/7\/2016\/11\/cybermobbing4-2560x1280.jpg 2560w, https:\/\/www.skppsc.ch\/it\/wp-content\/uploads\/sites\/7\/2016\/11\/cybermobbing4-300x150.jpg 300w, https:\/\/www.skppsc.ch\/it\/wp-content\/uploads\/sites\/7\/2016\/11\/cybermobbing4-768x384.jpg 768w, https:\/\/www.skppsc.ch\/it\/wp-content\/uploads\/sites\/7\/2016\/11\/cybermobbing4-640x320.jpg 640w, https:\/\/www.skppsc.ch\/it\/wp-content\/uploads\/sites\/7\/2016\/11\/cybermobbing4-1280x640.jpg 1280w\" sizes=\"(max-width: 2560px) 100vw, 2560px\"><\/div><div class=\"default-container content-part\"><div class=\"inner-padding\">\n<\/div><\/div><\/body><\/html>","protected":false},"excerpt":{"rendered":"<p>Oggi, la maggioranza dei giovani ha accesso a Internet. Molti di loro lo hanno praticamente sempre a portata di mano e a disposizione grazie agli smartphone. Questa \u00e8 la prima generazione di giovani ad avere cos\u00ec tanta confidenza con il mondo digitale. I genitori e i\/le docenti devono per\u00f2 informarli bene sui pericoli di Internet e sulle sfide che implica. Il cybermobbing o cyberbullismo \u00e8 appunto uno di questi pericoli. Chi \u00e8 bene informato su questo tema, pu\u00f2 contribuire non solo a prevenire o impedire attacchi di cybermobbing o cyberbullismo, ma \u00e8 anche in grado di reagire correttamente quando ha a che fare con questo genere di comportamento.<\/p>\n","protected":false},"author":1,"featured_media":349,"parent":138,"menu_order":20,"comment_status":"closed","ping_status":"closed","template":"","meta":{"showSharingButtons":false,"skp-theme-color":"two","_subtitle":null,"alternative_title":"","seoDescription":"","seoKeywords":"","seoTitle":"","featuredVideoEmbedCode":"","featuredYoutubeVideoId":"","notes":"","redirectToPostId":0,"skp-further-information":"<p>Il portale informativo <a href=\"http:\/\/www.giovaniemedia.ch\/it\/home.html\" target=\"_blank\" rel=\"noopener\">Giovani e Media<\/a> spiega a genitori, insegnanti e altre persone con compiti educativi come fare per garantire un uso quotidiano dei media sicuro e adeguato all'et\u00e0.<\/p>","hideTile":false,"pageType":"","editor_notices":[],"footnotes":""},"topic":[20],"class_list":["post-139","page","type-page","status-publish","has-post-thumbnail","hentry","topic-cybermobbing-e-cyberbullismo"],"aioseo_notices":[],"_links":{"self":[{"href":"https:\/\/www.skppsc.ch\/it\/wp-json\/wp\/v2\/pages\/139","targetHints":{"allow":["GET"]}}],"collection":[{"href":"https:\/\/www.skppsc.ch\/it\/wp-json\/wp\/v2\/pages"}],"about":[{"href":"https:\/\/www.skppsc.ch\/it\/wp-json\/wp\/v2\/types\/page"}],"author":[{"embeddable":true,"href":"https:\/\/www.skppsc.ch\/it\/wp-json\/wp\/v2\/users\/1"}],"replies":[{"embeddable":true,"href":"https:\/\/www.skppsc.ch\/it\/wp-json\/wp\/v2\/comments?post=139"}],"version-history":[{"count":0,"href":"https:\/\/www.skppsc.ch\/it\/wp-json\/wp\/v2\/pages\/139\/revisions"}],"up":[{"embeddable":true,"href":"https:\/\/www.skppsc.ch\/it\/wp-json\/wp\/v2\/pages\/138"}],"wp:featuredmedia":[{"embeddable":true,"href":"https:\/\/www.skppsc.ch\/it\/wp-json\/wp\/v2\/media\/349"}],"wp:attachment":[{"href":"https:\/\/www.skppsc.ch\/it\/wp-json\/wp\/v2\/media?parent=139"}],"wp:term":[{"taxonomy":"topic","embeddable":true,"href":"https:\/\/www.skppsc.ch\/it\/wp-json\/wp\/v2\/topic?post=139"}],"curies":[{"name":"wp","href":"https:\/\/api.w.org\/{rel}","templated":true}]}}