{"id":141,"date":"2016-11-24T09:30:39","date_gmt":"2016-11-24T08:30:39","guid":{"rendered":"https:\/\/www.skppsc.ch\/de\/?page_id=141"},"modified":"2026-03-13T09:27:52","modified_gmt":"2026-03-13T08:27:52","slug":"phishing","status":"publish","type":"page","link":"https:\/\/www.skppsc.ch\/it\/temi\/internet\/phishing\/","title":{"rendered":"Phishing"},"content":{"rendered":"<html><body><div class=\"default-container content-part\"><div class=\"inner-padding\">\n<h2 class=\"wp-block-heading foreground-primary\">Definizione<\/h2>\n\n\n\n<p>Il termine \u00abphishing\u00bb deriva dall\u2019unione delle parole inglesi \u00abpassword\u00bb, \u00abharvesting\u00bb (raccogliere le messi) e \u00abfishing\u00bb (pescare). Come lo indica il nome stesso, il phishing \u00e8 una tecnica messa in atto da truffatori per accedere ai dati confidenziali di ignari internauti come password agli account di e-mail, della Posta, eBanking o piattaforme online. Gli attacchi di phishing possono essere sferrati da bande organizzate o anche da singole persone via e-mail, su siti web, tramite un servizio di telefonia che sfrutta le connessioni Internet (VoIP) oppure via servizi di messaggistica. Se l\u2019attacco di phishing\u00a0\u00e8 veicolato tramite\u00a0servizi di messaggistica, si parla di \u201csmishing\u201d (contrazione\u00a0dei termini\u00a0\u201cSMS\u201d\u00a0e\u00a0\u201cphishing\u201d). Se invece avviene per telefono, si parla di \u201cvhishing\u201d (contrazione\u00a0dei termini \u201cvoice\u201d\u00a0e phishing\u201d).\u00a0<\/p>\n\n\n\n\t\t\t<details class=\"wp-block-details read-more-details\">\n\t\t\t\t<summary>Mostrare di pi\u00f9<\/summary>\n\t\t\t\t<p>I truffatori utilizzano poi i dati ottenuti con l\u2019inganno o rubati per compiere vari delitti patrimoniali: a nome della persona derubata effettuano versamenti bancari, acquisti online o piazzano addirittura false offerte su piattaforme di commercio online. I dati d\u2019accesso all\u2019account dell\u2019e-mail ottenuti con l\u2019inganno consentono ai truffatori di avere il totale accesso ad altri account e-mail. In questo modo, i truffatori possono inviare ulteriori false e-mail ai contatti della vittima di phishing, modificare la password o bloccare l\u2019account.<\/p>\n<p>\n\t\t\t<\/p><\/details>\n\t\t\t\n\n\n\n<\/div><\/div><div class=\"default-container content-part   \" style=\";\"><div class=\"inner-padding\">\n\n\n\n<h2 class=\"wp-block-heading foreground-primary\">Tipiche caratteristiche di un attacco di phishing<\/h2>\n\n\n\n<p>Gli attacchi di phishing variano molto, ma presentano comunque caratteristiche tipiche e punti in comune.<\/p>\n\n\n\n<ul class=\"wp-block-list\">\n<li>All\u2019inizio di ogni attacco di phishing, una persona \u00e8 invitata a rivelare i propri dati personali. Il pretesto pu\u00f2 variare: necessit\u00e0 di attualizzare i dati personali per motivi di sicurezza, di aggiornare il rispettivo conto utente oppure dati richiesti da un\u2019autorit\u00e0 per procedere ad un rimborso, per esempio di costi di elettricit\u00e0, ecc.<\/li>\n\n\n\n<li>La vittima riceve generalmente questi inviti via e-mail o messaggio che contengono un link verso un sito falsificato.<\/li>\n\n\n\n<li>Sul sito falsificato, la vittima \u00e8 poi esortata a fornire i propri dati compilando un formulario. Oltre a chiederle dati bancari confidenziali, \u00e8 pure invitata ad indicare altri dati personali come nome, cognome, indirizzo e-mail, nome utente e password dei vari conti, ecc.<\/li>\n\n\n\n<li>L\u2019indirizzo del mittente e i contenuti dell\u2019e-mail di phishing come pure la concezione del sito web al quale il contenuto dell\u2019e-mail di phishing rinvia fanno credere al destinatario che il mittente sia un rinomato istituto finanziario oppure una nota piattaforma di commercio online (p. es. Ricardo, tutti o eBay), la Posta o ancora che si tratti di un provider di posta elettronica o di un\u2019autorit\u00e0.<\/li>\n\n\n\n<li>Capita anche che siti web di societ\u00e0 serie siano piratati per inserirvi una pagina di phishing. Questa problematica \u00e8 nota soprattutto nel settore dei servizi bancari online.<\/li>\n\n\n\n<li>Nel caso di attacchi di\u00a0phishing\u00a0per telefono, le truffatrici e i truffatori si spacciano, ad esempio, per agenti di polizia, fornitori di servizi finanziari o esperti informatici.\u00a0Inventano quindi storie in cui evocano presunti problemi con la carta di credito o il documento d\u2019identit\u00e0\u00a0per\u00a0carpire\u00a0i dati personali della vittima.<\/li>\n<\/ul>\n\n\n\n<\/div><\/div><div class=\"full content-part image-wrapper image-398\"><img width=\"2560\" height=\"1280\" src=\"https:\/\/www.skppsc.ch\/it\/wp-content\/uploads\/sites\/7\/2016\/11\/phishing2-2560x1280.jpg\" class=\"attachment-skp-large-force-ratio size-skp-large-force-ratio\" alt=\"\" srcset=\"https:\/\/www.skppsc.ch\/it\/wp-content\/uploads\/sites\/7\/2016\/11\/phishing2-2560x1280.jpg 2560w, https:\/\/www.skppsc.ch\/it\/wp-content\/uploads\/sites\/7\/2016\/11\/phishing2-300x150.jpg 300w, https:\/\/www.skppsc.ch\/it\/wp-content\/uploads\/sites\/7\/2016\/11\/phishing2-768x384.jpg 768w, https:\/\/www.skppsc.ch\/it\/wp-content\/uploads\/sites\/7\/2016\/11\/phishing2-640x320.jpg 640w, https:\/\/www.skppsc.ch\/it\/wp-content\/uploads\/sites\/7\/2016\/11\/phishing2-1280x640.jpg 1280w\" sizes=\"(max-width: 2560px) 100vw, 2560px\"><\/div><div class=\"default-container content-part\"><div class=\"inner-padding\">\n\n\n\n<\/div><\/div><div class=\"default-container content-part   \" style=\";\"><div class=\"inner-padding\">\n\n\n\n<h2 class=\"wp-block-heading foreground-primary\">Situazione giuridica<\/h2>\n\n\n\n<p>Il codice penale svizzero (CP) non contempla il reato di phishing. Per punire questo delitto, si possono tuttavia applicare spesso gli articoli seguenti.<\/p>\n\n\n\n<ul class=\"wp-block-list\">\n<li><a aria-label=\"Art. 143 CP (opens in a new tab)\" href=\"https:\/\/www.admin.ch\/opc\/it\/classified-compilation\/19370083\/index.html#a143\" target=\"_blank\" rel=\"noreferrer noopener\">Art. 143 CP<\/a>: Acquisizione illecita di dati<\/li>\n\n\n\n<li><a aria-label=\"Art. 143bis CP (opens in a new tab)\" href=\"https:\/\/www.admin.ch\/opc\/it\/classified-compilation\/19370083\/index.html#a143bis\" target=\"_blank\" rel=\"noreferrer noopener\">Art. 143<sup>bis<\/sup> CP<\/a>: Accesso indebito a un sistema per l\u2019elaborazione di dati<\/li>\n\n\n\n<li><a aria-label=\"Art. 144 CP (opens in a new tab)\" href=\"https:\/\/www.admin.ch\/opc\/it\/classified-compilation\/19370083\/index.html#a144\" target=\"_blank\" rel=\"noreferrer noopener\">Art. 144 CP<\/a>: Danneggiamento<\/li>\n\n\n\n<li><a aria-label=\"Art. 147 CP (opens in a new tab)\" href=\"https:\/\/www.admin.ch\/opc\/it\/classified-compilation\/19370083\/index.html#a147\" target=\"_blank\" rel=\"noreferrer noopener\">Art. 147 CP<\/a>: Abuso di un impianto per l\u2019elaborazione di dati<\/li>\n\n\n\n<li><a href=\"https:\/\/www.fedlex.admin.ch\/eli\/cc\/54\/757_781_799\/it#art_179_decies\" target=\"_blank\" rel=\"noopener\" title=\"\">Art. 179<sup>decies<\/sup> CP<\/a>: Usurpazione d\u2019identit\u00e0<\/li>\n\n\n\n<li><a aria-label=\"Art. 251 CP (opens in a new tab)\" href=\"https:\/\/www.admin.ch\/opc\/it\/classified-compilation\/19370083\/index.html#a251\" target=\"_blank\" rel=\"noreferrer noopener\">Art. 251 CP<\/a>: Falsit\u00e0 in documenti<\/li>\n\n\n\n<li><a aria-label=\"Art. 305bis CP (opens in a new tab)\" href=\"https:\/\/www.admin.ch\/opc\/it\/classified-compilation\/19370083\/index.html#a305bis\" target=\"_blank\" rel=\"noreferrer noopener\">Art. 305<sup>bis<\/sup> CP<\/a>: Riciclaggio di denaro<\/li>\n<\/ul>\n\n\n\n<\/div><\/div><div class=\"default-container content-part   \" style=\";\"><div class=\"inner-padding\">\n\n\n\n<h2 class=\"wp-block-heading foreground-primary\">Cosa fa la polizia?<\/h2>\n\n\n\n<p>\u00c8 molto difficile perseguire singolarmente reati di phishing, perch\u00e9 non sono disponibili raccolte di informazioni sull\u2019infrastruttura tecnica usata dai truffatori che inondano le caselle di posta elettronica con invii analoghi di phishing. Spesso, i truffatori creano pagine di phishing con l\u2019ausilio di servizi proxy ubicati all\u2019estero. Per dissimulare la loro identit\u00e0, i truffatori inviano spesso e-mail di phishing tramite botnet (reti formate da dispositivi informatici collegati a Internet) oppure inseriscono pagine phishing su server di terzi ospitati all\u2019estero oppure piratati. Inoltre, i dati rubati sono generalmente rivenduti e utilizzati da altri truffatori. Dato che le inchieste sono molto onerose e, in vari casi, anche impossibile da condurre, \u00e8 ancora pi\u00f9 importante proteggersi da questi attacchi.<\/p>\n\n\n\n<\/div><\/div><div class=\"default-container clues content-part children-count-2 children-count-even\"><div class=\"inner-padding\"><a id=\"tips\"><\/a><h2 class=\"subcontent-main-title foreground-primary foreground-primary\">Cosa posso fare?<\/h2><div class=\"clues-inner-table clues-count-even\"><div class=\"clue-item clues-count-even clues-count-2 background-faded\"><div class=\"clue damit-ich-kein-opfer-von-phising-werde\"><p class=\"clue-image\"><img loading=\"lazy\" decoding=\"async\" width=\"640\" height=\"320\" src=\"https:\/\/www.skppsc.ch\/it\/wp-content\/uploads\/sites\/7\/2016\/12\/phishingtipp1-640x320.jpg\" class=\"attachment-skp-thumbnail-force-ratio size-skp-thumbnail-force-ratio wp-post-image\" alt=\"\" srcset=\"https:\/\/www.skppsc.ch\/it\/wp-content\/uploads\/sites\/7\/2016\/12\/phishingtipp1-640x320.jpg 640w, https:\/\/www.skppsc.ch\/it\/wp-content\/uploads\/sites\/7\/2016\/12\/phishingtipp1-300x150.jpg 300w, https:\/\/www.skppsc.ch\/it\/wp-content\/uploads\/sites\/7\/2016\/12\/phishingtipp1-768x384.jpg 768w, https:\/\/www.skppsc.ch\/it\/wp-content\/uploads\/sites\/7\/2016\/12\/phishingtipp1.jpg 800w\" sizes=\"auto, (max-width: 640px) 100vw, 640px\"><\/p><h3 class=\"clue-title background-primary foreground-title\">Per evitare di diventare vittime di un attacco di phishing<\/h3><ul>\n<li><strong>Tenete presente la regola seguente:<\/strong> i fornitori di servizi seri come banche, la Posta, siti di vendita e aste online, autorit\u00e0 e istituzioni analoghe non invitano mai via e-mail o telefono a fornire password o dati di carte di credito.<\/li>\n<li><strong>Siate perci\u00f2 estremamente diffidenti<\/strong> se ricevete e-mail che vi esortano a fornire i vostri dati personali affermando che se non procedete in tal senso, ne subirete le conseguenze come perdite di denaro, denuncia penale o blocco delle carte.<\/li>\n<li><strong>Cancellate sistematicamente queste e-mail<\/strong> e soprattutto non cliccate mai sui link indicati.<\/li>\n<li><strong>Verifica dei siti web sospetti:<\/strong> <a href=\"https:\/\/checkawebsite.ibarry.ch\" target=\"_blank\" rel=\"noopener\">https:\/\/checkawebsite.ibarry.ch<\/a><\/li>\n<\/ul>\n<\/div><\/div><div class=\"clue-item clues-count-even clues-count-2 background-faded\"><div class=\"clue wenn-ich-opfer-von-phishing-bin\"><p class=\"clue-image\"><img loading=\"lazy\" decoding=\"async\" width=\"640\" height=\"320\" src=\"https:\/\/www.skppsc.ch\/it\/wp-content\/uploads\/sites\/7\/2016\/12\/phishingtipp2-640x320.jpg\" class=\"attachment-skp-thumbnail-force-ratio size-skp-thumbnail-force-ratio wp-post-image\" alt=\"\" srcset=\"https:\/\/www.skppsc.ch\/it\/wp-content\/uploads\/sites\/7\/2016\/12\/phishingtipp2-640x320.jpg 640w, https:\/\/www.skppsc.ch\/it\/wp-content\/uploads\/sites\/7\/2016\/12\/phishingtipp2-300x150.jpg 300w, https:\/\/www.skppsc.ch\/it\/wp-content\/uploads\/sites\/7\/2016\/12\/phishingtipp2-768x384.jpg 768w, https:\/\/www.skppsc.ch\/it\/wp-content\/uploads\/sites\/7\/2016\/12\/phishingtipp2.jpg 800w\" sizes=\"auto, (max-width: 640px) 100vw, 640px\"><\/p><h3 class=\"clue-title background-primary foreground-title\">Se siete diventi vittime di un attacco di phishing<\/h3><ul>\n<li><strong>Modificate immediatamente le password<\/strong> che avete comunicato e create nuove <a href=\"https:\/\/www.skppsc.ch\/it\/temi\/internet\/hacking-malware\/1-passwort\/\">password pi\u00f9 sicure<\/a>.<\/li>\n<li><strong>Se avete rivelato dati confidenziali,<\/strong> contattate subito il vostro fornitore di servizi (istituto finanziario, provider o servizio di posta elettronica) e spiegategli la vostra situazione.<\/li>\n<li><strong>Segnalate inoltre l\u2019attacco di phishing<\/strong> all'Ufficio federale della cibersicurezza UFCS con l'apposito<a href=\"https:\/\/www.report.ncsc.admin.ch\/it\/\" target=\"_blank\" rel=\"noopener\"> formulario d'annuncio<\/a>.<\/li>\n<\/ul>\n<\/div><\/div><\/div><\/div><\/div><div class=\"default-container content-part\"><div class=\"inner-padding\">\n\n\n\n<\/div><\/div><div class=\"full content-part post-name-phishing-it  post-type-download\"><div class=\"inner-padding\"><p class=\"featured-image download hide-on-mobile\"><a href=\"https:\/\/www.skppsc.ch\/it\/wp-content\/uploads\/sites\/7\/2018\/10\/phising_it_2024.pdf\" download target=\"_blank\"><img loading=\"lazy\" decoding=\"async\" width=\"640\" height=\"908\" src=\"https:\/\/www.skppsc.ch\/it\/wp-content\/uploads\/sites\/7\/2018\/10\/phising_it-640x908.jpg\" class=\"attachment-skp-thumbnail-keep-ratio size-skp-thumbnail-keep-ratio wp-post-image\" alt=\"\" srcset=\"https:\/\/www.skppsc.ch\/it\/wp-content\/uploads\/sites\/7\/2018\/10\/phising_it-640x908.jpg 640w, https:\/\/www.skppsc.ch\/it\/wp-content\/uploads\/sites\/7\/2018\/10\/phising_it-211x300.jpg 211w, https:\/\/www.skppsc.ch\/it\/wp-content\/uploads\/sites\/7\/2018\/10\/phising_it-768x1090.jpg 768w, https:\/\/www.skppsc.ch\/it\/wp-content\/uploads\/sites\/7\/2018\/10\/phising_it.jpg 800w\" sizes=\"auto, (max-width: 640px) 100vw, 640px\"><\/a><\/p><div class=\"remaining-content\"><h2 class=\"sub-content-title  foreground-primary foreground-primary\">Phishing<\/h2><h3 class=\"sub-content-subtitle \">Ecco come vi potete proteggere dal phishing<\/h3><p>Il pieghevole \u00abPhishing - Ecco come vi potete proteggere dal phishing\u00bb \u00e8 stato realizzato in collaborazione con \u00abeBanking\u00a0\u2013 ma sicuro!\u00bb.\u00a0In questo pieghevole si spiega come funziona esattamente il phishing e a cosa bisogna prestare attenzione quando si ricevono e-mail di phishing. (Il pieghevole \u00e8 inoltre disponibile in <a href=\"https:\/\/www.skppsc.ch\/it\/download\/phishing-italiano\/\">inglese<\/a>.)<\/p>\n<p><!-- wp:file {\"id\":2010,\"href\":\"https:\/\/www.skppsc.ch\/it\/wp-content\/uploads\/sites\/7\/2018\/10\/phising_it_2024.pdf\",\"displayPreview\":true} --><\/p>\n\n<p><!-- \/wp:file --><\/p>\n<p class=\"featured-image download mobile-only\"><a href=\"https:\/\/www.skppsc.ch\/it\/wp-content\/uploads\/sites\/7\/2018\/10\/phising_it_2024.pdf\" download target=\"_blank\"><img loading=\"lazy\" decoding=\"async\" width=\"640\" height=\"908\" src=\"https:\/\/www.skppsc.ch\/it\/wp-content\/uploads\/sites\/7\/2018\/10\/phising_it-640x908.jpg\" class=\"attachment-skp-thumbnail-keep-ratio size-skp-thumbnail-keep-ratio wp-post-image\" alt=\"\" srcset=\"https:\/\/www.skppsc.ch\/it\/wp-content\/uploads\/sites\/7\/2018\/10\/phising_it-640x908.jpg 640w, https:\/\/www.skppsc.ch\/it\/wp-content\/uploads\/sites\/7\/2018\/10\/phising_it-211x300.jpg 211w, https:\/\/www.skppsc.ch\/it\/wp-content\/uploads\/sites\/7\/2018\/10\/phising_it-768x1090.jpg 768w, https:\/\/www.skppsc.ch\/it\/wp-content\/uploads\/sites\/7\/2018\/10\/phising_it.jpg 800w\" sizes=\"auto, (max-width: 640px) 100vw, 640px\"><\/a><\/p><div class=\"download-bottom-actions \"><a href=\"https:\/\/www.skppsc.ch\/it\/wp-content\/uploads\/sites\/7\/2018\/10\/phising_it_2024.pdf\" download target=\"_blank\" class=\"large skp-icon skp-download-pdf download-icon \" title=\"\"><span class=\"link-text\"><\/span><\/a><u-add-to-cart :options='[{\"id\":1239,\"title\":\"Phishing\",\"byline\":\"Faltblatt, A5, 4 Seiten, 2024\",\"lang\":\"de\",\"siteId\":2,\"cartHash\":\"knn\",\"amount\":0,\"max\":\"9999\",\"articleNumber\":\"10066\"},{\"id\":1072,\"title\":\"Phishing\",\"byline\":\"D\\u00e9pliant, A5, 4 pages, 2024\",\"lang\":\"fr\",\"siteId\":5,\"cartHash\":\"1hs0\",\"amount\":0,\"max\":\"9999\",\"articleNumber\":\"20066\"},{\"id\":1049,\"title\":\"Phishing\",\"byline\":\"Pieghevole, A5, 4 pagine, 2024\",\"lang\":\"it\",\"siteId\":7,\"cartHash\":\"25c9\",\"amount\":0,\"max\":\"9999\",\"articleNumber\":\"30066\"}]' :is-logged-in=\"false\" login-url=\"https:\/\/www.skppsc.ch\/it\/wp-login.php?redirect_to=https%3A%2F%2Fwww.skppsc.ch%2Fit%2Fwp-json%2Fwp%2Fv2%2Fpages%2F141%3Fpr%3D25c9%2325c9\" police-url=\"https:\/\/www.skppsc.ch\/it\/contatto-polizia\/\" :initially-opened=\"false\"><\/u-add-to-cart><\/div><\/div><\/div><\/div><div class=\"default-container content-part\"><div class=\"inner-padding\">\n\n\n\n<\/div><\/div><div class=\"full content-part image-wrapper image-400\"><img width=\"2560\" height=\"1280\" src=\"https:\/\/www.skppsc.ch\/it\/wp-content\/uploads\/sites\/7\/2016\/11\/phishing3-2560x1280.jpg\" class=\"attachment-skp-large-force-ratio size-skp-large-force-ratio\" alt=\"\" srcset=\"https:\/\/www.skppsc.ch\/it\/wp-content\/uploads\/sites\/7\/2016\/11\/phishing3-2560x1280.jpg 2560w, https:\/\/www.skppsc.ch\/it\/wp-content\/uploads\/sites\/7\/2016\/11\/phishing3-300x150.jpg 300w, https:\/\/www.skppsc.ch\/it\/wp-content\/uploads\/sites\/7\/2016\/11\/phishing3-768x384.jpg 768w, https:\/\/www.skppsc.ch\/it\/wp-content\/uploads\/sites\/7\/2016\/11\/phishing3-640x320.jpg 640w, https:\/\/www.skppsc.ch\/it\/wp-content\/uploads\/sites\/7\/2016\/11\/phishing3-1280x640.jpg 1280w\" sizes=\"(max-width: 2560px) 100vw, 2560px\"><\/div><div class=\"default-container content-part\"><div class=\"inner-padding\">\n<\/div><\/div><\/body><\/html>","protected":false},"excerpt":{"rendered":"<p>Per utilizzare Internet e tutte le sue possibilit\u00e0, gli\/le internauti\/e devono di volta in volta fornire alcuni dati personali. Questa esigenza \u00e8 sfruttata dai criminali che rubano dati personali o tentano, con mille sotterfugi, di spingere gli utenti a fornire loro questi dati.<\/p>\n","protected":false},"author":1,"featured_media":397,"parent":138,"menu_order":50,"comment_status":"closed","ping_status":"closed","template":"","meta":{"showSharingButtons":false,"skp-theme-color":"nine","_subtitle":null,"alternative_title":"","seoDescription":"","seoKeywords":"","seoTitle":"","featuredVideoEmbedCode":"","featuredYoutubeVideoId":"","notes":"","redirectToPostId":0,"skp-further-information":"<p>La <a href=\"https:\/\/www.melani.admin.ch\/melani\/it\/home.html\" target=\"_blank\" rel=\"noopener\">Centrale d'annuncio e d'analisi per la sicurezza dell'informazione (MELANI)<\/a> informa le persone private e le PMI sui pericoli e sulle misure da adottare in relazione con l'utilizzazione delle tecnologie dell'informazione e della comunicazione (p. es.: E-Mails, eBanking).<\/p><p>Sul sito <a href=\"https:\/\/www.ebankingbutsecure.ch\/it\/\" target=\"_blank\" rel=\"noopener\">\u00abeBanking ma sicuro!\u00bb<\/a> sono illustrate le misure e le regole comportamentali da adottare per utilizzare in modo sicuro le applicazioni di eBanking.<\/p>","hideTile":false,"pageType":"","editor_notices":[],"footnotes":""},"topic":[22],"class_list":["post-141","page","type-page","status-publish","has-post-thumbnail","hentry","topic-phishing"],"aioseo_notices":[],"_links":{"self":[{"href":"https:\/\/www.skppsc.ch\/it\/wp-json\/wp\/v2\/pages\/141","targetHints":{"allow":["GET"]}}],"collection":[{"href":"https:\/\/www.skppsc.ch\/it\/wp-json\/wp\/v2\/pages"}],"about":[{"href":"https:\/\/www.skppsc.ch\/it\/wp-json\/wp\/v2\/types\/page"}],"author":[{"embeddable":true,"href":"https:\/\/www.skppsc.ch\/it\/wp-json\/wp\/v2\/users\/1"}],"replies":[{"embeddable":true,"href":"https:\/\/www.skppsc.ch\/it\/wp-json\/wp\/v2\/comments?post=141"}],"version-history":[{"count":0,"href":"https:\/\/www.skppsc.ch\/it\/wp-json\/wp\/v2\/pages\/141\/revisions"}],"up":[{"embeddable":true,"href":"https:\/\/www.skppsc.ch\/it\/wp-json\/wp\/v2\/pages\/138"}],"wp:featuredmedia":[{"embeddable":true,"href":"https:\/\/www.skppsc.ch\/it\/wp-json\/wp\/v2\/media\/397"}],"wp:attachment":[{"href":"https:\/\/www.skppsc.ch\/it\/wp-json\/wp\/v2\/media?parent=141"}],"wp:term":[{"taxonomy":"topic","embeddable":true,"href":"https:\/\/www.skppsc.ch\/it\/wp-json\/wp\/v2\/topic?post=141"}],"curies":[{"name":"wp","href":"https:\/\/api.w.org\/{rel}","templated":true}]}}