{"id":142,"date":"2016-11-24T10:07:14","date_gmt":"2016-11-24T09:07:14","guid":{"rendered":"https:\/\/www.skppsc.ch\/de\/?page_id=142"},"modified":"2026-03-13T13:18:40","modified_gmt":"2026-03-13T12:18:40","slug":"sextortion","status":"publish","type":"page","link":"https:\/\/www.skppsc.ch\/it\/temi\/internet\/sextortion\/","title":{"rendered":"Sextortion (estorsione sessuale)"},"content":{"rendered":"<html><body><div class=\"default-container content-part\"><div class=\"inner-padding\">\n<h2 class=\"wp-block-heading foreground-primary\">Definizione<\/h2>\n\n\n\n<p>Il termine <em>sextortion<\/em> (dall\u2019inglese \u00absex\u00bb e \u00abextortion\u00bb) designa un metodo di estorsione per mezzo di immagini o filmati che mostrano la vittima mentre compie atti di natura sessuale (ad es. masturbazione) e\/o nuda<\/p>\n\n\n\n<\/div><\/div><div class=\"default-container content-part   \" style=\";\"><div class=\"inner-padding\">\n\n\n\n<h2 class=\"wp-block-heading foreground-primary\">Modus operandi<\/h2>\n\n\n\n<h3 class=\"wp-block-heading\">La variante classica <\/h3>\n\n\n\n<p>Le persone prese di mira ricevono un invito o una richiesta di amicizia tramite le reti sociali (p.es. su Facebook o su una piattaforma di dating) da parte di una persona molto attraente a loro sconosciuta. Una volta accettato l\u2019invito o la richiesta, la persona in questione inizia a chattare con la persona presa di mira. Durante la conversazione, le propone poi di passare ad una videochat e cerca di convincerla a spogliarsi, masturbarsi o assumere pose indecenti. Per raggiungere il proprio scopo, questa seduttrice inganna la sua vittima dicendole di trovarla molto attraente, di sentirsi eccitata sessualmente da lei e\/o di non avere nessuna inibizione nei confronti della nudit\u00e0 e della masturbazione. Per apparire credibile, compie il primo passo scoprendo per esempio le proprie parti intime o fingendo di masturbarsi davanti alla webcam. Tutte le azioni che la persona presa di mira compie davanti alla webcam durante la videochat sono registrate a sua insaputa. In seguito, la vittima \u00e8 contattata da ricattatori che la esortano a pagare, minacciandola di mettere tutto quanto ripreso sulle reti sociali a suo nome o di inviare questo materiale sensibile per e-mail a familiari, amici o datori di lavoro.<\/p>\n\n\n\n<figure class=\"wp-block-embed is-type-video is-provider-youtube wp-block-embed-youtube wp-embed-aspect-16-9 wp-has-aspect-ratio\"><div class=\"wp-block-embed__wrapper\">\n\n<div class=\"video-container\"><div class=\"iframe-container\"><div class=\"video-ratio\" style=\"padding-top:56.2%;\"><\/div><iframe loading=\"lazy\" title=\"SEXY TIME nelle videochat\" src=\"https:\/\/www.youtube.com\/embed\/V8JMsxPlasQ?feature=oembed&amp;rel=0\" frameborder=\"0\" allow=\"accelerometer; autoplay; clipboard-write; encrypted-media; gyroscope; picture-in-picture; web-share\" referrerpolicy=\"strict-origin-when-cross-origin\" allowfullscreen><\/iframe><\/div><\/div><\/div><\/figure>\n\n\n\n<h3 class=\"wp-block-heading\">La variante SPAM (fake sextortion)<\/h3>\n\n\n\n<p>Capita anche che i <a aria-label=\"tentativi di ricatto (opens in a new tab)\" rel=\"noreferrer noopener\" href=\"https:\/\/www.skppsc.ch\/it\/minacciati-e-ricattati-via-e-mail\/\" target=\"_blank\">tentativi di ricatto<\/a> qui sopra descritti siano inviati a moltissime persone come e-mail di spam contenente una \u00abminaccia infondata\u00bb. Gli spammer sperano di individuare fra i vari destinatari persone che hanno recentemente guardato film o immagini porno e si augurano che la minaccia inviata li spaventi al punto da indurli a pagare. In questi casi, il computer delle vittime non \u00e8 infettato e in realt\u00e0 gli spammer non sono affatto in possesso di materiale compromettente. <\/p>\n\n\n\n<p>Potete <a href=\"https:\/\/www.report.ncsc.admin.ch\/it\/\" target=\"_blank\" rel=\"noopener\" title=\"segnalare\">segnalare<\/a> la variante spam di sextortion all\u2019Ufficio federale della cibersicurezza UFCS.<\/p>\n\n\n\n<h3 class=\"wp-block-heading\">La variante \u201cgrooming\u201d<\/h3>\n\n\n\n<p>Come nella variante classica, inizialmente le foto di nudo vengono inviate per libera scelta o perch\u00e9 si \u00e8 messi sotto pressione. Nella maggior parte dei casi, le autrici o gli autori sono adulti che entrano in contatto online con bambini\/e e giovani. Dapprima conquistano la loro fiducia, poi li convincono ad inviare loro foto e video intimi, infine li costringono a fornirne ancora di pi\u00f9 altrimenti diffonderanno il materiale gi\u00e0 in loro possesso.<\/p>\n\n\n\n<figure class=\"wp-block-embed is-type-video is-provider-youtube wp-block-embed-youtube wp-embed-aspect-16-9 wp-has-aspect-ratio\"><div class=\"wp-block-embed__wrapper\">\n\n<div class=\"video-container\"><div class=\"iframe-container\"><div class=\"video-ratio\" style=\"padding-top:56.2%;\"><\/div><iframe loading=\"lazy\" title=\"\u00abCi\u00f2 che condividi online, lo condividi con tutti. Proteggi ci\u00f2 che \u00e8 importante per te.\u00bb\" src=\"https:\/\/www.youtube.com\/embed\/CpQr4thihoQ?feature=oembed&amp;rel=0\" frameborder=\"0\" allow=\"accelerometer; autoplay; clipboard-write; encrypted-media; gyroscope; picture-in-picture; web-share\" referrerpolicy=\"strict-origin-when-cross-origin\" allowfullscreen><\/iframe><\/div><\/div><\/div><\/figure>\n\n\n\n<p>Questa presa di contatto, o adescamento, pu\u00f2 persino sfociare in un incontro reale il cui scopo \u00e8 abusare sessualmente della vittima o sfruttarla sessualmente. La variante in questione \u00e8 nota come <a href=\"https:\/\/www.skppsc.ch\/it\/temi\/violenza-sessuale\/violenza-sessuale-sui-bambini\/\" target=\"_blank\" rel=\"noreferrer noopener\"><em>grooming<\/em><\/a> o adescamento di minori.<\/p>\n\n\n\n<\/div><\/div><div class=\"default-container content-part   \" style=\";\"><div class=\"inner-padding\">\n\n\n\n<h2 class=\"wp-block-heading foreground-primary\">Vittime e circostanze frequenti<\/h2>\n\n\n\n<ul class=\"wp-block-list\">\n<li>Vittime di sextortion possono essere sia i giovani sia gli adulti; in ogni caso si tratta soprattutto di uomini. <\/li>\n\n\n\n<li>Gli autori si trovano all\u2019estero e anche il denaro dei riscatti va su conti stranieri.<\/li>\n\n\n\n<li>Sono sempre pi\u00f9 frequenti i casi in cui le vittime versano le somme richieste, ma l\u2019estorsione prosegue oppure le immagini o i filmati sono pubblicati comunque.<\/li>\n<\/ul>\n\n\n\n<\/div><\/div><div class=\"full content-part image-wrapper image-227\"><img width=\"2560\" height=\"1280\" src=\"https:\/\/www.skppsc.ch\/it\/wp-content\/uploads\/sites\/7\/2016\/11\/sextortion2-2560x1280.jpg\" class=\"attachment-skp-large-force-ratio size-skp-large-force-ratio\" alt=\"\" srcset=\"https:\/\/www.skppsc.ch\/it\/wp-content\/uploads\/sites\/7\/2016\/11\/sextortion2-2560x1280.jpg 2560w, https:\/\/www.skppsc.ch\/it\/wp-content\/uploads\/sites\/7\/2016\/11\/sextortion2-300x150.jpg 300w, https:\/\/www.skppsc.ch\/it\/wp-content\/uploads\/sites\/7\/2016\/11\/sextortion2-768x384.jpg 768w, https:\/\/www.skppsc.ch\/it\/wp-content\/uploads\/sites\/7\/2016\/11\/sextortion2-640x320.jpg 640w, https:\/\/www.skppsc.ch\/it\/wp-content\/uploads\/sites\/7\/2016\/11\/sextortion2-1280x640.jpg 1280w\" sizes=\"(max-width: 2560px) 100vw, 2560px\"><\/div><div class=\"default-container content-part\"><div class=\"inner-padding\">\n\n\n\n<h2 class=\"wp-block-heading foreground-primary\">Quadro giuridico<\/h2>\n\n\n\n<p>La legislazione svizzera non prevede una norma penale specifica per la sextortion.<br>In caso di sextortion si possono configurare le seguenti fattispecie penali:<\/p>\n\n\n\n<ul class=\"wp-block-list\">\n<li><a href=\"https:\/\/www.admin.ch\/opc\/it\/classified-compilation\/19370083\/index.html#a156\" target=\"_blank\" rel=\"noreferrer noopener\" aria-label=\"Art. 156 CP  (opens in a new tab)\">Art. 156 CP <\/a>Estorsione<\/li>\n\n\n\n<li><a href=\"https:\/\/www.admin.ch\/opc\/it\/classified-compilation\/19370083\/index.html#a174\" target=\"_blank\" rel=\"noreferrer noopener\" aria-label=\"Art. 174 CP (opens in a new tab)\">Art. 174 CP<\/a> Calunnia<\/li>\n\n\n\n<li><a rel=\"noreferrer noopener\" aria-label=\"Artikel 179quater CP (opens in a new tab)\" href=\"https:\/\/www.admin.ch\/opc\/it\/classified-compilation\/19370083\/index.html#a179quater\" target=\"_blank\">Art. 179<sup>quater<\/sup> CP<\/a> Violazione della sfera segreta o privata mediante apparecchi di presa d\u2019immagini<\/li>\n\n\n\n<li><a rel=\"noreferrer noopener\" href=\"https:\/\/www.fedlex.admin.ch\/eli\/cc\/54\/757_781_799\/it#art_181\" target=\"_blank\">Art. 181 CP<\/a>\u00a0Coazione<\/li>\n\n\n\n<li><a href=\"https:\/\/www.admin.ch\/opc\/it\/classified-compilation\/19370083\/index.html#a197\" target=\"_blank\" rel=\"noreferrer noopener\" aria-label=\"Art. 197 CP (opens in a new tab)\">Art. 197 CP<\/a> Pornografia<\/li>\n\n\n\n<li><a href=\"https:\/\/www.fedlex.admin.ch\/eli\/cc\/54\/757_781_799\/it#art_197_a\" target=\"_blank\" rel=\"noopener\" title=\"\">Art. 197a CP<\/a> Condivisione indebita di contenuti sessuali non pubblici<\/li>\n<\/ul>\n\n\n\n<\/div><\/div><div class=\"default-container content-part   \" style=\";\"><div class=\"inner-padding\">\n\n\n\n<h2 class=\"wp-block-heading foreground-primary\">Cosa pu\u00f2 fare la polizia?<\/h2>\n\n\n\n<p>La sextortion comporta sempre un tentativo di estorsione nei confronti della persona filmata. Dato che l\u2019estorsione ai sensi dell\u2019articolo 156 CP \u00e8 un reato perseguibile d\u2019ufficio, la polizia \u00e8 tenuta a avviare le indagini non appena viene a conoscenza di un caso. <\/p>\n\n\n\n<p><div class=\"video-container\"><div class=\"iframe-container\"><div class=\"video-ratio\" style=\"padding-top:56.2%;\"><\/div><iframe loading=\"lazy\" title=\"Sextortion\" src=\"https:\/\/www.youtube.com\/embed\/od5dsJL3Bvg?feature=oembed&amp;rel=0\" frameborder=\"0\" allow=\"accelerometer; autoplay; clipboard-write; encrypted-media; gyroscope; picture-in-picture; web-share\" referrerpolicy=\"strict-origin-when-cross-origin\" allowfullscreen><\/iframe><\/div><\/div><\/p>\n\n\n\n<p>Malgrado la probabilit\u00e0 di portare i responsabili davanti alla giustizia e recuperare le somme versate sia esigua, si consiglia alle vittime di sextortion di sporgere denuncia. Solo cos\u00ec, infatti, la polizia pu\u00f2 raccogliere informazioni sulla diffusione del delitto, stabilire collegamenti e eventualmente individuare piste utili per le indagini. Vi invitiamo a superare vergogna e imbarazzo e ricordatevi: la giustizia persegue i reati e non le debolezze umane!<\/p>\n\n\n\n<\/div><\/div><div class=\"default-container clues content-part children-count-2 children-count-even\"><div class=\"inner-padding\"><a id=\"tips\"><\/a><h2 class=\"subcontent-main-title foreground-primary foreground-primary\">Cosa posso fare?<\/h2><div class=\"clues-inner-table clues-count-even\"><div class=\"clue-item clues-count-even clues-count-2 background-faded\"><div class=\"clue damit-ich-kein-opfer-werde\"><p class=\"clue-image\"><img loading=\"lazy\" decoding=\"async\" width=\"640\" height=\"320\" src=\"https:\/\/www.skppsc.ch\/it\/wp-content\/uploads\/sites\/7\/2016\/12\/sextortiontip1-640x320.jpg\" class=\"attachment-skp-thumbnail-force-ratio size-skp-thumbnail-force-ratio wp-post-image\" alt=\"\" srcset=\"https:\/\/www.skppsc.ch\/it\/wp-content\/uploads\/sites\/7\/2016\/12\/sextortiontip1-640x320.jpg 640w, https:\/\/www.skppsc.ch\/it\/wp-content\/uploads\/sites\/7\/2016\/12\/sextortiontip1-300x150.jpg 300w, https:\/\/www.skppsc.ch\/it\/wp-content\/uploads\/sites\/7\/2016\/12\/sextortiontip1-768x384.jpg 768w, https:\/\/www.skppsc.ch\/it\/wp-content\/uploads\/sites\/7\/2016\/12\/sextortiontip1.jpg 800w\" sizes=\"auto, (max-width: 640px) 100vw, 640px\"><\/p><h3 class=\"clue-title background-primary foreground-title\">Per prevenire una sextortion:<\/h3><ul>\n<li><strong>Non accettare richieste di amicizia o inviti sulle reti sociali<\/strong> se non si \u00e8 in grado di identificare con certezza le persone che li hanno formulati o se non le si \u00e8 gi\u00e0 incontrate nella vita reale.<\/li>\n<li><strong>Non dimenticarsi mai che durante una videochat si potrebbe essere ripresi<\/strong> ed evitare quindi di commettere gesti che, in seguito, potrebbero risultare imbarazzanti.<\/li>\n<li><strong>Disattivate sempre la vostra webcam<\/strong> oppure copritela con un autoadesivo se in quel preciso momento non state parlando con nessuno tramite videochat.<\/li>\n<li><strong>Diffondere tra i propri contatti<\/strong> le informazioni riguardanti questo tipo di estorsione.<\/li>\n<\/ul>\n<\/div><\/div><div class=\"clue-item clues-count-even clues-count-2 background-faded\"><div class=\"clue wenn-ich-opfer-geworden-bin\"><p class=\"clue-image\"><img loading=\"lazy\" decoding=\"async\" width=\"640\" height=\"320\" src=\"https:\/\/www.skppsc.ch\/it\/wp-content\/uploads\/sites\/7\/2016\/12\/sextortiontip2-640x320.jpg\" class=\"attachment-skp-thumbnail-force-ratio size-skp-thumbnail-force-ratio wp-post-image\" alt=\"\" srcset=\"https:\/\/www.skppsc.ch\/it\/wp-content\/uploads\/sites\/7\/2016\/12\/sextortiontip2-640x320.jpg 640w, https:\/\/www.skppsc.ch\/it\/wp-content\/uploads\/sites\/7\/2016\/12\/sextortiontip2-300x150.jpg 300w, https:\/\/www.skppsc.ch\/it\/wp-content\/uploads\/sites\/7\/2016\/12\/sextortiontip2-768x384.jpg 768w, https:\/\/www.skppsc.ch\/it\/wp-content\/uploads\/sites\/7\/2016\/12\/sextortiontip2.jpg 800w\" sizes=\"auto, (max-width: 640px) 100vw, 640px\"><\/p><h3 class=\"clue-title background-primary foreground-title\">In caso di sextortion:<\/h3><ul>\n<li><strong>Non soddisfare le richieste dei ricattatori o <a href=\"https:\/\/www.skppsc.ch\/it\/minacciati-e-ricattati-via-e-mail\/\" target=\"_blank\" rel=\"noopener noreferrer\">truffatori<\/a>:<\/strong> non versare alcun riscatto!<\/li>\n<li><strong>Interrompere immediatamente il contatto con la persona e i ricattatori,<\/strong> cancellarli dalla lista degli amici e non rispondere a e-mail, SMS e simili provenienti da loro.<\/li>\n<li><strong>Se i ricattatori hanno pubblicato immagini o filmati,<\/strong> contattare il pi\u00f9 rapidamente possibile la piattaforma interessata (Youtube, Facebook ecc.) ed esigere che rimuova immediatamente i contenuti a carattere sessuale.<\/li>\n<li><strong>Impostare una notifica Google Alert sul proprio nome;<\/strong> in tal modo, si riceve un messaggio ogniqualvolta vengono caricati in Internet nuovi video o foto associati ad esso.<\/li>\n<li><strong>Raccogliere tutti i mezzi di prova:<\/strong> le immagini e i filmati oggetto dell\u2019estorsione, i dati di contatto dei ricattatori e della persona, tutti i messaggi ricevuti da costoro (sequenze di conversazione via chat, e-mail ecc.), le indicazioni per il versamento del riscatto e altro ancora; sporgere denuncia per estorsione al posto di polizia del proprio luogo di domicilio.<\/li>\n<li><strong>Raccontare quanto \u00e8 accaduto a una persona di fiducia<\/strong> e\/o ricorrere a un sostegno psicologico, se il tentativo di estorsione \u00e8 risultato troppo destabilizzante.<\/li>\n<\/ul>\n<\/div><\/div><\/div><\/div><\/div><div class=\"default-container content-part\"><div class=\"inner-padding\">\n\n\n\n<\/div><\/div><div class=\"full content-part post-name-non-si-faccia-ricattare  post-type-download\"><div class=\"inner-padding\"><p class=\"featured-image download hide-on-mobile\"><a href=\"https:\/\/www.skppsc.ch\/it\/wp-content\/uploads\/sites\/7\/2021\/02\/sextortion_it.pdf\" download target=\"_blank\"><img loading=\"lazy\" decoding=\"async\" width=\"640\" height=\"908\" src=\"https:\/\/www.skppsc.ch\/it\/wp-content\/uploads\/sites\/7\/2021\/02\/sextortion_it-640x908.jpg\" class=\"attachment-skp-thumbnail-keep-ratio size-skp-thumbnail-keep-ratio wp-post-image\" alt=\"\" srcset=\"https:\/\/www.skppsc.ch\/it\/wp-content\/uploads\/sites\/7\/2021\/02\/sextortion_it-640x908.jpg 640w, https:\/\/www.skppsc.ch\/it\/wp-content\/uploads\/sites\/7\/2021\/02\/sextortion_it-211x300.jpg 211w, https:\/\/www.skppsc.ch\/it\/wp-content\/uploads\/sites\/7\/2021\/02\/sextortion_it-768x1090.jpg 768w, https:\/\/www.skppsc.ch\/it\/wp-content\/uploads\/sites\/7\/2021\/02\/sextortion_it.jpg 800w\" sizes=\"auto, (max-width: 640px) 100vw, 640px\"><\/a><\/p><div class=\"remaining-content\"><h2 class=\"sub-content-title  foreground-primary foreground-primary\">Non si faccia ricattare!<\/h2><h3 class=\"sub-content-subtitle \"><\/h3><p>\u00c8 veramente terribile il momento\u2026 in cui le persone realizzano di essere ricattate con immagini o video intimi.\u00a0I cosiddetti casi di sextortion possono assumere varie forme. Possono verificarsi in seguito ad una conversazione a sfondo erotico in una chat o arrivare come spam nella propria casella di posta elettronica. Entrambi i modi operandi sfruttano il fatto che le vittime vogliono evitare la pubblicazione di immagini o video compromettenti (presumibilmente) esistenti o il loro invio ad amici e conoscenti. Motivo per cui pagano un riscatto.\u00a0In entrambi i casi, tuttavia, il messaggio di prevenzione \u00e8 chiaro: <em>Keep calm and don\u2019t pay!\u00a0<\/em>Mantenete la calma e non pagate!<\/p>\n<p>In questo opuscolo in formato A5 troverete questo e altri consigli, cos\u00ec come alcune dritte per gli adulti su come evitare di essere ricattati, se non si vuole rinunciare al cybersesso.<\/p>\n<p><\/p>\n<p class=\"featured-image download mobile-only\"><a href=\"https:\/\/www.skppsc.ch\/it\/wp-content\/uploads\/sites\/7\/2021\/02\/sextortion_it.pdf\" download target=\"_blank\"><img loading=\"lazy\" decoding=\"async\" width=\"640\" height=\"908\" src=\"https:\/\/www.skppsc.ch\/it\/wp-content\/uploads\/sites\/7\/2021\/02\/sextortion_it-640x908.jpg\" class=\"attachment-skp-thumbnail-keep-ratio size-skp-thumbnail-keep-ratio wp-post-image\" alt=\"\" srcset=\"https:\/\/www.skppsc.ch\/it\/wp-content\/uploads\/sites\/7\/2021\/02\/sextortion_it-640x908.jpg 640w, https:\/\/www.skppsc.ch\/it\/wp-content\/uploads\/sites\/7\/2021\/02\/sextortion_it-211x300.jpg 211w, https:\/\/www.skppsc.ch\/it\/wp-content\/uploads\/sites\/7\/2021\/02\/sextortion_it-768x1090.jpg 768w, https:\/\/www.skppsc.ch\/it\/wp-content\/uploads\/sites\/7\/2021\/02\/sextortion_it.jpg 800w\" sizes=\"auto, (max-width: 640px) 100vw, 640px\"><\/a><\/p><div class=\"download-bottom-actions \"><a href=\"https:\/\/www.skppsc.ch\/it\/wp-content\/uploads\/sites\/7\/2021\/02\/sextortion_it.pdf\" download target=\"_blank\" class=\"large skp-icon skp-download-pdf download-icon \" title=\"\"><span class=\"link-text\"><\/span><\/a><u-add-to-cart :options='[{\"id\":2401,\"title\":\"Lass dich nicht sex-erpressen!\",\"byline\":\"Faltblatt A5, 4 Seiten, 2021\",\"lang\":\"de\",\"siteId\":2,\"cartHash\":\"ls1\",\"amount\":0,\"max\":\"9999\",\"articleNumber\":\"10021\"},{\"id\":1503,\"title\":\"Sexe en ligne : ne vous laissez pas ran\\u00e7onner !\",\"byline\":\"D\\u00e9pliant, A5, 4 pages, 2021\",\"lang\":\"fr\",\"siteId\":5,\"cartHash\":\"1i9f\",\"amount\":0,\"max\":\"9999\",\"articleNumber\":\"20021\"},{\"id\":1360,\"title\":\"Non si faccia ricattare!\",\"byline\":\"Pieghevole, A5, 4 pagine, 2021\",\"lang\":\"it\",\"siteId\":7,\"cartHash\":\"25m0\",\"amount\":0,\"max\":\"9999\",\"articleNumber\":\"30021\"}]' :is-logged-in=\"false\" login-url=\"https:\/\/www.skppsc.ch\/it\/wp-login.php?redirect_to=https%3A%2F%2Fwww.skppsc.ch%2Fit%2Fwp-json%2Fwp%2Fv2%2Fpages%2F142%3Fpr%3D25m0%2325m0\" police-url=\"https:\/\/www.skppsc.ch\/it\/contatto-polizia\/\" :initially-opened=\"false\"><\/u-add-to-cart><\/div><\/div><\/div><\/div><div class=\"default-container content-part\"><div class=\"inner-padding\">\n\n\n\n<\/div><\/div><div class=\"full content-part image-wrapper image-229\"><img width=\"2560\" height=\"1280\" src=\"https:\/\/www.skppsc.ch\/it\/wp-content\/uploads\/sites\/7\/2016\/11\/sextortion3-2560x1280.jpg\" class=\"attachment-skp-large-force-ratio size-skp-large-force-ratio\" alt=\"\" srcset=\"https:\/\/www.skppsc.ch\/it\/wp-content\/uploads\/sites\/7\/2016\/11\/sextortion3-2560x1280.jpg 2560w, https:\/\/www.skppsc.ch\/it\/wp-content\/uploads\/sites\/7\/2016\/11\/sextortion3-300x150.jpg 300w, https:\/\/www.skppsc.ch\/it\/wp-content\/uploads\/sites\/7\/2016\/11\/sextortion3-768x384.jpg 768w, https:\/\/www.skppsc.ch\/it\/wp-content\/uploads\/sites\/7\/2016\/11\/sextortion3-640x320.jpg 640w, https:\/\/www.skppsc.ch\/it\/wp-content\/uploads\/sites\/7\/2016\/11\/sextortion3-1280x640.jpg 1280w\" sizes=\"(max-width: 2560px) 100vw, 2560px\"><\/div><div class=\"default-container content-part\"><div class=\"inner-padding\">\n\n\n<\/div><\/div><\/body><\/html>","protected":false},"excerpt":{"rendered":"<p>Internet offre innumerevoli possibilit\u00e0 di relazionarsi in modo disimpegnato e senza declinare le proprie generalit\u00e0 con persone del mondo intero, in forma scritta, tramite telefonia internet o in videochat. Il fenomeno della sextortion mostra tuttavia che, in determinati casi, dietro a uno scambio apparentemente anonimo e rilassato si nasconde in realt\u00e0 un piano criminale, che mette a rischio la reputazione della vittima davanti a famiglia, amici e conoscenti. Spesso, quando navighiamo nel grande mare della Rete, non siamo cos\u00ec anonimi come pensiamo.<\/p>\n","protected":false},"author":1,"featured_media":226,"parent":138,"menu_order":30,"comment_status":"closed","ping_status":"closed","template":"","meta":{"showSharingButtons":false,"skp-theme-color":"three","_subtitle":"","alternative_title":"","seoDescription":"","seoKeywords":"","seoTitle":"","featuredVideoEmbedCode":"","featuredYoutubeVideoId":"","notes":"","redirectToPostId":0,"skp-further-information":"<p>Potete <a href=\"https:\/\/www.report.ncsc.admin.ch\/it\/\" target=\"_blank\" rel=\"noopener\" title=\"segnalare\">segnalare<\/a> la variante spam di sextortion all'Ufficio federale della cibersicurezza UFCS.<span style=\"background-color: rgba(0, 0, 0, 0.01); color: initial;\"><\/span><\/p>","hideTile":false,"pageType":"","editor_notices":[],"footnotes":""},"topic":[23],"class_list":["post-142","page","type-page","status-publish","has-post-thumbnail","hentry","topic-sextortion-erpressung"],"aioseo_notices":[],"_links":{"self":[{"href":"https:\/\/www.skppsc.ch\/it\/wp-json\/wp\/v2\/pages\/142","targetHints":{"allow":["GET"]}}],"collection":[{"href":"https:\/\/www.skppsc.ch\/it\/wp-json\/wp\/v2\/pages"}],"about":[{"href":"https:\/\/www.skppsc.ch\/it\/wp-json\/wp\/v2\/types\/page"}],"author":[{"embeddable":true,"href":"https:\/\/www.skppsc.ch\/it\/wp-json\/wp\/v2\/users\/1"}],"replies":[{"embeddable":true,"href":"https:\/\/www.skppsc.ch\/it\/wp-json\/wp\/v2\/comments?post=142"}],"version-history":[{"count":0,"href":"https:\/\/www.skppsc.ch\/it\/wp-json\/wp\/v2\/pages\/142\/revisions"}],"up":[{"embeddable":true,"href":"https:\/\/www.skppsc.ch\/it\/wp-json\/wp\/v2\/pages\/138"}],"wp:featuredmedia":[{"embeddable":true,"href":"https:\/\/www.skppsc.ch\/it\/wp-json\/wp\/v2\/media\/226"}],"wp:attachment":[{"href":"https:\/\/www.skppsc.ch\/it\/wp-json\/wp\/v2\/media?parent=142"}],"wp:term":[{"taxonomy":"topic","embeddable":true,"href":"https:\/\/www.skppsc.ch\/it\/wp-json\/wp\/v2\/topic?post=142"}],"curies":[{"name":"wp","href":"https:\/\/api.w.org\/{rel}","templated":true}]}}