{"id":147,"date":"2016-11-24T10:09:22","date_gmt":"2016-11-24T09:09:22","guid":{"rendered":"https:\/\/www.skppsc.ch\/de\/?page_id=147"},"modified":"2026-04-09T07:37:31","modified_gmt":"2026-04-09T05:37:31","slug":"truffa","status":"publish","type":"page","link":"https:\/\/www.skppsc.ch\/it\/temi\/truffa\/truffa\/","title":{"rendered":"Truffa"},"content":{"rendered":"<html><body><div class=\"default-container content-part\"><div class=\"inner-padding\">\n<h2 class=\"wp-block-heading foreground-primary\">Definizione<\/h2>\n\n\n\n<p>Dal punto di vista legale, si parla di truffa quando qualcuno, per procacciare a s\u00e9 o ad altri un indebito profitto, inganna con astuzia una persona affermando cose false o dissimulando cose vere, oppure ne conferma subdolamente l\u2019errore inducendola in tal modo ad atti pregiudizievoli al patrimonio proprio o altrui. La definizione legale si applica alle pi\u00f9 diverse forme di truffa: in strada, sulla soglia di casa, per posta, al telefono, ma anche tramite e-mail e in generale in Internet.<\/p>\n\n\n\n<\/div><\/div><div class=\"default-container content-part replaced-hr\"><div class=\"inner-padding\">\n\n\n\n<h2 class=\"wp-block-heading foreground-primary foreground-primary\">Caratteristiche generali della truffa<\/h2>\n\n\n\n<p>I truffatori e le truffatrici dimostrano sempre di avere grande creativit\u00e0 e inventano costantemente <a href=\"https:\/\/www.skppsc.ch\/it\/categoria\/truffa\/\">nuovi trucchi<\/a> e raggiri. \u00c8 perci\u00f2 importante riconoscere i tipici comportamenti di truffatori e truffatrici, i tipici tratti caratteristici delle vittime e le tipiche situazioni in cui si mette in atto una truffa per proteggere se stessi e gli altri.<\/p>\n\n\n\n<ul class=\"wp-block-list\">\n<li><strong>Tipici comportamenti di truffatrici e truffatori:<\/strong>\u00a0tentano di disorientare la loro vittima, di convincerla e spesso di isolarla e\/o di perseguitarla per ingannarla.<\/li>\n\n\n\n<li><strong>Tipici tratti caratteristici delle vittime:<\/strong>\u00a0i truffatori e le truffatrici sfruttano in modo mirato i punti deboli delle persone che ovviamente ognuno di noi ha! Fra questi vi sono in particolare l\u2019avidit\u00e0, l\u2019ingenuit\u00e0, l\u2019ignoranza, la cocciutaggine e l\u2019arroganza. Sfruttano per\u00f2 anche le nostre virt\u00f9 come l\u2019altruismo o la fiducia.<\/li>\n\n\n\n<li><strong>Tipiche situazioni in cui si mette in atto una truffa:<\/strong>\u00a0chi sta vivendo una crisi personale, \u00e8 sotto stress o sotto pressione, sprizza di felicit\u00e0 oppure \u00e8 molto afflitto per un particolare evento, ha un\u2019assoluta necessit\u00e0 di denaro oppure ha un grande bisogno di amore, attenzioni, riconoscimento, dovrebbe guardarsi da truffatrici e truffatori e verificare le offerte ricevute con spirito particolarmente critico.<\/li>\n<\/ul>\n\n\n\n<\/div><\/div><div class=\"default-container content-part  has-custom-background-color \" style=\"background-color:#eDeDeD;\"><div class=\"inner-padding\">\n\n\n\n<h2 class=\"wp-block-heading foreground-primary\"><strong>Truffe online<\/strong><\/h2>\n\n\n\n<p><strong>Truffe sugli investimenti online:<\/strong> I truffatori e le truffatrici cercano di attirare potenziali vittime proponendo loro di investire online su piattaforme d\u2019investimenti o siti di trading falsi. Chi investe su questi siti, ha solo da perderci! Troverete maggiori informazioni <a href=\"https:\/\/www.skppsc.ch\/it\/temi\/internet\/truffe-sugli-investimenti-online\/\" target=\"_blank\" rel=\"noopener\" title=\"\">qui<\/a>.<\/p>\n\n\n\n<p><strong>Truffa relativa agli annunci sui mercati online: <\/strong>ne possono essere vittime sia le e gli acquirenti che le venditrici e i venditori. Esistono diverse tipologie di truffe di questo genere, ma se ne conoscete i meccanismi, potrete evitarle. Troverete maggiori informazioni <a href=\"https:\/\/www.skppsc.ch\/it\/temi\/internet\/truffe-sui-mercati-online\/\" target=\"_blank\" rel=\"noopener\" title=\"\">qui<\/a>.<\/p>\n\n\n\n<p><strong>Truffa dell\u2019amore (romance scam): <\/strong>da una breve conversazione in chat con una persona sconosciuta incontrata in Internet nasce rapidamente una relazione sentimentale. Mentre una delle due persone crede, felice, in questo nuovo amore, l\u2019altra approfitta del suo altruismo per estorcerle del denaro. Troverete maggiori informazioni <a href=\"https:\/\/www.skppsc.ch\/it\/temi\/internet\/romance-scam-italiano\/\" target=\"_blank\" rel=\"noopener\" title=\"qui\">qui<\/a>.<\/p>\n\n\n<\/div><\/div><div class=\"default-container content-part   \" style=\";\"><div class=\"inner-padding\">\n\n\n<h2 class=\"wp-block-heading foreground-primary foreground-primary\">Truffa dell\u2019anticipo<\/h2>\n\n\n\n<p>Per truffa dell\u2019anticipo s\u2019intende generalmente ogni <a href=\"https:\/\/www.skppsc.ch\/it\/categoria\/truffa\/\" target=\"_blank\" rel=\"noreferrer noopener\" aria-label=\"forma di truffa (opens in a new tab)\">forma di truffa<\/a> in cui si deve versare un anticipo per ottenere in cambio una somma di denaro, un prodotto o una prestazione di servizio. I truffatori e le truffatrici inviano delle e-mail in cui spiegano in modo pi\u00f9 o meno fantasioso come si pu\u00f2 ottenere la somma di denaro, il prodotto o la prestazione di servizio in questione. Una volta ottenuto l\u2019anticipo dalla loro vittima, i truffatori e le truffatrici fanno perdere le loro tracce e non pensano minimamente a fornire quanto proposto.<\/p>\n\n\n\n<h3 class=\"wp-block-heading\">Particolare problematica che riguarda la truffa<\/h3>\n\n\n\n<p>I trucchi dei truffatori e delle truffatrici cambiano molto rapidamente. Perci\u00f2 \u00e8 quasi impossibile avere una visione d\u2019insieme costante di tutte le possibili forme di truffa. Inoltre, i truffatori utilizzano spesso la ragione sociale di ditte serie e note, e nascondendosi dietro questi nomi, tentano di confondere le persone da truffare e di ottenere da loro altre informazioni personali. Anche fatti d\u2019attualit\u00e0, come la pandemia o una guerra, sono spesso sfruttati per creare storie plausibili, ma inventate di sana pianta, allo scopo di truffare le persone.<\/p>\n\n\n\n<p>Alla base di ogni truffa vi \u00e8 il problema seguente: una volta pagato il denaro, \u00e8 praticamente impossibile esigere la sua restituzione. Nella maggior parte dei casi, le persone truffate perdono per sempre i loro soldi.<\/p>\n\n\n\n\t\t\t<details class=\"wp-block-details read-more-details\">\n\t\t\t\t<summary>Mostrare di pi\u00f9<\/summary>\n\t\t\t\t<p>Sfide nel perseguire i truffatori:<\/p>\n<ul class=\"wp-block-list\">\n<li>I truffatori agiscono per lo pi\u00f9 dall\u2019estero, utilizzando falsi nominativi e numeri di telefono e indirizzi e-mail non registrati.<\/li>\n<li>Se i truffatori sono noti all\u2019estero e potrebbero essere resi responsabili dei loro atti, un sistema giudiziario che funziona male in un determinato paese oppure un\u2019assistenza giudiziaria che non funziona con quel determinato paese pu\u00f2 eventualmente rendere impossibile il perseguimento penale.<\/li>\n<li>Se le persone truffate avevano la possibilit\u00e0 di proteggersi dalla truffa, prestando un minimo d\u2019attenzione, o di evitare l\u2019errore con un minimo ragionevole di cautela, non sussiste alcuna truffa ai sensi del codice penale. Al truffatore non pu\u00f2 essere rimproverata nessun\u2019astuzia.<\/li>\n<\/ul>\n<p>\u00c8 tuttavia indispensabile che le autorit\u00e0 di perseguimento penale chiariscano in ogni caso se il comportamento del truffatore \u00e8 effettivamente punibile. A seconda dei casi sussiste una truffa ai sensi\u00a0<a href=\"https:\/\/www.admin.ch\/opc\/it\/classified-compilation\/19370083\/index.html#a146\" target=\"_blank\" rel=\"noopener noreferrer\">dell\u2019articolo 146<\/a>\u00a0CP.<\/p>\n<p>\n\t\t\t<\/p><\/details>\n\t\t\t\n\n\n\n<\/div><\/div><div class=\"default-container content-part  has-custom-background-color \" style=\"background-color:#fff;\"><div class=\"inner-padding\">\n\n\n\n<\/div><\/div><div class=\"full content-part image-wrapper image-800\"><img width=\"2560\" height=\"1280\" src=\"https:\/\/www.skppsc.ch\/it\/wp-content\/uploads\/sites\/7\/2017\/03\/internetbetrug7-2560x1280.jpg\" class=\"attachment-skp-large-force-ratio size-skp-large-force-ratio\" alt=\"\" srcset=\"https:\/\/www.skppsc.ch\/it\/wp-content\/uploads\/sites\/7\/2017\/03\/internetbetrug7-2560x1280.jpg 2560w, https:\/\/www.skppsc.ch\/it\/wp-content\/uploads\/sites\/7\/2017\/03\/internetbetrug7-300x150.jpg 300w, https:\/\/www.skppsc.ch\/it\/wp-content\/uploads\/sites\/7\/2017\/03\/internetbetrug7-768x384.jpg 768w, https:\/\/www.skppsc.ch\/it\/wp-content\/uploads\/sites\/7\/2017\/03\/internetbetrug7-640x320.jpg 640w, https:\/\/www.skppsc.ch\/it\/wp-content\/uploads\/sites\/7\/2017\/03\/internetbetrug7-1280x640.jpg 1280w\" sizes=\"(max-width: 2560px) 100vw, 2560px\"><\/div><div class=\"default-container content-part\"><div class=\"inner-padding\">\n\n\n\n<h2 class=\"wp-block-heading foreground-primary\">Situazione giuridica<\/h2>\n\n\n\n<p>A seconda della fattispecie effettiva, le forme di truffa potrebbero rientrare sotto il seguente articolo del codice penale svizzero:<\/p>\n\n\n\n<ul class=\"wp-block-list\">\n<li>Art. <a href=\"https:\/\/www.admin.ch\/opc\/it\/classified-compilation\/19370083\/index.html#a146\" target=\"_blank\" rel=\"noreferrer noopener\" aria-label=\"146 (opens in a new tab)\">146<\/a>: Truffa<\/li>\n<\/ul>\n\n\n\n<p>Dato che la truffa \u00e8 un reato perseguibile d\u2019ufficio, in questi casi la polizia indaga non appena riceve l\u2019informazione. Nella maggior parte dei casi, questi reati sono compiuti in combinazione con altre violazioni del codice penale, come per esempio.<\/p>\n\n\n\n<ul class=\"wp-block-list\">\n<li>Art. <a rel=\"noreferrer noopener\" aria-label=\"251 (opens in a new tab)\" href=\"https:\/\/www.admin.ch\/opc\/it\/classified-compilation\/19370083\/index.html#a251\" target=\"_blank\">251<\/a>: Falsit\u00e0 in documenti<\/li>\n\n\n\n<li>Art. <a href=\"https:\/\/www.admin.ch\/opc\/it\/classified-compilation\/19370083\/index.html#a305bis\" target=\"_blank\" rel=\"noreferrer noopener\" aria-label=\"305bis (opens in a new tab)\">305<\/a><sup><a href=\"https:\/\/www.admin.ch\/opc\/it\/classified-compilation\/19370083\/index.html#a305bis\" target=\"_blank\" rel=\"noreferrer noopener\" aria-label=\"305bis (opens in a new tab)\">bis<\/a><\/sup>: Riciclaggio di denaro<\/li>\n<\/ul>\n\n\n\n<\/div><\/div><div class=\"default-container content-part  has-custom-background-color \" style=\"background-color:#eDeDeD;\"><div class=\"inner-padding\">\n\n\n\n<h2 class=\"wp-block-heading foreground-primary\">Cosa fa la polizia?<\/h2>\n\n\n\n<p>Chi cade nella trappola di truffatori e truffatrici non dovrebbe vergognarsi di informare la polizia. I truffatori e le truffatrici hanno un modus operandi in parte molto raffinato, ed ognuno pu\u00f2, in determinate circostanze, diventare una loro vittima. Anche se in molti casi di truffa (soprattutto online) \u00e8 improbabile riuscire a recuperare il denaro versato, si dovrebbe in ogni caso sporgere denuncia in polizia. Anche coloro che all\u2019ultimo momento si rendono conto dell\u2019inganno attuato da un truffatore o una truffatrice, dovrebbero subito segnalare il caso in polizia. Anche il tentativo di truffa \u00e8 punibile!<\/p>\n\n\n\n\t\t\t<details class=\"wp-block-details read-more-details\">\n\t\t\t\t<summary>Mostrare di pi\u00f9<\/summary>\n\t\t\t\t<p>E anche se, come detto precedentemente, soprattutto nel caso di questi delitti \u00e8 difficile per la polizia rintracciare gli uomini e le donne che agiscono dietro le quinte, in quanto si nascondono dietro l\u2019anonimato, si dovrebbe comunque sporgere denuncia. Solo in questo modo la polizia riceve informazioni sull\u2019entit\u00e0 di questa forma di delitto, pu\u00f2 creare interrelazioni ed eventualmente identificare approcci investigativi. Inoltre la polizia pu\u00f2 rilevare con quali trucchi si truffano le persone. Grazie a queste conoscenze, i corpi di polizia cantonali e comunali possono fare una prevenzione mirata e mettere in guardia fasce di popolazione particolarmente a rischio.<\/p>\n<p>A tale fine occorre disporre di prove importanti che dimostrano la truffa: lo \u00abscreenshot\u00bb (foto della schermata) dei falsi profili, il verbale della chat e\/o l\u2019intero scambio di e-mail. Le denunce possono essere sporte presso ogni posto della polizia.<\/p>\n<p>\n\t\t\t<\/p><\/details>\n\t\t\t\n\n\n\n<\/div><\/div><div class=\"default-container clues content-part children-count-2 children-count-even\"><div class=\"inner-padding\"><a id=\"tips\"><\/a><h2 class=\"subcontent-main-title foreground-primary foreground-primary\">Cosa posso fare?<\/h2><div class=\"clues-inner-table clues-count-even\"><div class=\"clue-item clues-count-even clues-count-2 background-faded\"><div class=\"clue per-evitare-di-diventare-vittime-di-truffa\"><p class=\"clue-image\"><img loading=\"lazy\" decoding=\"async\" width=\"640\" height=\"320\" src=\"https:\/\/www.skppsc.ch\/it\/wp-content\/uploads\/sites\/7\/2017\/02\/betrugtipp1-640x320.jpg\" class=\"attachment-skp-thumbnail-force-ratio size-skp-thumbnail-force-ratio wp-post-image\" alt=\"\" srcset=\"https:\/\/www.skppsc.ch\/it\/wp-content\/uploads\/sites\/7\/2017\/02\/betrugtipp1-640x320.jpg 640w, https:\/\/www.skppsc.ch\/it\/wp-content\/uploads\/sites\/7\/2017\/02\/betrugtipp1-300x150.jpg 300w, https:\/\/www.skppsc.ch\/it\/wp-content\/uploads\/sites\/7\/2017\/02\/betrugtipp1-768x384.jpg 768w, https:\/\/www.skppsc.ch\/it\/wp-content\/uploads\/sites\/7\/2017\/02\/betrugtipp1.jpg 800w\" sizes=\"auto, (max-width: 640px) 100vw, 640px\"><\/p><h3 class=\"clue-title background-primary foreground-title\">Per evitare di diventare vittime di truffa<\/h3><ul>\n<li><strong>Informatevi sugli <a href=\"https:\/\/www.skppsc.ch\/it\/categoria\/truffa\/\">attuali tentativi di truffa<\/a><\/strong> e sulle nuove forme di truffa che sono comparse negli ultimi tempi, rivolgendovi alla Prevenzione Svizzera della Criminalit\u00e0, alla polizia o all'<a href=\"https:\/\/www.ncsc.admin.ch\/ncsc\/it\/home.html\" target=\"_blank\" rel=\"noopener\">Ufficio federale della cibersicurezza UFCS<\/a>.<\/li>\n<li><strong>Recatevi in polizia<\/strong>\u00a0e fatevi consigliare se avete la sensazione di essere in contatto con persone che vogliono truffarvi.<\/li>\n<li><strong>Verifica dei siti web sospetti:<\/strong> <a href=\"https:\/\/checkawebsite.ibarry.ch\" target=\"_blank\" rel=\"noopener\">https:\/\/checkawebsite.ibarry.ch<\/a><\/li>\n<li><strong>Consultate l'indice centrale<\/strong> delle ditte svizzere (<a href=\"http:\/\/www.zefix.ch\">zefix.ch<\/a>) e controllate se il fornitore in questione \u00e8 iscritto al registro di commercio.<\/li>\n<li><strong>Lanciate una ricerca<\/strong> in Internet per verificare se ci sono <a href=\"https:\/\/cybercrimepolice.ch\/fr\/warnliste\" target=\"_blank\" rel=\"noopener\">avvisi di truffa<\/a> relativa a piattaforme online o indirizzi di criptovalute (sito solo in tedesco e francese).<\/li>\n<li><strong>Rivolgetevi al consulente alla clientela<\/strong> della vostra banca o a esperti di fiducia.<\/li>\n<li><strong>Siate in generale estremamente scettici<\/strong> nei confronti di offerte di rendimenti lucrativi e promesse di profitti irrealistici in Internet. Nessun fornitore di servizi finanziari rispettabile promette alti guadagni in poco tempo.<\/li>\n<li><strong>Non affidate il vostro denaro a qualcuno<\/strong> che conoscete solo virtualmente, e non permettere a nessuno di accedere in remoto ai vostri conti bancari o al vostro computer.<\/li>\n<\/ul>\n<\/div><\/div><div class=\"clue-item clues-count-even clues-count-2 background-faded\"><div class=\"clue se-siete-diventi-vittime-di-truffa\"><p class=\"clue-image\"><img loading=\"lazy\" decoding=\"async\" width=\"640\" height=\"320\" src=\"https:\/\/www.skppsc.ch\/it\/wp-content\/uploads\/sites\/7\/2017\/02\/betrugtipp2-640x320.jpg\" class=\"attachment-skp-thumbnail-force-ratio size-skp-thumbnail-force-ratio wp-post-image\" alt=\"\" srcset=\"https:\/\/www.skppsc.ch\/it\/wp-content\/uploads\/sites\/7\/2017\/02\/betrugtipp2-640x320.jpg 640w, https:\/\/www.skppsc.ch\/it\/wp-content\/uploads\/sites\/7\/2017\/02\/betrugtipp2-300x150.jpg 300w, https:\/\/www.skppsc.ch\/it\/wp-content\/uploads\/sites\/7\/2017\/02\/betrugtipp2-768x384.jpg 768w, https:\/\/www.skppsc.ch\/it\/wp-content\/uploads\/sites\/7\/2017\/02\/betrugtipp2.jpg 800w\" sizes=\"auto, (max-width: 640px) 100vw, 640px\"><\/p><h3 class=\"clue-title background-primary foreground-title\">Se siete diventi vittime di truffa<\/h3><ul>\n<li><strong>Sporgete subito denuncia presso la polizia cantonale<\/strong> del vostro cantone di domicilio.<\/li>\n<li><strong>Informate subito la vostra banca.<\/strong> Forse, quest'ultima riesce ancora a bloccare i trasferimenti di denaro.<\/li>\n<li><strong>Non accettate offerte<\/strong> da eventuali investigatori privati, avvocati o altri individui che vi contattano per telefono o e-mail. Anche queste persone sono spesso truffatori.<\/li>\n<li><strong>Se siete diventati vittima di una truffa,<\/strong>\u00a0potete contribuire alla sua prevenzione non solo descrivendo il vostro caso in polizia, bens\u00ec anche raccontando la vostra esperienza alle persone che fanno parte della vostra cerchia di familiari, amici e conoscenti. In tal modo sensibilizzerete queste persone per evitare loro di essere a loro volta vittime dello stesso tipo di truffa.<\/li>\n<\/ul>\n<\/div><\/div><\/div><\/div><\/div><div class=\"default-container content-part\"><div class=\"inner-padding\">\n\n\n\n<\/div><\/div><div class=\"full content-part post-name-rendimenti-da-sogno-no-perdite-da-incubo  post-type-download\"><div class=\"inner-padding\"><p class=\"featured-image download hide-on-mobile\"><a href=\"https:\/\/www.skppsc.ch\/it\/wp-content\/uploads\/sites\/7\/2021\/03\/truffe_investimenti.pdf\" download target=\"_blank\"><img loading=\"lazy\" decoding=\"async\" width=\"640\" height=\"908\" src=\"https:\/\/www.skppsc.ch\/it\/wp-content\/uploads\/sites\/7\/2021\/03\/truffe_investimenti-640x908.jpg\" class=\"attachment-skp-thumbnail-keep-ratio size-skp-thumbnail-keep-ratio wp-post-image\" alt=\"\" srcset=\"https:\/\/www.skppsc.ch\/it\/wp-content\/uploads\/sites\/7\/2021\/03\/truffe_investimenti-640x908.jpg 640w, https:\/\/www.skppsc.ch\/it\/wp-content\/uploads\/sites\/7\/2021\/03\/truffe_investimenti-211x300.jpg 211w, https:\/\/www.skppsc.ch\/it\/wp-content\/uploads\/sites\/7\/2021\/03\/truffe_investimenti-768x1090.jpg 768w, https:\/\/www.skppsc.ch\/it\/wp-content\/uploads\/sites\/7\/2021\/03\/truffe_investimenti.jpg 800w\" sizes=\"auto, (max-width: 640px) 100vw, 640px\"><\/a><\/p><div class=\"remaining-content\"><h2 class=\"sub-content-title  foreground-primary foreground-primary\">Rendimenti da sogno? No, perdite da incubo!<\/h2><h3 class=\"sub-content-subtitle \">Tutto ci\u00f2 che dovreste sapere sulle truffe sugli investimenti online<\/h3><p>Sempre pi\u00f9 spesso, i truffatori e le truffatrici pubblicizzano nuove forme d\u2019investimento apparentemente lucrative sulle loro presunte piattaforme d\u2019investimenti o sui loro siti di trading online. Ma chi investe su questi siti, ha solo da perderci!<\/p>\n<p>L\u2019opuscolo spiega in modo comprensibile come avvengono tipicamente le truffe sugli investimenti online, come ci si dovrebbe informare prima di investire per esempio in criptovalute e cosa si dovrebbe fare se si \u00e8 gi\u00e0 perso denaro investendo su questi siti falsi. L\u2019opuscolo contiene inoltre consigli generali su come capire per tempo se un\u2019offerta \u00e8 seria o molto probabilmente fraudolenta.<\/p>\n<p>L\u2019opuscolo \u00e8 stato prodotto grazie al prezioso contributo di EBAS (\u201ceBanking \u2013 ma sicuro!\u201d).<br>(L\u2019opuscolo \u00e8 inoltre disponibile in <a href=\"https:\/\/www.skppsc.ch\/it\/download\/fantastic-returns-are-pure-fantasy\/\">inglese<\/a>.)<\/p>\n<p><a href=\"https:\/\/www.skppsc.ch\/it\/temi\/internet\/truffe-sugli-investimenti-online\/\">\u2192 Temi Truffe sugli investimenti online<\/a><\/p>\n<p><!-- wp:file {\"id\":2283,\"href\":\"https:\/\/www.skppsc.ch\/it\/wp-content\/uploads\/sites\/7\/2021\/03\/truffe_investimenti.pdf\"} --><\/p>\n<div class=\"wp-block-file\"><\/div>\n<p><!-- \/wp:file --><\/p>\n<p><!-- wp:paragraph --><\/p>\n<p><!-- \/wp:paragraph --><\/p>\n<p class=\"featured-image download mobile-only\"><a href=\"https:\/\/www.skppsc.ch\/it\/wp-content\/uploads\/sites\/7\/2021\/03\/truffe_investimenti.pdf\" download target=\"_blank\"><img loading=\"lazy\" decoding=\"async\" width=\"640\" height=\"908\" src=\"https:\/\/www.skppsc.ch\/it\/wp-content\/uploads\/sites\/7\/2021\/03\/truffe_investimenti-640x908.jpg\" class=\"attachment-skp-thumbnail-keep-ratio size-skp-thumbnail-keep-ratio wp-post-image\" alt=\"\" srcset=\"https:\/\/www.skppsc.ch\/it\/wp-content\/uploads\/sites\/7\/2021\/03\/truffe_investimenti-640x908.jpg 640w, https:\/\/www.skppsc.ch\/it\/wp-content\/uploads\/sites\/7\/2021\/03\/truffe_investimenti-211x300.jpg 211w, https:\/\/www.skppsc.ch\/it\/wp-content\/uploads\/sites\/7\/2021\/03\/truffe_investimenti-768x1090.jpg 768w, https:\/\/www.skppsc.ch\/it\/wp-content\/uploads\/sites\/7\/2021\/03\/truffe_investimenti.jpg 800w\" sizes=\"auto, (max-width: 640px) 100vw, 640px\"><\/a><\/p><div class=\"download-bottom-actions \"><a href=\"https:\/\/www.skppsc.ch\/it\/wp-content\/uploads\/sites\/7\/2021\/03\/truffe_investimenti.pdf\" download target=\"_blank\" class=\"large skp-icon skp-download-pdf download-icon \" title=\"\"><span class=\"link-text\"><\/span><\/a><u-add-to-cart :options='[{\"id\":2438,\"title\":\"Rendite genial? Verlust total!\",\"byline\":\"Faltblatt A5, 8 Seiten, 2025\",\"lang\":\"de\",\"siteId\":2,\"cartHash\":\"lt6\",\"amount\":0,\"max\":\"9999\",\"articleNumber\":\"10072\"},{\"id\":1527,\"title\":\"Rendements de r\\u00eave\\u00a0? Gare au r\\u00e9veil\\u00a0!\",\"byline\":\"D\\u00e9pliant, A5, 8 pages, 2025\",\"lang\":\"fr\",\"siteId\":5,\"cartHash\":\"1ia7\",\"amount\":0,\"max\":\"9999\",\"articleNumber\":\"20072\"},{\"id\":1426,\"title\":\"Rendimenti da sogno? No, perdite da incubo!\",\"byline\":\"Pieghevole, A5, 8 pagine, 2025\",\"lang\":\"it\",\"siteId\":7,\"cartHash\":\"25o2\",\"amount\":0,\"max\":\"9999\",\"articleNumber\":\"30072\"}]' :is-logged-in=\"false\" login-url=\"https:\/\/www.skppsc.ch\/it\/wp-login.php?redirect_to=https%3A%2F%2Fwww.skppsc.ch%2Fit%2Fwp-json%2Fwp%2Fv2%2Fpages%2F147%3Fpr%3D25o2%2325o2\" police-url=\"https:\/\/www.skppsc.ch\/it\/contatto-polizia\/\" :initially-opened=\"false\"><\/u-add-to-cart><\/div><\/div><\/div><\/div><div class=\"default-container content-part\"><div class=\"inner-padding\">\n\n\n\n<\/div><\/div><div class=\"full content-part image-wrapper image-736\"><img width=\"2560\" height=\"1280\" src=\"https:\/\/www.skppsc.ch\/it\/wp-content\/uploads\/sites\/7\/2017\/02\/betrug7-2560x1280.jpg\" class=\"attachment-skp-large-force-ratio size-skp-large-force-ratio\" alt=\"\" srcset=\"https:\/\/www.skppsc.ch\/it\/wp-content\/uploads\/sites\/7\/2017\/02\/betrug7-2560x1280.jpg 2560w, https:\/\/www.skppsc.ch\/it\/wp-content\/uploads\/sites\/7\/2017\/02\/betrug7-300x150.jpg 300w, https:\/\/www.skppsc.ch\/it\/wp-content\/uploads\/sites\/7\/2017\/02\/betrug7-768x384.jpg 768w, https:\/\/www.skppsc.ch\/it\/wp-content\/uploads\/sites\/7\/2017\/02\/betrug7-640x320.jpg 640w, https:\/\/www.skppsc.ch\/it\/wp-content\/uploads\/sites\/7\/2017\/02\/betrug7-1280x640.jpg 1280w\" sizes=\"(max-width: 2560px) 100vw, 2560px\"><\/div><div class=\"default-container content-part\"><div class=\"inner-padding\">\n\n\n<\/div><\/div><\/body><\/html>","protected":false},"excerpt":{"rendered":"<p>\u00c8 risaputo che i truffatori e le truffatrici imbroglino ricorrendo a tutti i trucchi possibili e utilizzano Internet come specchietto per le allodole. Per far cadere in trappola una vittima, \u00e8 sufficiente raccontarle tutta una serie di bugie. E se la persona \u00e8 predisposta a credervi, il gioco \u00e8 fatto. Questa propensione a farsi raggirare nasce da un bisogno soggettivo: una mancanza di denaro, di prestigio oppure anche da una carenza affettiva, a livello sia fisico che emotivo.<\/p>\n","protected":false},"author":1,"featured_media":720,"parent":145,"menu_order":20,"comment_status":"closed","ping_status":"closed","template":"","meta":{"showSharingButtons":false,"skp-theme-color":"thirteen","_subtitle":"","alternative_title":"","seoDescription":"","seoKeywords":"","seoTitle":"","featuredVideoEmbedCode":"","featuredYoutubeVideoId":"","notes":"","redirectToPostId":0,"skp-further-information":"<p>Cybercrimepolice (sito solo in tedesco e francese) pubblica regolarmente <a href=\"https:\/\/cybercrimepolice.ch\/fr\/warnliste\" target=\"_blank\" rel=\"noopener\" title=\"avvisi e comunicati stampa\">avvisi e comunicati stampa<\/a> su forme di truffa sia note che nuove messe in atto in Svizzera.<\/p>","hideTile":false,"pageType":"","editor_notices":[],"footnotes":""},"topic":[27],"class_list":["post-147","page","type-page","status-publish","has-post-thumbnail","hentry","topic-truffa-truffa"],"aioseo_notices":[],"_links":{"self":[{"href":"https:\/\/www.skppsc.ch\/it\/wp-json\/wp\/v2\/pages\/147","targetHints":{"allow":["GET"]}}],"collection":[{"href":"https:\/\/www.skppsc.ch\/it\/wp-json\/wp\/v2\/pages"}],"about":[{"href":"https:\/\/www.skppsc.ch\/it\/wp-json\/wp\/v2\/types\/page"}],"author":[{"embeddable":true,"href":"https:\/\/www.skppsc.ch\/it\/wp-json\/wp\/v2\/users\/1"}],"replies":[{"embeddable":true,"href":"https:\/\/www.skppsc.ch\/it\/wp-json\/wp\/v2\/comments?post=147"}],"version-history":[{"count":0,"href":"https:\/\/www.skppsc.ch\/it\/wp-json\/wp\/v2\/pages\/147\/revisions"}],"up":[{"embeddable":true,"href":"https:\/\/www.skppsc.ch\/it\/wp-json\/wp\/v2\/pages\/145"}],"wp:featuredmedia":[{"embeddable":true,"href":"https:\/\/www.skppsc.ch\/it\/wp-json\/wp\/v2\/media\/720"}],"wp:attachment":[{"href":"https:\/\/www.skppsc.ch\/it\/wp-json\/wp\/v2\/media?parent=147"}],"wp:term":[{"taxonomy":"topic","embeddable":true,"href":"https:\/\/www.skppsc.ch\/it\/wp-json\/wp\/v2\/topic?post=147"}],"curies":[{"name":"wp","href":"https:\/\/api.w.org\/{rel}","templated":true}]}}