{"id":1500,"date":"2021-08-06T11:16:00","date_gmt":"2021-08-06T09:16:00","guid":{"rendered":"https:\/\/www.skppsc.ch\/it\/?page_id=1500"},"modified":"2022-03-18T14:53:06","modified_gmt":"2022-03-18T13:53:06","slug":"sicuri-online-nonostante-disabilita-cognitive","status":"publish","type":"page","link":"https:\/\/www.skppsc.ch\/it\/progetti\/competenze-mediali\/sicuri-online-nonostante-disabilita-cognitive\/","title":{"rendered":"Sicuri online nonostante disabilit\u00e0 cognitive"},"content":{"rendered":"<html><body><div class=\"default-container content-part\"><div class=\"inner-padding\">\n<p>I media digitali offrono certo svariate opportunit\u00e0 (partecipazione alla vita sociale, informazioni, comunicazione, ecc.), ma il loro uso comporta anche diversi rischi. Saper utilizzare con competenza i media digitali significa conoscere questi rischi ed essere in grado di gestirli adeguatamente. Il funzionamento di Internet, le caratteristiche dell\u2019interconnessione digitale e i rischi che ne derivano non sono sempre facili da riconoscere e osservare direttamente. Questo pone una sfida particolare alle persone con disabilit\u00e0 cognitive, poich\u00e9 hanno bisogno di fare esperienze pratiche e di facile comprensione per imparare.<\/p>\n\n\n<\/div><\/div><div class=\"default-container content-part   \" style=\";\"><div class=\"inner-padding\">\n\n\n<h2 class=\"wp-block-heading foreground-primary\"><strong>Una citt\u00e0 fittizia online per allenarsi<\/strong><\/h2>\n\n\n\n<p>Con la citt\u00e0 fittizia online \u201cInterneto\u201d, si vuole favorire un apprendimento chiaro e pratico utilizzando diversi sensi e permettere alle persone con una disabilit\u00e0 cognitiva di riconoscere i rischi digitali in modo efficace e duraturo e di imparare a gestirli.<\/p>\n\n\n\n<p>La metafora della citt\u00e0 presentata nell\u2019opuscolo serve ad illustrare e trattare tutti i temi sensibili. In ogni citt\u00e0 \u00e8 permesso fare certe cose, mentre \u00e8 vietato farne altre. Ci sono posti belli ma anche pericolosi. Questo vale anche per \u201cInterneto, la citt\u00e0 online\u201d. Se si fanno cose proibite, si \u00e8 multati.<\/p>\n\n\n\n<h3 class=\"wp-block-heading\">\u201cInterneto\u201d: materiali di lavoro<\/h3>\n\n\n\n<p>Le persone con deficit cognitivi dovrebbero poter navigare in Internet in tutta sicurezza. Qui troverete vari <a href=\"https:\/\/www.mekis.ch\/it\/instrumente\/fuer-menschen-mit-kognitiven-einschraenkungen-zu-gefahren-im-netz.html\" target=\"_blank\" rel=\"noreferrer noopener\">materiali di lavoro per persone con deficit cognitivi <\/a>(solo in tedesco) per aiutarli in tal senso: un opuscolo con informazioni destinato ai professionisti, un\u2019immagine specifica abbinata ad un set di cartoline, una mappa della citt\u00e0 con postazioni che illustrano i pericoli in Internet e un set di gioco.<\/p>\n\n\n\n<\/div><\/div><div class=\"full content-part post-name-navigare-in-rete-in-tutta-sicurezza  post-type-download\"><div class=\"inner-padding\"><p class=\"featured-image download hide-on-mobile\"><a href=\"https:\/\/www.skppsc.ch\/it\/wp-content\/uploads\/sites\/7\/2021\/07\/broschuere_sicher_im_netz.pdf\" download target=\"_blank\"><img loading=\"lazy\" decoding=\"async\" width=\"640\" height=\"905\" src=\"https:\/\/www.skppsc.ch\/it\/wp-content\/uploads\/sites\/7\/2021\/07\/titelbild_broschuere_sicher_im_netz_web-640x905.jpg\" class=\"attachment-skp-thumbnail-keep-ratio size-skp-thumbnail-keep-ratio wp-post-image\" alt=\"\" srcset=\"https:\/\/www.skppsc.ch\/it\/wp-content\/uploads\/sites\/7\/2021\/07\/titelbild_broschuere_sicher_im_netz_web-640x905.jpg 640w, https:\/\/www.skppsc.ch\/it\/wp-content\/uploads\/sites\/7\/2021\/07\/titelbild_broschuere_sicher_im_netz_web-212x300.jpg 212w, https:\/\/www.skppsc.ch\/it\/wp-content\/uploads\/sites\/7\/2021\/07\/titelbild_broschuere_sicher_im_netz_web-768x1086.jpg 768w, https:\/\/www.skppsc.ch\/it\/wp-content\/uploads\/sites\/7\/2021\/07\/titelbild_broschuere_sicher_im_netz_web-1086x1536.jpg 1086w, https:\/\/www.skppsc.ch\/it\/wp-content\/uploads\/sites\/7\/2021\/07\/titelbild_broschuere_sicher_im_netz_web-1280x1811.jpg 1280w, https:\/\/www.skppsc.ch\/it\/wp-content\/uploads\/sites\/7\/2021\/07\/titelbild_broschuere_sicher_im_netz_web.jpg 1300w\" sizes=\"auto, (max-width: 640px) 100vw, 640px\"><\/a><\/p><div class=\"remaining-content\"><h2 class=\"sub-content-title  foreground-primary foreground-primary\">Navigare in rete in tutta sicurezza<\/h2><h3 class=\"sub-content-subtitle \">Un opuscolo per aiutare le persone con una disabilit\u00e0 cognitiva ad utilizzare i media digitali.<\/h3><p>L'opuscolo \"Sicher im Netz unterwegs\" (Navigare in rete in tutta sicurezza), attualmente disponibile solo in tedesco, traduce i temi complessi e astratti riguardanti la cybersicurezza in messaggi fondamentali semplici e chiari, e fornisce consigli utili su come farli vivere nella pratica.<\/p>\n<p>I principi guida e le visualizzazioni sono stati sviluppati da specialisti in educazione ai media attivi nell'ambito della pedagogia curativa e sociale e da esperti della polizia.<\/p>\n<p>Potete usare le idee e i materiali di lavoro proposti nell'ambito del vostro lavoro quotidiano senza fare grandi sforzi.<\/p>\n<ul>\n<li>Nell'opuscolo troverete informazioni destinate agli accompagnatori e suggerimenti su come trattare i vari temi con i clienti.<\/li>\n<li>La figura illustrata e la parte anteriore delle cartoline permettono di iniziare e sostenere conversazioni sui rischi legati ai media digitali con i clienti.<\/li>\n<li>Sul retro delle cartoline troverete suggerimenti per iniziare le conversazioni tratte dall'opuscolo. Avrete cos\u00ec a portata di mano degli strumenti facili da utilizzare nella vita quotidiana.<\/li>\n<\/ul>\n<p>Potete ordinare copie dell'opuscolo \"Sicher im Netz unterwegs\" al seguente indirizzo e-mail: <a href=\"&#109;&#97;&#x69;l&#116;&#x6f;&#x3a;m&#101;&#x6b;&#x69;s&#64;&#x62;&#x66;f&#98;&#x65;&#x72;n&#46;&#x63;&#x68;\">&#x6d;e&#x6b;&#105;s&#x40;&#98;&#x66;&#x66;b&#x65;&#114;n&#x2e;&#99;&#x68;<\/a><\/p>\n<p><\/p>\n<p><\/p>\n<p><\/p>\n<p class=\"featured-image download mobile-only\"><a href=\"https:\/\/www.skppsc.ch\/it\/wp-content\/uploads\/sites\/7\/2021\/07\/broschuere_sicher_im_netz.pdf\" download target=\"_blank\"><img loading=\"lazy\" decoding=\"async\" width=\"640\" height=\"905\" src=\"https:\/\/www.skppsc.ch\/it\/wp-content\/uploads\/sites\/7\/2021\/07\/titelbild_broschuere_sicher_im_netz_web-640x905.jpg\" class=\"attachment-skp-thumbnail-keep-ratio size-skp-thumbnail-keep-ratio wp-post-image\" alt=\"\" srcset=\"https:\/\/www.skppsc.ch\/it\/wp-content\/uploads\/sites\/7\/2021\/07\/titelbild_broschuere_sicher_im_netz_web-640x905.jpg 640w, https:\/\/www.skppsc.ch\/it\/wp-content\/uploads\/sites\/7\/2021\/07\/titelbild_broschuere_sicher_im_netz_web-212x300.jpg 212w, https:\/\/www.skppsc.ch\/it\/wp-content\/uploads\/sites\/7\/2021\/07\/titelbild_broschuere_sicher_im_netz_web-768x1086.jpg 768w, https:\/\/www.skppsc.ch\/it\/wp-content\/uploads\/sites\/7\/2021\/07\/titelbild_broschuere_sicher_im_netz_web-1086x1536.jpg 1086w, https:\/\/www.skppsc.ch\/it\/wp-content\/uploads\/sites\/7\/2021\/07\/titelbild_broschuere_sicher_im_netz_web-1280x1811.jpg 1280w, https:\/\/www.skppsc.ch\/it\/wp-content\/uploads\/sites\/7\/2021\/07\/titelbild_broschuere_sicher_im_netz_web.jpg 1300w\" sizes=\"auto, (max-width: 640px) 100vw, 640px\"><\/a><\/p><div class=\"download-bottom-actions items-have-link-text\"><a href=\"https:\/\/www.skppsc.ch\/it\/wp-content\/uploads\/sites\/7\/2021\/07\/broschuere_sicher_im_netz.pdf\" download target=\"_blank\" class=\"large skp-icon skp-download-pdf download-icon has-link-text\" title=\"Opuscolo \u201cSicher im Netz unterwegs\u201d (PDF, in tedesco)\"><span class=\"link-text\">Opuscolo \u201cSicher im Netz unterwegs\u201d (PDF, in tedesco)<\/span><\/a><a href=\"https:\/\/www.skppsc.ch\/it\/wp-content\/uploads\/sites\/7\/2021\/08\/stadt_interneto.pdf\" download target=\"_blank\" class=\"large skp-icon skp-download-pdf download-icon has-link-text\" title=\"Cerca immagine (PDF)\"><span class=\"link-text\">Cerca immagine (PDF)<\/span><\/a><a href=\"https:\/\/www.skppsc.ch\/it\/wp-content\/uploads\/sites\/7\/2021\/08\/karten_sicher_im_netz.pdf\" download target=\"_blank\" class=\"large skp-icon skp-download-pdf download-icon has-link-text\" title=\"Cartoline (PDF, in tedesco)\"><span class=\"link-text\">Cartoline (PDF, in tedesco)<\/span><\/a><\/div><\/div><\/div><\/div><div class=\"default-container content-part\"><div class=\"inner-padding\">\n<\/div><\/div><\/body><\/html>","protected":false},"excerpt":{"rendered":"<p>Al giorno d&#8217;oggi, l&#8217;accesso ai media digitali e le competenze nell&#8217;usarli sono diventati un presupposto importante per partecipare alla vita sociale. Questo vale anche e soprattutto per le persone con disabilit\u00e0 cognitive.<\/p>\n","protected":false},"author":322,"featured_media":1501,"parent":1498,"menu_order":2,"comment_status":"closed","ping_status":"closed","template":"","meta":{"showSharingButtons":false,"skp-theme-color":"seven","_subtitle":null,"alternative_title":"","seoDescription":"","seoKeywords":"","seoTitle":"","featuredVideoEmbedCode":"","featuredYoutubeVideoId":"","notes":"","redirectToPostId":0,"skp-further-information":"<p><a href=\"https:\/\/digital-dabei.ch\/i\/\" target=\"_blank\" rel=\"noreferrer noopener\">Digitale per tutti: <\/a>sito sviluppato per genitori di bambini con disabilit\u00e0 cognitive.<\/p>","hideTile":false,"pageType":"","editor_notices":[],"footnotes":""},"topic":[20,25,4,22,27,5],"class_list":["post-1500","page","type-page","status-publish","has-post-thumbnail","hentry","topic-cybermobbing-e-cyberbullismo","topic-hacking-malware","topic-internet","topic-phishing","topic-truffa-truffa","topic-truffa"],"aioseo_notices":[],"_links":{"self":[{"href":"https:\/\/www.skppsc.ch\/it\/wp-json\/wp\/v2\/pages\/1500","targetHints":{"allow":["GET"]}}],"collection":[{"href":"https:\/\/www.skppsc.ch\/it\/wp-json\/wp\/v2\/pages"}],"about":[{"href":"https:\/\/www.skppsc.ch\/it\/wp-json\/wp\/v2\/types\/page"}],"author":[{"embeddable":true,"href":"https:\/\/www.skppsc.ch\/it\/wp-json\/wp\/v2\/users\/322"}],"replies":[{"embeddable":true,"href":"https:\/\/www.skppsc.ch\/it\/wp-json\/wp\/v2\/comments?post=1500"}],"version-history":[{"count":0,"href":"https:\/\/www.skppsc.ch\/it\/wp-json\/wp\/v2\/pages\/1500\/revisions"}],"up":[{"embeddable":true,"href":"https:\/\/www.skppsc.ch\/it\/wp-json\/wp\/v2\/pages\/1498"}],"wp:featuredmedia":[{"embeddable":true,"href":"https:\/\/www.skppsc.ch\/it\/wp-json\/wp\/v2\/media\/1501"}],"wp:attachment":[{"href":"https:\/\/www.skppsc.ch\/it\/wp-json\/wp\/v2\/media?parent=1500"}],"wp:term":[{"taxonomy":"topic","embeddable":true,"href":"https:\/\/www.skppsc.ch\/it\/wp-json\/wp\/v2\/topic?post=1500"}],"curies":[{"name":"wp","href":"https:\/\/api.w.org\/{rel}","templated":true}]}}