{"id":155,"date":"2016-11-24T10:12:49","date_gmt":"2016-11-24T09:12:49","guid":{"rendered":"https:\/\/www.skppsc.ch\/de\/?page_id=155"},"modified":"2026-02-26T09:19:35","modified_gmt":"2026-02-26T08:19:35","slug":"sicurezza-dellalloggio-in-svizzera","status":"publish","type":"page","link":"https:\/\/www.skppsc.ch\/it\/reti\/sicurezza-dellalloggio-in-svizzera\/","title":{"rendered":"Sicurezza dell\u2019alloggio in Svizzera"},"content":{"rendered":"<html><body><div class=\"default-container content-part\"><div class=\"inner-padding\"><p>La polizia e le societ\u00e0 di sicurezza fanno tutto quanto \u00e8 possibile per proteggere dalle effrazioni e dai furti con scasso. Le societ\u00e0 di sicurezza e i consulenti per la sicurezza della polizia lavorano da tempo in quest\u2019ambito in tutta la Svizzera, informando la loro clientela sugli ultimissimi standard di sicurezza e sulle misure di protezione che si possono adottare, oppure montando dispositivi anti-effrazione efficaci in edifici nuovi e da ristrutturare. Per\u00f2, non esiste in Svizzera una collaborazione interdisciplinare standardizzata in materia. Ci\u00f2 \u00e8 dovuto anche al fatto che i pareri di polizia e societ\u00e0 di sicurezza divergono per quanto riguarda l\u2019utilit\u00e0 e l\u2019efficacia degli standard di sicurezza e della loro attuazione. A questa mancanza di unit\u00e0 d\u2019intenti si aggiunge anche l\u2019assenza di criteri di qualit\u00e0 in seno degli organi competenti in materia di consulenza per la sicurezza, la mancanza di trasparenza nella denominazione delle societ\u00e0 di sicurezza e l\u2019inesistenza di una certificazione per le consulenze in materia di sicurezza.<\/p>\n<p>Attraverso la rete \u00abSicurezza dell\u2019alloggio in Svizzera\u00bb (SAS), la PSC \u00e8 riuscita a rafforzare la collaborazione fra polizia e societ\u00e0 di sicurezza. Era urgente elaborare una linea condivisa in materia di compiti e misure di prevenzione e giungere a un concetto comune di qualit\u00e0 con regole deontologiche. Agendo in questo modo, la popolazione potr\u00e0 beneficiare di una consulenza in materia di sicurezza unitaria e di elevato livello qualitativo, indipendentemente da chi la fornisce.<\/p>\n<p><span class=\"TextRun SCXW44041905 BCX8\" lang=\"IT-CH\" xml:lang=\"IT-CH\" data-contrast=\"auto\"><span class=\"NormalTextRun SCXW44041905 BCX8\">L\u2019offerta verr\u00e0 progressivamente estesa alla Svizzera romanda e alla\u00a0<\/span><\/span><span class=\"TextRun Highlight SCXW44041905 BCX8\" lang=\"IT-CH\" xml:lang=\"IT-CH\" data-contrast=\"auto\"><span class=\"NormalTextRun CommentStart CommentHighlightPipeRest CommentHighlightRest SCXW44041905 BCX8\">Svizzera italiana<\/span><span class=\"NormalTextRun CommentHighlightPipeRest SCXW44041905 BCX8\">.<\/span><\/span><\/p>\n<\/div><\/div><div class=\"full content-part post-name-skp-info-1-2016  post-type-download\"><div class=\"inner-padding\"><p class=\"featured-image download hide-on-mobile\"><a href=\"https:\/\/www.skppsc.ch\/it\/wp-content\/uploads\/sites\/7\/2016\/12\/infopsc12016.pdf\" download target=\"_blank\"><img loading=\"lazy\" decoding=\"async\" width=\"640\" height=\"905\" src=\"https:\/\/www.skppsc.ch\/it\/wp-content\/uploads\/sites\/7\/2016\/12\/infopsc12016-640x905.jpg\" class=\"attachment-skp-thumbnail-keep-ratio size-skp-thumbnail-keep-ratio wp-post-image\" alt=\"\" srcset=\"https:\/\/www.skppsc.ch\/it\/wp-content\/uploads\/sites\/7\/2016\/12\/infopsc12016-640x905.jpg 640w, https:\/\/www.skppsc.ch\/it\/wp-content\/uploads\/sites\/7\/2016\/12\/infopsc12016-212x300.jpg 212w, https:\/\/www.skppsc.ch\/it\/wp-content\/uploads\/sites\/7\/2016\/12\/infopsc12016-768x1086.jpg 768w, https:\/\/www.skppsc.ch\/it\/wp-content\/uploads\/sites\/7\/2016\/12\/infopsc12016.jpg 800w\" sizes=\"auto, (max-width: 640px) 100vw, 640px\"><\/a><\/p><div class=\"remaining-content\"><h2 class=\"sub-content-title  foreground-primary foreground-primary\">INFO PSC 1 | 2016<\/h2><h3 class=\"sub-content-subtitle \"><\/h3><p>Il bollettino INFO PSC 1|2016 presenta nei dettagli il progetto PSC \u00abSicurezza dell\u2019alloggio in Svizzera\u00bb. Lo scopo di questo progetto, che raggruppa oltre alla polizia, anche le societ\u00e0 di sicurezza private e diverse associazioni professionali, \u00e8 di migliorare la protezione dai furti con scasso in tutta la Svizzera. Il suo obiettivo \u00e8 elaborare una linea condivisa in materia di compiti e misure di prevenzione e creare un concetto comune di qualit\u00e0 con regole deontologiche. Agendo in questo modo, la popolazione potr\u00e0 beneficiare di una consulenza in materia di sicurezza unitaria e di elevato livello qualitativo, indipendentemente da chi la fornisce.<\/p>\n<p><\/p>\n<p class=\"featured-image download mobile-only\"><a href=\"https:\/\/www.skppsc.ch\/it\/wp-content\/uploads\/sites\/7\/2016\/12\/infopsc12016.pdf\" download target=\"_blank\"><img loading=\"lazy\" decoding=\"async\" width=\"640\" height=\"905\" src=\"https:\/\/www.skppsc.ch\/it\/wp-content\/uploads\/sites\/7\/2016\/12\/infopsc12016-640x905.jpg\" class=\"attachment-skp-thumbnail-keep-ratio size-skp-thumbnail-keep-ratio wp-post-image\" alt=\"\" srcset=\"https:\/\/www.skppsc.ch\/it\/wp-content\/uploads\/sites\/7\/2016\/12\/infopsc12016-640x905.jpg 640w, https:\/\/www.skppsc.ch\/it\/wp-content\/uploads\/sites\/7\/2016\/12\/infopsc12016-212x300.jpg 212w, https:\/\/www.skppsc.ch\/it\/wp-content\/uploads\/sites\/7\/2016\/12\/infopsc12016-768x1086.jpg 768w, https:\/\/www.skppsc.ch\/it\/wp-content\/uploads\/sites\/7\/2016\/12\/infopsc12016.jpg 800w\" sizes=\"auto, (max-width: 640px) 100vw, 640px\"><\/a><\/p><div class=\"download-bottom-actions \"><a href=\"https:\/\/www.skppsc.ch\/it\/wp-content\/uploads\/sites\/7\/2016\/12\/infopsc12016.pdf\" download target=\"_blank\" class=\"large skp-icon skp-download-pdf download-icon \" title=\"\"><span class=\"link-text\"><\/span><\/a><\/div><\/div><\/div><\/div><div class=\"default-container content-part\"><div class=\"inner-padding\">\n<\/div><\/div><\/body><\/html>","protected":false},"excerpt":{"rendered":"<p>Con l&#8217;iniziativa \u00abSicurezza dell&#8217;alloggio in Svizzera\u00bb (SAS), la Prevenzione Svizzera della Criminalit\u00e0 (PSC) si impegna a migliorare la protezione dei cittadini dai furti con scasso in Svizzera. \u00abSAS\u00bb si uniforma la qualit\u00e0 della consulenza fornita da polizia e societ\u00e0 di sicurezza in materia di protezione dai furti con scasso e mette in rete gli specialisti in quest&#8217;ambito.\u00a0<\/p>\n","protected":false},"author":1,"featured_media":301,"parent":2160,"menu_order":10,"comment_status":"closed","ping_status":"closed","template":"","meta":{"showSharingButtons":false,"skp-theme-color":"nine","_subtitle":"","alternative_title":"","seoDescription":"","seoKeywords":"","seoTitle":"","featuredVideoEmbedCode":"","featuredYoutubeVideoId":"","notes":"","redirectToPostId":0,"skp-further-information":"","hideTile":false,"pageType":"","editor_notices":[],"footnotes":""},"topic":[29],"class_list":["post-155","page","type-page","status-publish","has-post-thumbnail","hentry","topic-furto-con-scasso-furto-con-scasso"],"aioseo_notices":[],"_links":{"self":[{"href":"https:\/\/www.skppsc.ch\/it\/wp-json\/wp\/v2\/pages\/155","targetHints":{"allow":["GET"]}}],"collection":[{"href":"https:\/\/www.skppsc.ch\/it\/wp-json\/wp\/v2\/pages"}],"about":[{"href":"https:\/\/www.skppsc.ch\/it\/wp-json\/wp\/v2\/types\/page"}],"author":[{"embeddable":true,"href":"https:\/\/www.skppsc.ch\/it\/wp-json\/wp\/v2\/users\/1"}],"replies":[{"embeddable":true,"href":"https:\/\/www.skppsc.ch\/it\/wp-json\/wp\/v2\/comments?post=155"}],"version-history":[{"count":0,"href":"https:\/\/www.skppsc.ch\/it\/wp-json\/wp\/v2\/pages\/155\/revisions"}],"up":[{"embeddable":true,"href":"https:\/\/www.skppsc.ch\/it\/wp-json\/wp\/v2\/pages\/2160"}],"wp:featuredmedia":[{"embeddable":true,"href":"https:\/\/www.skppsc.ch\/it\/wp-json\/wp\/v2\/media\/301"}],"wp:attachment":[{"href":"https:\/\/www.skppsc.ch\/it\/wp-json\/wp\/v2\/media?parent=155"}],"wp:term":[{"taxonomy":"topic","embeddable":true,"href":"https:\/\/www.skppsc.ch\/it\/wp-json\/wp\/v2\/topic?post=155"}],"curies":[{"name":"wp","href":"https:\/\/api.w.org\/{rel}","templated":true}]}}