{"id":158,"date":"2016-11-24T10:13:42","date_gmt":"2016-11-24T09:13:42","guid":{"rendered":"https:\/\/www.skppsc.ch\/de\/?page_id=158"},"modified":"2026-02-26T08:05:09","modified_gmt":"2026-02-26T07:05:09","slug":"giornata-informativa-della-psc","status":"publish","type":"page","link":"https:\/\/www.skppsc.ch\/it\/reti\/giornata-informativa-della-psc\/","title":{"rendered":"Giornata informativa della PSC"},"content":{"rendered":"<html><body><div class=\"default-container content-part\"><div class=\"inner-padding\"><p>Questa giornata informativa sulla prevenzione della criminalit\u00e0 persegue soprattutto due obiettivi: da un lato, creare una rete di contatti tra esperti\/e e quindi promuovere lo scambio di know-how; dall\u2019altro, presentare le novit\u00e0 provenienti dagli ambiti pi\u00f9 diversi in materia di prevenzione della criminalit\u00e0, consulenza per la sicurezza, e i settori professionalmente affini.<\/p>\n<p>A questa giornata informativa, organizzata ogni anno in un altro cantone, partecipano rappresentanti di tutte le regioni linguistiche del Paese praticamente attivi ogni corpo di polizia svizzero. La manifestazione \u00e8 molto apprezzata perch\u00e9 fornisce un importante contributo al trasferimento delle conoscenze nel settore della prevenzione della criminalit\u00e0, anche grazie alle relazioni e ai seminari proposti.<\/p>\n\n<\/div><\/div><\/body><\/html>","protected":false},"excerpt":{"rendered":"<p>La giornata informativa sulla prevenzione della polizia \u00e8 organizzata ogni anno sin dal 1978. A questo incontro partecipano gli specialisti in consulenza per la sicurezza e prevenzione della criminalit\u00e0 dei corpi di polizia cantonali e comunali di tutta la Svizzera.<\/p>\n","protected":false},"author":1,"featured_media":294,"parent":2160,"menu_order":40,"comment_status":"closed","ping_status":"closed","template":"","meta":{"showSharingButtons":false,"skp-theme-color":"three","_subtitle":"","alternative_title":"","seoDescription":"","seoKeywords":"","seoTitle":"","featuredVideoEmbedCode":"","featuredYoutubeVideoId":"","notes":"","redirectToPostId":0,"skp-further-information":"Troverete maggiori informazioni nell\u2019<a href=\"https:\/\/www.skppsc.ch\/it\/intranet\/\" target=\"_blank\" rel=\"noreferrer noopener\">Intranet <\/a>della PSC.","hideTile":false,"pageType":"","editor_notices":[],"footnotes":""},"topic":[],"class_list":["post-158","page","type-page","status-publish","has-post-thumbnail","hentry"],"aioseo_notices":[],"_links":{"self":[{"href":"https:\/\/www.skppsc.ch\/it\/wp-json\/wp\/v2\/pages\/158","targetHints":{"allow":["GET"]}}],"collection":[{"href":"https:\/\/www.skppsc.ch\/it\/wp-json\/wp\/v2\/pages"}],"about":[{"href":"https:\/\/www.skppsc.ch\/it\/wp-json\/wp\/v2\/types\/page"}],"author":[{"embeddable":true,"href":"https:\/\/www.skppsc.ch\/it\/wp-json\/wp\/v2\/users\/1"}],"replies":[{"embeddable":true,"href":"https:\/\/www.skppsc.ch\/it\/wp-json\/wp\/v2\/comments?post=158"}],"version-history":[{"count":0,"href":"https:\/\/www.skppsc.ch\/it\/wp-json\/wp\/v2\/pages\/158\/revisions"}],"up":[{"embeddable":true,"href":"https:\/\/www.skppsc.ch\/it\/wp-json\/wp\/v2\/pages\/2160"}],"wp:featuredmedia":[{"embeddable":true,"href":"https:\/\/www.skppsc.ch\/it\/wp-json\/wp\/v2\/media\/294"}],"wp:attachment":[{"href":"https:\/\/www.skppsc.ch\/it\/wp-json\/wp\/v2\/media?parent=158"}],"wp:term":[{"taxonomy":"topic","embeddable":true,"href":"https:\/\/www.skppsc.ch\/it\/wp-json\/wp\/v2\/topic?post=158"}],"curies":[{"name":"wp","href":"https:\/\/api.w.org\/{rel}","templated":true}]}}