{"id":175,"date":"2016-11-24T20:50:12","date_gmt":"2016-11-24T19:50:12","guid":{"rendered":"https:\/\/www.skppsc.ch\/de\/?page_id=175"},"modified":"2026-04-17T12:08:46","modified_gmt":"2026-04-17T10:08:46","slug":"psc","status":"publish","type":"page","link":"https:\/\/www.skppsc.ch\/it\/psc\/","title":{"rendered":"La PSC"},"content":{"rendered":"<html><body><h2 class=\"wp-block-heading foreground-primary\">Compiti e mandato<\/h2>\n\n\n\n<h3 class=\"wp-block-heading\">Gestire una rete di cooperazione per promuovere lo scambio di conoscenze e esperienze<\/h3>\n\n\n\n<p>Fra i compiti pi\u00f9 importanti della PSC rientra anche il rafforzamento della cooperazione intercantonale fra forze di polizia nel settore della prevenzione della criminalit\u00e0. Nell\u2019ambito di vari progetti, temi e campagne di sensibilizzazione, la PSC lavora in stretta collaborazione con i responsabili della prevenzione dei corpi di polizia cantonali e comunali e organizza una volta all\u2019anno un <a href=\"https:\/\/www.skppsc.ch\/it\/projekte\/giornata-informativa-sulla-prevenzione-per-la-polizia\/\" rel=\"noopener\">convegno<\/a> di due giorni per promuovere lo scambio di conoscenze e esperienze. La PSC intrattiene inoltre stretti contatti con diversi uffici federali, come l\u2019<a href=\"https:\/\/www.bsv.admin.ch\/it\" target=\"_blank\" rel=\"noopener\" title=\"Ufficio federale delle assicurazioni sociali\">Ufficio federale delle assicurazioni sociali<\/a> o l\u2019<a href=\"https:\/\/www.fedpol.admin.ch\/fedpol\/it\/home.html\" target=\"_blank\" rel=\"noopener noreferrer\">Ufficio federale di polizia fedpol<\/a>. Oltre ad altri attori federali e cantonali provenienti da tutte le regioni della Svizzera, fanno parte della rete di cooperazione della PSC anche diverse ONG.<\/p>\n\n\n\n<h3 class=\"wp-block-heading\">Diffusione di messaggi di prevenzione alla popolazione<\/h3>\n\n\n\n<p>Un altro importante compito della Prevenzione Svizzera della Criminalit\u00e0 \u00e8 quello di informare la popolazione sui fenomeni criminali, sulle possibilit\u00e0 di prevenzione e sulle offerte di aiuto in quest\u2019ambito. A tale fine concepisce e pubblica <a href=\"https:\/\/www.skppsc.ch\/it\/downloads\/\" target=\"_blank\" rel=\"noopener\" title=\"\">opuscoli, pieghevoli e altri stampati<\/a> che trattano temi inerenti alla prevenzione della criminalit\u00e0 (p. es. furto con scasso, stalking, coraggio civile), destinati a gruppi target specifici come p. es. i giovani o le persone anziane. Nel suo <a href=\"https:\/\/www.skppsc.ch\/it\/blog\/\" target=\"_blank\" rel=\"noopener noreferrer\">Blog<\/a>, i collaboratori e le collaboratrici della Prevenzione Svizzera della Criminalit\u00e0 pubblicano contributi su diversi aspetti della prevenzione della criminalit\u00e0, spiegano contesti e correlazioni e affrontano fenomeni inediti. La Prevenzione Svizzera della Criminalit\u00e0 \u00e8 pure attiva su <a href=\"https:\/\/www.facebook.com\/PrevenzioneSvizzeraDellaCriminalita\/\" target=\"_blank\" rel=\"noopener noreferrer\">Facebook, <\/a><a href=\"https:\/\/ch.linkedin.com\/company\/skppsc\" target=\"_blank\" rel=\"noreferrer noopener\">LinkedIn<\/a> e <a href=\"https:\/\/www.instagram.com\/skppsc_schweiz\/\" target=\"_blank\" rel=\"noreferrer noopener\">Instagram<\/a>.<\/p>\n\n\n\n<h3 class=\"wp-block-heading\">Formazione di base e continua<\/h3>\n\n\n\n<p>La Prevenzione Svizzera della Criminalit\u00e0 si impegna a favore della formazione di base e continua degli agenti di polizia nel settore della prevenzione della criminalit\u00e0, sviluppando offerte formative in collaborazione con l\u2019<a href=\"https:\/\/www.institut-police.ch\/it\" target=\"_blank\" rel=\"noreferrer noopener\">Istituto svizzero di polizia (ISP)<\/a>. Nell\u2019ambito di convegni e conferenze, la PSC informa su determinati temi riguardanti la prevenzione della criminalit\u00e0 e sugli ultimissimi sviluppi scientifici in materia, grazie a relazioni e workshop specifici.<\/p>\n\n\n\n<h3 class=\"wp-block-heading\">Documentazione<\/h3>\n\n\n\n<p><\/p>\n\n\n\n<p>La Prevenzione Svizzera della Criminalit\u00e0 gestisce nel proprio <a href=\"https:\/\/www.skppsc.ch\/it\/intranet\/\" target=\"_blank\" rel=\"noopener\" title=\"\">Intranet <\/a>una banca dati con i materiali informativi pi\u00f9 recenti in materia di prevenzione forniti dai corpi di polizia cantonali e comunali e pubblica annualmente un rapporto d\u2019attivit\u00e0 (documento disponibile solo in <a href=\"https:\/\/www.skppsc.ch\/it\/wp-content\/uploads\/sites\/7\/2026\/04\/jahresbericht_de_2025.pdf\" target=\"_blank\" rel=\"noopener\" title=\"\">tedesco <\/a>e in <a href=\"https:\/\/www.skppsc.ch\/it\/wp-content\/uploads\/sites\/7\/2026\/04\/rapport_d_activite_2025.pdf\" target=\"_blank\" rel=\"noopener\" title=\"\">francese<\/a>).<\/p>\n\n\n\n<p>L\u2019Intranet \u00e8 accessibile a tutti i membri dei corpi di polizia cantonali e comunali. Se siete interessati ad accedere al nostro Intranet, potete inviarci una richiesta di registrazione all\u2019indirizzo <a href=\"&#x6d;a&#x69;&#108;t&#x6f;&#58;&#x69;&#110;f&#x6f;&#64;&#x73;&#107;p&#x70;&#115;&#x63;&#x2e;c&#x68;\">&#x69;n&#x66;&#111;&#x40;&#115;k&#x70;&#112;&#x73;&#99;&#46;&#x63;&#104;<\/a>.<\/p>\n\n\n\n<h3 class=\"wp-block-heading\">Consulenza<\/h3>\n\n\n\n<p>La Prevenzione Svizzera della Criminalit\u00e0 si tiene a disposizione della popolazione per tutte le questioni che riguardano la prevenzione della criminalit\u00e0.<\/p>\n\n\n\n<div class=\"black-on-white-content replaced-hr\">\n\n\n\n<h2 class=\"wp-block-heading foreground-primary\">Ufficio<\/h2>\n\n\n\n<figure class=\"wp-block-gallery has-nested-images columns-3 is-cropped wp-block-gallery-1\">\n<figure class=\"wp-block-image size-large\"><img loading=\"lazy\" decoding=\"async\" width=\"1024\" height=\"732\" data-id=\"2204\" src=\"https:\/\/www.skppsc.ch\/it\/wp-content\/uploads\/sites\/7\/2025\/03\/ilg_fabiancremoeisner.5910-1024x732.jpg\" alt=\"\" class=\"wp-image-2204\" srcset=\"https:\/\/www.skppsc.ch\/it\/wp-content\/uploads\/sites\/7\/2025\/03\/ilg_fabiancremoeisner.5910-1024x732.jpg 1024w, https:\/\/www.skppsc.ch\/it\/wp-content\/uploads\/sites\/7\/2025\/03\/ilg_fabiancremoeisner.5910-300x214.jpg 300w, https:\/\/www.skppsc.ch\/it\/wp-content\/uploads\/sites\/7\/2025\/03\/ilg_fabiancremoeisner.5910-768x549.jpg 768w, https:\/\/www.skppsc.ch\/it\/wp-content\/uploads\/sites\/7\/2025\/03\/ilg_fabiancremoeisner.5910-1536x1097.jpg 1536w, https:\/\/www.skppsc.ch\/it\/wp-content\/uploads\/sites\/7\/2025\/03\/ilg_fabiancremoeisner.5910-2048x1463.jpg 2048w, https:\/\/www.skppsc.ch\/it\/wp-content\/uploads\/sites\/7\/2025\/03\/ilg_fabiancremoeisner.5910-640x457.jpg 640w, https:\/\/www.skppsc.ch\/it\/wp-content\/uploads\/sites\/7\/2025\/03\/ilg_fabiancremoeisner.5910-1280x914.jpg 1280w\" sizes=\"auto, (max-width: 1024px) 100vw, 1024px\"><figcaption class=\"wp-element-caption\"><strong>Fabian Ilg<\/strong><br>Direttore<\/figcaption><\/figure>\n\n\n\n<figure class=\"wp-block-image size-large\"><img loading=\"lazy\" decoding=\"async\" width=\"1024\" height=\"732\" data-id=\"2206\" src=\"https:\/\/www.skppsc.ch\/it\/wp-content\/uploads\/sites\/7\/2025\/03\/aegerter_olivercremoeisner.5942-1024x732.jpg\" alt=\"\" class=\"wp-image-2206\" srcset=\"https:\/\/www.skppsc.ch\/it\/wp-content\/uploads\/sites\/7\/2025\/03\/aegerter_olivercremoeisner.5942-1024x732.jpg 1024w, https:\/\/www.skppsc.ch\/it\/wp-content\/uploads\/sites\/7\/2025\/03\/aegerter_olivercremoeisner.5942-300x214.jpg 300w, https:\/\/www.skppsc.ch\/it\/wp-content\/uploads\/sites\/7\/2025\/03\/aegerter_olivercremoeisner.5942-768x549.jpg 768w, https:\/\/www.skppsc.ch\/it\/wp-content\/uploads\/sites\/7\/2025\/03\/aegerter_olivercremoeisner.5942-1536x1097.jpg 1536w, https:\/\/www.skppsc.ch\/it\/wp-content\/uploads\/sites\/7\/2025\/03\/aegerter_olivercremoeisner.5942-2048x1463.jpg 2048w, https:\/\/www.skppsc.ch\/it\/wp-content\/uploads\/sites\/7\/2025\/03\/aegerter_olivercremoeisner.5942-640x457.jpg 640w, https:\/\/www.skppsc.ch\/it\/wp-content\/uploads\/sites\/7\/2025\/03\/aegerter_olivercremoeisner.5942-1280x914.jpg 1280w\" sizes=\"auto, (max-width: 1024px) 100vw, 1024px\"><figcaption class=\"wp-element-caption\"><strong>Oliver Aegerter<\/strong><br>Responsabile di progetto<\/figcaption><\/figure>\n\n\n\n<figure class=\"wp-block-image size-large\"><img loading=\"lazy\" decoding=\"async\" width=\"1024\" height=\"731\" data-id=\"2203\" src=\"https:\/\/www.skppsc.ch\/it\/wp-content\/uploads\/sites\/7\/2025\/03\/kubli_beatricecremoeisner.6180-1024x731.jpg\" alt=\"\" class=\"wp-image-2203\" srcset=\"https:\/\/www.skppsc.ch\/it\/wp-content\/uploads\/sites\/7\/2025\/03\/kubli_beatricecremoeisner.6180-1024x731.jpg 1024w, https:\/\/www.skppsc.ch\/it\/wp-content\/uploads\/sites\/7\/2025\/03\/kubli_beatricecremoeisner.6180-300x214.jpg 300w, https:\/\/www.skppsc.ch\/it\/wp-content\/uploads\/sites\/7\/2025\/03\/kubli_beatricecremoeisner.6180-768x549.jpg 768w, https:\/\/www.skppsc.ch\/it\/wp-content\/uploads\/sites\/7\/2025\/03\/kubli_beatricecremoeisner.6180-1536x1097.jpg 1536w, https:\/\/www.skppsc.ch\/it\/wp-content\/uploads\/sites\/7\/2025\/03\/kubli_beatricecremoeisner.6180-2048x1463.jpg 2048w, https:\/\/www.skppsc.ch\/it\/wp-content\/uploads\/sites\/7\/2025\/03\/kubli_beatricecremoeisner.6180-640x457.jpg 640w, https:\/\/www.skppsc.ch\/it\/wp-content\/uploads\/sites\/7\/2025\/03\/kubli_beatricecremoeisner.6180-1280x914.jpg 1280w\" sizes=\"auto, (max-width: 1024px) 100vw, 1024px\"><figcaption class=\"wp-element-caption\"><strong>Beatrice K\u00fcbli<\/strong><br>Responsabile di progetto<\/figcaption><\/figure>\n\n\n\n<figure class=\"wp-block-image size-large\"><img loading=\"lazy\" decoding=\"async\" width=\"1024\" height=\"732\" data-id=\"2205\" src=\"https:\/\/www.skppsc.ch\/it\/wp-content\/uploads\/sites\/7\/2025\/03\/rouiller_vincianecremoeisner.6214-1024x732.jpg\" alt=\"\" class=\"wp-image-2205\" srcset=\"https:\/\/www.skppsc.ch\/it\/wp-content\/uploads\/sites\/7\/2025\/03\/rouiller_vincianecremoeisner.6214-1024x732.jpg 1024w, https:\/\/www.skppsc.ch\/it\/wp-content\/uploads\/sites\/7\/2025\/03\/rouiller_vincianecremoeisner.6214-300x214.jpg 300w, https:\/\/www.skppsc.ch\/it\/wp-content\/uploads\/sites\/7\/2025\/03\/rouiller_vincianecremoeisner.6214-768x549.jpg 768w, https:\/\/www.skppsc.ch\/it\/wp-content\/uploads\/sites\/7\/2025\/03\/rouiller_vincianecremoeisner.6214-1536x1097.jpg 1536w, https:\/\/www.skppsc.ch\/it\/wp-content\/uploads\/sites\/7\/2025\/03\/rouiller_vincianecremoeisner.6214-2048x1463.jpg 2048w, https:\/\/www.skppsc.ch\/it\/wp-content\/uploads\/sites\/7\/2025\/03\/rouiller_vincianecremoeisner.6214-640x457.jpg 640w, https:\/\/www.skppsc.ch\/it\/wp-content\/uploads\/sites\/7\/2025\/03\/rouiller_vincianecremoeisner.6214-1280x914.jpg 1280w\" sizes=\"auto, (max-width: 1024px) 100vw, 1024px\"><figcaption class=\"wp-element-caption\"><strong>Vinciane Rouiller<\/strong><br>Responsabile di progetto<\/figcaption><\/figure>\n\n\n\n<figure class=\"wp-block-image size-large\"><img loading=\"lazy\" decoding=\"async\" width=\"1024\" height=\"732\" data-id=\"2208\" src=\"https:\/\/www.skppsc.ch\/it\/wp-content\/uploads\/sites\/7\/2025\/03\/billaud_chantalcremoeisner.6081-1024x732.jpg\" alt=\"\" class=\"wp-image-2208\" srcset=\"https:\/\/www.skppsc.ch\/it\/wp-content\/uploads\/sites\/7\/2025\/03\/billaud_chantalcremoeisner.6081-1024x732.jpg 1024w, https:\/\/www.skppsc.ch\/it\/wp-content\/uploads\/sites\/7\/2025\/03\/billaud_chantalcremoeisner.6081-300x214.jpg 300w, https:\/\/www.skppsc.ch\/it\/wp-content\/uploads\/sites\/7\/2025\/03\/billaud_chantalcremoeisner.6081-768x549.jpg 768w, https:\/\/www.skppsc.ch\/it\/wp-content\/uploads\/sites\/7\/2025\/03\/billaud_chantalcremoeisner.6081-1536x1097.jpg 1536w, https:\/\/www.skppsc.ch\/it\/wp-content\/uploads\/sites\/7\/2025\/03\/billaud_chantalcremoeisner.6081-2048x1463.jpg 2048w, https:\/\/www.skppsc.ch\/it\/wp-content\/uploads\/sites\/7\/2025\/03\/billaud_chantalcremoeisner.6081-640x457.jpg 640w, https:\/\/www.skppsc.ch\/it\/wp-content\/uploads\/sites\/7\/2025\/03\/billaud_chantalcremoeisner.6081-1280x914.jpg 1280w\" sizes=\"auto, (max-width: 1024px) 100vw, 1024px\"><figcaption class=\"wp-element-caption\"><strong>Chantal Billaud<\/strong><br>Responsabile delle pubblicazioni e dei consigli<\/figcaption><\/figure>\n\n\n\n<figure class=\"wp-block-image size-large\"><img loading=\"lazy\" decoding=\"async\" width=\"1024\" height=\"732\" data-id=\"2209\" src=\"https:\/\/www.skppsc.ch\/it\/wp-content\/uploads\/sites\/7\/2025\/03\/carminati_sharoncremoeisner.5984-1024x732.jpg\" alt=\"\" class=\"wp-image-2209\" srcset=\"https:\/\/www.skppsc.ch\/it\/wp-content\/uploads\/sites\/7\/2025\/03\/carminati_sharoncremoeisner.5984-1024x732.jpg 1024w, https:\/\/www.skppsc.ch\/it\/wp-content\/uploads\/sites\/7\/2025\/03\/carminati_sharoncremoeisner.5984-300x214.jpg 300w, https:\/\/www.skppsc.ch\/it\/wp-content\/uploads\/sites\/7\/2025\/03\/carminati_sharoncremoeisner.5984-768x549.jpg 768w, https:\/\/www.skppsc.ch\/it\/wp-content\/uploads\/sites\/7\/2025\/03\/carminati_sharoncremoeisner.5984-1536x1097.jpg 1536w, https:\/\/www.skppsc.ch\/it\/wp-content\/uploads\/sites\/7\/2025\/03\/carminati_sharoncremoeisner.5984-2048x1463.jpg 2048w, https:\/\/www.skppsc.ch\/it\/wp-content\/uploads\/sites\/7\/2025\/03\/carminati_sharoncremoeisner.5984-640x457.jpg 640w, https:\/\/www.skppsc.ch\/it\/wp-content\/uploads\/sites\/7\/2025\/03\/carminati_sharoncremoeisner.5984-1280x914.jpg 1280w\" sizes=\"auto, (max-width: 1024px) 100vw, 1024px\"><figcaption class=\"wp-element-caption\"><strong>Sharon Carminati<\/strong><br>Responsabile dei social media<\/figcaption><\/figure>\n\n\n\n<figure class=\"wp-block-image size-large\"><img loading=\"lazy\" decoding=\"async\" width=\"1024\" height=\"732\" data-id=\"2207\" src=\"https:\/\/www.skppsc.ch\/it\/wp-content\/uploads\/sites\/7\/2025\/03\/ryter-kumli_nicolecremoeisner.6031-1024x732.jpg\" alt=\"\" class=\"wp-image-2207\" srcset=\"https:\/\/www.skppsc.ch\/it\/wp-content\/uploads\/sites\/7\/2025\/03\/ryter-kumli_nicolecremoeisner.6031-1024x732.jpg 1024w, https:\/\/www.skppsc.ch\/it\/wp-content\/uploads\/sites\/7\/2025\/03\/ryter-kumli_nicolecremoeisner.6031-300x214.jpg 300w, https:\/\/www.skppsc.ch\/it\/wp-content\/uploads\/sites\/7\/2025\/03\/ryter-kumli_nicolecremoeisner.6031-768x549.jpg 768w, https:\/\/www.skppsc.ch\/it\/wp-content\/uploads\/sites\/7\/2025\/03\/ryter-kumli_nicolecremoeisner.6031-1536x1097.jpg 1536w, https:\/\/www.skppsc.ch\/it\/wp-content\/uploads\/sites\/7\/2025\/03\/ryter-kumli_nicolecremoeisner.6031-2048x1463.jpg 2048w, https:\/\/www.skppsc.ch\/it\/wp-content\/uploads\/sites\/7\/2025\/03\/ryter-kumli_nicolecremoeisner.6031-640x457.jpg 640w, https:\/\/www.skppsc.ch\/it\/wp-content\/uploads\/sites\/7\/2025\/03\/ryter-kumli_nicolecremoeisner.6031-1280x914.jpg 1280w\" sizes=\"auto, (max-width: 1024px) 100vw, 1024px\"><figcaption class=\"wp-element-caption\"><strong>Nicole Kumli Ryter<\/strong><br>Responsabile delle finanze, dell\u2019amministrazione e delle risorse umane<\/figcaption><\/figure>\n<\/figure>\n\n\n\n<\/div><div class=\"black-on-white-content replaced-hr\">\n\n\n\n<h2 class=\"wp-block-heading foreground-primary\">Commissioni<\/h2>\n\n\n\n<h3 class=\"wp-block-heading\">Commissione di direzione<\/h3>\n\n\n\n<p>La Prevenzione Svizzera della Criminalit\u00e0 \u00e8 diretta da una commissione di direzione composta da membri della Conferenza delle direttrici e dei direttori dei dipartimenti cantonali di giustizia e polizia (CCDGP), dal co-direttore aggiunto dell\u2019Ufficio federale di polizia (fedpol), da un\/a rappresentante dell\u2019Associazione dei capi di polizia giudiziaria dei Cantoni svizzeri\u00a0, da due rappresentanti della Conferenza dei comandanti delle polizie cantonali della Svizzera , da un\/a rappresentante della Societ\u00e0 dei capi di polizia delle citt\u00e0 svizzere cos\u00ec come dal direttore della Prevenzione svizzera della Criminalit\u00e0. Attualmente, i membri della commissione di direzione sono:<\/p>\n\n\n\n<figure class=\"wp-block-gallery has-nested-images columns-default is-cropped wp-block-gallery-2\">\n<figure class=\"wp-block-image size-large\"><img loading=\"lazy\" decoding=\"async\" width=\"400\" height=\"400\" data-id=\"1186\" src=\"https:\/\/www.skppsc.ch\/it\/wp-content\/uploads\/sites\/7\/2020\/02\/christophamstad.jpg\" alt=\"\" class=\"wp-image-1186\" srcset=\"https:\/\/www.skppsc.ch\/it\/wp-content\/uploads\/sites\/7\/2020\/02\/christophamstad.jpg 400w, https:\/\/www.skppsc.ch\/it\/wp-content\/uploads\/sites\/7\/2020\/02\/christophamstad-300x300.jpg 300w\" sizes=\"auto, (max-width: 400px) 100vw, 400px\"><figcaption class=\"wp-element-caption\"><strong><strong>Consigliere di Stato<\/strong> Christoph Amstad<\/strong><br>Direttore del Dipartimento di sicurezza e degli affari sociali del Cantone Obvaldo, Presidente<\/figcaption><\/figure>\n\n\n\n<figure class=\"wp-block-image size-large\"><img loading=\"lazy\" decoding=\"async\" width=\"400\" height=\"402\" data-id=\"1183\" src=\"https:\/\/www.skppsc.ch\/it\/wp-content\/uploads\/sites\/7\/2020\/02\/allain_philippe.jpg\" alt=\"\" class=\"wp-image-1183\"><figcaption class=\"wp-element-caption\"><strong>Philippe Allain<\/strong><br>Comandante della polizia cantonale friburghese<\/figcaption><\/figure>\n\n\n\n<figure class=\"wp-block-image size-full\"><img loading=\"lazy\" decoding=\"async\" width=\"400\" height=\"400\" data-id=\"2327\" src=\"https:\/\/www.skppsc.ch\/it\/wp-content\/uploads\/sites\/7\/2025\/10\/stefan_kuechler.jpg\" alt=\"\" class=\"wp-image-2327\" srcset=\"https:\/\/www.skppsc.ch\/it\/wp-content\/uploads\/sites\/7\/2025\/10\/stefan_kuechler.jpg 400w, https:\/\/www.skppsc.ch\/it\/wp-content\/uploads\/sites\/7\/2025\/10\/stefan_kuechler-300x300.jpg 300w, https:\/\/www.skppsc.ch\/it\/wp-content\/uploads\/sites\/7\/2025\/10\/stefan_kuechler-150x150.jpg 150w\" sizes=\"auto, (max-width: 400px) 100vw, 400px\"><figcaption class=\"wp-element-caption\"><strong>Stefan K\u00fcchler<\/strong><br>Comandante della polizia cantonale obvaldese<\/figcaption><\/figure>\n\n\n\n<figure class=\"wp-block-image size-full\"><img loading=\"lazy\" decoding=\"async\" width=\"400\" height=\"400\" data-id=\"2044\" src=\"https:\/\/www.skppsc.ch\/it\/wp-content\/uploads\/sites\/7\/2024\/07\/martin_foehse.jpg\" alt=\"\" class=\"wp-image-2044\" srcset=\"https:\/\/www.skppsc.ch\/it\/wp-content\/uploads\/sites\/7\/2024\/07\/martin_foehse.jpg 400w, https:\/\/www.skppsc.ch\/it\/wp-content\/uploads\/sites\/7\/2024\/07\/martin_foehse-300x300.jpg 300w, https:\/\/www.skppsc.ch\/it\/wp-content\/uploads\/sites\/7\/2024\/07\/martin_foehse-150x150.jpg 150w\" sizes=\"auto, (max-width: 400px) 100vw, 400px\"><figcaption class=\"wp-element-caption\"><strong>Matin F\u00f6hse<\/strong><br>Vicedirettore e capo dell\u2019ambito direzionale Prevenzione della criminalit\u00e0 e diritto dell\u2019Ufficio federale di polizia (fedpol)<\/figcaption><\/figure>\n\n\n\n<figure class=\"wp-block-image size-full\"><img loading=\"lazy\" decoding=\"async\" width=\"400\" height=\"400\" data-id=\"2326\" src=\"https:\/\/www.skppsc.ch\/it\/wp-content\/uploads\/sites\/7\/2025\/10\/anjan_sartory.jpg\" alt=\"\" class=\"wp-image-2326\" srcset=\"https:\/\/www.skppsc.ch\/it\/wp-content\/uploads\/sites\/7\/2025\/10\/anjan_sartory.jpg 400w, https:\/\/www.skppsc.ch\/it\/wp-content\/uploads\/sites\/7\/2025\/10\/anjan_sartory-300x300.jpg 300w, https:\/\/www.skppsc.ch\/it\/wp-content\/uploads\/sites\/7\/2025\/10\/anjan_sartory-150x150.jpg 150w\" sizes=\"auto, (max-width: 400px) 100vw, 400px\"><figcaption class=\"wp-element-caption\"><strong>Anjan Sartory<\/strong><br>Comandante della polizia comunale di Winterthur<\/figcaption><\/figure>\n\n\n\n<figure class=\"wp-block-image size-full\"><img loading=\"lazy\" decoding=\"async\" width=\"1080\" height=\"1080\" data-id=\"2443\" src=\"https:\/\/www.skppsc.ch\/it\/wp-content\/uploads\/sites\/7\/2026\/03\/schindler-martin-edited.png\" alt=\"\" class=\"wp-image-2443\" srcset=\"https:\/\/www.skppsc.ch\/it\/wp-content\/uploads\/sites\/7\/2026\/03\/schindler-martin-edited.png 1080w, https:\/\/www.skppsc.ch\/it\/wp-content\/uploads\/sites\/7\/2026\/03\/schindler-martin-edited-300x300.png 300w, https:\/\/www.skppsc.ch\/it\/wp-content\/uploads\/sites\/7\/2026\/03\/schindler-martin-edited-1024x1024.png 1024w, https:\/\/www.skppsc.ch\/it\/wp-content\/uploads\/sites\/7\/2026\/03\/schindler-martin-edited-150x150.png 150w, https:\/\/www.skppsc.ch\/it\/wp-content\/uploads\/sites\/7\/2026\/03\/schindler-martin-edited-768x768.png 768w, https:\/\/www.skppsc.ch\/it\/wp-content\/uploads\/sites\/7\/2026\/03\/schindler-martin-edited-640x640.png 640w, https:\/\/www.skppsc.ch\/it\/wp-content\/uploads\/sites\/7\/2026\/03\/schindler-martin-edited-400x400.png 400w\" sizes=\"auto, (max-width: 1080px) 100vw, 1080px\"><figcaption class=\"wp-element-caption\"><strong>Martin Schindler<\/strong><br>Capo della polizia giudiziaria del Canton Berna<\/figcaption><\/figure>\n\n\n\n<figure class=\"wp-block-image size-full\"><img loading=\"lazy\" decoding=\"async\" width=\"400\" height=\"400\" data-id=\"2329\" src=\"https:\/\/www.skppsc.ch\/it\/wp-content\/uploads\/sites\/7\/2025\/10\/platzhalter_w.jpg\" alt=\"\" class=\"wp-image-2329\" srcset=\"https:\/\/www.skppsc.ch\/it\/wp-content\/uploads\/sites\/7\/2025\/10\/platzhalter_w.jpg 400w, https:\/\/www.skppsc.ch\/it\/wp-content\/uploads\/sites\/7\/2025\/10\/platzhalter_w-300x300.jpg 300w, https:\/\/www.skppsc.ch\/it\/wp-content\/uploads\/sites\/7\/2025\/10\/platzhalter_w-150x150.jpg 150w\" sizes=\"auto, (max-width: 400px) 100vw, 400px\"><figcaption class=\"wp-element-caption\">Vacante<\/figcaption><\/figure>\n\n\n\n<figure class=\"wp-block-image size-full\"><img loading=\"lazy\" decoding=\"async\" width=\"800\" height=\"800\" data-id=\"1861\" src=\"https:\/\/www.skppsc.ch\/it\/wp-content\/uploads\/sites\/7\/2023\/07\/fabian_ilg.jpg\" alt=\"\" class=\"wp-image-1861\" srcset=\"https:\/\/www.skppsc.ch\/it\/wp-content\/uploads\/sites\/7\/2023\/07\/fabian_ilg.jpg 800w, https:\/\/www.skppsc.ch\/it\/wp-content\/uploads\/sites\/7\/2023\/07\/fabian_ilg-300x300.jpg 300w, https:\/\/www.skppsc.ch\/it\/wp-content\/uploads\/sites\/7\/2023\/07\/fabian_ilg-150x150.jpg 150w, https:\/\/www.skppsc.ch\/it\/wp-content\/uploads\/sites\/7\/2023\/07\/fabian_ilg-768x768.jpg 768w, https:\/\/www.skppsc.ch\/it\/wp-content\/uploads\/sites\/7\/2023\/07\/fabian_ilg-640x640.jpg 640w, https:\/\/www.skppsc.ch\/it\/wp-content\/uploads\/sites\/7\/2023\/07\/fabian_ilg-400x400.jpg 400w\" sizes=\"auto, (max-width: 800px) 100vw, 800px\"><figcaption class=\"wp-element-caption\"><strong>Fabian Ilg<\/strong><br>Direttore PSC<\/figcaption><\/figure>\n<\/figure>\n\n\n\n<\/div><div class=\"black-on-white-content replaced-hr\">\n\n\n\n<h2 class=\"wp-block-heading foreground-primary\">Commissione tecnica<\/h2>\n\n\n\n<p>La commissione tecnica della Prevenzione Svizzera della Criminalit\u00e0 sostiene e segue l\u2019elaborazione di materiali informativi e l\u2019attuazione di progetti di prevenzione grazie alle sue approfondite conoscenze in materia. La commissione tecnica riunisce i responsabili della prevenzione e della comunicazione media dei corpi di polizia provenienti da tutti i concordati della Svizzera cos\u00ec come da Lichtenstein. \u00c8 rappresentato anche un capo della polizia giudiziaria. Attualmente, i membri della commissione di esperti sono:<\/p>\n\n\n\n<p><strong>Fabian Ilg<\/strong><br>Direttore della Prevenzione Svizzera della Criminalit\u00e0<\/p>\n\n\n\n<p><strong>Aline Dard<br><\/strong>Prevenzione della polizia cantonale ginevrina <\/p>\n\n\n\n<p><strong>Markus Friedli<\/strong><br>Prevenzione della polizia cantonale bernese<\/p>\n\n\n\n<p><strong>Roland Jost<\/strong><br>Servizio di consulenza per la sicurezza della polizia\u00a0del Canton Lucerna<\/p>\n\n\n\n<p><strong>Marco Liechti<\/strong><br>Capo del settore prevenzione della criminalit\u00e0 della polizia cantonale di Basilea Citt\u00e0<\/p>\n\n\n\n<p><strong>Roger M\u00e4rkli<\/strong><br>Prevenzione della criminalit\u00e0 della polizia cantonale di Turgovia<\/p>\n\n\n\n<p><strong>J\u00f6rg M\u00fcller<\/strong><br>Prevenzione della criminalit\u00e0 della polizia cantonale zurighese<\/p>\n\n\n\n<p><strong>Philippe Piatti<\/strong><br>Ufficio federale della polizia fedpol<\/p>\n\n\n\n<p><strong>Renato Pizolli<\/strong><br>Caposervizio comunicazione media e prevenzione, polizia cantonale ticinese<\/p>\n\n\n\n<p><strong>Martin Schindler<\/strong><br>Capo della polizia giudiziaria del Canton Berna<\/p>\n\n\n\n<p><strong>Pascal Simmen<\/strong><br>Servizio communicazione e prevenzione della polizia cantonale di Svitto<\/p>\n\n\n\n<p><strong>Patrizia Suplie <\/strong><br>Prevenzione della criminalit\u00e0 della polizia comunale di Zurigo<\/p>\n\n\n\n<p><strong>Marcel Trinkler<\/strong><br>Capo della prevenzione, polizia cantonale dei Grigioni<\/p>\n\n\n\n<p><strong>Bernard Vonlanthen<\/strong><br>Servizio communicazione e prevenzione della polizia friburghese<\/p>\n<\/div><\/body><\/html>","protected":false},"excerpt":{"rendered":"<p>La Prevenzione Svizzera della Criminalit\u00e0 (PSC) \u00e8 un servizio intercantonale specializzato nel settore della prevenzione della criminalit\u00e0 e si adopera per migliorare il sentimento di sicurezza nella popolazione. Forte del sostegno della Conferenza delle direttrici e dei direttori dei dipartimenti cantonali di giustizia e polizia (CCDGP), il servizio \u00e8 gestito da una commissione permanente della CCDGP, la cosiddetta commissione di direzione della Prevenzione Svizzera della Criminalit\u00e0. La Prevenzione Svizzera della Criminalit\u00e0 ha sede nella Casa dei Cantoni a Berna.<\/p>\n","protected":false},"author":1,"featured_media":0,"parent":0,"menu_order":90,"comment_status":"closed","ping_status":"closed","template":"meta-page.php","meta":{"showSharingButtons":false,"skp-theme-color":"default","_subtitle":null,"alternative_title":null,"seoDescription":"","seoKeywords":"","seoTitle":"","featuredVideoEmbedCode":"","featuredYoutubeVideoId":"","notes":"","redirectToPostId":0,"skp-further-information":"","hideTile":false,"pageType":"","editor_notices":[],"footnotes":""},"topic":[],"class_list":["post-175","page","type-page","status-publish","hentry"],"aioseo_notices":[],"_links":{"self":[{"href":"https:\/\/www.skppsc.ch\/it\/wp-json\/wp\/v2\/pages\/175","targetHints":{"allow":["GET"]}}],"collection":[{"href":"https:\/\/www.skppsc.ch\/it\/wp-json\/wp\/v2\/pages"}],"about":[{"href":"https:\/\/www.skppsc.ch\/it\/wp-json\/wp\/v2\/types\/page"}],"author":[{"embeddable":true,"href":"https:\/\/www.skppsc.ch\/it\/wp-json\/wp\/v2\/users\/1"}],"replies":[{"embeddable":true,"href":"https:\/\/www.skppsc.ch\/it\/wp-json\/wp\/v2\/comments?post=175"}],"version-history":[{"count":0,"href":"https:\/\/www.skppsc.ch\/it\/wp-json\/wp\/v2\/pages\/175\/revisions"}],"wp:attachment":[{"href":"https:\/\/www.skppsc.ch\/it\/wp-json\/wp\/v2\/media?parent=175"}],"wp:term":[{"taxonomy":"topic","embeddable":true,"href":"https:\/\/www.skppsc.ch\/it\/wp-json\/wp\/v2\/topic?post=175"}],"curies":[{"name":"wp","href":"https:\/\/api.w.org\/{rel}","templated":true}]}}