{"id":1874,"date":"2023-09-28T09:00:00","date_gmt":"2023-09-28T07:00:00","guid":{"rendered":"https:\/\/www.skppsc.ch\/it\/?page_id=1874"},"modified":"2024-09-10T12:27:38","modified_gmt":"2024-09-10T10:27:38","slug":"riappendete-subito","status":"publish","type":"page","link":"https:\/\/www.skppsc.ch\/it\/temi\/truffa\/riappendete-subito\/","title":{"rendered":"Riappendete subito!"},"content":{"rendered":"<html><body><div class=\"default-container content-part\"><div class=\"inner-padding\">\n<h2 class=\"wp-block-heading foreground-primary\">Cos\u2019\u00e8 una chiamata shock?<\/h2>\n\n\n\n<p>Una chiamata shock \u00e8 una forma particolarmente <strong>aggressiva<\/strong> di truffa telefonica che si sta diffondendo sempre pi\u00f9. Quando rice\u00advete una chiamata shock, siete contattati da qualcuno che vi annuncia una <strong>notizia scioccante finta ma che sembra del tutto credibile.<\/strong> Nella maggior parte dei casi, l\u2019interlocutrice o l\u2019interlocutore \u00adafferma che un vostro familiare si trova in una grave <strong>situazione d\u2019emergenza<\/strong> o in grande <strong>pericolo. <\/strong>Nel contempo sostiene che \u00adpotreste alleviare la situazione d\u2019emergenza o scongiurare il pericolo consegnando \u2013 il pi\u00f9 rapidamente possibile! \u2013 <strong>denaro e \u00adoggetti di valore ad un corriere.<\/strong> Dato che, a causa dello shock, non siete pi\u00f9 in grado di pensare razionalmente, ma volete naturalmente aiutare il vostro familiare e siete inoltre messi sotto pressione, \u00e8 molto probabile che darete seguito alle sue richieste e vi renderete conto solo in un secondo tempo di essere stati truffati.<\/p>\n\n\n\n<\/div><\/div><div class=\"default-container content-part replaced-hr\"><div class=\"inner-padding\">\n\n\n\n<h2 class=\"wp-block-heading foreground-primary\">Chi chiama?<\/h2>\n\n\n\n<p>Naturalmente, non si sa chi sta chiamando, ma <strong>i ruoli interpretati dalle truffatrici o dai truffatori variano molto.<\/strong> A volte l\u2019interlocutrice o l\u2019interlocutore si presenta come un <strong>\u201cprimario\u201d <\/strong>che afferma di dover operare il figlio infortunato della vittima, ma che per procedere ha per\u00f2 bisogno di essere pagato anticipatamente. A volte \u00adsi presenta come un <strong>\u201cavvocato\u201d<\/strong> che vuole far uscire dal carcere preventivo la figlia della vittima arrestata per aver investito un bambino, ma che per farlo occorre versare prima una certa \u00adsomma di denaro. Altre volte, invece, si presenta persino come un <strong>\u201cagente di polizia\u201d<\/strong> che mette in guardia dalla presenza di ladri nelle \u00advicinanze dell\u2019abitazione della vittima e che quindi vuole passare personalmente a casa sua per \u201cmettere al sicuro denaro e oggetti di valore\u201d. In tutti questi casi, le truffatrici o i truffatori utilizzano <strong>\u201cl\u2019autorit\u00e0\u201d <\/strong>generalmente attribuita alle categorie professionali sopracitate per <strong>intimidire<\/strong> le loro vittime.<\/p>\n\n\n\n<p>In altri casi, le truffatrici o i truffatori impersonano direttamente i\u00a0familiari in questione, per esempio <strong>nipoti, figli o figlie.<\/strong> Inter\u00adpretando il ruolo di una<strong> persona agitata<\/strong> (si \u00e8 apparentemente in presenza di una situazione d\u2019emergenza acuta!), i genitori e i\u00a0nonni\u00a0\u2013 che non hanno motivo di dubitare dell\u2019autenticit\u00e0 della chiamata \u2013 <strong>non riescono a distinguere la voce di chi chiama da quella vera dei propri figli e nipoti.<\/strong><\/p>\n\n\n\n<\/div><\/div><div class=\"default-container content-part replaced-hr\"><div class=\"inner-padding\">\n\n\n\n<h2 class=\"wp-block-heading foreground-primary\">Come faccio a capire se si tratta di una chiamata autentica o di una chiamata shock fraudolenta?<\/h2>\n\n\n\n<p><strong>Non certo dalla voce<\/strong> di chi chiama! E neppure da qual\u00adsiasi \u00adinformazione personale in possesso dell\u2019interlocutrice o dell\u2019interlocutore e che dovrebbe essere nota solo alla \u00adcerchia pi\u00f9 ristretta dei familiari. Nel nostro mondo carat\u00adterizzato dall\u2019onnipresenza dei social media, \u00e8 facile per chiunque procurarsi tali informazioni. Di conseguenza, <strong>poco \u00adimporta chi chiama.<\/strong> Oggigiorno, inoltre, il problema delle truffe telefo\u00adniche si \u00e8 ulteriormente aggravato a causa della cosiddetta \u201cintelligenza artificiale\u201d (IA) che permette di imi\u00adtare alla perfezione le voci conosciute.<\/p>\n\n\n\n<p>Il minimo comune denominatore per riconoscere una \u00adchiamata shock \u00e8 quindi<strong> il messaggio scioccante stesso accompagnato da una richiesta di denaro: shock + denaro = truffa.<\/strong> La <strong>pressione<\/strong> che si crea \u00e8 un ulteriore indizio.<\/p>\n\n\n\n<\/div><\/div><div class=\"full content-part image-wrapper image-1876\"><img width=\"2560\" height=\"1280\" src=\"https:\/\/www.skppsc.ch\/it\/wp-content\/uploads\/sites\/7\/2023\/09\/auflegen2-2560x1280.jpg\" class=\"attachment-skp-large-force-ratio size-skp-large-force-ratio\" alt=\"\" srcset=\"https:\/\/www.skppsc.ch\/it\/wp-content\/uploads\/sites\/7\/2023\/09\/auflegen2-2560x1280.jpg 2560w, https:\/\/www.skppsc.ch\/it\/wp-content\/uploads\/sites\/7\/2023\/09\/auflegen2-300x150.jpg 300w, https:\/\/www.skppsc.ch\/it\/wp-content\/uploads\/sites\/7\/2023\/09\/auflegen2-1024x512.jpg 1024w, https:\/\/www.skppsc.ch\/it\/wp-content\/uploads\/sites\/7\/2023\/09\/auflegen2-768x384.jpg 768w, https:\/\/www.skppsc.ch\/it\/wp-content\/uploads\/sites\/7\/2023\/09\/auflegen2-1536x768.jpg 1536w, https:\/\/www.skppsc.ch\/it\/wp-content\/uploads\/sites\/7\/2023\/09\/auflegen2-2048x1024.jpg 2048w, https:\/\/www.skppsc.ch\/it\/wp-content\/uploads\/sites\/7\/2023\/09\/auflegen2-640x320.jpg 640w, https:\/\/www.skppsc.ch\/it\/wp-content\/uploads\/sites\/7\/2023\/09\/auflegen2-1280x640.jpg 1280w\" sizes=\"(max-width: 2560px) 100vw, 2560px\"><\/div><div class=\"default-container content-part\"><div class=\"inner-padding\">\n\n\n\n<h2 class=\"wp-block-heading foreground-primary\">Cosa devo fare se ricevo una chiamata shock?<\/h2>\n\n\n\n<p>Se temete di aver appena ricevuto una chiamata shock, <strong>non fate in nessun caso quello che vi viene chiesto! <\/strong>Interrompete subito la telefonata e<strong> riappendete.<\/strong> Se la truffatrice o il truffatore continua a chiamare, riappendete ogni volta!<\/p>\n\n\n\n<p>Poi chiamate il familiare apparentemente coinvolto o, se non \u00e8 raggiungibile in quel momento, un\u2019altra persona di fiducia. <strong>\u00c8 anche meglio chiamare subito la polizia (117) e raccontarle l\u2019accaduto.<\/strong><\/p>\n\n\n\n<\/div><\/div><div class=\"default-container content-part replaced-hr\"><div class=\"inner-padding\">\n\n\n\n<h2 class=\"wp-block-heading foreground-primary\">Cosa devo fare se mi sono gi\u00e0 fatto\/a raggirare da una chiamata shock?<\/h2>\n\n\n\n<p>Non colpevolizzatevi! Non vergognatevi e non rinchiudetevi in voi stessi! Purtroppo, molte persone si sono gi\u00e0 fatte \u00adraggirare da questo tipo di truffa. Affrontate quindi il problema con decisione: <strong>contattate la polizia (117) e descrivete esattamente cos\u2019\u00e8 accaduto. Sporgete denuncia! <\/strong>Questo \u00e8 l\u2019unico modo per permettere alla polizia di mettersi sulle \u00adtracce dei truffatori. Inoltre: parlate apertamente di questo problema con i vostri familiari e amici. In questo modo, \u00adpotrete evitare che altri si facciano raggirare e vivano una brutta esperienza come la \u00advostra.<\/p>\n\n\n\n<\/div><\/div><div class=\"default-container content-part replaced-hr\"><div class=\"inner-padding\">\n\n\n\n<h2 class=\"wp-block-heading foreground-primary\">Cos\u2019altro dovrei prendere in considerazione?<\/h2>\n\n\n\n<ul class=\"wp-block-list\">\n<li>La polizia non chiama mai dal numero d\u2019emergenza 117.<\/li>\n\n\n\n<li>Non fornite mai informazioni sulle vostre relazioni \u00adbancarie, sulla vostra situazione finanziaria o personale.<\/li>\n\n\n\n<li>Non fate mai entrare estranei in casa vostra.<\/li>\n\n\n\n<li>Non consegnate mai denaro o oggetti di valore a persone sconosciute, anche se indossano un\u2019uniforme che \u00adsembra autentica.<\/li>\n\n\n\n<li>I truffatori e le truffatrici al telefono cercano le loro potenziali vittime negli elenchi telefonici pubblici. Modificate la vostra iscrizione nell\u2019elenco telefonico indicando solo la prima lettera del vostro nome di battesimo!<\/li>\n<\/ul>\n\n\n<\/div><\/div><div class=\"content-part pdf-download-wrapper\"><div class=\"pdf-download-wrapper\"><a href=\"https:\/\/www.skppsc.ch\/it\/wp-content\/uploads\/sites\/7\/2023\/11\/20231127_formular-aenderung-telefonbucheintrag-ita.pdf\" download target=\"_blank\" class=\"pdf-download with-button-text\"><span class=\"skp-download-pdf pdf-download-icon\"><\/span><span class=\"download-button-text\">Formulario per la modifica<\/span><\/a><\/div><\/div><div class=\"default-container content-part\"><div class=\"inner-padding\">\n\n\n<\/div><\/div><div class=\"full content-part image-wrapper image-1875\"><img width=\"2560\" height=\"1280\" src=\"https:\/\/www.skppsc.ch\/it\/wp-content\/uploads\/sites\/7\/2023\/09\/auflegen1-2560x1280.jpg\" class=\"attachment-skp-large-force-ratio size-skp-large-force-ratio\" alt=\"\" srcset=\"https:\/\/www.skppsc.ch\/it\/wp-content\/uploads\/sites\/7\/2023\/09\/auflegen1-2560x1280.jpg 2560w, https:\/\/www.skppsc.ch\/it\/wp-content\/uploads\/sites\/7\/2023\/09\/auflegen1-300x150.jpg 300w, https:\/\/www.skppsc.ch\/it\/wp-content\/uploads\/sites\/7\/2023\/09\/auflegen1-1024x512.jpg 1024w, https:\/\/www.skppsc.ch\/it\/wp-content\/uploads\/sites\/7\/2023\/09\/auflegen1-768x384.jpg 768w, https:\/\/www.skppsc.ch\/it\/wp-content\/uploads\/sites\/7\/2023\/09\/auflegen1-1536x768.jpg 1536w, https:\/\/www.skppsc.ch\/it\/wp-content\/uploads\/sites\/7\/2023\/09\/auflegen1-2048x1024.jpg 2048w, https:\/\/www.skppsc.ch\/it\/wp-content\/uploads\/sites\/7\/2023\/09\/auflegen1-640x320.jpg 640w, https:\/\/www.skppsc.ch\/it\/wp-content\/uploads\/sites\/7\/2023\/09\/auflegen1-1280x640.jpg 1280w\" sizes=\"(max-width: 2560px) 100vw, 2560px\"><\/div><div class=\"default-container content-part\"><div class=\"inner-padding\">\n\n\n<\/div><\/div><\/body><\/html>","protected":false},"excerpt":{"rendered":"<p>Cos\u2019\u00e8 una chiamata shock? Una chiamata shock \u00e8 una forma particolarmente aggressiva di truffa telefonica che si sta diffondendo sempre pi\u00f9. Quando rice\u00advete una chiamata shock, siete contattati da qualcuno che vi annuncia una notizia scioccante finta ma che sembra del tutto credibile. Nella maggior parte dei casi, l\u2019interlocutrice o l\u2019interlocutore \u00adafferma che un vostro [&hellip;]<\/p>\n","protected":false},"author":349,"featured_media":0,"parent":145,"menu_order":0,"comment_status":"closed","ping_status":"closed","template":"","meta":{"showSharingButtons":false,"skp-theme-color":"five","_subtitle":"","alternative_title":"Truffa telefonica","seoDescription":"","seoKeywords":"","seoTitle":"Truffe telefoniche e chiamate shock: Riappendete subito! l PSC","featuredVideoEmbedCode":"","featuredYoutubeVideoId":"xRxdiMu6OSA, mCfrC1Q7rFI","notes":"","redirectToPostId":0,"skp-further-information":"<p><a rel=\"noreferrer noopener\" href=\"https:\/\/www4.ti.ch\/di\/pol-new\/home\" target=\"_blank\">Polizia cantonale<\/a><\/p><p><a href=\"https:\/\/www.skppsc.ch\/it\/download\/legen-sie-einfach-auf\/\" data-type=\"download\" data-id=\"1884\">Pieghevole \u201cRiappendete subito!\u201d<\/a><\/p><p><a href=\"https:\/\/www.skppsc.ch\/it\/download\/betruegerische-supportanrufe-italiano\/\" data-type=\"download\" data-id=\"1285\">Pieghevole \u201cTelefonate fraudolente dall\u2019assistenza\u201d<\/a><\/p><p><a href=\"https:\/\/www.skppsc.ch\/it\/download\/sicurezza-nella-terza-eta\/\" data-type=\"download\" data-id=\"521\">Opuscolo \u201cSicurezza nella terza et\u00e0\u201d<\/a><\/p>","hideTile":false,"pageType":"","editor_notices":[],"footnotes":""},"topic":[88],"class_list":["post-1874","page","type-page","status-publish","hentry","topic-truffa-telefonica"],"aioseo_notices":[],"_links":{"self":[{"href":"https:\/\/www.skppsc.ch\/it\/wp-json\/wp\/v2\/pages\/1874","targetHints":{"allow":["GET"]}}],"collection":[{"href":"https:\/\/www.skppsc.ch\/it\/wp-json\/wp\/v2\/pages"}],"about":[{"href":"https:\/\/www.skppsc.ch\/it\/wp-json\/wp\/v2\/types\/page"}],"author":[{"embeddable":true,"href":"https:\/\/www.skppsc.ch\/it\/wp-json\/wp\/v2\/users\/349"}],"replies":[{"embeddable":true,"href":"https:\/\/www.skppsc.ch\/it\/wp-json\/wp\/v2\/comments?post=1874"}],"version-history":[{"count":0,"href":"https:\/\/www.skppsc.ch\/it\/wp-json\/wp\/v2\/pages\/1874\/revisions"}],"up":[{"embeddable":true,"href":"https:\/\/www.skppsc.ch\/it\/wp-json\/wp\/v2\/pages\/145"}],"wp:attachment":[{"href":"https:\/\/www.skppsc.ch\/it\/wp-json\/wp\/v2\/media?parent=1874"}],"wp:term":[{"taxonomy":"topic","embeddable":true,"href":"https:\/\/www.skppsc.ch\/it\/wp-json\/wp\/v2\/topic?post=1874"}],"curies":[{"name":"wp","href":"https:\/\/api.w.org\/{rel}","templated":true}]}}