{"id":1913,"date":"2023-12-12T14:23:22","date_gmt":"2023-12-12T13:23:22","guid":{"rendered":"https:\/\/www.skppsc.ch\/it\/?page_id=1913"},"modified":"2025-04-23T14:17:35","modified_gmt":"2025-04-23T12:17:35","slug":"truffe-sugli-investimenti-online","status":"publish","type":"page","link":"https:\/\/www.skppsc.ch\/it\/temi\/internet\/truffe-sugli-investimenti-online\/","title":{"rendered":"Truffe sugli investimenti online"},"content":{"rendered":"<html><body><div class=\"default-container content-part\"><div class=\"inner-padding\">\n<figure class=\"wp-block-embed is-type-video is-provider-youtube wp-block-embed-youtube wp-embed-aspect-16-9 wp-has-aspect-ratio\"><div class=\"wp-block-embed__wrapper\">\n\n<div class=\"video-container\"><div class=\"iframe-container\"><div class=\"video-ratio\" style=\"padding-top:56.2%;\"><\/div><iframe loading=\"lazy\" title=\"Investimenti online\" src=\"https:\/\/www.youtube.com\/embed\/_I1-RlDxos8?feature=oembed&amp;rel=0\" frameborder=\"0\" allow=\"accelerometer; autoplay; clipboard-write; encrypted-media; gyroscope; picture-in-picture; web-share\" referrerpolicy=\"strict-origin-when-cross-origin\" allowfullscreen><\/iframe><\/div><\/div><\/div><\/figure>\n\n\n\n<h2 class=\"wp-block-heading foreground-primary\">Ecco come operano i truffatori<\/h2>\n\n\n\n<h3 class=\"wp-block-heading\">1<sup>a<\/sup> fase: l\u2019adescamento<\/h3>\n\n\n\n<p>In generale, la strategia dei truffatori consiste nel diffondere su larga scala <strong>annunci pubblicitari <\/strong>in Internet (pop-up, banner pubblicitari, mail di spam, ecc.) e nei portali di notizie online, ma anche effettuando telefonate indesiderate e tentativi di contatto sulle reti sociali e persino sulle piattaforme di incontri online.<\/p>\n\n\n\n<p>Il loro scopo \u00e8 inizialmente solo quello di <strong>suscitare il vostro interesse<\/strong> per una nuova forma d\u2019investimento e di invogliarvi a \u00adlasciare loro i vostri <strong>dati di contatto.<\/strong> Inoltre, non appena inserite certe \u00adparole chiave nel vostro motore di ricerca online, sarete indirizzati verso siti Internet apparentemente serissimi (e ottimizzati per i\u00a0motori di ricerca!), ma purtroppo gestiti da truffatori. L\u00ec, vi ven\u00adgono presentati argomenti convincenti che si avvalgono anche di <strong>\u00ad\u201ctestimonianze\u201d<\/strong> di personalit\u00e0 di spicco verosimilmente molto soddisfatte dei loro investimenti.<\/p>\n\n\n\n<h3 class=\"wp-block-heading\">2<sup>a<\/sup> fase: il primo contatto<\/h3>\n\n\n\n<p>Se vi siete poi registrati su un tale sito, poco tempo dopo riceverete una <strong>chiamata da parte di un presunto consulente per gli \u00adinvestimenti.<\/strong> Dato che inizialmente potreste ancora nutrire un certo scetticismo, questa persona non cercher\u00e0 di convincervi ad effettuare subito investimenti importanti, ma vi proporr\u00e0 di investire solo piccoli importi, come CHF 250 o CHF 500, \u201ctanto per provare\u201d. Avrete cos\u00ec \u00adl\u2019impressione di essere voi a decidere. Poi riceverete l\u2019accesso al vostro \u201caccount\u201d sul sito web che vi consentir\u00e0 di monitorare la presunta performance del vostro investimento. E ogni volta che vi collegherete, constaterete che i vostri investimenti stanno fruttando. <strong>L\u2019obiettivo che i truffatori perseguono, e che in questo caso hanno anche raggiunto, \u00e8 di convincervi ad investire di pi\u00f9.<\/strong><\/p>\n\n\n\n<h3 class=\"wp-block-heading\">3<sup>a<\/sup> fase: la conquista della fiducia<\/h3>\n\n\n\n<p>Constatando la buona performance dei vostri investimenti, il vostro scetticismo scompare e potreste addirittura essere contenti di ricevere una nuova chiamata del vostro consulente. Questo \u00e8 proprio lo scopo dei truffatori: farvi credere di poter contare su una <strong>consulenza personalizzata<\/strong> per i vostri futuri investimenti. Questi malfattori padroneggiano bene l\u2019arte della cosiddetta \u201cingegneria sociale\u201d. Sanno infatti quali tecniche interpersonali usare per manipolare le loro vittime. In altri termini, all\u2019inizio non sarete messi <strong>direttamente sotto \u00adpressione,<\/strong> ma solo indirettamente con <strong>offerte<\/strong> apparentemente disponibili solo <strong>in misura limitata o per poco tempo.<\/strong> Inoltre, questa nuova relazione di fiducia serve ad allontanarvi da ex partner finanziari di cui vi \u00adfidavate (per esempio la vostra banca). I truffatori aprono poi un conto (portafoglio o <em>wallet)<\/em> a vostro nome e con la vostra legittimazione presso veri e propri trader di criptovalute. Tuttavia, ad avere i diritti d\u2019accesso al conto non siete solo voi (se mai lo siete), ma sono sempre i truffa\u00adtori. Succede addirittura che questi malfattori prendano il controllo del \u00advostro computer usando un software di manutenzione remota ed \u00adeffettuino poi delle transazioni tramite il vostro e-banking.<\/p>\n\n\n\n<h3 class=\"wp-block-heading\">4<sup>a<\/sup> fase: versamenti aggiuntivi<\/h3>\n\n\n\n<p>Ecco per\u00f2 cosa succede in realt\u00e0. Il giorno in cui decidete per un motivo qualsiasi di ritirare una parte del denaro investito dopo aver visto aumentare i vostri profitti per qualche tempo, scoprirete che non potete farlo. Allora il vostro consulente vi spiegher\u00e0, per esempio, che c\u2019\u00e8 stato un <strong>crollo improvviso<\/strong> o che dovete dapprima pagare <strong>un\u2019elevata tassa. <\/strong>A questo punto, il vostro consulente cercher\u00e0 di convincervi \u2013 questa volta esercitando pressioni dirette e persino intimidendovi con vere e proprie minacce \u2013 della natura speciale dell\u2019investimento, che richiede un\u2019ulteriore iniezione di denaro affinch\u00e9 possiate assicurarvi i guadagni. In \u00adalcuni casi entra addirittura in scena anche un presunto superiore o addirittura il <strong>\u201ccapo\u201d<\/strong> della supposta societ\u00e0 finanziaria, che con la sua dichiarata autorevolezza cercher\u00e0 di tranquillizzarvi promettendovi ulteriori guadagni, a condizione di tener duro. Se per\u00f2 insistete nel volerne uscire, vi verr\u00e0 allora proposta \u00ad<strong>un\u2019assicurazione contro le perdite<\/strong> che avreste apparentemente potuto \u00adsottoscrivere fin dall\u2019inizio, ma che, come gesto di buona volont\u00e0, vi consentono di concludere con effetto retroattivo. Niente di tutto questo \u00e8 vero! Alla fine, sospettate di poter essere vittima di una truffa, ma nonostante il buon senso vi aggrappate ancora di pi\u00f9 al vostro consulente di fiducia. Alla fine quest\u2019ultimo sosterr\u00e0 che pu\u00f2 ancora \u00adtrovare un modo per permettervi di recuperare il vostro denaro, a condizione per\u00f2 di <strong>effettuare un pagamento anticipato per \u00adcoprire le spese bancarie, legali o notarili\u2026<\/strong><\/p>\n\n\n\n<h3 class=\"wp-block-heading\">5<sup>a<\/sup> fase: la realizzazione della perdita<\/h3>\n\n\n\n<p>Qualsiasi cosa tentiate, <strong>non ricupererete mai il vostro denaro,<\/strong> tranne forse nella 1<sup>a<\/sup> fase. Ma anche in quel caso si tratter\u00e0 solo di piccole somme per tranquillizzarvi e continuare ad allettarvi. Ora avete finalmente capito di essere stati truffati.<\/p>\n\n\n\n<\/div><\/div><div class=\"default-container content-part replaced-hr\"><div class=\"inner-padding\">\n\n\n\n<h3 class=\"wp-block-heading\">Cosa fa la Polizia?<\/h3>\n\n\n\n<p>La Polizia registra ogni denuncia penale sporta da una persona vittima di truffa sugli investimenti online. Quindi valuta le misure immediate e i possibili approcci investigativi da adottare in relazione al caso. Ogni dettaglio \u00e8 importante per il lavoro investigativo. Dopo essere state vittime di questo tipo di reato, le persone spesso vivono un momento difficile e si colpevolizzano. In questa fase delicata, la Polizia consiglia le vittime con competenza ed oggettivit\u00e0. Quando si sporge una denuncia penale, \u00e8 importante fornire tutti i documenti di cui si \u00e8 in possesso. La Polizia confronta poi le segnalazioni ricevute a livello intercantonale per individuare eventuali correlazioni tra i reati e avviare cos\u00ec indagini mirate. Generalmente i truffatori operano dall\u2019estero e ci\u00f2 presuppone una collaborazione internazionale nelle indagini. \u00c8 importante quindi sporgere denuncia penale alla Polizia. Chi non denuncia la truffa facilita notevolmente l\u2019operato dei truffatori, perch\u00e9 cos\u00ec non hanno nulla da temere.<\/p>\n\n\n\n<\/div><\/div><div class=\"default-container clues content-part children-count-2 children-count-even\"><div class=\"inner-padding\"><a id=\"tips\"><\/a><h2 class=\"subcontent-main-title foreground-primary foreground-primary\">Cosa posso fare?<\/h2><div class=\"clues-inner-table clues-count-even\"><div class=\"clue-item clues-count-even clues-count-2 background-faded\"><div class=\"clue rima-di-investire-in-nuove-forme-di-investimento\"><p class=\"clue-image\"><img loading=\"lazy\" decoding=\"async\" width=\"640\" height=\"320\" src=\"https:\/\/www.skppsc.ch\/it\/wp-content\/uploads\/sites\/7\/2023\/12\/oab_tipp1-640x320.jpg\" class=\"attachment-skp-thumbnail-force-ratio size-skp-thumbnail-force-ratio wp-post-image\" alt=\"\" srcset=\"https:\/\/www.skppsc.ch\/it\/wp-content\/uploads\/sites\/7\/2023\/12\/oab_tipp1-640x320.jpg 640w, https:\/\/www.skppsc.ch\/it\/wp-content\/uploads\/sites\/7\/2023\/12\/oab_tipp1-300x150.jpg 300w, https:\/\/www.skppsc.ch\/it\/wp-content\/uploads\/sites\/7\/2023\/12\/oab_tipp1-768x384.jpg 768w, https:\/\/www.skppsc.ch\/it\/wp-content\/uploads\/sites\/7\/2023\/12\/oab_tipp1.jpg 800w\" sizes=\"auto, (max-width: 640px) 100vw, 640px\"><\/p><h3 class=\"clue-title background-primary foreground-title\">rima di investire in nuove forme di investimento:<\/h3><p><!-- wp:list --><\/p>\n<ul><!-- wp:list-item -->\n<li>Siate molto prudenti, specialmente quando vi promettono alti rendimenti e settori d\u2019investimento complessi come le criptovalute, il forex trading e il presunto trading di opzioni binarie. Prendetevi il tempo e informatevi \u00adconsultando il maggior numero possibile di fonti diverse. Non lasciatevi mai mettere sotto pressione, n\u00e9 da consulenti n\u00e9 da offerte limitate nel tempo.<\/li>\n<p><!-- \/wp:list-item --><\/p>\n<p><!-- wp:list-item --><\/p>\n<li>Leggete il nostro opuscolo <strong><a href=\"https:\/\/www.skppsc.ch\/it\/download\/criptovalute\/\" data-type=\"download\" data-id=\"1680\">Criptovalute. Come funzionano e quali rischi comportan<\/a><\/strong>.<\/li>\n<p><!-- \/wp:list-item --><\/p>\n<p><!-- wp:list-item --><\/p>\n<li>Non lasciatevi accecare da promesse di rendimenti irrealistici. Nessun fornitore di servizi finanziari serio promette profitti superiori alla media in poco tempo.<\/li>\n<p><!-- \/wp:list-item --><\/p>\n<p><!-- wp:list-item --><\/p>\n<li>Verificate se il fornitore in questione \u00e8 in possesso di una <a href=\"https:\/\/www.finma.ch\/it\/finma-public\/istituti-persone-e-prodotti-autorizzati\/\" target=\"_blank\" rel=\"noreferrer noopener\">licenza FINMA<\/a> o se figura sulla<a href=\"https:\/\/www.finma.ch\/it\/finma-public\/warnungen\/\" target=\"_blank\" rel=\"noreferrer noopener\"> lista di allerta FINMA.<\/a> Se vi imbattete in offerte sospette, dovreste segnalarle alla FINMA con il<a href=\"https:\/\/www.finma.ch\/it\/finma-public\/segnalare\/\" target=\"_blank\" rel=\"noreferrer noopener\"> modulo di notifica.<\/a> Queste informazioni permettono alla FINMA di individuare i fornitori non autorizzati e di bandirli dal mercato.<\/li>\n<p><!-- \/wp:list-item --><\/p>\n<p><!-- wp:list-item --><\/p>\n<li>Consultate l\u2019indice centrale delle ditte <a href=\"https:\/\/www.zefix.ch\/it\/search\/entity\/welcome\" target=\"_blank\" rel=\"noreferrer noopener\">www.zefix.ch<\/a> e controllate l\u2019estratto del registro di commercio per vedere se il vostro fornitore \u00e8 presente.<\/li>\n<p><!-- \/wp:list-item --><\/p>\n<p><!-- wp:list-item --><\/p>\n<li>Verificate l'affidabilit\u00e0 del sito web su <a href=\"https:\/\/www.scamadviser.com\/\" target=\"_blank\" rel=\"noreferrer noopener\">Scamadviser<\/a>.<\/li>\n<p><!-- \/wp:list-item --><\/p>\n<p><!-- wp:list-item --><\/p>\n<li>Nel caso di fornitori che operano dall\u2019estero, effettuate una ricerca in Internet per capire chi ha messo le offerte online. Se vedete apparire anche solo uno o\u00a0due avvisi di truffa, meglio lasciar stare.<\/li>\n<p><!-- \/wp:list-item --><\/p>\n<p><!-- wp:list-item --><\/p>\n<li>Rivolgetevi al vostro consulente bancario e a degli esperti di vostra fiducia per una valutazione professionale.<\/li>\n<p><!-- \/wp:list-item --><\/p><\/ul>\n<p><!-- \/wp:list --><\/p>\n<\/div><\/div><div class=\"clue-item clues-count-even clues-count-2 background-faded\"><div class=\"clue se-siete-stati-e-vittime-di-una-truffa-sugli-investimenti-online\"><p class=\"clue-image\"><img loading=\"lazy\" decoding=\"async\" width=\"640\" height=\"320\" src=\"https:\/\/www.skppsc.ch\/it\/wp-content\/uploads\/sites\/7\/2023\/12\/oab_tipp2-640x320.jpg\" class=\"attachment-skp-thumbnail-force-ratio size-skp-thumbnail-force-ratio wp-post-image\" alt=\"\" srcset=\"https:\/\/www.skppsc.ch\/it\/wp-content\/uploads\/sites\/7\/2023\/12\/oab_tipp2-640x320.jpg 640w, https:\/\/www.skppsc.ch\/it\/wp-content\/uploads\/sites\/7\/2023\/12\/oab_tipp2-300x150.jpg 300w, https:\/\/www.skppsc.ch\/it\/wp-content\/uploads\/sites\/7\/2023\/12\/oab_tipp2-768x384.jpg 768w, https:\/\/www.skppsc.ch\/it\/wp-content\/uploads\/sites\/7\/2023\/12\/oab_tipp2.jpg 800w\" sizes=\"auto, (max-width: 640px) 100vw, 640px\"><\/p><h3 class=\"clue-title background-primary foreground-title\">Se siete stati\/e vittime di una truffa sugli investimenti online:<\/h3><p><!-- wp:list --><\/p>\n<ul><!-- wp:list-item -->\n<li>Informate subito la vostra polizia comunale o cantonale e sporgete denuncia!<\/li>\n<p><!-- \/wp:list-item --><\/p>\n<p><!-- wp:list-item --><\/p>\n<li>Informate subito la vostra banca che le transazioni in questione erano fraudolente. Eventualmente, la banca riuscir\u00e0 a bloccare il denaro prima che finisca nelle tasche dei truffatori.<\/li>\n<p><!-- \/wp:list-item --><\/p>\n<p><!-- wp:list-item --><\/p>\n<li>Se qualche tempo dopo siete contattati per telefono o e-mail da un presunto investigatore privato, avvocato o procuratore pubblico, \u00e8 molto probabile che \u00adquesto individuo faccia parte della stessa banda di truffatori. Non trasferite denaro neppure in quel caso.<\/li>\n<p><!-- \/wp:list-item --><\/p><\/ul>\n<p><!-- \/wp:list --><\/p>\n<\/div><\/div><\/div><\/div><\/div><div class=\"default-container content-part\"><div class=\"inner-padding\">\n\n\n\n<h2 class=\"wp-block-heading foreground-primary\">Alcune regole generali<\/h2>\n\n\n\n<ul class=\"wp-block-list\">\n<li>Guadagnare soldi facili senza rischiare perdite \u00e8 un\u2019illusione!<\/li>\n\n\n\n<li>Nessuno rivela \u201cle dritte da insider\u201d pubblicamente in Internet. Chi lo fa \u00e8 perch\u00e9 in realt\u00e0 non ne ha.<\/li>\n\n\n\n<li>Nessuno condivide strategie d\u2019investimento promettenti con perfetti sconosciuti. D\u2019altronde, perch\u00e9 dovrebbe?<\/li>\n\n\n\n<li>I consigli d\u2019investimento pubblicizzati da personalit\u00e0 di spicco sono quasi sempre fasulli e servono solo da esca. Di solito, queste celebrit\u00e0 non sanno neppure che la loro immagine \u00e8\u00a0utilizzata a questo fine.<\/li>\n\n\n\n<li>Non affidate mai il vostro denaro a qualcuno che conoscete solo virtualmente.<\/li>\n\n\n\n<li>Non permettete mai a qualcuno che conoscete solo virtualmente di accedere da remoto al vostro computer (utilizzando software di manutenzione remota come TeamViewer, Anydesk, Supremo, ecc.)<\/li>\n\n\n\n<li>\u00abNon buttate soldi dalla finestra!\u00bb, ossia non tentate di \u00adrecuperare i vostri soldi iniettando nuovi fondi. Non funziona!<\/li>\n<\/ul>\n\n\n\n<\/div><\/div><div class=\"full content-part post-name-rendimenti-da-sogno-no-perdite-da-incubo  post-type-download\"><div class=\"inner-padding\"><p class=\"featured-image download hide-on-mobile\"><a href=\"https:\/\/www.skppsc.ch\/it\/wp-content\/uploads\/sites\/7\/2021\/03\/truffe_investimenti.pdf\" download target=\"_blank\"><img loading=\"lazy\" decoding=\"async\" width=\"640\" height=\"908\" src=\"https:\/\/www.skppsc.ch\/it\/wp-content\/uploads\/sites\/7\/2021\/03\/truffe_investimenti-640x908.jpg\" class=\"attachment-skp-thumbnail-keep-ratio size-skp-thumbnail-keep-ratio wp-post-image\" alt=\"\" srcset=\"https:\/\/www.skppsc.ch\/it\/wp-content\/uploads\/sites\/7\/2021\/03\/truffe_investimenti-640x908.jpg 640w, https:\/\/www.skppsc.ch\/it\/wp-content\/uploads\/sites\/7\/2021\/03\/truffe_investimenti-211x300.jpg 211w, https:\/\/www.skppsc.ch\/it\/wp-content\/uploads\/sites\/7\/2021\/03\/truffe_investimenti-768x1090.jpg 768w, https:\/\/www.skppsc.ch\/it\/wp-content\/uploads\/sites\/7\/2021\/03\/truffe_investimenti.jpg 800w\" sizes=\"auto, (max-width: 640px) 100vw, 640px\"><\/a><\/p><div class=\"remaining-content\"><h2 class=\"sub-content-title  foreground-primary foreground-primary\">Rendimenti da sogno? No, perdite da incubo!<\/h2><h3 class=\"sub-content-subtitle \">Tutto ci\u00f2 che dovreste sapere sulle truffe sugli investimenti online<\/h3><p>Sempre pi\u00f9 spesso, i truffatori e le truffatrici pubblicizzano nuove forme d\u2019investimento apparentemente lucrative sulle loro presunte piattaforme d\u2019investimenti o sui loro siti di trading online. Ma chi investe su questi siti, ha solo da perderci!<\/p>\n<p>L\u2019opuscolo spiega in modo comprensibile come avvengono tipicamente le truffe sugli investimenti online, come ci si dovrebbe informare prima di investire per esempio in criptovalute e cosa si dovrebbe fare se si \u00e8 gi\u00e0 perso denaro investendo su questi siti falsi. L\u2019opuscolo contiene inoltre consigli generali su come capire per tempo se un\u2019offerta \u00e8 seria o molto probabilmente fraudolenta.<\/p>\n<p>L\u2019opuscolo \u00e8 stato prodotto grazie al prezioso contributo di EBAS (\u201ceBanking \u2013 ma sicuro!\u201d).<br>(L\u2019opuscolo \u00e8 inoltre disponibile in <a href=\"https:\/\/www.skppsc.ch\/it\/download\/fantastic-returns-are-pure-fantasy\/\">inglese<\/a>.)<\/p>\n<p><a href=\"https:\/\/www.skppsc.ch\/it\/temi\/internet\/truffe-sugli-investimenti-online\/\">\u2192 Temi Truffe sugli investimenti online<\/a><\/p>\n<p><!-- wp:file {\"id\":2283,\"href\":\"https:\/\/www.skppsc.ch\/it\/wp-content\/uploads\/sites\/7\/2021\/03\/truffe_investimenti.pdf\"} --><\/p>\n<div class=\"wp-block-file\"><\/div>\n<p><!-- \/wp:file --><\/p>\n<p><!-- wp:paragraph --><\/p>\n<p><!-- \/wp:paragraph --><\/p>\n<p class=\"featured-image download mobile-only\"><a href=\"https:\/\/www.skppsc.ch\/it\/wp-content\/uploads\/sites\/7\/2021\/03\/truffe_investimenti.pdf\" download target=\"_blank\"><img loading=\"lazy\" decoding=\"async\" width=\"640\" height=\"908\" src=\"https:\/\/www.skppsc.ch\/it\/wp-content\/uploads\/sites\/7\/2021\/03\/truffe_investimenti-640x908.jpg\" class=\"attachment-skp-thumbnail-keep-ratio size-skp-thumbnail-keep-ratio wp-post-image\" alt=\"\" srcset=\"https:\/\/www.skppsc.ch\/it\/wp-content\/uploads\/sites\/7\/2021\/03\/truffe_investimenti-640x908.jpg 640w, https:\/\/www.skppsc.ch\/it\/wp-content\/uploads\/sites\/7\/2021\/03\/truffe_investimenti-211x300.jpg 211w, https:\/\/www.skppsc.ch\/it\/wp-content\/uploads\/sites\/7\/2021\/03\/truffe_investimenti-768x1090.jpg 768w, https:\/\/www.skppsc.ch\/it\/wp-content\/uploads\/sites\/7\/2021\/03\/truffe_investimenti.jpg 800w\" sizes=\"auto, (max-width: 640px) 100vw, 640px\"><\/a><\/p><div class=\"download-bottom-actions \"><a href=\"https:\/\/www.skppsc.ch\/it\/wp-content\/uploads\/sites\/7\/2021\/03\/truffe_investimenti.pdf\" download target=\"_blank\" class=\"large skp-icon skp-download-pdf download-icon \" title=\"\"><span class=\"link-text\"><\/span><\/a><u-add-to-cart :options='[{\"id\":2438,\"title\":\"Rendite genial? Verlust total!\",\"byline\":\"Faltblatt A5, 8 Seiten, 2025\",\"lang\":\"de\",\"siteId\":2,\"cartHash\":\"lt6\",\"amount\":0,\"max\":\"9999\",\"articleNumber\":\"10072\"},{\"id\":1527,\"title\":\"Rendements de r\\u00eave\\u00a0? Gare au r\\u00e9veil\\u00a0!\",\"byline\":\"D\\u00e9pliant, A5, 8 pages, 2025\",\"lang\":\"fr\",\"siteId\":5,\"cartHash\":\"1ia7\",\"amount\":0,\"max\":\"9999\",\"articleNumber\":\"20072\"},{\"id\":1426,\"title\":\"Rendimenti da sogno? No, perdite da incubo!\",\"byline\":\"Pieghevole, A5, 8 pagine, 2025\",\"lang\":\"it\",\"siteId\":7,\"cartHash\":\"25o2\",\"amount\":0,\"max\":\"9999\",\"articleNumber\":\"30072\"}]' :is-logged-in=\"false\" login-url=\"https:\/\/www.skppsc.ch\/it\/wp-login.php?redirect_to=https%3A%2F%2Fwww.skppsc.ch%2Fit%2Fwp-json%2Fwp%2Fv2%2Fpages%2F1913%3Fpr%3D25o2%2325o2\" police-url=\"https:\/\/www.skppsc.ch\/it\/contatto-polizia\/\" :initially-opened=\"false\"><\/u-add-to-cart><\/div><\/div><\/div><\/div><div class=\"default-container content-part\"><div class=\"inner-padding\">\n\n\n<\/div><\/div><\/body><\/html>","protected":false},"excerpt":{"rendered":"<p>In questo periodo d\u2019incertezza generale dell\u2019economia e del mercato borsistico \u00e8 diventato difficile sia mettere al sicuro il proprio patrimonio, sia farlo fruttare. Per questo motivo, molti investitori sono sempre pi\u00f9 spesso alla ricerca di <strong>forme d\u2019investimento innovative e stabili<\/strong> (oro, immobili o altro) che promettono alti rendimenti anche in tempi di crisi: un esempio sono le <strong>criptovalute.<\/strong> Questa situazione \u00e8 prontamente sfruttata dai truffatori che, spacciandosi per fornitori di servizi finanziari all\u2019avanguardia, spingono le loro vittime a investire in strumenti dai presunti lauti guadagni. In realt\u00e0 questi investimenti si tramutano poi in perdite nette. Tale pratica \u00e8 chiamata <strong>truffa sugli investimenti online<\/strong> (dall\u2019inglese \u201cinvestment fraud\u201d). Nei paragrafi seguenti potrete scoprire come operano i truffatori e riconoscere cos\u00ec i meccanismi di questo tipo di truffa.<\/p>\n","protected":false},"author":349,"featured_media":1917,"parent":138,"menu_order":0,"comment_status":"closed","ping_status":"closed","template":"","meta":{"showSharingButtons":false,"skp-theme-color":"fourteen","_subtitle":"","alternative_title":"","seoDescription":"","seoKeywords":"","seoTitle":"","featuredVideoEmbedCode":"","featuredYoutubeVideoId":"","notes":"","redirectToPostId":0,"skp-further-information":"<p><a rel=\"noreferrer noopener\" href=\"https:\/\/www.ebas.ch\/it\/investment-fraud\/\" target=\"_blank\">\u00abeBanking \u2013 ma sicuro!\u00bb Investment Fraud<\/a><\/p>","hideTile":false,"pageType":"","editor_notices":[],"footnotes":""},"topic":[4,5,89],"class_list":["post-1913","page","type-page","status-publish","has-post-thumbnail","hentry","topic-internet","topic-truffa","topic-truffa-sugli-investimenti-online"],"aioseo_notices":[],"_links":{"self":[{"href":"https:\/\/www.skppsc.ch\/it\/wp-json\/wp\/v2\/pages\/1913","targetHints":{"allow":["GET"]}}],"collection":[{"href":"https:\/\/www.skppsc.ch\/it\/wp-json\/wp\/v2\/pages"}],"about":[{"href":"https:\/\/www.skppsc.ch\/it\/wp-json\/wp\/v2\/types\/page"}],"author":[{"embeddable":true,"href":"https:\/\/www.skppsc.ch\/it\/wp-json\/wp\/v2\/users\/349"}],"replies":[{"embeddable":true,"href":"https:\/\/www.skppsc.ch\/it\/wp-json\/wp\/v2\/comments?post=1913"}],"version-history":[{"count":0,"href":"https:\/\/www.skppsc.ch\/it\/wp-json\/wp\/v2\/pages\/1913\/revisions"}],"up":[{"embeddable":true,"href":"https:\/\/www.skppsc.ch\/it\/wp-json\/wp\/v2\/pages\/138"}],"wp:featuredmedia":[{"embeddable":true,"href":"https:\/\/www.skppsc.ch\/it\/wp-json\/wp\/v2\/media\/1917"}],"wp:attachment":[{"href":"https:\/\/www.skppsc.ch\/it\/wp-json\/wp\/v2\/media?parent=1913"}],"wp:term":[{"taxonomy":"topic","embeddable":true,"href":"https:\/\/www.skppsc.ch\/it\/wp-json\/wp\/v2\/topic?post=1913"}],"curies":[{"name":"wp","href":"https:\/\/api.w.org\/{rel}","templated":true}]}}