{"id":1979,"date":"2024-04-30T08:28:39","date_gmt":"2024-04-30T06:28:39","guid":{"rendered":"https:\/\/www.skppsc.ch\/it\/?page_id=1979"},"modified":"2026-05-01T12:25:24","modified_gmt":"2026-05-01T10:25:24","slug":"tutto-bene","status":"publish","type":"page","link":"https:\/\/www.skppsc.ch\/it\/progetti\/tutto-bene\/","title":{"rendered":"Andare a divertirsi, fare festa\u2026"},"content":{"rendered":"<html><body><div class=\"default-container content-part\"><div class=\"inner-padding\">\n<p>Purtroppo, per\u00f2, in quest\u2019ambito si verificano ripetutamente comportamenti che oltrepassano i limiti, insulti, molestie e minacce, ma anche risse e persino reati gravi come violenze carnali e accoltellamenti. \u00c8 qui che vogliamo intervenire e adottare contromisure.<\/p>\n\n\n\n<p>Con la campagna <strong>\u201cTutto bene?\u201d,<\/strong> vogliamo fornire il nostro contributo affinch\u00e9 ogni serata di divertimenti e bagordi <strong>finisca bene,<\/strong> senza incidenti e situazioni incresciose!<\/p>\n\n\n\n<p>Ci rivolgiamo a <strong>tutti<\/strong> coloro che partecipano alla vita notturna, ossia potenziali <strong>autori e autrici di reati, vittime, terzi e testimoni.<\/strong><\/p>\n\n\n\n<\/div><\/div><div class=\"default-container clues content-part children-count-3 children-count-odd\"><div class=\"inner-padding\"><a id=\"tips\"><\/a><h2 class=\"subcontent-main-title foreground-primary foreground-primary\">Cosa posso fare?<\/h2><div class=\"clues-inner-table clues-count-odd\"><div class=\"clue-item clues-count-odd clues-count-3 background-faded\"><div class=\"clue you-better-think\"><p class=\"clue-image\"><img loading=\"lazy\" decoding=\"async\" width=\"640\" height=\"320\" src=\"https:\/\/www.skppsc.ch\/it\/wp-content\/uploads\/sites\/7\/2024\/04\/tipp_think-640x320.jpg\" class=\"attachment-skp-thumbnail-force-ratio size-skp-thumbnail-force-ratio wp-post-image\" alt=\"\" srcset=\"https:\/\/www.skppsc.ch\/it\/wp-content\/uploads\/sites\/7\/2024\/04\/tipp_think-640x320.jpg 640w, https:\/\/www.skppsc.ch\/it\/wp-content\/uploads\/sites\/7\/2024\/04\/tipp_think-300x150.jpg 300w, https:\/\/www.skppsc.ch\/it\/wp-content\/uploads\/sites\/7\/2024\/04\/tipp_think-768x384.jpg 768w, https:\/\/www.skppsc.ch\/it\/wp-content\/uploads\/sites\/7\/2024\/04\/tipp_think.jpg 800w\" sizes=\"auto, (max-width: 640px) 100vw, 640px\"><\/p><h3 class=\"clue-title background-primary foreground-title\">You better THINK!<\/h3><p><!-- wp:paragraph --><\/p>\n<p>Significa: \u201cRifletti!\u201d. In altre parole, evita di ubriacarti e cerca di avere sempre la \u201ctesta sulle spalle\u201d, in qualsiasi situazione.<\/p>\n<p><!-- \/wp:paragraph --><\/p>\n<p><!-- wp:list --><\/p>\n<ul><!-- wp:list-item -->\n<li><strong>Conosci i tuoi limiti quando consumi bevande alcoliche e evita le droghe. <\/strong><br>Il consumo di alcol e droghe modifica il tuo comportamento e le tue reazioni. Abbassa da un lato la tua soglia d\u2019inibizione, favorendo cos\u00ec comportamenti inappropriati, e dall\u2019altro la tua capacit\u00e0 di difenderti.<\/li>\n<p><!-- \/wp:list-item --><\/p>\n<p><!-- wp:list-item --><\/p>\n<li><strong>Mantieni il controllo. <\/strong><br>Regola generale: tieni sotto controllo il tuo comportamento in ogni situazione.<\/li>\n<p><!-- \/wp:list-item --><\/p>\n<p><!-- wp:list-item --><\/p>\n<li><strong>Non lasciare la tua bibita incustodita. <\/strong><br>Tieni d\u2019occhio la tua bevanda per evitare che qualcuno vi aggiunga, a tua insaputa, una sostanza che inibisce la volont\u00e0. Si tratta principalmente di sostanze come le gocce KO, ma anche altre sostanze.<\/li>\n<p><!-- \/wp:list-item --><\/p>\n<p><!-- wp:list-item --><\/p>\n<li><strong>Non reagire alle provocazioni. <\/strong><br>Se ti provocano, lascia perdere, indipendentemente dal tuo ruolo. \u00c8 meglio desistere se non riesci a trovare una soluzione attraverso il dialogo.<\/li>\n<p><!-- \/wp:list-item --><\/p>\n<p><!-- wp:list-item --><\/p>\n<li><strong>Rispetta i limiti altrui. <\/strong><br>Ogni persona ha i propri limiti. Se non sei sicuro\/a, accertati di avere l\u2019assenso o il permesso dell\u2019altra persona.<\/li>\n<p><!-- \/wp:list-item --><\/p><\/ul>\n<p><!-- \/wp:list --><\/p>\n<\/div><\/div><div class=\"clue-item clues-count-odd clues-count-3 background-faded\"><div class=\"clue stay-together\"><p class=\"clue-image\"><img loading=\"lazy\" decoding=\"async\" width=\"640\" height=\"320\" src=\"https:\/\/www.skppsc.ch\/it\/wp-content\/uploads\/sites\/7\/2024\/04\/tipp_stay-640x320.jpg\" class=\"attachment-skp-thumbnail-force-ratio size-skp-thumbnail-force-ratio wp-post-image\" alt=\"\" srcset=\"https:\/\/www.skppsc.ch\/it\/wp-content\/uploads\/sites\/7\/2024\/04\/tipp_stay-640x320.jpg 640w, https:\/\/www.skppsc.ch\/it\/wp-content\/uploads\/sites\/7\/2024\/04\/tipp_stay-300x150.jpg 300w, https:\/\/www.skppsc.ch\/it\/wp-content\/uploads\/sites\/7\/2024\/04\/tipp_stay-768x384.jpg 768w, https:\/\/www.skppsc.ch\/it\/wp-content\/uploads\/sites\/7\/2024\/04\/tipp_stay.jpg 800w\" sizes=\"auto, (max-width: 640px) 100vw, 640px\"><\/p><h3 class=\"clue-title background-primary foreground-title\">STAY together!<\/h3><p><!-- wp:paragraph --><\/p>\n<p>Significa: \u201cRimanete insieme!\u201d. In altre parole prendetevi cura l\u2019uno dell\u2019altro quando siete in giro in due o in gruppo.<\/p>\n<p><!-- \/wp:paragraph --><\/p>\n<p><!-- wp:list --><\/p>\n<ul><!-- wp:list-item -->\n<li><strong>Tenete d\u2019occhio reciprocamente le vostre bevande. <\/strong><br>Non lasciate le vostre bibite incustodite per evitare che qualcuno vi aggiunga, a vostra insaputa, una sostanza che inibisce la volont\u00e0. Si tratta principalmente di sostanze come le gocce KO, ma anche altre sostanze.<\/li>\n<p><!-- \/wp:list-item --><\/p>\n<p><!-- wp:list-item --><\/p>\n<li><strong>Prendetevi cura dei vostri amici e delle vostre amiche. <\/strong><br>Assicuratevi che nessuno di voi si metta nei guai con estranei. Sostenetevi a vicenda e prendete insieme le decisioni.<\/li>\n<p><!-- \/wp:list-item --><\/p>\n<p><!-- wp:list-item --><\/p>\n<li><strong>Non lasciate nessuno da solo quando partite. <\/strong><br>Se volete andarvene, non abbandonate nessuno del gruppo, soprattutto se qualcuno ha alzato troppo il gomito.<\/li>\n<p><!-- \/wp:list-item --><\/p>\n<p><!-- wp:list-item --><\/p>\n<li><strong>Organizzatevi prima per il rientro a casa. <\/strong><br>Pensate a come tornerete a casa gi\u00e0 prima di iniziare la serata, se con i mezzi pubblici o in taxi, per evitare di lasciare improvvisamente qualcuno indietro.<\/li>\n<p><!-- \/wp:list-item --><\/p><\/ul>\n<p><!-- \/wp:list --><\/p>\n<\/div><\/div><div class=\"clue-item clues-count-odd clues-count-3 background-faded\"><div class=\"clue help-if-you-can\"><p class=\"clue-image\"><img loading=\"lazy\" decoding=\"async\" width=\"640\" height=\"320\" src=\"https:\/\/www.skppsc.ch\/it\/wp-content\/uploads\/sites\/7\/2024\/04\/tipp_help-640x320.jpg\" class=\"attachment-skp-thumbnail-force-ratio size-skp-thumbnail-force-ratio wp-post-image\" alt=\"\" srcset=\"https:\/\/www.skppsc.ch\/it\/wp-content\/uploads\/sites\/7\/2024\/04\/tipp_help-640x320.jpg 640w, https:\/\/www.skppsc.ch\/it\/wp-content\/uploads\/sites\/7\/2024\/04\/tipp_help-300x150.jpg 300w, https:\/\/www.skppsc.ch\/it\/wp-content\/uploads\/sites\/7\/2024\/04\/tipp_help-768x384.jpg 768w, https:\/\/www.skppsc.ch\/it\/wp-content\/uploads\/sites\/7\/2024\/04\/tipp_help.jpg 800w\" sizes=\"auto, (max-width: 640px) 100vw, 640px\"><\/p><h3 class=\"clue-title background-primary foreground-title\">HELP if you can!<\/h3><p><!-- wp:paragraph --><\/p>\n<p>Significa: \u201cAiuta se puoi!\u201d. Ma non vuol dire: \u201cAiuta, anche a rischio di metterti in pericolo!\u201d. Intervieni solo se non corri alcun rischio. \u00c8 questione di coraggio civile.<\/p>\n<p><!-- \/wp:paragraph --><\/p>\n<p><!-- wp:list --><\/p>\n<ul><!-- wp:list-item -->\n<li><strong>Se qualcuno \u00e8 molestato o si trova in difficolt\u00e0, osserva cosa succede e aiutalo.<\/strong><br>Prenditi cura della vittima, prestale eventualmente i primi soccorsi e dille che la sostieni.<\/li>\n<p><!-- \/wp:list-item --><\/p>\n<p><!-- wp:list-item --><\/p>\n<li><strong>Attira l\u2019attenzione del tuo gruppo e informalo della situazione. <\/strong><br>Insieme potete decidere rapidamente come aiutare.<\/li>\n<p><!-- \/wp:list-item --><\/p>\n<p><!-- wp:list-item --><\/p>\n<li><strong>Rivolgiti al personale. <\/strong><br>Se non sei sicuro\/a di aver valutato correttamente la pericolosit\u00e0 di una situazione, chiedi aiuto al personale.<\/li>\n<p><!-- \/wp:list-item --><\/p>\n<p><!-- wp:list-item --><\/p>\n<li><strong>Se la situazione si fa pericolosa, chiama la Polizia al 117. <\/strong><br>Se il conflitto rischia di degenerare o se si sono gi\u00e0 verificai atti di violenza, chiama subito la Polizia!<\/li>\n<p><!-- \/wp:list-item --><\/p><\/ul>\n<p><!-- \/wp:list --><\/p>\n<\/div><\/div><\/div><\/div><\/div><div class=\"default-container content-part\"><div class=\"inner-padding\">\n\n\n\n<h2 class=\"wp-block-heading foreground-primary\">Vittime e autori o autrici di reati<\/h2>\n\n\n\n<p>Una nota importante sui suggerimenti illustrati qui sopra.<strong> L\u2019unico responsabile di un reato \u00e8 sempre chi lo commette. La vittima non ha alcuna colpa.<\/strong> In altre parole, anche se qualcuno non tiene d\u2019occhio il proprio bicchiere per tutta la sera, nessuno ha il diritto di aggiungerci qualcosa. E anche se qualcuno \u00e8 cos\u00ec ubriaco da riuscire a malapena a stare in piedi, nessuno ha il diritto di rubargli il portafoglio. I nostri consigli sono stati pensati per<strong> rendere tutti consapevoli dei pericoli <\/strong>presenti nella vita notturna. Non garantiscono un\u2019uscita o una serata senza problemi. Se viene commesso un reato, quest\u2019ultimo sar\u00e0 giudicato ai sensi del Codice Penale (CP) e pu\u00f2 comportare serie conseguenze legali.<\/p>\n\n\n\n<\/div><\/div><div class=\"default-container content-part replaced-hr\"><div class=\"inner-padding\">\n\n\n\n<h2 class=\"wp-block-heading foreground-primary\">In caso d\u2019emergenza<\/h2>\n\n\n\n<p>In caso d\u2019emergenza e\/o in caso di dubbio, chiama il 117 e descrivi <strong>cosa \u00e8 successo, quando, dove e come.<\/strong> Pi\u00f9 dettagli fornisci sull\u2019autore o l\u2019autrice di un reato, meglio \u00e8.<\/p>\n\n\n\n<p>Se sei vittima di un reato, sporgi subito denuncia in polizia. Se hai assistito a un reato, mettiti a disposizione come testimone.<\/p>\n\n\n\n<\/div><\/div><div class=\"default-container content-part replaced-hr\"><div class=\"inner-padding\">\n\n\n\n<h2 class=\"wp-block-heading foreground-primary\">Maggiori informazioni<\/h2>\n\n\n\n<p>Se sei stato\/a vittima di un reato sessuale o di un atto di violenza, i <a href=\"https:\/\/www.opferhilfe-schweiz.ch\/it\/\" target=\"_blank\" rel=\"noreferrer noopener\">consultori dell\u2019Aiuto alle vittime<\/a> (<a href=\"tel:+41142\">Tel. 142<\/a>) ti assisteranno anche in materia di cure mediche, consulenza legale, supporto terapeutico e aiuto materiale. Ti puoi rivolgere liberamente al <a href=\"https:\/\/www4.ti.ch\/dss\/dasf\/temi\/aiuto-e-protezione\/aiuto-alle-vittime\/aiuto-alle-vittime-di-reati\/vittima-ai-sensi-della-lav\" target=\"_blank\" rel=\"noreferrer noopener\">Servizio per l\u2019aiuto alle vittime di reati<\/a> sul numero 0800 866 866.<\/p>\n\n\n\n<p>Se sei stato\/a vittima di un reato sessuale e non sai ancora se vuoi sporgere denuncia, recati comunque al pi\u00f9 presto in ospedale per sottoporti ad un esame medico-legale in modo da poter raccogliere delle prove.<\/p>\n\n\n\n<p>In Ticino non esiste un centro di competenza in questo settore. Ti consigliamo quindi vivamente di recarti nell\u2019ospedale pi\u00f9 vicino per sottoporti all\u2019esame medico-legale previsto in questi casi. Puoi trovare ulteriori informazioni in materia anche nei siti dei centri ospedalieri seguenti:<\/p>\n\n\n\n<ul class=\"wp-block-list\">\n<li><a rel=\"noreferrer noopener\" href=\"https:\/\/www.curml.ch\/prestations-de-lunite-de-medecine-des-violences-umv\" target=\"_blank\">Unit\u00e0 di medicina delle violenze del CURML<\/a> (Centre Universitaire Romand de M\u00e9decine l\u00e9gale)<\/li>\n\n\n\n<li><a href=\"https:\/\/www.hug.ch\/gynecologie\/urgences-gyneco-obstetricales\" target=\"_blank\" rel=\"noreferrer noopener\">Emergenze gineco-ostetriche degli HUG di Ginevra<\/a> (Urgences gyn\u00e9co-obst\u00e9tricales des HUG de Gen\u00e8ve)<\/li>\n\n\n\n<li><a rel=\"noreferrer noopener\" href=\"https:\/\/www.unispital-basel.ch\/frauenklinik\/angebot#sexuellermissbrauch\" target=\"_blank\">Clinica di ginecologia e ostetricia di Basilea<\/a><\/li>\n\n\n\n<li><a rel=\"noreferrer noopener\" href=\"https:\/\/frauenheilkunde.insel.ch\/fr\/nos-prestations\/gynecologie\/centre-de-sante-sexuelle\/violence-sexuelle-a-lencontre-des-femmes\" target=\"_blank\">Clinica di ginecologia e ostetricia di Berna<\/a><\/li>\n\n\n\n<li><a rel=\"noreferrer noopener\" href=\"https:\/\/www.usz.ch\/fachbereich\/gynaekologie\/angebot\/soforthilfe-nach-sexueller-gewalt\/\" target=\"_blank\">Clinica di ginecologia di Zurigo<\/a><\/li>\n<\/ul>\n\n\n\n<\/div><\/div><div class=\"full content-part image-wrapper image-1996\"><img width=\"2560\" height=\"1280\" src=\"https:\/\/www.skppsc.ch\/it\/wp-content\/uploads\/sites\/7\/2024\/04\/gut_ausgegangen2-2560x1280.jpg\" class=\"attachment-skp-large-force-ratio size-skp-large-force-ratio\" alt=\"\" srcset=\"https:\/\/www.skppsc.ch\/it\/wp-content\/uploads\/sites\/7\/2024\/04\/gut_ausgegangen2-2560x1280.jpg 2560w, https:\/\/www.skppsc.ch\/it\/wp-content\/uploads\/sites\/7\/2024\/04\/gut_ausgegangen2-300x150.jpg 300w, https:\/\/www.skppsc.ch\/it\/wp-content\/uploads\/sites\/7\/2024\/04\/gut_ausgegangen2-1024x512.jpg 1024w, https:\/\/www.skppsc.ch\/it\/wp-content\/uploads\/sites\/7\/2024\/04\/gut_ausgegangen2-768x384.jpg 768w, https:\/\/www.skppsc.ch\/it\/wp-content\/uploads\/sites\/7\/2024\/04\/gut_ausgegangen2-1536x768.jpg 1536w, https:\/\/www.skppsc.ch\/it\/wp-content\/uploads\/sites\/7\/2024\/04\/gut_ausgegangen2-2048x1024.jpg 2048w, https:\/\/www.skppsc.ch\/it\/wp-content\/uploads\/sites\/7\/2024\/04\/gut_ausgegangen2-640x320.jpg 640w, https:\/\/www.skppsc.ch\/it\/wp-content\/uploads\/sites\/7\/2024\/04\/gut_ausgegangen2-1280x640.jpg 1280w\" sizes=\"(max-width: 2560px) 100vw, 2560px\"><\/div><div class=\"default-container content-part\"><div class=\"inner-padding\">\n<\/div><\/div><\/body><\/html>","protected":false},"excerpt":{"rendered":"<p>&#8230;ballare, bere, spassarsela, in discoteca e nei bar, ai festival e negli eventi privati. Giovani e <strong>vita notturna elettrizzante<\/strong> sono un binomio inscindibile!<\/p>\n","protected":false},"author":349,"featured_media":1999,"parent":23,"menu_order":0,"comment_status":"closed","ping_status":"closed","template":"","meta":{"showSharingButtons":false,"skp-theme-color":"five","_subtitle":"","alternative_title":"","seoDescription":"","seoKeywords":"","seoTitle":"","featuredVideoEmbedCode":"","featuredYoutubeVideoId":"","notes":"","redirectToPostId":0,"skp-further-information":"","hideTile":false,"pageType":"","editor_notices":[],"footnotes":""},"topic":[],"class_list":["post-1979","page","type-page","status-publish","has-post-thumbnail","hentry"],"aioseo_notices":[],"_links":{"self":[{"href":"https:\/\/www.skppsc.ch\/it\/wp-json\/wp\/v2\/pages\/1979","targetHints":{"allow":["GET"]}}],"collection":[{"href":"https:\/\/www.skppsc.ch\/it\/wp-json\/wp\/v2\/pages"}],"about":[{"href":"https:\/\/www.skppsc.ch\/it\/wp-json\/wp\/v2\/types\/page"}],"author":[{"embeddable":true,"href":"https:\/\/www.skppsc.ch\/it\/wp-json\/wp\/v2\/users\/349"}],"replies":[{"embeddable":true,"href":"https:\/\/www.skppsc.ch\/it\/wp-json\/wp\/v2\/comments?post=1979"}],"version-history":[{"count":0,"href":"https:\/\/www.skppsc.ch\/it\/wp-json\/wp\/v2\/pages\/1979\/revisions"}],"up":[{"embeddable":true,"href":"https:\/\/www.skppsc.ch\/it\/wp-json\/wp\/v2\/pages\/23"}],"wp:featuredmedia":[{"embeddable":true,"href":"https:\/\/www.skppsc.ch\/it\/wp-json\/wp\/v2\/media\/1999"}],"wp:attachment":[{"href":"https:\/\/www.skppsc.ch\/it\/wp-json\/wp\/v2\/media?parent=1979"}],"wp:term":[{"taxonomy":"topic","embeddable":true,"href":"https:\/\/www.skppsc.ch\/it\/wp-json\/wp\/v2\/topic?post=1979"}],"curies":[{"name":"wp","href":"https:\/\/api.w.org\/{rel}","templated":true}]}}