{"id":2251,"date":"2025-05-20T15:02:22","date_gmt":"2025-05-20T13:02:22","guid":{"rendered":"https:\/\/www.skppsc.ch\/it\/?page_id=2251"},"modified":"2025-06-19T13:37:01","modified_gmt":"2025-06-19T11:37:01","slug":"incitamento-allodio-crimini-dodio","status":"publish","type":"page","link":"https:\/\/www.skppsc.ch\/it\/temi\/violenza\/incitamento-allodio-crimini-dodio\/","title":{"rendered":"Incitamento all\u2019odio \/ crimini d\u2019odio"},"content":{"rendered":"<html><body><div class=\"default-container content-part\"><div class=\"inner-padding\"><p class=\"post-excerpt\">L\u2019incitamento all\u2019odio e i crimini d\u2019odio feriscono non solo una persona specifica, bens\u00ec anche interi gruppi di individui a cui si inviano <strong>messaggi d\u2019odio<\/strong>. Tutti noi possiamo essere vittime di un simile attacco, perch\u00e9 facciamo tutti parte di determinati gruppi.<\/p>\n\n\n<\/div><\/div><div class=\"default-container content-part replaced-hr\"><div class=\"inner-padding\">\n\n\n\n<h2 class=\"wp-block-heading foreground-primary\">Definizione<\/h2>\n\n\n\n<p>Per <strong>incitamento all\u2019odio<\/strong> si intendono espressioni di ogni genere rivolte contro una singola persona o un gruppo allo scopo di offendere, insultare, sminuire, denigrare, diffamare, ridicolizzare, disprezzare. In poche parole: discriminare.<\/p>\n\n\n\n<p>Il <strong>crimine d\u2019odio<\/strong> \u00e8 un reato penale basato sul pregiudizio nei confronti di determinati gruppi di persone. Devono quindi essere date le condizioni seguenti: un pregiudizio (\u201codio\u201d) e un reato penale (\u201ccrimine\u201d).<\/p>\n\n\n\n<\/div><\/div><div class=\"default-container content-part replaced-hr\"><div class=\"inner-padding\">\n\n\n\n<h2 class=\"wp-block-heading foreground-primary\">Fenomeno e tipiche caratteristiche<\/h2>\n\n\n\n<p>Le vittime d\u2019incitamento all\u2019odio e di crimini d\u2019odio sono scelte in base alla loro (attribuita) appartenenza ad un gruppo. <strong>Sono particolarmente bersaglio di odio le minoranze e i gruppi emarginati. <\/strong>Secondo le conoscenze scientifiche, le caratteristiche oggetto di tali attacchi sono prevalentemente l\u2019origine, la lingua, la nazionalit\u00e0, il sesso, l\u2019orientamento sessuale, le convinzioni politiche, religiose o di altro tipo e l\u2019aspetto fisico<\/p>\n\n\n\n<p>Le autrici e gli autori d\u2019incitamento all\u2019odio e di crimini d\u2019odio scelgono la vittima da prendere di mira sulla base di un pregiudizio. I pregiudizi non sono innati, bens\u00ec vengono \u201cacquisiti\u201d fin dall\u2019infanzia e dall\u2019adolescenza. A svolgere un ruolo importante in quest\u2019ambito sono anche la propria appartenenza ad un gruppo, le disuguaglianze reali o percepite, l\u2019influenza dei media, ecc.<\/p>\n\n\n\n<p>Un aspetto particolare legato all\u2019incitamento all\u2019odio \u00e8 il <a href=\"https:\/\/www.skppsc.ch\/de\/themen\/internet\/cybermobbing\/\" target=\"_blank\" rel=\"noreferrer noopener\">cybermobbing<\/a>. Si parla di cybermobbing, se pi\u00f9 autori e\/o autrici importunano, minacciano, assillano o prendono in giro intenzionalmente una persona in Internet o tramite smartphone per un tempo prolungato.<\/p>\n\n\n\n<\/div><\/div><div class=\"full content-part image-wrapper image-2272\"><img width=\"2560\" height=\"1280\" src=\"https:\/\/www.skppsc.ch\/it\/wp-content\/uploads\/sites\/7\/2025\/06\/hate5-2560x1280.jpg\" class=\"attachment-skp-large-force-ratio size-skp-large-force-ratio\" alt=\"\" srcset=\"https:\/\/www.skppsc.ch\/it\/wp-content\/uploads\/sites\/7\/2025\/06\/hate5-2560x1280.jpg 2560w, https:\/\/www.skppsc.ch\/it\/wp-content\/uploads\/sites\/7\/2025\/06\/hate5-300x150.jpg 300w, https:\/\/www.skppsc.ch\/it\/wp-content\/uploads\/sites\/7\/2025\/06\/hate5-1024x512.jpg 1024w, https:\/\/www.skppsc.ch\/it\/wp-content\/uploads\/sites\/7\/2025\/06\/hate5-768x384.jpg 768w, https:\/\/www.skppsc.ch\/it\/wp-content\/uploads\/sites\/7\/2025\/06\/hate5-1536x768.jpg 1536w, https:\/\/www.skppsc.ch\/it\/wp-content\/uploads\/sites\/7\/2025\/06\/hate5-2048x1024.jpg 2048w, https:\/\/www.skppsc.ch\/it\/wp-content\/uploads\/sites\/7\/2025\/06\/hate5-640x320.jpg 640w, https:\/\/www.skppsc.ch\/it\/wp-content\/uploads\/sites\/7\/2025\/06\/hate5-1280x640.jpg 1280w\" sizes=\"(max-width: 2560px) 100vw, 2560px\"><\/div><div class=\"default-container content-part\"><div class=\"inner-padding\">\n\n\n\n<h2 class=\"wp-block-heading foreground-primary\">Situazione giuridica<\/h2>\n\n\n\n<p>L\u2019articolo 261<sup>bis<\/sup> CP tutela, oltre alla tranquillit\u00e0 pubblica, anche la dignit\u00e0 umana e l\u2019uguaglianza di tutte le persone, indipendentemente dalla loro \u201crazza\u201d, etnia, religione o dal loro orientamento sessuale. Sussiste una violazione della dignit\u00e0 umana quando si colpisce una persona o un gruppo nel cuore della propria personalit\u00e0, ossia quando la\/lo si rappresenta come inferiore o le\/gli si nega la qualit\u00e0 di esse re umano o il diritto di vivere.<\/p>\n\n\n\n<p>In base a quanto contemplato dall\u2019art. 261<sup>bis<\/sup> CP, la discriminazione e l\u2019incitamento all\u2019odio sono reati perseguibili d\u2019ufficio. Rientrano in questa fattispecie gli atti di rilevanza penale che devono essere perseguiti dalle autorit\u00e0 preposte (ministero pubblico e polizia) non appena queste ultime ne vengono a conoscenza.<\/p>\n\n\n\n<p>La protezione dalla discriminazione conformemente all\u2019art.\u00a08 della Costituzione federale va ancora oltre e protegge anche le caratteristiche quali il sesso, l\u2019et\u00e0, la lingua, la posizione sociale, il modo di vita, le convinzioni religiose, filosofiche o politiche, o le menomazioni fisiche, mentali o psichiche. Anche se queste caratteristiche non sono protette penalmente dall\u2019articolo 261<sup>bis<\/sup> CP, esse possono essere prese in considerazione dal tribunale nella commisurazione della pena (art.\u00a047 CP), a condizione che i fatti da giudicare costituiscano un atto di rilevanza penale.<\/p>\n\n\n\n<\/div><\/div><div class=\"default-container content-part replaced-hr\"><div class=\"inner-padding\">\n\n\n\n<h2 class=\"wp-block-heading foreground-primary\">Cosa fa la polizia?<\/h2>\n\n\n\n<p>In caso di incitamento all\u2019odio o di crimini d\u2019odio, la polizia pu\u00f2 offrirvi supporto e consigliarvi al momento della ricezione della vostra denuncia. Il modo pi\u00f9 semplice \u00e8 sporgere una denuncia verbale recandovi al posto di polizia pi\u00f9 vicino. Nell\u2019ambito di un colloquio, il caso verr\u00e0 esaminato e sarete consigliati\/e sull\u2019ulteriore iter da seguire.<\/p>\n\n\n\n<p>Dato che molte vittime temono ancora di non essere prese sul serio dalla polizia e di subire ulteriori discriminazioni, spesso i crimini d\u2019odio non vengono affatto denunciati. Per contrastare questi timori, le e gli agenti di polizia vengono istruiti sempre meglio e sensibilizzati costantemente in materia.<\/p>\n\n\n\n<p>La polizia o le autorit\u00e0 istruttorie chiederanno informazioni sull\u2019intera dinamica dei fatti. Si focalizzeranno in particolare sul movente dell\u2019autrice o dell\u2019autore di questo atto. Potrebbero per esempio porre domande del tipo: \u201cSecondo lei, quale potrebbe essere il movente dell\u2019autrice o dell\u2019autore? A suo avviso, qual era il suo obiettivo?\u201d. Se la polizia non dovesse porre domande in tal senso (per esempio perch\u00e9 non viene subito identificata una possibile correlazione), esprimete voi stessi queste riflessioni. La polizia condurr\u00e0 delle indagini. Cercher\u00e0 di stabilire chi ha commesso il reato, come, quando, dove e perch\u00e9, in modo da poter utilizzare queste informazioni in tribunale.<\/p>\n\n\n\n<\/div><\/div><div class=\"full content-part image-wrapper image-2268\"><img width=\"2560\" height=\"1280\" src=\"https:\/\/www.skppsc.ch\/it\/wp-content\/uploads\/sites\/7\/2025\/06\/hate4_1-2560x1280.jpg\" class=\"attachment-skp-large-force-ratio size-skp-large-force-ratio\" alt=\"\" srcset=\"https:\/\/www.skppsc.ch\/it\/wp-content\/uploads\/sites\/7\/2025\/06\/hate4_1-2560x1280.jpg 2560w, https:\/\/www.skppsc.ch\/it\/wp-content\/uploads\/sites\/7\/2025\/06\/hate4_1-300x150.jpg 300w, https:\/\/www.skppsc.ch\/it\/wp-content\/uploads\/sites\/7\/2025\/06\/hate4_1-1024x512.jpg 1024w, https:\/\/www.skppsc.ch\/it\/wp-content\/uploads\/sites\/7\/2025\/06\/hate4_1-768x384.jpg 768w, https:\/\/www.skppsc.ch\/it\/wp-content\/uploads\/sites\/7\/2025\/06\/hate4_1-1536x768.jpg 1536w, https:\/\/www.skppsc.ch\/it\/wp-content\/uploads\/sites\/7\/2025\/06\/hate4_1-2048x1024.jpg 2048w, https:\/\/www.skppsc.ch\/it\/wp-content\/uploads\/sites\/7\/2025\/06\/hate4_1-640x320.jpg 640w, https:\/\/www.skppsc.ch\/it\/wp-content\/uploads\/sites\/7\/2025\/06\/hate4_1-1280x640.jpg 1280w\" sizes=\"(max-width: 2560px) 100vw, 2560px\"><\/div><div class=\"default-container content-part\"><div class=\"inner-padding\">\n\n\n<\/div><\/div><div class=\"default-container clues content-part children-count-3 children-count-odd\"><div class=\"inner-padding\"><a id=\"tips\"><\/a><h2 class=\"subcontent-main-title foreground-primary foreground-primary\">Cosa posso fare?<\/h2><div class=\"clues-inner-table clues-count-odd\"><div class=\"clue-item clues-count-odd clues-count-3 background-faded\"><div class=\"clue consigli-comportamentali-destinati-alle-potenziali-vittime\"><h3 class=\"clue-title background-primary foreground-title\">Consigli comportamentali destinati alle potenziali vittime<\/h3><p><!-- wp:list --><\/p>\n<ul class=\"wp-block-list\"><!-- wp:list-item -->\n<li><strong>Agite! <\/strong>Non tollerate l\u2019incitamento all\u2019odio e i crimini d\u2019odio. Per esempio, in risposta ad un messaggio d\u2019odio, dichiarate o scrivete: \u201cNon sono d\u2019accordo!\u201d.<\/li>\n<p><!-- \/wp:list-item --><\/p>\n<p><!-- wp:list-item --><\/p>\n<li><strong>Raccogliete documenti giustificativi o prove:<\/strong> nella vita reale pu\u00f2 per esempio trattarsi di foto o video (che non diffonderete, ma che consegne rete alla polizia); nel mondo virtuale (online), salvando o facendo degli screenshot.<\/li>\n<p><!-- \/wp:list-item --><\/p>\n<p><!-- wp:list-item --><\/p>\n<li><strong>Utilizzate le funzioni di segnalazione sulle piattaforme online:<\/strong> molti fornitori di social media, diverse organizzazioni indipendenti, impegnate nella protezione delle minoranze, e gruppi d\u2019interesse offrono la possibilit\u00e0 di fare segnalazioni. I commenti inneggianti all\u2019odio non devono essere tollerati.<\/li>\n<p><!-- \/wp:list-item --><\/p>\n<p><!-- wp:list-item --><\/p>\n<li><strong>Proteggetevi<\/strong> quando siete online, grazie alle specifiche impostazioni sulla privacy (troverete informazioni al riguardo in altri opuscoli della PSC sul tema <a href=\"https:\/\/www.skppsc.ch\/it\/temi\/internet\/\" target=\"_blank\" rel=\"noreferrer noopener\">Internet<\/a>).<\/li>\n<p><!-- \/wp:list-item --><\/p><\/ul>\n<p><!-- \/wp:list --><\/p>\n<\/div><\/div><div class=\"clue-item clues-count-odd clues-count-3 background-faded\"><div class=\"clue consigli-comportamentali-destinati-alle-persone-informate-sui-fatti-alle-e-ai-testimoni-o-agli-osservatori-e-alle-osservatrici\"><h3 class=\"clue-title background-primary foreground-title\">Consigli comportamentali destinati alle persone informate sui fatti, alle e ai testimoni o agli osservatori e alle osservatrici<\/h3><p><!-- wp:list --><\/p>\n<ul class=\"wp-block-list\"><!-- wp:list-item -->\n<li>Informatevi e informate gli altri sul tema \u201cincitamento all\u2019odio \/ crimini d\u2019odio\u201d e sulle loro ripercussioni. L\u2019educazione e la sensibilizzazione in materia contribuiscono in modo decisivo alla resilienza sociale contro i crimini d\u2019odio. Questo vale per tutte le fasce d\u2019et\u00e0: bambini, giovani e adulti.<\/li>\n<p><!-- \/wp:list-item --><\/p>\n<p><!-- wp:list-item --><\/p>\n<li>In situazioni di pericolo <strong>non volgete lo sguardo altrove,<\/strong> ma agite in modo adeguato dando prova di coraggio civile. Troverete informazioni al riguardo nell\u2019opuscolo della PSC <a href=\"https:\/\/www.skppsc.ch\/it\/download\/intervenite-opuscolo\/\" target=\"_blank\" rel=\"noreferrer noopener\">\u201cIntervenite! Ecco perch\u00e9 il coraggio civile \u00e8 tanto importante per la nostra societ\u00e0\u201d<\/a>.<\/li>\n<p><!-- \/wp:list-item --><\/p>\n<p><!-- wp:list-item --><\/p>\n<li><strong>Sostenete le vittime, impegnatevi attivamente contro la discriminazione<\/strong> e date prova di solidariet\u00e0. Dichiarate o scrivete per esempio: \u201cNella nostra societ\u00e0 non c\u2019\u00e8 posto per l\u2019odio e la discriminazione!\u201d.<\/li>\n<p><!-- \/wp:list-item --><\/p>\n<p><!-- wp:list-item --><\/p>\n<li><strong>Mettetevi attivamente a disposizione <\/strong>come persone informate sui fatti.<\/li>\n<p><!-- \/wp:list-item --><\/p><\/ul>\n<p><!-- \/wp:list --><\/p>\n<\/div><\/div><div class=\"clue-item clues-count-odd clues-count-3 background-faded\"><div class=\"clue avvertimenti-destinati-a-potenziali-autrici-e-autori-di-questi-atti\"><h3 class=\"clue-title background-primary foreground-title\">Avvertimenti destinati a potenziali autrici e autori di questi atti<\/h3><p><!-- wp:list --><\/p>\n<ul class=\"wp-block-list\"><!-- wp:list-item -->\n<li><strong>Siate consapevoli<\/strong> del fatto che non tutto ci\u00f2 che dite o fate \u00e8 necessariamente legale. Se violate la dignit\u00e0 umana altrui o se la vostra condotta \u00e8 passibile di una pena, non potete semplicemente appellarvi alla libert\u00e0 d\u2019espressione. Anche Internet \u00e8 uno spazio disciplinato dal diritto. La polizia \u00e8 presente anche l\u00ec. Siate consapevoli del fatto che il comportamento online non \u00e8 protetto dall\u2019anonimato.<\/li>\n<p><!-- \/wp:list-item --><\/p>\n<p><!-- wp:list-item --><\/p>\n<li><strong>Evitate di assumere qualsiasi comportamento punibile. <\/strong>Prima di compiere qualsiasi azione, riflettete: \u201cAltri gruppi di persone come potrebbero interpretare questo atto o questo messaggio? Potrei offendere, discriminare, spaventare qualcuno o interi gruppi di persone?\u201d<\/li>\n<p><!-- \/wp:list-item --><\/p>\n<p><!-- wp:list-item --><\/p>\n<li><strong>Se vi rendete conto di aver esagerato, porgete le vostre scuse.<\/strong> Se possibile, cercate di rimediare a quanto \u00e8 accaduto.<\/li>\n<p><!-- \/wp:list-item --><\/p>\n<p><!-- wp:list-item --><\/p>\n<li><strong>Volete proteggere voi stessi dalla possibilit\u00e0 di ricevere messaggi d\u2019odio per non essere tentati di diffonderli?<\/strong> Per la vostra protezione, utilizzate i cosiddetti filtri di protezione dei minori. Questi filtri possono essere attivati come impostazioni di sicurezza su piattaforme di social media, servizi di streaming o console di gioco per limitare l\u2019accesso a contenuti potenzialmente dannosi. In questo modo, vi imbatterete meno spesso in messaggi d\u2019odio.<\/li>\n<p><!-- \/wp:list-item --><\/p><\/ul>\n<p><!-- \/wp:list --><\/p>\n<\/div><\/div><\/div><\/div><\/div><div class=\"default-container content-part\"><div class=\"inner-padding\">\n\n\n<\/div><\/div><div class=\"full content-part post-name-incitamento-allodio-e-crimini-dodio  post-type-download\"><div class=\"inner-padding\"><p class=\"featured-image download hide-on-mobile\"><a href=\"https:\/\/www.skppsc.ch\/it\/wp-content\/uploads\/sites\/7\/2023\/07\/odio_crimini_odio.pdf\" download target=\"_blank\"><img loading=\"lazy\" decoding=\"async\" width=\"640\" height=\"908\" src=\"https:\/\/www.skppsc.ch\/it\/wp-content\/uploads\/sites\/7\/2023\/07\/odio_crimini_odio-640x908.jpg\" class=\"attachment-skp-thumbnail-keep-ratio size-skp-thumbnail-keep-ratio wp-post-image\" alt=\"\" srcset=\"https:\/\/www.skppsc.ch\/it\/wp-content\/uploads\/sites\/7\/2023\/07\/odio_crimini_odio-640x908.jpg 640w, https:\/\/www.skppsc.ch\/it\/wp-content\/uploads\/sites\/7\/2023\/07\/odio_crimini_odio-211x300.jpg 211w, https:\/\/www.skppsc.ch\/it\/wp-content\/uploads\/sites\/7\/2023\/07\/odio_crimini_odio-722x1024.jpg 722w, https:\/\/www.skppsc.ch\/it\/wp-content\/uploads\/sites\/7\/2023\/07\/odio_crimini_odio-768x1090.jpg 768w, https:\/\/www.skppsc.ch\/it\/wp-content\/uploads\/sites\/7\/2023\/07\/odio_crimini_odio.jpg 800w\" sizes=\"auto, (max-width: 640px) 100vw, 640px\"><\/a><\/p><div class=\"remaining-content\"><h2 class=\"sub-content-title  foreground-primary foreground-primary\">Incitamento all\u2019odio \/ crimini d\u2019odio<\/h2><h3 class=\"sub-content-subtitle \">Consigli utili per proteggervi da questi reati.<\/h3><p><!-- wp:paragraph --><\/p>\n<p>L\u2019opuscolo contiene informazioni sul fenomeno e la situazione giuridica e vi sprona a combattere in prima persona l\u2019odio e la discriminazione. Ogni contributo in tal senso \u00e8 importante, perch\u00e9 oggi \u00e8 pi\u00f9 che mai necessario prevenire e contrastare l\u2019incitamento all\u2019odio e i crimini d\u2019odio.<\/p>\n<p><!-- \/wp:paragraph --><\/p>\n<p><!-- wp:file {\"id\":2275,\"href\":\"https:\/\/www.skppsc.ch\/it\/wp-content\/uploads\/sites\/7\/2023\/07\/odio_crimini_odio.pdf\",\"displayPreview\":true} --><\/p>\n\n<p><!-- \/wp:file --><\/p>\n<p class=\"featured-image download mobile-only\"><a href=\"https:\/\/www.skppsc.ch\/it\/wp-content\/uploads\/sites\/7\/2023\/07\/odio_crimini_odio.pdf\" download target=\"_blank\"><img loading=\"lazy\" decoding=\"async\" width=\"640\" height=\"908\" src=\"https:\/\/www.skppsc.ch\/it\/wp-content\/uploads\/sites\/7\/2023\/07\/odio_crimini_odio-640x908.jpg\" class=\"attachment-skp-thumbnail-keep-ratio size-skp-thumbnail-keep-ratio wp-post-image\" alt=\"\" srcset=\"https:\/\/www.skppsc.ch\/it\/wp-content\/uploads\/sites\/7\/2023\/07\/odio_crimini_odio-640x908.jpg 640w, https:\/\/www.skppsc.ch\/it\/wp-content\/uploads\/sites\/7\/2023\/07\/odio_crimini_odio-211x300.jpg 211w, https:\/\/www.skppsc.ch\/it\/wp-content\/uploads\/sites\/7\/2023\/07\/odio_crimini_odio-722x1024.jpg 722w, https:\/\/www.skppsc.ch\/it\/wp-content\/uploads\/sites\/7\/2023\/07\/odio_crimini_odio-768x1090.jpg 768w, https:\/\/www.skppsc.ch\/it\/wp-content\/uploads\/sites\/7\/2023\/07\/odio_crimini_odio.jpg 800w\" sizes=\"auto, (max-width: 640px) 100vw, 640px\"><\/a><\/p><div class=\"download-bottom-actions \"><a href=\"https:\/\/www.skppsc.ch\/it\/wp-content\/uploads\/sites\/7\/2023\/07\/odio_crimini_odio.pdf\" download target=\"_blank\" class=\"large skp-icon skp-download-pdf download-icon \" title=\"\"><span class=\"link-text\"><\/span><\/a><u-add-to-cart :options='[{\"id\":3220,\"title\":\"Hate Speech \\\/ Hate Crime\",\"byline\":\"Brosch\\u00fcre A5, 16 Seiten, 2025\",\"lang\":\"de\",\"siteId\":2,\"cartHash\":\"mlk\",\"amount\":0,\"max\":\"9999\",\"articleNumber\":\"10087\"},{\"id\":1955,\"title\":\"Discours de haine et crimes de haine\",\"byline\":\"Brochure, A5, 16 pages, 2025\",\"lang\":\"fr\",\"siteId\":5,\"cartHash\":\"1inj\",\"amount\":0,\"max\":\"9999\",\"articleNumber\":\"20087\"},{\"id\":1857,\"title\":\"Incitamento all\\u2019odio \\\/ crimini d\\u2019odio\",\"byline\":\"Opuscolo, A5, 16 pagine, 2025\",\"lang\":\"it\",\"siteId\":7,\"cartHash\":\"265h\",\"amount\":0,\"max\":\"9999\",\"articleNumber\":\"30087\"}]' :is-logged-in=\"false\" login-url=\"https:\/\/www.skppsc.ch\/it\/wp-login.php?redirect_to=https%3A%2F%2Fwww.skppsc.ch%2Fit%2Fwp-json%2Fwp%2Fv2%2Fpages%2F2251%3Fpr%3D265h%23265h\" police-url=\"https:\/\/www.skppsc.ch\/it\/contatto-polizia\/\" :initially-opened=\"false\"><\/u-add-to-cart><\/div><\/div><\/div><\/div><div class=\"default-container content-part\"><div class=\"inner-padding\">\n\n\n\n<h2 class=\"wp-block-heading foreground-primary\">Offerte di consulenza e sostegno<\/h2>\n\n\n\n<h3 class=\"wp-block-heading\"><strong>Aiuto in caso di emergenza <\/strong><\/h3>\n\n\n\n<p><strong>(numeri gratuiti 24 ore su 24)<\/strong><\/p>\n\n\n\n<ul class=\"wp-block-list\">\n<li><a href=\"tel:+41117\">Polizia Tel.\u00a0117<\/a><\/li>\n\n\n\n<li><a href=\"https:\/\/www.143.ch\/it\/\" target=\"_blank\" rel=\"noreferrer noopener\">Telefono amico \u2013 aiuto anonimo per adulti<\/a>\u00a0|\u00a0<a href=\"tel:+41143\">Tel.\u00a0143<\/a><\/li>\n\n\n\n<li><a href=\"https:\/\/www.projuventute.ch\/it\" target=\"_blank\" rel=\"noreferrer noopener\">Pro Juventute \u2013 aiuto anonimo per bambini e adolescenti <\/a>\u00a0|\u00a0<a href=\"tel:+41147\">Tel.\u00a0147<\/a><\/li>\n<\/ul>\n\n\n\n<h3 class=\"wp-block-heading\"><strong>Consulenza in caso d\u2019incitamento all\u2019odio o crimini d\u2019odio<\/strong><\/h3>\n\n\n\n<ul class=\"wp-block-list\">\n<li>Piattaforma di segnalazione dei discorsi d\u2019odio razzisti online, report online racism: <a href=\"https:\/\/www.reportonlineracism.ch\/i101.html\" target=\"_blank\" rel=\"noreferrer noopener\">Segnalare<\/a><\/li>\n\n\n\n<li>Fondation contre le racisme et l\u2019antis\u00e9mitisme (GRA): <a href=\"https:\/\/www.gra.ch\/fr\/\" target=\"_blank\" rel=\"noreferrer noopener\">Segnalare<\/a> (solo in tedesco o francese)<\/li>\n\n\n\n<li>Rete di consulenza per le vittime del razzismo : <a href=\"https:\/\/www.network-racism.ch\/it\/meldeformular\" target=\"_blank\" rel=\"noreferrer noopener\">Segnalare un incidente<\/a><\/li>\n\n\n\n<li>LGBTIQ-Helpline: <a href=\"https:\/\/www.lgbtiq-helpline.ch\/it\" target=\"_blank\" rel=\"noreferrer noopener\">Consulenza<\/a>\u00a0|\u00a0<a href=\"tel:+41-800-133-133\">Tel.\u00a00800\u00a0133\u00a0133<\/a><\/li>\n\n\n\n<li>Transgender Network Switzerland (TGNS): <a href=\"https:\/\/www.tgns.ch\/it\/consulenza\/\" target=\"_blank\" rel=\"noreferrer noopener\">Consulenza<\/a><\/li>\n\n\n\n<li>Aiuto alle vittime : <a href=\"https:\/\/www.opferhilfe-schweiz.ch\/it\/dove-posso-trovare-aiuto\/\" target=\"_blank\" rel=\"noreferrer noopener\">Consulenza<\/a><\/li>\n<\/ul>\n\n\n\n<h3 class=\"wp-block-heading\"><strong>Ulteriori<\/strong><strong> pagine informative<\/strong><strong><\/strong><\/h3>\n\n\n\n<ul class=\"wp-block-list\">\n<li>Progetto <a href=\"https:\/\/stophatespeech.ch\/fr\/\" target=\"_blank\" rel=\"noreferrer noopener\">Stop Hate Speech<\/a> (solo in tedesco o francese)<\/li>\n\n\n\n<li><a href=\"https:\/\/pinkcop.ch\/\" target=\"_blank\" rel=\"noreferrer noopener\">PinkCop<\/a>, associazione indipendente e attiva in tutta la Svizzera per le persone queer che lavorano nella polizia o presso le autorit\u00e0 di perseguimento penale (solo in tedesco)<\/li>\n\n\n\n<li><a href=\"https:\/\/www.giovaniemedia.ch\/\" target=\"_blank\" rel=\"noreferrer noopener\">Giovani e media<\/a>, Piattaforma nazionale per la promozione delle competenze mediali<\/li>\n\n\n\n<li><a href=\"https:\/\/www.frb.admin.ch\/it\" target=\"_blank\" rel=\"noreferrer noopener\">Servizio per la lotta al razzismo<\/a> e <a href=\"https:\/\/www.ekr.admin.ch\/i112.html\" target=\"_blank\" rel=\"noreferrer noopener\">Commissione federale contro il razzismo CFR<\/a>, Dipartimento federale dell\u2019interno<\/li>\n<\/ul>\n\n\n\n<\/div><\/div><div class=\"full content-part image-wrapper image-2267\"><img width=\"2560\" height=\"1280\" src=\"https:\/\/www.skppsc.ch\/it\/wp-content\/uploads\/sites\/7\/2025\/06\/hate3_1-2560x1280.jpg\" class=\"attachment-skp-large-force-ratio size-skp-large-force-ratio\" alt=\"\" srcset=\"https:\/\/www.skppsc.ch\/it\/wp-content\/uploads\/sites\/7\/2025\/06\/hate3_1-2560x1280.jpg 2560w, https:\/\/www.skppsc.ch\/it\/wp-content\/uploads\/sites\/7\/2025\/06\/hate3_1-300x150.jpg 300w, https:\/\/www.skppsc.ch\/it\/wp-content\/uploads\/sites\/7\/2025\/06\/hate3_1-1024x512.jpg 1024w, https:\/\/www.skppsc.ch\/it\/wp-content\/uploads\/sites\/7\/2025\/06\/hate3_1-768x384.jpg 768w, https:\/\/www.skppsc.ch\/it\/wp-content\/uploads\/sites\/7\/2025\/06\/hate3_1-1536x768.jpg 1536w, https:\/\/www.skppsc.ch\/it\/wp-content\/uploads\/sites\/7\/2025\/06\/hate3_1-2048x1024.jpg 2048w, https:\/\/www.skppsc.ch\/it\/wp-content\/uploads\/sites\/7\/2025\/06\/hate3_1-640x320.jpg 640w, https:\/\/www.skppsc.ch\/it\/wp-content\/uploads\/sites\/7\/2025\/06\/hate3_1-1280x640.jpg 1280w\" sizes=\"(max-width: 2560px) 100vw, 2560px\"><\/div><div class=\"default-container content-part\"><div class=\"inner-padding\">\n<\/div><\/div><\/body><\/html>","protected":false},"excerpt":{"rendered":"<p>L\u2019incitamento all\u2019odio e i crimini d\u2019odio feriscono non solo una persona specifica, bens\u00ec anche interi gruppi di individui a cui si inviano <strong>messaggi d\u2019odio<\/strong>. Tutti noi possiamo essere vittime di un simile attacco, perch\u00e9 facciamo tutti parte di determinati gruppi.<\/p>\n","protected":false},"author":385,"featured_media":2252,"parent":133,"menu_order":6,"comment_status":"closed","ping_status":"closed","template":"","meta":{"showSharingButtons":false,"skp-theme-color":"seven","_subtitle":"","alternative_title":"","seoDescription":"","seoKeywords":"","seoTitle":"","featuredVideoEmbedCode":"","featuredYoutubeVideoId":"","notes":"","redirectToPostId":0,"skp-further-information":"","hideTile":false,"pageType":"","editor_notices":[],"footnotes":""},"topic":[],"class_list":["post-2251","page","type-page","status-publish","has-post-thumbnail","hentry"],"aioseo_notices":[],"_links":{"self":[{"href":"https:\/\/www.skppsc.ch\/it\/wp-json\/wp\/v2\/pages\/2251","targetHints":{"allow":["GET"]}}],"collection":[{"href":"https:\/\/www.skppsc.ch\/it\/wp-json\/wp\/v2\/pages"}],"about":[{"href":"https:\/\/www.skppsc.ch\/it\/wp-json\/wp\/v2\/types\/page"}],"author":[{"embeddable":true,"href":"https:\/\/www.skppsc.ch\/it\/wp-json\/wp\/v2\/users\/385"}],"replies":[{"embeddable":true,"href":"https:\/\/www.skppsc.ch\/it\/wp-json\/wp\/v2\/comments?post=2251"}],"version-history":[{"count":0,"href":"https:\/\/www.skppsc.ch\/it\/wp-json\/wp\/v2\/pages\/2251\/revisions"}],"up":[{"embeddable":true,"href":"https:\/\/www.skppsc.ch\/it\/wp-json\/wp\/v2\/pages\/133"}],"wp:featuredmedia":[{"embeddable":true,"href":"https:\/\/www.skppsc.ch\/it\/wp-json\/wp\/v2\/media\/2252"}],"wp:attachment":[{"href":"https:\/\/www.skppsc.ch\/it\/wp-json\/wp\/v2\/media?parent=2251"}],"wp:term":[{"taxonomy":"topic","embeddable":true,"href":"https:\/\/www.skppsc.ch\/it\/wp-json\/wp\/v2\/topic?post=2251"}],"curies":[{"name":"wp","href":"https:\/\/api.w.org\/{rel}","templated":true}]}}