{"id":2466,"date":"2026-04-30T13:57:51","date_gmt":"2026-04-30T11:57:51","guid":{"rendered":"https:\/\/www.skppsc.ch\/it\/?page_id=2466"},"modified":"2026-04-30T14:22:17","modified_gmt":"2026-04-30T12:22:17","slug":"borseggio-e-furto-con-destrezza","status":"publish","type":"page","link":"https:\/\/www.skppsc.ch\/it\/temi\/furto\/borseggio-e-furto-con-destrezza\/","title":{"rendered":"Borseggio e furto con destrezza"},"content":{"rendered":"<html><body><div class=\"default-container content-part\"><div class=\"inner-padding\"><p class=\"post-excerpt\">I furti con destrezza su suolo pubblico avvengono prevalentemente in luoghi in cui si riunisce molta gente e dove regna un certo anonimato: stazioni ferroviarie, aeroporti, mezzi di trasporto pubblici, scale mobili, centri commerciali, mercati, grandi eventi come concerti o manifestazioni sportive. Gli autori di furti con destrezza utilizzano dei trucchi per ingannare, distrarre o sorprendere la loro vittima allo scopo di derubarla senza farsi notare. Per quanto riguarda gli autori di furti con destrezza sulla porta di casa, perseguono un obiettivo: riuscire ad entrare nell\u2019abitazione della loro vittima per rubarle contanti, gioielli, orologi, ecc.<\/p>\n\n<\/div><\/div><div class=\"default-container content-part   \" style=\";\"><div class=\"inner-padding\">\n\n\n<h2 class=\"wp-block-heading foreground-primary\">Definizione e situazione giuridica<\/h2>\n\n\n\n<p>Secondo l\u2019art. 139 del codice penale svizzero (CP), vi \u00e8 furto se una persona sottrae una cosa mobile altrui al fine di appropriarsene, per procacciare a s\u00e9 o ad altri un indebito profitto.<\/p>\n\n\n\n<ul class=\"wp-block-list\">\n<li>Affinch\u00e9 sussista un furto, deve quindi essere presente un\u2019intenzione di arricchirsi. Per esempio, chi toglie di proposito un\u2019arma dalle mani di una persona per proteggere s\u00e9 stesso, non commette un furto.<\/li>\n\n\n\n<li>Si tratta di furto, solo se la persona ha agito intenzionalmente. Affinch\u00e9 l\u2019intenzionalit\u00e0 sia soddisfatta, il ladro o la ladra doveva sapere cosa stava facendo e cosa intendeva fare al momento di compiere il delitto. Chi, in buona fede, si mette in tasca il telefonino di un\u2019altra persona pensando sia il proprio smartphone, non commette un furto come non lo compie una persona che viene costretta, per esempio con la minaccia della violenza, a commettere un furto.<\/li>\n<\/ul>\n\n\n\n<p>Il furto ai sensi dell\u2019art. 139 CP \u00e8 un reato perseguibile d\u2019ufficio e non appena la polizia ne viene a conoscenza indagher\u00e0 automaticamente.<\/p>\n\n\n<\/div><\/div><div class=\"default-container content-part   \" style=\";\"><div class=\"inner-padding\">\n\n\n<h2 class=\"wp-block-heading foreground-primary\">Frequenti modi di operare<\/h2>\n\n\n\n<p>Un esempio di <strong>furto con destrezza su suole pubblico <\/strong>consiste nel dare uno spintone alla vittima e sfilarle il borsello della tasca del mantello senza che quest\u2019ultima se ne accorga. Certi autori di furti con destrezza si piazzano cos\u00ec vicini alle spalle della loro vittima in ascensori, su scale mobili o in code davanti agli sportelli che riescono a sottrare i suoi oggetti di valore. Questo succede soprattutto se la vittima porta uno zaino o se non tiene la sua borsetta o borsa a tracolla ben stretta e chiusa davanti al corpo. Talvolta questi ladri distraggono la loro vittima, per esempio, coinvolgendola in una conversazione mentre si trova ad un Bancomat, per consentire al loro complice di colpire senza essere notato.<\/p>\n\n\n\n<p>Gli autori di furti con destrezza agiscono raramente da soli. Preferiscono molto di pi\u00f9 lavorare in gruppo: mentre il primo ladro confonde, distrae, spintona o sorprende la vittima, il secondo le ruba il borsello, lo smartphone, l\u2019orologio, per poi consegnarli al terzo ladro che in seguito si dilegua fra la folla.<\/p>\n\n\n\n<p>Gli autori di <strong>furto con destrezza sulla porta di casa<\/strong> ricorrono a vari trucchi per riuscire ad entrare nell\u2019abitazione della loro vittima per rubarle contanti, gioielli, orologi, ecc. Chiedono aiuto alla vittima simulando una situazione di emergenza; affermano di dover telefonare con urgenza perch\u00e9, per esempio, la loro auto non si mette pi\u00f9 in moto; domandano un bicchiere d\u2019acqua a causa di problemi circolatori. Alcuni autori di furti con destrezza approfittano della cortesia e dell\u2019ospitalit\u00e0 della loro vittima e si spacciano \u2013 in particolare con le persone pi\u00f9 anziane che vivono sole \u2013 per conoscenti o parenti che volevano far loro visita. Altri invece sfruttano la fiducia che la loro vittima ripone in istituzioni, enti e autorit\u00e0 (p. es. nella polizia), indicando di rappresentare un\u2019autorit\u00e0 per il cui conto conducono un\u2019inchiesta oppure di essere un artigiano incaricato dall\u2019amministrazione della casa di effettuare dei lavori.<\/p>\n\n\n\n<p>Al giorno d\u2019oggi, praticamente ognuno di noi ha con s\u00e9 <strong>uno smartphone, un computer portatile o altri dispositivi elettronici<\/strong>. Per i ladri questo si traduce in possibilit\u00e0 di rubarli praticamente ovunque: in treno, negli spogliatoi di associazioni sportive, dalla tasca di un paio di pantaloni o dal tavolino in un bar.<\/p>\n\n\n<\/div><\/div><div class=\"default-container content-part   \" style=\";\"><div class=\"inner-padding\">\n\n\n<h2 class=\"wp-block-heading foreground-primary\">Cosa posso fare?<\/h2>\n\n\n\n<p><strong>In caso di furto con destrezza su suolo pubblico:<\/strong><\/p>\n\n\n\n<ul class=\"wp-block-list\">\n<li>Portate su di voi pochissimo denaro contante e il minor numero possibile di oggetti di valore.<\/li>\n\n\n\n<li>Non lasciate mai incustoditi la vostra borsa e il vostro bagaglio.<\/li>\n\n\n\n<li>Riponete i vostri oggetti di valore in una tasca interna della vostra giacca possibilmente chiudibile.<\/li>\n\n\n\n<li>Quando camminate tra la folla, tenete borsetta, borsa del computer portatile, borsa a tracolla e zaino ben chiusi e stretti davanti al corpo.<\/li>\n\n\n\n<li>Non riponete mai i vostri oggetti di valore nelle tasche esterne dei vostri vestiti.<\/li>\n\n\n\n<li>Informatevi su come potete proteggervi dai furti con destrezza ai Bancomat consultando la nostra pagina tematica\u00a0<a href=\"https:\/\/www.skppsc.ch\/it\/temi\/furto-truffa\/skimming\/\" target=\"_blank\" rel=\"noreferrer noopener\">skimming<\/a>.<\/li>\n\n\n\n<li>Se avete pianificato di trascorrere le vacanze all\u2019estero, prima della partenza informatevi sui trucchi spesso utilizzati dai ladri locali per derubare i turisti.<\/li>\n<\/ul>\n\n\n\n<p><strong>In caso di furto con destrezza sulla porta di casa:<\/strong><\/p>\n\n\n\n<ul class=\"wp-block-list\">\n<li>Non lasciate entrare nessuno sconosciuto, soprattutto se in quel momento siete soli in casa.<\/li>\n\n\n\n<li>Quando suonano alla porta, utilizzate sempre il catenaccio o guardate dallo spioncino o dalla finestra. Potrete cos\u00ec scoprire chi aspetta davanti alla vostra porta di casa senza doverla aprire (del tutto).<\/li>\n\n\n\n<li>Se per esempio qualcuno afferma di lavorare per il comune o di dover eseguire dei lavori su incarico dell\u2019amministrazione della casa, prima di lasciarlo entrare, richiedete un documento d\u2019identit\u00e0 e informatevi per telefono presso il comune o l\u2019amministrazione della casa se quanto affermato corrisponde al vero. Ma attenzione: siate sempre solo voi a cercare i rispettivi numeri di telefono in Internet o nell\u2019elenco telefonico, e non fatevi dare un numero di telefono qualsiasi da parte della persona che aspetta davanti alla porta di casa. Un complice potrebbe infatti \u00abinterpretare il ruolo\u00bb di un impiegato comunale o dell\u2019amministrazione della casa al numero di cellulare che vi \u00e8 stato dato. Chiudete inoltre la porta a chiave fino a quando non avete chiarito se la persona \u00e8 veramente passata su incarico del comune o dell\u2019amministrazione della casa.<\/li>\n\n\n\n<li>In caso di dubbio, non fate entrare nessuno in casa. Meglio apparire scortesi e diffidenti che farsi derubare. Potrete poi sempre scusarvi a posteriori rispettivamente fissare un nuovo appuntamento con l\u2019artigiano o con il\/la rappresentante delle autorit\u00e0.<\/li>\n\n\n\n<li>A volte gli autori di furti con destrezza sulla porta di casa sono anche truffatori. Informatevi su come potete proteggervi dai truffatori che suonano alla porta consultando la nostra pagina tematica sulla\u00a0<a href=\"https:\/\/www.skppsc.ch\/it\/temi\/furto-truffa\/truffa\/\" target=\"_blank\" rel=\"noopener\" title=\"\">truffa<\/a>.<\/li>\n<\/ul>\n\n\n\n<p><strong>Anche smartphone, tablet o computer portatile possono essere protetti efficacemente dai furti:<\/strong><\/p>\n\n\n\n<ul class=\"wp-block-list\">\n<li>Siate vigili e non perdete di vista il vostro smartphone, tablet, computer portatile, ecc.<\/li>\n\n\n\n<li>Riponete il vostro telefonino in una tasca interna della vostra giacca possibilmente chiudibile.<\/li>\n\n\n\n<li>Quando camminate tra la folla, tenete borsetta, borsa del computer portatile, borsa a tracolla e zaino ben chiusi e stretti davanti al corpo.<\/li>\n\n\n\n<li>Non riponete mai i vostri apparecchi nelle tasche esterne dei vostri vestiti.<\/li>\n\n\n\n<li>Non lasciate mai in auto telefonini, computer portatili, ecc. in bella vista.<\/li>\n\n\n\n<li>Bloccate l\u2019accesso ai vostri apparecchi con una password o un PIN.<\/li>\n\n\n\n<li>Fate regolarmente copie di sicurezza dei vostri dati. In caso di furto avrete cos\u00ec la possibilit\u00e0 di ripristinarli.<\/li>\n\n\n\n<li>Installate un\u2019apposita app per localizzare il vostro smartphone in caso di furto.<\/li>\n<\/ul>\n\n\n<\/div><\/div><div class=\"default-container content-part   \" style=\";\"><div class=\"inner-padding\">\n\n\n<h2 class=\"wp-block-heading foreground-primary\">Cosa fa la polizia?<\/h2>\n\n\n\n<p>Denunciate subito il furto alla polizia!\u00a0 A seconda dell\u2019oggetto rubato, in molti cantoni \u00e8 possibile denunciare il furto anche in\u00a0<a href=\"https:\/\/suisse-epolice.ch\/epolice\/it\/\" target=\"_blank\" rel=\"noopener\" title=\"\">Internet<\/a>.<\/p>\n\n\n\n<p>I furti sono registrati nelle banche dati dei rispettivi comandi di polizia. Se la polizia pone sotto sequestro o trova la refurtiva, cerca di rintracciare il suo legittimo proprietario o la sua legittima proprietaria consultando le informazioni registrate nella banca dati.<\/p>\n\n\n\n<p>Chi \u00e8 stato vittima di un borseggio o di furto con destrezza generalmente ha per\u00f2 pochissime probabilit\u00e0 di recuperare i suoi oggetti di valore. \u00c8 tuttavia importante denunciare i furti alla polizia, anche per motivi assicurativi. La polizia pu\u00f2 inoltre registrare in quali zone molti ladri e ladre operano in un determinato momento e quali trucchi in particolare mettono in atto per derubare le loro vittime. Grazie a queste informazioni, i comandi di polizia cantonali e comunali possono fare una prevenzione mirata, mettere in guardia fasce di popolazione particolarmente a rischio e rafforzare la propria presenza in certi luoghi.<\/p>\n\n\n\n<p>In caso di furto di smartphone, tablet o computer portatile, denunciate subito il furto in polizia! Capita infatti regolarmente che la polizia non sia in grado di restituire ai legittimi proprietari gli apparecchi trovati o sequestrati perch\u00e9 i furti non sono stati subito denunciati oppure perch\u00e9 al momento della denuncia sono stati forniti solo dati imprecisi. Conservate il numero di serie (= numero IMEI) e la garanzia del vostro apparecchio in un luogo sicuro. Il numero IMEI del telefonino si trova sull\u2019imballaggio e in parte anche sul retro dell\u2019apparecchio. Lo potete inoltre visualizzare digitando la combinazione di tasti *#06# sulla tastiera del vostro apparecchio.<\/p>\n\n\n<\/div><\/div><div class=\"default-container content-part   \" style=\";\"><div class=\"inner-padding\">\n\n\n<h2 class=\"wp-block-heading foreground-primary\">I ladri e le ladre prediligono questi luoghi in particolare<\/h2>\n\n\n\n<p><strong>Ovunque vi sono turisti e viaggiatori<\/strong><strong><\/strong><\/p>\n\n\n\n<p>Aeroporti, stazioni ferroviarie, aree di servizio sulle autostrade, parcheggi, punti panoramici, mete turistiche. Questi sono tutti luoghi con una particolare forza di attrazione per ladri e ladre. I turisti sono spesso talmente presi dall\u2019ambiente a loro sconosciuto e dalle belle cose da vedere che si lasciano distrarre facilmente. All\u2019inizio del loro viaggio portano probabilmente con loro un borsello pieno di franchi svizzeri e naturalmente apparecchi fotografici e smartphone.<\/p>\n\n\n\n<p>Inoltre, i viaggiatori hanno spesso con loro diversi bagagli che non devono perdere di vista. Perci\u00f2 sono sovente stressati perch\u00e9 devono per esempio prendere un treno, cercare un binario, ecc.<\/p>\n\n\n\n<p><strong>Ovunque \u00e8 facile confondersi fra i clienti (ristoranti, alberghi e simili)<\/strong><strong><\/strong><\/p>\n\n\n\n<p>Nei ristoranti, alberghi e simili, i ladri e le ladre hanno innumerevoli possibilit\u00e0 di rubare: gli ospiti, il personale (i loro oggetti di valore o il borsello che utilizzano per il servizio ai tavoli), nei locali o nei guardaroba incustoditi. I ladri e le ladre sfruttano i luoghi molto frequentati dalla gente e il fatto che il personale non sia sempre in grado di distinguere se una persona seduta nella hall dell\u2019albergo \u00e8 l\u00ec perch\u00e9 \u00e8 un ospite, \u00e8 venuta a visitare un ospite oppure ha semplicemente l\u2019intenzione di rubare. Per andare a prendere una bevanda al bar, l\u2019ospite dell\u2019albergo o il cliente del ristorante si alza e lascia brevemente incustoditi su un tavolino telefonino e forse anche la chiave della camera. Quando ritorna poi al suo posto nota immediatamente che questi oggetti sono scomparsi. Spesso ristoranti e alberghi hanno anche pi\u00f9 entrate e uscite, e questo permette a ladri e ladre di andare e venire senza farsi notare per poi dileguarsi dopo pochi secondi. Con un solo movimento della mano, ladri e ladre portano via borsette appoggiate allo schienale delle sedie o oggetti di valore riposti in tasche esterne non chiuse di giacche e mantelli.<\/p>\n\n\n\n<p><strong>Ovunque le persone non possono (pi\u00f9) badare loro stesse ai propri oggetti di valore (case per anziani, ospedali, ecc.)<\/strong><strong><\/strong><\/p>\n\n\n\n<p>Di regola, le case per anziani, gli ospedali e strutture simili sono edifici accessibili al pubblico. In questi luoghi, i visitatori e le visitatrici possono per lo pi\u00f9 andare e venire liberamente, anche perch\u00e9 \u00e8 quasi impossibile controllare sistematicamente le persone che entrano. Nelle case per anziani e negli ospedali si ruba molto. I ladri e le ladre per\u00f2 non vengono solo da fuori, bens\u00ec sono presenti anche fra il personale e i pazienti stessi. Dato che \u00e8 soprattutto nelle case per anziani e negli ospedali che i proprietari di oggetti di valore non sono in grado di badare loro stessi alle loro cose, in funzione delle loro condizioni di salute, sono i parenti o il personale di cura a doversi assumere questo compito. Nel frattempo, molti ospedali si sono dotati di apparecchi Bancomat per consentire ai pazienti di avere con s\u00e9 anche piccole somme di denaro contante.<\/p>\n\n\n\n<p><strong>Ovunque le persone si allenano e praticano attivit\u00e0 sportive<\/strong><strong><\/strong><\/p>\n\n\n\n<p>Girano ladri e ladre anche in centri sportivi e strutture in cui ci si allena. Nelle ore di utilizzo, i centri sportivi sono per lo pi\u00f9 accessibili al pubblico. Questo permette a ladri e ladre di intrufolarsi con facilit\u00e0 e di perquisire spogliatoi e locali riservati al materiale. Da rubare vi sono telefonini, carte di credito, gioielli, contanti, e spesso anche chiavi dell\u2019auto, del lucchetto della bici e di casa. Chi si reca in palestra per praticare attivit\u00e0 sportive subito dopo il lavoro porta magari con s\u00e9 anche un computer portatile, il badge aziendale e i suoi \u00ababiti da lavoro\u00bb. Anche l\u2019equipaggiamento sportivo non \u00e8 al riparo dai furti e dovrebbe essere riposto in locali chiusi a chiave quando non \u00e8 utilizzato.<\/p>\n\n\n\n<p><strong>Ovunque le persone festeggiano e alzano spesso il gomito<\/strong><\/p>\n\n\n\n<p>Certi ladri derubano preferibilmente persone che stanno festeggiando, ballando e si stanno divertendo. Talvolta queste persone hanno anche alzato il gomito e quindi la loro capacit\u00e0 di reazione \u00e8 diminuita, rendendole cos\u00ec facili prede. Queste vittime sono presenti soprattutto in club, discoteche, a concerti, open air e grandi manifestazioni sportive. Spesso hanno su di loro contanti e uno smartphone e sono poco attente perch\u00e9 sono concentrate sulla musica o sulla competizione sportiva in atto. I ladri e le ladre sfruttano inoltre lo spazio ristretto e spesso poco illuminato della pista da ballo, del palco o dell\u2019area riservata ai fan per derubare le loro vittime che si accorgono difficilmente, con tutta la gente presente, se qualcuno sfila loro oggetti di valore dalla tasca.<\/p>\n\n\n\n<\/div><\/div><div class=\"full content-part image-wrapper image-2468\"><img width=\"1488\" height=\"744\" src=\"https:\/\/www.skppsc.ch\/it\/wp-content\/uploads\/sites\/7\/2026\/04\/image-3.png\" class=\"attachment-skp-large-force-ratio size-skp-large-force-ratio\" alt=\"\" srcset=\"https:\/\/www.skppsc.ch\/it\/wp-content\/uploads\/sites\/7\/2026\/04\/image-3.png 1488w, https:\/\/www.skppsc.ch\/it\/wp-content\/uploads\/sites\/7\/2026\/04\/image-3-300x150.png 300w, https:\/\/www.skppsc.ch\/it\/wp-content\/uploads\/sites\/7\/2026\/04\/image-3-1024x512.png 1024w, https:\/\/www.skppsc.ch\/it\/wp-content\/uploads\/sites\/7\/2026\/04\/image-3-768x384.png 768w, https:\/\/www.skppsc.ch\/it\/wp-content\/uploads\/sites\/7\/2026\/04\/image-3-640x320.png 640w, https:\/\/www.skppsc.ch\/it\/wp-content\/uploads\/sites\/7\/2026\/04\/image-3-1280x640.png 1280w\" sizes=\"(max-width: 1488px) 100vw, 1488px\"><\/div><div class=\"default-container content-part\"><div class=\"inner-padding\">\n<\/div><\/div><\/body><\/html>","protected":false},"excerpt":{"rendered":"<p>I furti con destrezza su suolo pubblico avvengono prevalentemente in luoghi in cui si riunisce molta gente e dove regna un certo anonimato: stazioni ferroviarie, aeroporti, mezzi di trasporto pubblici, scale mobili, centri commerciali, mercati, grandi eventi come concerti o manifestazioni sportive. Gli autori di furti con destrezza utilizzano dei trucchi per ingannare, distrarre o sorprendere la loro vittima allo scopo di derubarla senza farsi notare. Per quanto riguarda gli autori di furti con destrezza sulla porta di casa, perseguono un obiettivo: riuscire ad entrare nell\u2019abitazione della loro vittima per rubarle contanti, gioielli, orologi, ecc.<\/p>\n","protected":false},"author":385,"featured_media":2467,"parent":146,"menu_order":3,"comment_status":"closed","ping_status":"closed","template":"","meta":{"showSharingButtons":false,"skp-theme-color":"fourteen","_subtitle":"","alternative_title":"","seoDescription":"","seoKeywords":"","seoTitle":"","featuredVideoEmbedCode":"","featuredYoutubeVideoId":"","notes":"","redirectToPostId":0,"skp-further-information":"FAQ zu \u00ab<a href=\"https:\/\/www.skppsc.ch\/it\/domande-piu-frequenti\/focus\/furto-furto#furto-furto\" target=\"_blank\" rel=\"noopener\" title=\"Furto\">Furto<\/a>\u00bb","hideTile":false,"pageType":"","editor_notices":[],"footnotes":""},"topic":[26],"class_list":["post-2466","page","type-page","status-publish","has-post-thumbnail","hentry","topic-furto-furto"],"aioseo_notices":[],"_links":{"self":[{"href":"https:\/\/www.skppsc.ch\/it\/wp-json\/wp\/v2\/pages\/2466","targetHints":{"allow":["GET"]}}],"collection":[{"href":"https:\/\/www.skppsc.ch\/it\/wp-json\/wp\/v2\/pages"}],"about":[{"href":"https:\/\/www.skppsc.ch\/it\/wp-json\/wp\/v2\/types\/page"}],"author":[{"embeddable":true,"href":"https:\/\/www.skppsc.ch\/it\/wp-json\/wp\/v2\/users\/385"}],"replies":[{"embeddable":true,"href":"https:\/\/www.skppsc.ch\/it\/wp-json\/wp\/v2\/comments?post=2466"}],"version-history":[{"count":0,"href":"https:\/\/www.skppsc.ch\/it\/wp-json\/wp\/v2\/pages\/2466\/revisions"}],"up":[{"embeddable":true,"href":"https:\/\/www.skppsc.ch\/it\/wp-json\/wp\/v2\/pages\/146"}],"wp:featuredmedia":[{"embeddable":true,"href":"https:\/\/www.skppsc.ch\/it\/wp-json\/wp\/v2\/media\/2467"}],"wp:attachment":[{"href":"https:\/\/www.skppsc.ch\/it\/wp-json\/wp\/v2\/media?parent=2466"}],"wp:term":[{"taxonomy":"topic","embeddable":true,"href":"https:\/\/www.skppsc.ch\/it\/wp-json\/wp\/v2\/topic?post=2466"}],"curies":[{"name":"wp","href":"https:\/\/api.w.org\/{rel}","templated":true}]}}