{"id":873,"date":"2017-05-26T17:55:38","date_gmt":"2017-05-26T15:55:38","guid":{"rendered":"https:\/\/www.skppsc.ch\/it\/?page_id=873"},"modified":"2026-04-09T16:00:23","modified_gmt":"2026-04-09T14:00:23","slug":"gestione-cantonale-delle-minacce","status":"publish","type":"page","link":"https:\/\/www.skppsc.ch\/it\/reti\/gestione-cantonale-delle-minacce\/","title":{"rendered":"Gestione cantonale delle minacce"},"content":{"rendered":"<html><body><div class=\"default-container content-part\"><div class=\"inner-padding\"><p>Una gestione cantonale delle minacce (GCM) ingloba idealmente i seguenti aspetti:<\/p>\n<ul>\n<li><strong>Basi legali<\/strong><br>Qualsiasi intervento da parte di un\u2019autorit\u00e0 amministrativa e dunque qualsiasi forma di gestione e trasmissione di dati personali richiedono una base legale.<\/li>\n<li><strong>Accesso ai dati e loro gestione<\/strong><br>In una situazione di crisi, si deve poter accedere ai dati importanti in modo semplice e rapido. \u00c8 disponibile una banca dati in cui sono raccolti i dati di persone che presentano un elevato grado di pericolosit\u00e0. I criteri per poter inserire una persona in questa banca dati sono stati fissati e le condizioni che permettono di cancellare i dati in questione sono state stabilite. Si \u00e8 pure definito chi pu\u00f2 accedere a questa banca dati e chi \u00e8 responsabile della gestione dei dati.<\/li>\n<li><strong>Strumenti d\u2019analisi dei rischi e del rischio di recidiva<\/strong><br>Gli specialisti utilizzano strumenti che sono stati valutati e considerati adatti a rispondere alle domande e a trattare la problematica.<\/li>\n<li><strong>Cellula di crisi e gestione dei casi<\/strong><br>Un nucleo operativo organizza la GCM. Tutte le principali istituzioni sono rappresentate nelle rispettive cellule di crisi e squadre di gestione dei casi in funzione della tematica, e i vari responsabili sono collegati in rete fra di loro. Si stabilisce quale istituzione e quale persona nell\u2019ambito della sua funzione in seno a questa istituzione deve assumere la direzione del caso risp. decidere le misure da adottare.<\/li>\n<li><strong>Continuit\u00e0<\/strong><br>Le responsabilit\u00e0 nell\u2019ambito della gestione cantonale delle minacce sono chiaramente regolate e non sono legate a singole persone in seno alle istituzioni. Il know-how esistente, le nuove esperienze effettuate e gli insegnamenti tratti confluiscono costantemente e sono trasmessi ai collaboratori e alle collaboratrici nell\u2019ambito di corsi di formazione organizzati regolarmente. Anche le nuove colleghe e i nuovi colleghi sono introdotti alla GCM.<\/li>\n<li><strong>Temi e fenomeni registrati<\/strong><br>Si registrano tutte le forme di violenza mirata, in particolare la minaccia di compiere atti violenti in relazione con a) la violenza domestica, nonch\u00e9 le minacce nei confronti b) dei servizi amministrativi o c) delle scuole.<\/li>\n<\/ul>\n<p>Prendere in considerazione tutti gli aspetti sopracitati che riguardano una GCM permette di creare un modello tipo ideale per gestire le persone (potenzialmente) pi\u00f9 pericolose. Anche progetti pi\u00f9 circoscritti a livello tematico e organizzativo possono essere definiti come GCM, cos\u00ec come la realizzazione a tappe di una GCM completa a livello tematico. Non si pu\u00f2 invece parlare di GCM, se \u00e8 solo un\u2019autorit\u00e0, tipicamente la Polizia, a valutare individualmente le situazioni di minaccia in determinate circostanze.<\/p>\n<\/div><\/div><div class=\"default-container content-part replaced-hr\"><div class=\"inner-padding\">\n<h3>Standard di qualit\u00e0 per la gestione cantonale delle minacce<\/h3>\n<p>La gestione cantonale delle minacce \u00e8 un pilastro importante nel settore della sicurezza preventiva della polizia e contribuisce in particolare a combattere la violenza domestica, nonch\u00e9 a prevenire e a contrastare la radicalizzazione e l\u2019estremismo violento. La GCM contribuisce quindi in modo significativo a ridurre il numero di reati violenti gravi in questo contesto.<\/p>\n<p>Nel <strong>2014<\/strong>, la Prevenzione Svizzera della Criminalit\u00e0 (PSC) \u00e8 stata incaricata dalla propria<a href=\"https:\/\/www.skppsc.ch\/it\/psc\/\" target=\"_blank\" rel=\"noopener\">\u00a0Commissione di direzione<\/a> di condurre un\u2019indagine per analizzare la situazione nei singoli Cantoni e identificare gli strumenti d\u2019analisi utilizzati per valutare i livelli di rischio di minacce e le esperienze fatte in quest\u2019ambito. Il suo scopo: facilitare il coordinamento fra i Cantoni e collegare in rete gli specialisti e i servizi cantonali. Il rapporto dettagliato pu\u00f2 essere scaricato\u00a0<a href=\"https:\/\/www.skppsc.ch\/it\/login\/?redirect_to=https:\/\/www.skppsc.ch\/it\/intranet\/\" target=\"_blank\" rel=\"noopener\">nell\u2019Intranet della PSC<\/a>\u00a0riservato alla cerchia della Polizia.<\/p>\n<p>Data la grande importanza della gestione cantonale delle minacce nella lotta alla violenza domestica, nella primavera del <strong>2021<\/strong> i Cantoni hanno deciso di rafforzare ulteriormente questo servizio nell\u2019ambito della\u00a0<a href=\"https:\/\/www.bj.admin.ch\/bj\/it\/home\/gesellschaft\/haeusliche-gewalt\/strategischer-dialog.html\" target=\"_blank\" rel=\"noopener\">roadmap sulla violenza domestica<\/a>\u00a0adottata congiuntamente da Confederazione e Cantoni.<\/p>\n<p>Successivamente, un gruppo di lavoro della\u00a0<a href=\"https:\/\/www.kkpks.ch\/fr\" target=\"_blank\" rel=\"noopener\">CCPCS<\/a> \u00e8 stato incaricato di sviluppare standard di qualit\u00e0 per una gestione cantonale delle minacce basandosi sull\u2019analisi della situazione effettuata dalla Prevenzione Svizzera della Criminalit\u00e0. Ne sono risultate delle <a href=\"https:\/\/www.skppsc.ch\/it\/wp-content\/uploads\/sites\/7\/2026\/03\/grundlagenpapier_kbm-qualitatsstandards_aktualisierung_20250910_i.pdf\" target=\"_blank\" rel=\"noopener\">basi per definire gli standard di qualit\u00e0 per una gestione cantonale delle minacce<\/a>.<\/p>\n<p>Nel <strong>2023<\/strong>, un gruppo intercantonale di scambio di esperienze (CH-Erfa-Team) ha sviluppato uno strumento di controllo per l\u2019attuazione degli standard di qualit\u00e0 in materia di GCM. Dopo la sua approvazione da parte della CCPCS, \u00e8 stato condotto un sondaggio sull\u2019attuazione nei Cantoni. La panoramica dei risultati pu\u00f2 essere consultata\u00a0<a href=\"https:\/\/www.skppsc.ch\/it\/wp-content\/uploads\/sites\/7\/2026\/01\/uebersicht-kbm-schweiz_stand-oktober-2026-i.pdf\" target=\"_blank\" rel=\"noopener\">qui<\/a>. Nel frattempo \u00e8 stato istituito un gruppo di lavoro formale per la gestione cantonale delle minacce (GL GCM) in seno all\u2019Associazione dei capi di polizia giudiziaria dei Cantoni svizzeri (ACPGS). Il gruppo di lavoro \u00e8 responsabile in particolare dello scambio di informazioni a livello intercantonale, dell\u2019armonizzazione delle procedure e delle strutture, nonch\u00e9 del CH-Erfa-Team per la gestione delle minacce.<\/p>\n<h3>Gestione delle minacce per cantone<\/h3>\n<p><a href=\"https:\/\/www.ag.ch\/de\/verwaltung\/dvi\/kantonspolizei\/abm\" target=\"_blank\" rel=\"noopener\">Bedrohungsmanagement der Kantonspolizei Aargau<\/a><\/p>\n<p><a href=\"https:\/\/www.ne.ch\/autorites\/DJSC\/PONE\/GCM\/Pages\/accueil.aspx\" target=\"_blank\" rel=\"noopener noreferrer\">Gestion cantonale des menaces de la police neuch\u00e2teloise<\/a><\/p>\n<p><a href=\"https:\/\/www.bedrohungsmanagement.police.be.ch\/\" target=\"_blank\" rel=\"noopener noreferrer\">Gestion des menaces de la police cantonale bernoise<\/a><\/p>\n<p><a href=\"https:\/\/www.sg.ch\/sicherheit\/kantonspolizei\/praevention--jugend--cybercrime\/bedrohungs--und-risikomanagement--gewaltpraevention-.html\" target=\"_blank\" rel=\"noopener\">Bedrohungs- und Risikomanagement des Kantons St. Gallen<\/a><\/p>\n<p><a href=\"https:\/\/www.kbm.zh.ch\" target=\"_blank\" rel=\"noopener noreferrer\">Kantonales Bedrohungsmanagement der Kantonspolizei Z\u00fcrich<\/a><\/p>\n<p><a href=\"https:\/\/bedrohung.so.ch\/\" target=\"_blank\" rel=\"noopener noreferrer\">Kantonales Bedrohungsmanagement des Kantons Solothurn<\/a><\/p>\n<p><a href=\"https:\/\/www.gl.ch\/verwaltung\/sicherheit-und-justiz\/kantonspolizei\/regionalpolizei\/fachdienst-sicherheitspolizei\/kantonales-bedrohungsmanagement.html\/1116\" target=\"_blank\" rel=\"noopener noreferrer\">Kantonales Bedrohungsmanagement des Kantons Glarus <\/a><\/p>\n<p><a href=\"https:\/\/gewaltpraevention.lu.ch\/\" target=\"_blank\" rel=\"noopener noreferrer\">Kantonales Bedrohungsmanagement des Kantons Luzern <\/a><\/p>\n<p><a href=\"https:\/\/www.stadt-zuerich.ch\/de\/stadtleben\/sicherheit\/gewalt\/bedrohungsmanagement.html\" target=\"_blank\" rel=\"noopener\">Bedrohungsmanagement der Stadt Z\u00fcrich<\/a><\/p>\n<p><a href=\"https:\/\/kapo.tg.ch\/ueber-uns\/fachstelle-gabm.html\/2226\" target=\"_blank\" rel=\"noopener noreferrer\">Fachstelle Gefahrenabwehr und Bedrohungsmanagement des Kantons Thurgau <\/a><\/p>\n<p><a href=\"https:\/\/www.baselland.ch\/politik-und-behorden\/direktionen\/sicherheitsdirektion\/polizei\/dienst-gewaltschutz\/fachstelle-bedrohungsmanagement\" target=\"_blank\" rel=\"noopener\">Bedrohungsmanagement des Kantons Baselland<\/a><\/p>\n<p><a href=\"https:\/\/www.fr.ch\/police-et-securite\/prevention\/unite-de-gestion-des-menaces-ugm\" target=\"_blank\" rel=\"noopener\">Gestion des menaces de la Police cantonale Fribourg<\/a><\/p>\n<p><a href=\"https:\/\/www.ur.ch\/kbm\">Bedrohungsmanagement der Kantonspolizei Uri<\/a><\/p>\n<p><a href=\"https:\/\/www.stadt.sg.ch\/home\/gesellschaft-sicherheit\/sicherheit-polizei\/praevention\/bedrohungs--und-risikomanagement.html\">Gewaltschutz der Stadtpolizei St. Gallen<\/a><\/p>\n<\/div><\/div><div class=\"full content-part image-wrapper image-875\"><img width=\"2560\" height=\"1280\" src=\"https:\/\/www.skppsc.ch\/it\/wp-content\/uploads\/sites\/7\/2017\/05\/bedrohungsmanagement3-2560x1280.jpg\" class=\"attachment-skp-large-force-ratio size-skp-large-force-ratio\" alt=\"\" srcset=\"https:\/\/www.skppsc.ch\/it\/wp-content\/uploads\/sites\/7\/2017\/05\/bedrohungsmanagement3-2560x1280.jpg 2560w, https:\/\/www.skppsc.ch\/it\/wp-content\/uploads\/sites\/7\/2017\/05\/bedrohungsmanagement3-300x150.jpg 300w, https:\/\/www.skppsc.ch\/it\/wp-content\/uploads\/sites\/7\/2017\/05\/bedrohungsmanagement3-768x384.jpg 768w, https:\/\/www.skppsc.ch\/it\/wp-content\/uploads\/sites\/7\/2017\/05\/bedrohungsmanagement3-640x320.jpg 640w, https:\/\/www.skppsc.ch\/it\/wp-content\/uploads\/sites\/7\/2017\/05\/bedrohungsmanagement3-1280x640.jpg 1280w\" sizes=\"(max-width: 2560px) 100vw, 2560px\"><\/div><div class=\"default-container content-part\"><div class=\"inner-padding\">\n\n\n<h3 class=\"wp-block-heading\">Informazioni e indicazioni sul comportamento da adottare con gli obiettori dello Stato e gli autogestiti<\/h3>\n\n\n\n<p>Nel <strong>2024 <\/strong>\u00e8 stata elaborata una <a data-type=\"link\" data-id=\"https:\/\/www.skppsc.ch\/it\/wp-content\/uploads\/sites\/7\/2024\/03\/staatsverweigerer_broschuere_it.pdf\" href=\"https:\/\/www.skppsc.ch\/it\/wp-content\/uploads\/sites\/7\/2024\/03\/staatsverweigerer_broschuere_it.pdf\" target=\"_blank\" rel=\"noreferrer noopener\">scheda informativa<\/a> dai membri del gruppo di lavoro GCM e del comitato \u201cObiettori dello Stato: misure di sensibilizzazione\u201d composto da rappresentanti dei vari corpi di polizia. Questa scheda \u00e8 destinata principalmente ai servizi amministrativi a tutti i livelli (Confederazione\/Cantoni\/Citt\u00e0 e Comuni) confrontati con il fenomeno \u201cdegli obiettori dello Stato e degli autogestiti\u201d. Il suo scopo: informare su questo fenomeno e fornire indicazioni e consigli su come gestire i membri di questi gruppi. Questa scheda \u00e8 disponibile solo in formato PDF e, se necessario, pu\u00f2 essere stampata e distribuita.<\/p>\n\n\n\n<p>Elenco dei servizi specializzati e dei punti di contatto esistenti per regione: <a href=\"http:\/\/www.svs.admin.ch\/radicalizzazione\" target=\"_blank\" rel=\"noreferrer noopener\">www.svs.admin.ch\/radicalizzazione<\/a><\/p>\n<\/div><\/div><\/body><\/html>","protected":false},"excerpt":{"rendered":"<p>Dalle esperienze degli specialisti della polizia emerge quanto segue: i gravi atti di violenza mirati sono sempre preceduti da segnali premonitori, oppure l&#8217;autore o l&#8217;autrice presenta determinate caratteristiche e\/o si fa notare per un suo comportamento specifico (leaking). L&#8217;obiettivo della gestione delle minacce \u00e8 di riconoscere questi segnali premonitori, di valutare la probabilit\u00e0 che si verifichi un comportamento minaccioso e, se del caso, di contenerlo. Per riuscire a superare con successo queste tre tappe, ossia <em>riconoscere, valutare e contenere<\/em> le minacce, \u00e8 indispensabile poter contare su una collaborazione professionale, sistematica e interistituzionale. Solo in questo modo si possono raccogliere le informazioni necessarie a riconoscere, valutare e contenere le minacce. <\/p>\n","protected":false},"author":349,"featured_media":874,"parent":2160,"menu_order":30,"comment_status":"closed","ping_status":"closed","template":"","meta":{"showSharingButtons":false,"skp-theme-color":"fourteen","_subtitle":null,"alternative_title":"","seoDescription":"","seoKeywords":"","seoTitle":"","featuredVideoEmbedCode":"","featuredYoutubeVideoId":"","notes":"","redirectToPostId":0,"skp-further-information":"<p><a href=\"http:\/\/www.i-p-bm.com\" target=\"_blank\" rel=\"noopener\"> L\u2019Institut Psychologie und Bedrohungsmanagement \u2013 I:P:Bm<\/a> (Istituto privato di psicologia e gestione delle minacce) in Germania offre numerosi corsi, seminari e conferenze in tema di gestione delle minacce. <a href=\"https:\/\/www.kbm.zh.ch\" target=\"_blank\" rel=\"noopener\">Kantonales Bedrohungsmanagement der Kantonspolizei Z\u00fcrich<\/a> (Gestione cantonale delle minacce, polizia cantonale zurighese, sito solo in tedesco) <a href=\"https:\/\/www.so.ch\/verwaltung\/departement-des-innern\/polizei\/ueber-uns\/sicherheitsabteilung\/kantonales-bedrohungsmanagement\/\" target=\"_blank\" rel=\"noopener\">Kantonales Bedrohungsmanagement des Kantons Solothurn<\/a> (Gestione cantonale delle minacce, polizia cantonale solettese, sito solo in tedesco) <a href=\"http:\/\/www.aetap.eu\/\" target=\"_blank\" rel=\"noopener\">Association of European Threat Assessment Professionals AETAP<\/a> (Associazione europea degli specialisti della gestione delle minacce, sito solo in inglese)<\/p>","hideTile":false,"pageType":"","editor_notices":[],"footnotes":""},"topic":[],"class_list":["post-873","page","type-page","status-publish","has-post-thumbnail","hentry"],"aioseo_notices":[],"_links":{"self":[{"href":"https:\/\/www.skppsc.ch\/it\/wp-json\/wp\/v2\/pages\/873","targetHints":{"allow":["GET"]}}],"collection":[{"href":"https:\/\/www.skppsc.ch\/it\/wp-json\/wp\/v2\/pages"}],"about":[{"href":"https:\/\/www.skppsc.ch\/it\/wp-json\/wp\/v2\/types\/page"}],"author":[{"embeddable":true,"href":"https:\/\/www.skppsc.ch\/it\/wp-json\/wp\/v2\/users\/349"}],"replies":[{"embeddable":true,"href":"https:\/\/www.skppsc.ch\/it\/wp-json\/wp\/v2\/comments?post=873"}],"version-history":[{"count":0,"href":"https:\/\/www.skppsc.ch\/it\/wp-json\/wp\/v2\/pages\/873\/revisions"}],"up":[{"embeddable":true,"href":"https:\/\/www.skppsc.ch\/it\/wp-json\/wp\/v2\/pages\/2160"}],"wp:featuredmedia":[{"embeddable":true,"href":"https:\/\/www.skppsc.ch\/it\/wp-json\/wp\/v2\/media\/874"}],"wp:attachment":[{"href":"https:\/\/www.skppsc.ch\/it\/wp-json\/wp\/v2\/media?parent=873"}],"wp:term":[{"taxonomy":"topic","embeddable":true,"href":"https:\/\/www.skppsc.ch\/it\/wp-json\/wp\/v2\/topic?post=873"}],"curies":[{"name":"wp","href":"https:\/\/api.w.org\/{rel}","templated":true}]}}